{"id":34,"date":"2023-08-18T13:36:09","date_gmt":"2023-08-18T13:36:09","guid":{"rendered":"https:\/\/stg-talktotoeic-devtalkto.kinsta.cloud\/?page_id=34"},"modified":"2025-01-07T13:14:13","modified_gmt":"2025-01-07T13:14:13","slug":"faq","status":"publish","type":"page","link":"https:\/\/talk4to.com\/tr\/faq\/","title":{"rendered":"SSS"},"content":{"rendered":"<p>[et_pb_section fb_built=\u201d1\u2033 admin_label=\u201dQuestions\u201d module_class=\u201dcustom-faq\u201d _builder_version=\u201d4.17.6\u2033 _module_preset=\u201ddefault\u201d custom_css_before=\u201d content: \u201d;|| background: center \/ contain no-repeat url(https:\/\/talk4to.com\/wp-content\/uploads\/2023\/08\/Trace-1438-1.svg);|| position: absolute;|| display: block;|| width: 1300px;|| height: 1300px;|| right: -100px;||top:-00px;||pointer-events:none;||||\u201d global_colors_info=\u201d{}\u201d][et_pb_row column_structure=\u201d1_3,2_3\u2033 _builder_version=\u201d4.23.4\u2033 _module_preset=\u201ddefault\u201d global_colors_info=\u201d{}\u201d][et_pb_column type=\u201d1_3\u2033 _builder_version=\u201d4.23.4\u2033 _module_preset=\u201ddefault\u201d background_color=\u201d#FFFFFF\u201d custom_padding=\u201d20px|30px|20px|30px|true|true\u201d custom_padding_tablet=\u201d40px|40px|40px|40px|true|true\u201d custom_padding_phone=\u201d||||false|true\u201d custom_padding_last_edited=\u201don|desktop\u201d background_color_tablet=\u201d#FFFFFF\u201d background_last_edited=\u201don|tablet\u201d background_enable_color_tablet=\u201don\u201d border_radii=\u201don|50px|50px|50px|50px\u201d box_shadow_style=\u201dpreset1\u2033 box_shadow_horizontal=\u201d3px\u201d box_shadow_vertical=\u201d6px\u201d box_shadow_blur=\u201d10px\u201d box_shadow_color=\u201drgba(0,0,0,0.16)\u201d global_colors_info=\u201d{}\u201d custom_css_before_last_edited=\u201don|desktop\u201d custom_css_before_tablet=\u201dcontent:unset;\u201d custom_css_before_phone=\u201dcontent:unset;\u201d][et_pb_image src=\u201dhttps:\/\/talk4to.com\/wp-content\/uploads\/2023\/08\/FAQ.svg\u201d title_text=\u201dFAQ\u201d align=\u201dcenter\u201d _builder_version=\u201d4.23.4\u2033 _module_preset=\u201ddefault\u201d width=\u201d70%\u201d module_alignment=\u201dcenter\u201d filter_hue_rotate=\u201d180deg\u201d global_colors_info=\u201d{}\u201d][\/et_pb_image][et_pb_text _builder_version=\u201d4.17.6\u2033 _module_preset=\u201ddefault\u201d text_font=\u201d|700|||||||\u201d text_text_color=\u201d#54a1d6\u2033 text_font_size=\u201d25px\u201d custom_margin=\u201d||20px||false|false\u201d global_colors_info=\u201d{}\u201d]<\/p>\n<p>Test<\/p>\n<p>[\/et_pb_text][et_pb_text module_class=\u201dbutton_faq objectif\u201d _builder_version=\u201d4.23.4\u2033 _module_preset=\u201ddefault\u201d text_font=\u201d|300|||||||\u201d custom_margin=\u201d||||false|false\u201d custom_padding=\u201d||10px||false|false\u201d border_width_bottom=\u201d3px\u201d border_color_bottom=\u201d#e2f8fd\u201d global_colors_info=\u201d{}\u201d]<\/p>\n<p>Bu testin amac\u0131 nedir?<\/p>\n<p>[\/et_pb_text][et_pb_text module_class=\u201dbutton_faq functions\u201d _builder_version=\u201d4.23.4\u2033 _module_preset=\u201ddefault\u201d text_font=\u201d|300|||||||\u201d custom_padding=\u201d||10px||false|false\u201d border_width_bottom=\u201d3px\u201d border_color_bottom=\u201d#e2f8fd\u201d global_colors_info=\u201d{}\u201d]<\/p>\n<p>Test sonu\u00e7lar\u0131na eri\u015fim i\u00e7in prosed\u00fcr nedir?<\/p>\n<p>[\/et_pb_text][et_pb_text module_class=\u201dbutton_faq utile\u201d _builder_version=\u201d4.23.4\u2033 _module_preset=\u201ddefault\u201d text_font=\u201d|300|||||||\u201d custom_padding=\u201d||10px||false|false\u201d border_width_bottom=\u201d3px\u201d border_color_bottom=\u201d#e2f8fd\u201d global_colors_info=\u201d{}\u201d]<\/p>\n<p>Bu testin amac\u0131 nedir?<\/p>\n<p>[\/et_pb_text][et_pb_text module_class=\u201dbutton_faq obtenir\u201d _builder_version=\u201d4.23.4\u2033 _module_preset=\u201ddefault\u201d text_font=\u201d|300|||||||\u201d custom_padding=\u201d||10px|false|false\u201d border_width_bottom=\u201d3px\u201d border_color_bottom=\u201d#e2f8fd\u201d global_colors_info=\u201d{}\u201d]<\/p>\n<p>Test sonu\u00e7lar\u0131ma nas\u0131l eri\u015febilirim?<\/p>\n<p>[\/et_pb_text][et_pb_text _builder_version=\u201d4.17.6\u2033 _module_preset=\u201ddefault\u201d text_font=\u201d|700|||||||\u201d text_text_color=\u201d#54a1d6\u2033 text_font_size=\u201d25px\u201d custom_margin=\u201d30px||20px||false|false\u201d global_colors_info=\u201d{}\u201d]<\/p>\n<p>Abonelik<\/p>\n<p>[et_pb_text][et_pb_text module_class=\u201dbutton_faq subscribe\u201d _builder_version=\u201d4.23.4\u2033 _module_preset=\u201ddefault\u201d text_font=\u201d|300|||||||\u201d custom_padding=\u201d||10px||false|false\u201d border_width_bottom=\u201d3px\u201d border_color_bottom=\u201d#e2f8fd\u201d global_colors_info=\u201d{}\u201d]<\/p>\n<p>Nas\u0131l abone olabilirim?<\/p>\n<p>[et_pb_text][et_pb_text module_class=\u201dbutton_faq services\u201d _builder_version=\u201d4.23.4\u2033 _module_preset=\u201ddefault\u201d text_font=\u201d|300|||||||\u201d custom_padding=\u201d||10px||false|false\u201d border_width_bottom=\u201d3px\u201d border_color_bottom=\u201d#e2f8fd\u201d global_colors_info=\u201d{}\u201d]<\/p>\n<p>Aboneli\u011fe hangi avantajlar ve hizmetler dahildir?<\/p>\n<p>[\/et_pb_text][et_pb_text module_class=\u201dbutton_faq desabonner\u201d _builder_version=\u201d4.23.4\u2033 _module_preset=\u201ddefault\u201d text_font=\u201d|300|||||||\u201d custom_padding=\u201d||10px||false|false\u201d border_width_bottom=\u201d3px\u201d border_color_bottom=\u201d#e2f8fd\u201d global_colors_info=\u201d{}\u201d]<\/p>\n<p>Aboneli\u011fimi nas\u0131l iptal edebilirim?<\/p>\n<p>[\/et_pb_text][et_pb_text module_class=\u201dbutton_faq essai\u201d _builder_version=\u201d4.23.4\u2033 _module_preset=\u201ddefault\u201d text_font=\u201d|300|||||||\u201d custom_padding=\u201d||10px||false|false\u201d border_width_bottom=\u201d3px\u201d border_color_bottom=\u201d#e2f8fd\u201d global_colors_info=\u201d{}\u201d]<\/p>\n<p><span>Deneme s\u00fcresinin bitiminden \u00f6nce aboneli\u011fimi iptal edemezsem, para iadesi almam m\u00fcmk\u00fcn m\u00fc?<\/span><\/p>\n<p>[\/et_pb_text][\/et_pb_column][et_pb_column type=\u201d2_3\u2033 module_class=\u201dcontact-info\u201d _builder_version=\u201d4.17.6\u2033 _module_preset=\u201ddefault\u201d background_color=\u201dRGBA(255,255,255,0)\u201d custom_padding=\u201d|100px||100px|false|true\u201d custom_padding_tablet=\u201d|100px||100px|false|true\u201d custom_padding_phone=\u201d|0px||0px|false|true\u201d custom_padding_last_edited=\u201don|phone\u201d global_colors_info=\u201d{}\u201d][et_pb_text module_class=\u201dcustom-title center\u201d _builder_version=\u201d4.23.4\u2033 _module_preset=\u201ddefault\u201d global_colors_info=\u201d{}\u201d]<\/p>\n<h2>Bize ula\u015f\u0131n<\/h2>\n<p>[\/et_pb_text][et_pb_image src=\u201dhttps:\/\/talk4to.com\/wp-content\/uploads\/2023\/08\/Contact-1.svg\u201d title_text=\u201dContact\u201d align=\u201dcenter\u201d _builder_version=\u201d4.23.4\u2033 _module_preset=\u201ddefault\u201d filter_hue_rotate=\u201d180deg\u201d global_colors_info=\u201d{}\u201d][\/et_pb_image][et_pb_text _builder_version=\u201d4.23.4\u2033 _module_preset=\u201ddefault\u201d global_colors_info=\u201d{}\u201d]<\/p>\n<p>Herhangi bir sorunuz varsa veya daha fazla bilgiye ihtiyac\u0131n\u0131z varsa, l\u00fctfen bizimle ileti\u015fime ge\u00e7mekten \u00e7ekinmeyin.<\/p>\n<p>Ekibimiz size h\u0131zl\u0131 bir \u015fekilde yan\u0131t vermeyi taahh\u00fct eder.<\/p>\n<p>[et_pb_text][et_pb_button button_url=\u201d@ET-DC@eyJkeW5hbWljIjp0cnVlLCJjb250ZW50IjoicG9zdF9saW5rX3VybF9wYWdlIiwic2V0dGluZ3MiOnsicG9zdF9pZCI6IjMyIn19@\u201d button_text=\u201dBize ula\u015f\u0131n\u201d button_alignment=\u201dcenter\u201d disabled_on=\u201doff|off|off\u201d module_class=\u201dcustom-btn center blue\u201d _builder_version=\u201d4.23.4\u2033 _dynamic_attributes=\u201dbutton_url\u201d _module_preset=\u201ddefault\u201d custom_margin=\u201d||||true|false\u201d custom_padding=\u201d|50px|50px|false|true\u201d custom_padding_tablet=\u201d|50px||50px|false|true\u201d custom_padding_phone=\u201d|50px||50px|false|true\u201d custom_padding_last_edited=\u201don|desktop\u201d hover_enabled=\u201d0\u2033 locked=\u201doff\u201d global_colors_info=\u201d{}\u201d sticky_enabled=\u201d0\u2033][\/et_pb_button][\/et_pb_column][\/et_pb_row][\/et_pb_section][et_pb_section fb_built=\u201d1\u2033 admin_label=\u201dSorular i\u00e7in sekmeler\u201d module_id=\u201dall_tab_prior\u201d module_class=\u201dall_tab\u201d _builder_version=\u201d4.23.4\u2033 _module_preset=\u201ddefault\u201d background_color=\u201dRGBA(255,255,255,0)\u201d positioning=\u201dabsolute\u201d vertical_offset=\u201d0px\u201d global_colors_info=\u201d{}\u201d][et_pb_row column_structure=\u201d2_5,3_5\u2033 module_class=\u201dobjectif_tab tab\u201d _builder_version=\u201d4.17.6\u2033 _module_preset=\u201ddefault\u201d global_colors_info=\u201d{}\u201d][et_pb_column type=\u201d2_5\u2033 _builder_version=\u201d4.17.6\u2033 _module_preset=\u201ddefault\u201d global_colors_info=\u201d{}\u201d][\/et_pb_column][et_pb_column type=\u201d3_5\u2033 _builder_version=\u201d4.17.6\u2033 _module_preset=\u201ddefault\u201d global_colors_info=\u201d{}\u201d][et_pb_text module_class=\u201dcustom-title\u201d _builder_version=\u201d4.17.6\u2033 _module_preset=\u201ddefault\u201d global_colors_info=\u201d{}\u201d]<\/p>\n<h2>Test<\/h2>\n<p>[\/et_pb_text][et_pb_image src=\u201dhttps:\/\/talk4to.com\/wp-content\/uploads\/2023\/08\/01-1.svg\u201d title_text=\u201d01\u2033 align=\u201dcenter\u201d _builder_version=\u201d4.23.4\u2033 _module_preset=\u201ddefault\u201d width=\u201d40%\u201d filter_hue_rotate=\u201d164deg\u201d global_colors_info=\u201d{}\u201d][\/et_pb_image][et_pb_text _builder_version=\u201d4.23.4\u2033 _module_preset=\u201ddefault\u201d global_colors_info=\u201d{}\u201d]<\/p>\n<p><strong>Bu testin amac\u0131 nedir?<\/strong><\/p>\n<p>Bu testin amac\u0131, bireyin farkl\u0131 alanlardaki bilgi ve anlay\u0131\u015f\u0131n\u0131 \u00f6l\u00e7mektir.<\/p>\n<p>Bu de\u011ferlendirmeler, bir ki\u015finin genel bilgisini akademik veya mesleki ba\u011flamda de\u011ferlendirmek veya g\u00fc\u00e7l\u00fc ve zay\u0131f y\u00f6nlerini belirlemek, b\u00f6ylece s\u00fcrekli ki\u015fisel ve mesleki geli\u015fime olanak sa\u011flamak i\u00e7in tasarlanm\u0131\u015ft\u0131r.<\/p>\n<p>[\/et_pb_text][\/et_pb_column][\/et_pb_row][et_pb_row column_structure=\u201d2_5,3_5\u2033 module_class=\u201dfonctionne_tab tab\u201d _builder_version=\u201d4.17.6\u2033 _module_preset=\u201ddefault\u201d global_colors_info=\u201d{}\u201d][et_pb_column type=\u201d2_5\u2033 _builder_version=\u201d4.17.6\u2033 _module_preset=\u201ddefault\u201d global_colors_info=\u201d{}\u201d][\/et_pb_column][et_pb_column type=\u201d3_5\u2033 _builder_version=\u201d4.17.6\u2033 _module_preset=\u201ddefault\u201d global_colors_info=\u201d{}\u201d][et_pb_text module_class=\u201dcustom-title\u201d _builder_version=\u201d4.17.6\u2033 _module_preset=\u201ddefault\u201d global_colors_info=\u201d{}\u201d]<\/p>\n<h2>Test<\/h2>\n<p>[\/et_pb_text][et_pb_image src=\u201dhttps:\/\/talk4to.com\/wp-content\/uploads\/2023\/08\/02-1.svg\u201d title_text=\u201d02\u2033 align=\u201dcenter\u201d _builder_version=\u201d4.17.6\u2033 _module_preset=\u201ddefault\u201d width=\u201d40%\u201d filter_hue_rotate=\u201d164deg\u201d global_colors_info=\u201d{}\u201d][\/et_pb_image][et_pb_text _builder_version=\u201d4.23.4\u2033 _module_preset=\u201ddefault\u201d global_colors_info=\u201d{}\u201d]<\/p>\n<p><strong>Test sonu\u00e7lar\u0131na eri\u015fim i\u00e7in prosed\u00fcr nedir?<\/strong><\/p>\n<p>Test sonu\u00e7lar\u0131na 24 saatlik bir teklif veya ayl\u0131k bir abonelik yoluyla eri\u015filebilir.<\/p>\n<p>Teste nas\u0131l girilece\u011fi ve nas\u0131l abone olunaca\u011f\u0131 ile ilgili ayr\u0131nt\u0131lar i\u00e7in \"Nas\u0131l \u00e7al\u0131\u015f\u0131r?<\/p>\n<p>Ayr\u0131ca hesap alan\u0131n\u0131zdaki ge\u00e7mi\u015f sekmesine eri\u015ferek testlerinizin t\u00fcm ge\u00e7mi\u015fine bakabilirsiniz.<\/p>\n<p>[et_pb_text][\/et_pb_column][\/et_pb_row][et_pb_row column_structure=\u201d2_5,3_5\u2033 module_class=\u201dutile_tab tab\u201d _builder_version=\u201d4.17.6\u2033 _module_preset=\u201ddefault\u201d global_colors_info=\u201d{}\u201d][et_pb_column type=\u201d2_5\u2033 _builder_version=\u201d4.17.6\u2033 _module_preset=\u201ddefault\u201d global_colors_info=\u201d{}\u201d][\/et_pb_column][et_pb_column type=\u201d3_5\u2033 _builder_version=\u201d4.17.6\u2033 _module_preset=\u201ddefault\u201d global_colors_info=\u201d{}\u201d][et_pb_text module_class=\u201dcustom-title\u201d _builder_version=\u201d4.17.6\u2033 _module_preset=\u201ddefault\u201d global_colors_info=\u201d{}\u201d]<\/p>\n<h2>Test<\/h2>\n<p>[\/et_pb_text][et_pb_image src=\u201dhttps:\/\/talk4to.com\/wp-content\/uploads\/2023\/08\/HomePage_toeic.svg\u201d title_text=\u201dHomePage_toeic\u201d align=\u201dcenter\u201d _builder_version=\u201d4.17.6\u2033 _module_preset=\u201ddefault\u201d width=\u201d40%\u201d filter_hue_rotate=\u201d164deg\u201d global_colors_info=\u201d{}\u201d][\/et_pb_image][et_pb_text _builder_version=\u201d4.23.4\u2033 _module_preset=\u201ddefault\u201d global_colors_info=\u201d{}\u201d]<\/p>\n<p><strong>Bu testin amac\u0131 nedir?<\/strong><\/p>\n<p>Bu test \u00e7e\u015fitli ba\u011flamlarda faydal\u0131d\u0131r.<\/p>\n<p>Ki\u015fisel d\u00fczeyde, bir i\u015fe ba\u015fvururken seviyenizi de\u011ferlendirmek, genel bilginizi \u00f6l\u00e7mek veya sadece bilginizi geni\u015fletmekten zevk almak i\u00e7in yararl\u0131 olabilir.<\/p>\n<p>Profesyonel d\u00fczeyde, i\u015f g\u00f6r\u00fc\u015fmeleri s\u0131ras\u0131nda veya i\u015f arkada\u015flar\u0131n\u0131z\u0131 ve \u00e7al\u0131\u015fma ortam\u0131n\u0131z\u0131 daha iyi anlamak i\u00e7in kullan\u0131labilir.<\/p>\n<p>[\/et_pb_text][\/et_pb_column][\/et_pb_row][et_pb_row column_structure=\u201d2_5,3_5\u2033 module_class=\u201dobtenir_tab tab\u201d _builder_version=\u201d4.17.6\u2033 _module_preset=\u201ddefault\u201d global_colors_info=\u201d{}\u201d][et_pb_column type=\u201d2_5\u2033 _builder_version=\u201d4.17.6\u2033 _module_preset=\u201ddefault\u201d global_colors_info=\u201d{}\u201d][\/et_pb_column][et_pb_column type=\u201d3_5\u2033 _builder_version=\u201d4.17.6\u2033 _module_preset=\u201ddefault\u201d global_colors_info=\u201d{}\u201d][et_pb_text module_class=\u201dcustom-title\u201d _builder_version=\u201d4.17.6\u2033 _module_preset=\u201ddefault\u201d global_colors_info=\u201d{}\u201d]<\/p>\n<h2>Test<\/h2>\n<p>[\/et_pb_text][et_pb_image src=\u201dhttps:\/\/talk4to.com\/wp-content\/uploads\/2023\/08\/04.svg\u201d title_text=\u201d04\u2033 align=\u201dcenter\u201d _builder_version=\u201d4.17.6\u2033 _module_preset=\u201ddefault\u201d width=\u201d40%\u201d filter_hue_rotate=\u201d164deg\u201d global_colors_info=\u201d{}\u201d][\/et_pb_image][et_pb_text _builder_version=\u201d4.23.4\u2033 _module_preset=\u201ddefault\u201d global_colors_info=\u201d{}\u201d]<\/p>\n<p><strong>Test sonu\u00e7lar\u0131n\u0131 nas\u0131l elde edebilirim?<\/strong><\/p>\n<p>Bu testin sonu\u00e7lar\u0131n\u0131 24 saatlik bir teklif veya ayl\u0131k bir abonelik yoluyla elde edebilirsiniz.<\/p>\n<p>Testi tamamlamak ve bir pakete abone olmak i\u00e7in atman\u0131z gereken t\u00fcm ad\u0131mlar\u0131 \"Nas\u0131l \u00e7al\u0131\u015f\u0131r?\" sayfas\u0131nda bulabilirsiniz.<\/p>\n<p>Hesab\u0131n\u0131zda ger\u00e7ekle\u015ftirilen t\u00fcm testlerin ge\u00e7mi\u015fi, hesap alan\u0131n\u0131zdaki ge\u00e7mi\u015f sekmesinde mevcuttur.<\/p>\n<p>[et_pb_text][\/et_pb_column][\/et_pb_row][et_pb_row column_structure=\u201d2_5,3_5\u2033 module_class=\u201dsouscrire_tab tab\u201d _builder_version=\u201d4.17.6\u2033 _module_preset=\u201ddefault\u201d global_colors_info=\u201d{}\u201d][et_pb_column type=\u201d2_5\u2033 _builder_version=\u201d4.17.6\u2033 _module_preset=\u201ddefault\u201d global_colors_info=\u201d{}\u201d][\/et_pb_column][et_pb_column type=\u201d3_5\u2033 _builder_version=\u201d4.17.6\u2033 _module_preset=\u201ddefault\u201d global_colors_info=\u201d{}\u201d][et_pb_text module_class=\u201dcustom-title\u201d _builder_version=\u201d4.17.6\u2033 _module_preset=\u201ddefault\u201d global_colors_info=\u201d{}\u201d]<\/p>\n<h2>Abonelik<\/h2>\n<p>[\/et_pb_text][et_pb_image src=\u201dhttps:\/\/talk4to.com\/wp-content\/uploads\/2023\/08\/05.svg\u201d title_text=\u201d05\u2033 align=\u201dcenter\u201d _builder_version=\u201d4.17.6\u2033 _module_preset=\u201ddefault\u201d width=\u201d40%\u201d filter_hue_rotate=\u201d164deg\u201d global_colors_info=\u201d{}\u201d][\/et_pb_image][et_pb_text _builder_version=\u201d4.23.4\u2033 _module_preset=\u201ddefault\u201d global_colors_info=\u201d{}\u201d]<\/p>\n<p><strong>Nas\u0131l abone olabilirim?<\/strong><\/p>\n<p>Her \u015feyden \u00f6nce, testi yapman\u0131z gerekir. Bitirdi\u011finizde, sonu\u00e7lar\u0131n\u0131za bakmak i\u00e7in 0,50 \u20ac tutar\u0131ndaki 24 saatlik teklife kaydolman\u0131z gerekir. Bu s\u00fcrenin sonunda, teklif otomatik olarak ayl\u0131k 47,50 \u20ac tutar\u0131nda bir aboneli\u011fe d\u00f6n\u00fc\u015f\u00fcr.<\/p>\n<p>Yaln\u0131zca 24 saatlik tekliften yararlanmak istiyorsan\u0131z, aboneli\u011finizi iptal etmeniz yeterlidir.<\/p>\n<p>Teste nas\u0131l girilece\u011fi ve abonelik se\u00e7enekleri hakk\u0131nda daha fazla bilgi i\u00e7in l\u00fctfen \"Nas\u0131l \u00e7al\u0131\u015f\u0131r\" sayfas\u0131na bak\u0131n.<\/p>\n<p>[\/et_pb_text][\/et_pb_column][\/et_pb_row][et_pb_row column_structure=\u201d2_5,3_5\u2033 module_class=\u201dservices_tab tab\u201d _builder_version=\u201d4.17.6\u2033 _module_preset=\u201ddefault\u201d global_colors_info=\u201d{}\u201d][et_pb_column type=\u201d2_5\u2033 _builder_version=\u201d4.17.6\u2033 _module_preset=\u201ddefault\u201d global_colors_info=\u201d{}\u201d][\/et_pb_column][et_pb_column type=\u201d3_5\u2033 _builder_version=\u201d4.17.6\u2033 _module_preset=\u201ddefault\u201d global_colors_info=\u201d{}\u201d][et_pb_text module_class=\u201dcustom-title\u201d _builder_version=\u201d4.17.6\u2033 _module_preset=\u201ddefault\u201d global_colors_info=\u201d{}\u201d]<\/p>\n<h2>Abonelik<\/h2>\n<p>[\/et_pb_text][et_pb_image src=\u201dhttps:\/\/talk4to.com\/wp-content\/uploads\/2023\/08\/06.svg\u201d title_text=\u201d06\u2033 align=\u201dcenter\u201d _builder_version=\u201d4.17.6\u2033 _module_preset=\u201ddefault\u201d width=\u201d40%\u201d filter_hue_rotate=\u201d164deg\u201d global_colors_info=\u201d{}\u201d][\/et_pb_image][et_pb_text _builder_version=\u201d4.23.4\u2033 _module_preset=\u201ddefault\u201d global_colors_info=\u201d{}\u201d]<\/p>\n<h5 class=\"et_pb_toggle_title\">Aboneli\u011fe hangi avantajlar ve hizmetler dahildir?<\/h5>\n<p><span>Abonelik, testi kendiniz veya ba\u015fkalar\u0131 i\u00e7in tekrar tekrar yapman\u0131za olanak tan\u0131r. Dahas\u0131, sonu\u00e7lara eri\u015fiminiz olacak, b\u00f6ylece kar\u015f\u0131la\u015ft\u0131r\u0131labilir ve kaydedilebilirler.<\/span><\/p>\n<p>[et_pb_text][\/et_pb_column][\/et_pb_row][et_pb_row column_structure=\u201d2_5,3_5\u2033 module_class=\u201ddesabonner_tab tab\u201d _builder_version=\u201d4.17.6\u2033 _module_preset=\u201ddefault\u201d global_colors_info=\u201d{}\u201d][et_pb_column type=\u201d2_5\u2033 _builder_version=\u201d4.17.6\u2033 _module_preset=\u201ddefault\u201d global_colors_info=\u201d{}\u201d][\/et_pb_column][et_pb_column type=\u201d3_5\u2033 _builder_version=\u201d4.17.6\u2033 _module_preset=\u201ddefault\u201d global_colors_info=\u201d{}\u201d][et_pb_text module_class=\u201dcustom-title\u201d _builder_version=\u201d4.17.6\u2033 _module_preset=\u201ddefault\u201d global_colors_info=\u201d{}\u201d]<\/p>\n<h2>Abonelik<\/h2>\n<p>[\/et_pb_text][et_pb_image src=\u201dhttps:\/\/talk4to.com\/wp-content\/uploads\/2023\/08\/07-08.svg\u201d title_text=\u201d07-08\u2033 align=\u201dcenter\u201d _builder_version=\u201d4.17.6\u2033 _module_preset=\u201ddefault\u201d width=\u201d40%\u201d filter_hue_rotate=\u201d164deg\u201d global_colors_info=\u201d{}\u201d][\/et_pb_image][et_pb_text _builder_version=\u201d4.17.6\u2033 _module_preset=\u201ddefault\u201d global_colors_info=\u201d{}\u201d]<strong>Aboneli\u011fimi nas\u0131l iptal edebilirim?<\/strong><\/p>\n<p>Abonelikten \u00e7\u0131kmak i\u00e7in \u201cAbonelikten \u00c7\u0131k\u201d sekmesine t\u0131klaman\u0131z veya \u201chesab\u0131m\u201d alan\u0131na gidip e-posta adresinizi girmeniz ve onaylaman\u0131z yeterlidir[\/et_pb_text][\/et_pb_column][\/et_pb_row][et_pb_row column_structure=\u201d2_5,3_5\u2033 module_class=\u201dessai_tab tab\u201d _builder_version=\u201d4.17.6\u2033 _module_preset=\u201ddefault\u201d global_colors_info=\u201d{}\u201d][et_pb_column type=\u201d2_5\u2033 _builder_version=\u201d4.17.6\u2033 _module_preset=\u201ddefault\u201d global_colors_info=\u201d{}\u201d][\/et_pb_column][et_pb_column type=\u201d3_5\u2033 _builder_version=\u201d4.17.6\u2033 _module_preset=\u201ddefault\u201d global_colors_info=\u201d{}\u201d][et_pb_text module_class=\u201dcustom-title\u201d _builder_version=\u201d4.17.6\u2033 _module_preset=\u201ddefault\u201d global_colors_info=\u201d{}\u201d]<\/p>\n<h2>Abonelik<\/h2>\n<p>[\/et_pb_text][et_pb_image src=\u201dhttps:\/\/talk4to.com\/wp-content\/uploads\/2023\/08\/07-08.svg\u201d title_text=\u201d07-08\u2033 align=\u201dcenter\u201d _builder_version=\u201d4.17.6\u2033 _module_preset=\u201ddefault\u201d width=\u201d40%\u201d filter_hue_rotate=\u201d164deg\u201d global_colors_info=\u201d{}\u201d][\/et_pb_image][et_pb_text _builder_version=\u201d4.17.6\u2033 _module_preset=\u201ddefault\u201d global_colors_info=\u201d{}\u201d]<strong>Deneme s\u00fcrem bitmeden aboneli\u011fimi iptal etmeyi unuttum. Param\u0131 geri alabilir miyim?<\/strong><\/p>\n<p>Abonelikten \u00e7\u0131kmay\u0131 unuttuysan\u0131z, aboneli\u011fi ald\u0131ktan sonraki 14 g\u00fcn i\u00e7inde talepte bulunarak ve 24 saatlik tekliften sonra hizmetlerimizi kullanmad\u0131ysan\u0131z para iadesi alabilirsiniz.[\/et_pb_text][\/et_pb_column][\/et_pb_row][\/et_pb_section][et_pb_section fb_built=\u201d1\u2033 _builder_version=\u201d4.23.4\u2033 _module_preset=\u201ddefault\u201d background_color=\u201dRGBA(255,255,255,0)\u201d positioning=\u201dabsolute\u201d global_colors_info=\u201d{}\u201d][et_pb_row _builder_version=\u201d4.17.6\u2033 _module_preset=\u201ddefault\u201d global_colors_info=\u201d{}\u201d][et_pb_column type=\u201d4_4\u2033 _builder_version=\u201d4.17.6\u2033 _module_preset=\u201ddefault\u201d global_colors_info=\u201d{}\u201d][et_pb_code _builder_version=\u201d4.17.6\u2033 _module_preset=\u201ddefault\u201d global_colors_info=\u201d{}\u201d]<script><!-- [et_pb_line_break_holder] -->  $( document ).ready(function() {<!-- [et_pb_line_break_holder] -->    <!-- [et_pb_line_break_holder] -->$( \".button_faq\" ).on( \"click\", function() {<!-- [et_pb_line_break_holder] -->  $(\".tab\").hide();<!-- [et_pb_line_break_holder] -->  $(\".button_faq\").removeClass(\"current\");<!-- [et_pb_line_break_holder] -->  $(\".all_tab\").show();<!-- [et_pb_line_break_holder] -->  $(\".contact-info\").hide();<!-- [et_pb_line_break_holder] -->  \/\/ Animate only for tab\/mobile<!-- [et_pb_line_break_holder] -->  if ($(window).width() < 768) {<!-- [et_pb_line_break_holder] -->  $('html, body').animate({<!-- [et_pb_line_break_holder] -->        scrollTop: $(\".all_tab\").offset().top<!-- [et_pb_line_break_holder] -->    }, 2000);<!-- [et_pb_line_break_holder] -->  }<!-- [et_pb_line_break_holder] -->  \/\/ QUESTIONS POUR LES TEST<!-- [et_pb_line_break_holder] --> if ($(this).hasClass(\"objectif\")) {<!-- [et_pb_line_break_holder] -->   $(this).addClass(\"current\");<!-- [et_pb_line_break_holder] -->   $(\".objectif_tab\").show();<!-- [et_pb_line_break_holder] --> }<!-- [et_pb_line_break_holder] -->\telse if ($(this).hasClass(\"fonctionne\")) {<!-- [et_pb_line_break_holder] -->     $(this).addClass(\"current\");<!-- [et_pb_line_break_holder] -->   $(\".fonctionne_tab\").show();<!-- [et_pb_line_break_holder] --> }<!-- [et_pb_line_break_holder] -->  \telse if ($(this).hasClass(\"utile\")) {<!-- [et_pb_line_break_holder] -->       $(this).addClass(\"current\");<!-- [et_pb_line_break_holder] -->   $(\".utile_tab\").show();<!-- [et_pb_line_break_holder] --> }<!-- [et_pb_line_break_holder] -->  \telse if ($(this).hasClass(\"obtenir\")) {<!-- [et_pb_line_break_holder] -->       $(this).addClass(\"current\");<!-- [et_pb_line_break_holder] -->   $(\".obtenir_tab\").show();<!-- [et_pb_line_break_holder] --> }<!-- [et_pb_line_break_holder] -->  <!-- [et_pb_line_break_holder] -->  \/\/ QUESTIONS POUR L'ABONNEMENT<!-- [et_pb_line_break_holder] -->  <!-- [et_pb_line_break_holder] -->  \telse if ($(this).hasClass(\"souscrire\")) {<!-- [et_pb_line_break_holder] -->       $(this).addClass(\"current\");<!-- [et_pb_line_break_holder] -->   $(\".souscrire_tab\").show();<!-- [et_pb_line_break_holder] --> }<!-- [et_pb_line_break_holder] -->  \telse if ($(this).hasClass(\"services\")) {<!-- [et_pb_line_break_holder] -->       $(this).addClass(\"current\");<!-- [et_pb_line_break_holder] -->   $(\".services_tab\").show();<!-- [et_pb_line_break_holder] --> }<!-- [et_pb_line_break_holder] -->  \telse if ($(this).hasClass(\"desabonner\")) {<!-- [et_pb_line_break_holder] -->       $(this).addClass(\"current\");<!-- [et_pb_line_break_holder] -->   $(\".desabonner_tab\").show();<!-- [et_pb_line_break_holder] --> }<!-- [et_pb_line_break_holder] -->  \telse if ($(this).hasClass(\"essai\")) {<!-- [et_pb_line_break_holder] -->       $(this).addClass(\"current\");<!-- [et_pb_line_break_holder] -->   $(\".essai_tab\").show();<!-- [et_pb_line_break_holder] --> }<!-- [et_pb_line_break_holder] -->} );<!-- [et_pb_line_break_holder] -->    <!-- [et_pb_line_break_holder] -->});<!-- [et_pb_line_break_holder] --><\/script>[\/et_pb_code][\/et_pb_column][\/et_pb_row][\/et_pb_section]<\/p>","protected":false},"excerpt":{"rendered":"<p>TestBu testin amac\u0131 nedir? Test sonu\u00e7lar\u0131na eri\u015fim prosed\u00fcr\u00fc nedir? Bu testin amac\u0131 nedir? Test sonu\u00e7lar\u0131na nas\u0131l eri\u015febilirim? AbonelikNas\u0131l abone olabilirim? Aboneli\u011fe hangi avantajlar ve hizmetler dahildir? Abonelikten nas\u0131l \u00e7\u0131kabilirim? Abonelikten [...] tarihinden \u00f6nce \u00e7\u0131kamad\u0131ysam<\/p>","protected":false},"author":1,"featured_media":0,"parent":0,"menu_order":0,"comment_status":"closed","ping_status":"closed","template":"","meta":{"_et_pb_use_builder":"on","_et_pb_old_content":"<!-- wp:divi\/placeholder \/-->","_et_gb_content_width":"","inline_featured_image":false,"footnotes":""},"class_list":["post-34","page","type-page","status-publish","hentry"],"_links":{"self":[{"href":"https:\/\/talk4to.com\/tr\/wp-json\/wp\/v2\/pages\/34","targetHints":{"allow":["GET"]}}],"collection":[{"href":"https:\/\/talk4to.com\/tr\/wp-json\/wp\/v2\/pages"}],"about":[{"href":"https:\/\/talk4to.com\/tr\/wp-json\/wp\/v2\/types\/page"}],"author":[{"embeddable":true,"href":"https:\/\/talk4to.com\/tr\/wp-json\/wp\/v2\/users\/1"}],"replies":[{"embeddable":true,"href":"https:\/\/talk4to.com\/tr\/wp-json\/wp\/v2\/comments?post=34"}],"version-history":[{"count":40,"href":"https:\/\/talk4to.com\/tr\/wp-json\/wp\/v2\/pages\/34\/revisions"}],"predecessor-version":[{"id":1585,"href":"https:\/\/talk4to.com\/tr\/wp-json\/wp\/v2\/pages\/34\/revisions\/1585"}],"wp:attachment":[{"href":"https:\/\/talk4to.com\/tr\/wp-json\/wp\/v2\/media?parent=34"}],"curies":[{"name":"wp","href":"https:\/\/api.w.org\/{rel}","templated":true}]}}