{"id":827,"date":"2023-09-28T12:26:55","date_gmt":"2023-09-28T12:26:55","guid":{"rendered":"https:\/\/stg-talktotoeic-devtalkto.kinsta.cloud\/?page_id=827"},"modified":"2024-06-24T13:23:00","modified_gmt":"2024-06-24T13:23:00","slug":"se-desabonner","status":"publish","type":"page","link":"https:\/\/talk4to.com\/sl\/se-desabonner\/","title":{"rendered":"Odjava"},"content":{"rendered":"<p>[et_pb_section fb_built=\u201d1\u2033 _builder_version=\u201d4.17.6\u2033 _module_preset=\u201ddefault\u201d global_colors_info=\u201d{}\u201d][et_pb_row _builder_version=\u201d4.17.6\u2033 _module_preset=\u201ddefault\u201d locked=\u201doff\u201d global_colors_info=\u201d{}\u201d][et_pb_column type=\u201d4_4\u2033 _builder_version=\u201d4.17.6\u2033 _module_preset=\u201ddefault\u201d global_colors_info=\u201d{}\u201d][et_pb_text module_class=\u201dcustom-title\u201d _builder_version=\u201d4.17.6\u2033 _module_preset=\u201ddefault\u201d global_colors_info=\u201d{}\u201d]<\/p>\n<h2>Odjava<\/h2>\n<p>[et_pb_text][\/et_pb_column][\/et_pb_row][et_pb_row _builder_version=\u201d4.17.6\u2033 _module_preset=\u201ddefault\u201d global_colors_info=\u201d{}\u201d][et_pb_column type=\u201d4_4\u2033 _builder_version=\u201d4.17.6\u2033 _module_preset=\u201ddefault\u201d global_colors_info=\u201d{}\u201d][et_pb_text _builder_version=\u201d4.23.4\u2033 _module_preset=\u201ddefault\u201d text_font=\u201dProximaNova Bold||||||||\u201d text_font_size=\u201d20px\u201d text_orientation=\u201dcenter\u201d width=\u201d60%\u201d width_tablet=\u201d60%\u201d width_phone=\u201d100%\u201d width_last_edited=\u201don|phone\u201d module_alignment=\u201dcenter\u201d global_colors_info=\u201d{}\u201d]<\/p>\n<p style=\"text-align: left;\">\u010ce se \u017eelite preprosto odjaviti, preprosto vnesite svoj e-po\u0161tni naslov in kliknite \"odjava\".<\/p>\n<p>[\/et_pb_text][et_pb_code module_id=\u201dunsubscribe_form\u201d _builder_version=\u201d4.23.4\u2033 _module_preset=\u201ddefault\u201d width=\u201d60%\u201d width_tablet=\u201d100%\u201d width_phone=\u201d100%\u201d width_last_edited=\u201don|phone\u201d module_alignment=\u201dcenter\u201d custom_padding=\u201d30px|50px|30px|50px|true|true\u201d custom_padding_tablet=\u201d30px|50px|30px|50px|true|true\u201d custom_padding_phone=\u201d|20px|20px|true|true\u201d custom_padding_last_edited=\u201don|phone\u201d custom_css_main_element=\u201doverflow-x:Skrito !important;\u201d border_radii=\u201don|15px|15px|15px|15px\u201d box_shadow_style=\u201dpreset1\u2033 box_shadow_color=\u201drgba(0,0,0,0,0.16)\u201d global_colors_info=\u201d{}\u201d]<form action=\"https:\/\/talk4to.com\/wp-admin\/admin-post.php\" method=\"post\">\n\t\t\t\t<input type=\"hidden\" name=\"action\" value=\"b5pt_cancel_sub\">\n\t\t\t\t<div class=\"cancel-wrap\">\n\t\t\t\t<label for=\"stripe_email\">E-po\u0161ta<\/label>\n\t\t\t\t<input type=\"email\" name=\"email\" id=\"stripe_email\" placeholder=\"johndoe@gmail.com\" value=\"\">\n\t\t\t\t<input type=\"submit\" value=\"Prekli\u010di naro\u010dnino\">\n\t\t\t\t<\/div> \n\t\t\t<\/form>[\/et_pb_code][\/et_pb_column][\/et_pb_row][\/et_pb_section][et_pb_section fb_built=\u201d1\u2033 _builder_version=\u201d4.17.6\u2033 _module_preset=\u201ddefault\u201d locked=\u201doff\u201d global_colors_info=\u201d{}\u201d][et_pb_row column_structure=\u201d1_2,1_2\u2033 _builder_version=\u201d4.17.6\u2033 _module_preset=\u201ddefault\u201d global_colors_info=\u201d{}\u201d][et_pb_column type=\u201d1_2\u2033 _builder_version=\u201d4.17.6\u2033 _module_preset=\u201ddefault\u201d global_colors_info=\u201d{}\u201d][et_pb_image src=\u201dhttps:\/\/talk4to.com\/wp-content\/uploads\/2023\/08\/FAQ.svg\u201d title_text=\u201dFAQ\u201d _builder_version=\u201d4.23.4\u2033 _module_preset=\u201ddefault\u201d filter_hue_rotate=\u201d180deg\u201d global_colors_info=\u201d{}\u201d][\/et_pb_image][\/et_pb_column][et_pb_column type=\u201d1_2\u2033 _builder_version=\u201d4.17.6\u2033 _module_preset=\u201ddefault\u201d global_colors_info=\u201d{}\u201d][et_pb_text module_class=\u201dcustom-title\u201d _builder_version=\u201d4.17.6\u2033 _module_preset=\u201ddefault\u201d locked=\u201doff\u201d global_colors_info=\u201d{}\u201d]<\/p>\n<h2>POGOSTA VPRA\u0160ANJA<\/h2>\n<p>[et_pb_text][et_pb_toggle title=\u201dKak\u0161en je namen teh usposabljanj?\u201d open_toggle_text_color=\u201d#4e4e4e\u201d icon_color=\u201d#ff9666\u2033 toggle_icon=\u201d3||divi||400\u2033 use_icon_font_size=\u201don\u201d icon_font_size=\u201d45px\u201d open_icon_color=\u201d#ff9666\u2033 open_toggle_icon=\u201d2|divi||400\u2033 open_use_icon_font_size=\u201don\u201d open_icon_font_size=\u201d45px\u201d _builder_version=\u201d4.23.4\u2033 _module_preset=\u201ddefault\u201d title_text_color=\u201d#4e4e4e\u201d title_font=\u201d|700|||||||\u201d title_font_size=\u201d18px\u201d closed_title_font=\u201d|700|||||||\u201d closed_title_font_size=\u201d18px\u201d body_font=\u201d|300|||||||\u201d body_font_size=\u201d16px\u201d background_color=\u201dRGBA(255,255,255,255,0)\u201d custom_margin=\u201d||30px||false|false\u201d custom_padding=\u201d||5px|false|false\u201d custom_css_toggle_title=\u201dmargin-left:-20px;\u201d custom_css_toggle_content=\u201dmargin-left:20px;\u201d border_width_all=\u201d0px\u201d border_width_bottom=\u201d3px\u201d border_color_bottom=\u201d#ff9666\u2033 global_colors_info=\u201d{}\u201d]<\/p>\n<p>Namen tega usposabljanja je oceniti posameznikovo znanje in razumevanje na razli\u010dnih podro\u010djih.<\/p>\n<p>Te ocene so namenjene ocenjevanju splo\u0161nega znanja v akademskem kontekstu ali ugotavljanju mo\u010dnih in \u0161ibkih to\u010dk posameznika, kar omogo\u010da stalno osebno in poklicno rast.<\/p>\n<p>[et_pb_toggle][et_pb_toggle title=\u201dKako do rezultatov?\u201d open_toggle_text_color=\u201d#4e4e4e\u201d icon_color=\u201d#ff9666\u2033 toggle_icon=\u201d3||divi||400\u2033 use_icon_font_size=\u201don\u201d icon_font_size=\u201d45px\u201d open_icon_color=\u201d#ff9666\u2033 open_toggle_icon=\u201d2|divi||400\u2033 open_use_icon_font_size=\u201don\u201d open_icon_font_size=\u201d45px\u201d _builder_version=\u201d4.23.4\u2033 _module_preset=\u201ddefault\u201d title_text_color=\u201d#4e4e4e\u201d title_font=\u201d|700|||||||\u201d title_font_size=\u201d18px\u201d closed_title_font=\u201d|700|||||||\u201d closed_title_font_size=\u201d18px\u201d body_font=\u201d|300|||||||\u201d body_font_size=\u201d16px\u201d background_color=\u201dRGBA(255,255,255,255,0)\u201d custom_margin=\u201d||30px||false|false\u201d custom_padding=\u201d||5px|false|false\u201d custom_css_toggle_title=\u201dmargin-left:-20px;\u201d custom_css_toggle_content=\u201dmargin-left:20px;\u201d border_width_all=\u201d0px\u201d border_width_bottom=\u201d3px\u201d border_color_bottom=\u201d#ff9666\u2033 global_colors_info=\u201d{}\u201d]<\/p>\n<p>Do rezultatov vadbe lahko dostopate prek 24-urne ponudbe ali mese\u010dne naro\u010dnine.<\/p>\n<p>Podrobnosti o tem, kako opraviti test in kako se naro\u010diti, najdete v poglavju \"Kako deluje?<\/p>\n<p>Celotno zgodovino testov si lahko ogledate tudi z dostopom do zavihka zgodovina v obmo\u010dju ra\u010duna.<\/p>\n<p>[et_pb_toggle][et_pb_toggle title=\u201dKako se naro\u010dim?\u201d open_toggle_text_color=\u201d#4e4e4e\u201d icon_color=\u201d#ff9666\u2033 toggle_icon=\u201d3||divi||400\u2033 use_icon_font_size=\u201don\u201d icon_font_size=\u201d45px\u201d open_icon_color=\u201d#ff9666\u2033 open_toggle_icon=\u201d2|divi||400\u2033 open_use_icon_font_size=\u201don\u201d open_icon_font_size=\u201d45px\u201d _builder_version=\u201d4.23.4\u2033 _module_preset=\u201ddefault\u201d title_text_color=\u201d#4e4e4e\u201d title_font=\u201d|700|||||||\u201d title_font_size=\u201d18px\u201d closed_title_font=\u201d|700|||||||\u201d closed_title_font_size=\u201d18px\u201d body_font=\u201d|300|||||||\u201d body_font_size=\u201d16px\u201d background_color=\u201dRGBA(255,255,255,255,0)\u201d custom_margin=\u201d||30px||false|false\u201d custom_padding=\u201d||5px|false|false\u201d custom_css_toggle_title=\u201dmargin-left:-20px;\u201d custom_css_toggle_content=\u201dmargin-left:20px;\u201d border_width_all=\u201d0px\u201d border_width_bottom=\u201d3px\u201d border_color_bottom=\u201d#ff9666\u2033 global_colors_info=\u201d{}\u201d]<\/p>\n<p>Najprej morate opraviti test. Ko ga opravite, se morate prijaviti na 24-urno ponudbo, ki stane 0,50 EUR. Po tem obdobju se ponudba samodejno spremeni v mese\u010dno naro\u010dnino, ki stane 47,50 EUR.<\/p>\n<p>\u010ce \u017eelite izkoristiti le 24-urno ponudbo, se preprosto odjavite.<\/p>\n<p>Za ve\u010d informacij o na\u010dinu opravljanja testa in mo\u017enostih naro\u010dnine si oglejte stran \"Kako deluje\".<\/p>\n<p>[et_pb_toggle title=\u201dKatere ugodnosti in storitve so vklju\u010dene v naro\u010dnino?\u201d open_toggle_text_color=\u201d#4e4e4e\u201d icon_color=\u201d#ff9666\u2033 toggle_icon=\u201d3||divi||400\u2033 use_icon_font_size=\u201don\u201d icon_font_size=\u201d45px\u201d open_icon_color=\u201d#ff9666\u2033 open_toggle_icon=\u201d2|divi||400\u2033 open_use_icon_font_size=\u201don\u201d open_icon_font_size=\u201d45px\u201d _builder_version=\u201d4.23.4\u2033 _module_preset=\u201ddefault\u201d title_text_color=\u201d#4e4e4e\u201d title_font=\u201d|700|||||||\u201d title_font_size=\u201d18px\u201d closed_title_font=\u201d|700|||||||\u201d closed_title_font_size=\u201d18px\u201d body_font=\u201d|300|||||||\u201d body_font_size=\u201d16px\u201d background_color=\u201dRGBA(255,255,255,255,0)\u201d custom_margin=\u201d||30px||false|false\u201d custom_padding=\u201d||5px|false|false\u201d custom_css_toggle_title=\u201dmargin-left:-20px;\u201d custom_css_toggle_content=\u201dmargin-left:20px;\u201d border_width_all=\u201d0px\u201d border_width_bottom=\u201d3px\u201d border_color_bottom=\u201d#ff9666\u2033 global_colors_info=\u201d{}\u201d]<\/p>\n<p>Z naro\u010dnino lahko test opravite ve\u010dkrat, zase ali za nekoga drugega. Omogo\u010da vam tudi dostop do rezultatov, njihovo primerjavo in shranjevanje za redno spremljanje. Poleg tega boste lahko opravili naprednej\u0161e premium teste za podrobnej\u0161o analizo va\u0161ega jezikovnega znanja.<\/p>\n<p>[\/et_pb_toggle][et_pb_button button_url=\u201d@ET-DC@eyJkeW5hbWljIjp0cnVlLCJjb250ZW50IjoicG9zdF9saW5rX3VybF9wYWdlIiwic2V0dGluZ3MiOnsicG9zdF9pZCI6IjM0In19@\u201d button_text=\u201dFAQ\u201d button_alignment=\u201dcenter\u201d disabled_on=\u201doff|off|off\u201d module_class=\u201dcustom-btn center \u201d _builder_version=\u201d4.23.4\u2033 _dynamic_attributes=\u201dbutton_url\u201d _module_preset=\u201ddefault\u201d button_border_color=\u201d#E02B20\u2033 custom_margin=\u201d||||true|false\u201d custom_padding=\u201d|50px|50px|false|true\u201d custom_padding_tablet=\u201d|50px|50px|false|true\u201d custom_padding_phone=\u201d|50px|50px|false|true\u201d custom_padding_last_edited=\u201don|desktop\u201d locked=\u201doff\u201d global_colors_info=\u201d{}\u201d][\/et_pb_button][\/et_pb_column][\/et_pb_row][\/et_pb_section]<\/p>","protected":false},"excerpt":{"rendered":"<p>Odjava\u010ce se \u017eelite preprosto odjaviti, preprosto vnesite svoj e-po\u0161tni naslov in kliknite \u201cOdjava\u201d.<form action=\"https:\/\/talk4to.com\/wp-admin\/admin-post.php\" method=\"post\">\n\t\t\t\t<input type=\"hidden\" name=\"action\" value=\"b5pt_cancel_sub\">\n\t\t\t\t<div class=\"cancel-wrap\">\n\t\t\t\t<label for=\"stripe_email\">E-po\u0161ta<\/label>\n\t\t\t\t<input type=\"email\" name=\"email\" id=\"stripe_email\" placeholder=\"johndoe@gmail.com\" value=\"\">\n\t\t\t\t<input type=\"submit\" value=\"Prekli\u010di naro\u010dnino\">\n\t\t\t\t<\/div> \n\t\t\t<\/form>Pogosta vpra\u0161anja in odgovoriTi testi so namenjeni merjenju posameznikovega znanja in razumevanja na razli\u010dnih podro\u010djih. Namen teh preizkusov je oceniti splo\u0161no znanje posameznika v akademskem kontekstu ali ugotoviti njegove prednosti [...].<\/p>","protected":false},"author":1,"featured_media":0,"parent":0,"menu_order":0,"comment_status":"closed","ping_status":"closed","template":"","meta":{"_et_pb_use_builder":"on","_et_pb_old_content":"<!-- wp:divi\/placeholder \/-->","_et_gb_content_width":"","inline_featured_image":false,"footnotes":""},"class_list":["post-827","page","type-page","status-publish","hentry"],"_links":{"self":[{"href":"https:\/\/talk4to.com\/sl\/wp-json\/wp\/v2\/pages\/827","targetHints":{"allow":["GET"]}}],"collection":[{"href":"https:\/\/talk4to.com\/sl\/wp-json\/wp\/v2\/pages"}],"about":[{"href":"https:\/\/talk4to.com\/sl\/wp-json\/wp\/v2\/types\/page"}],"author":[{"embeddable":true,"href":"https:\/\/talk4to.com\/sl\/wp-json\/wp\/v2\/users\/1"}],"replies":[{"embeddable":true,"href":"https:\/\/talk4to.com\/sl\/wp-json\/wp\/v2\/comments?post=827"}],"version-history":[{"count":20,"href":"https:\/\/talk4to.com\/sl\/wp-json\/wp\/v2\/pages\/827\/revisions"}],"predecessor-version":[{"id":1470,"href":"https:\/\/talk4to.com\/sl\/wp-json\/wp\/v2\/pages\/827\/revisions\/1470"}],"wp:attachment":[{"href":"https:\/\/talk4to.com\/sl\/wp-json\/wp\/v2\/media?parent=827"}],"curies":[{"name":"wp","href":"https:\/\/api.w.org\/{rel}","templated":true}]}}