{"id":39,"date":"2023-08-18T13:37:08","date_gmt":"2023-08-18T13:37:08","guid":{"rendered":"https:\/\/stg-talktotoeic-devtalkto.kinsta.cloud\/?page_id=39"},"modified":"2025-07-09T07:56:22","modified_gmt":"2025-07-09T07:56:22","slug":"protection-des-donnees","status":"publish","type":"page","link":"https:\/\/talk4to.com\/sl\/protection-des-donnees\/","title":{"rendered":"Varstvo podatkov"},"content":{"rendered":"<p>[et_pb_section fb_built=&#8221;1&#8243; admin_label=&#8221;Header&#8221; _builder_version=&#8221;4.23.4&#8243; custom_margin=&#8221;0px||||false|false&#8221; custom_padding=&#8221;0px||||false|false&#8221; locked=&#8221;off&#8221; global_colors_info=&#8221;{}&#8221;][et_pb_row column_structure=&#8221;1_2,1_2&#8243; custom_padding_last_edited=&#8221;on|phone&#8221; module_class=&#8221;custom-header&#8221; _builder_version=&#8221;4.17.6&#8243; _module_preset=&#8221;default&#8221; width=&#8221;70%&#8221; width_tablet=&#8221;&#8221; width_phone=&#8221;78%&#8221; width_last_edited=&#8221;on|desktop&#8221; custom_margin_tablet=&#8221;&#8221; custom_margin_phone=&#8221;0px||0px||true|false&#8221; custom_margin_last_edited=&#8221;on|phone&#8221; custom_padding_tablet=&#8221;&#8221; custom_padding_phone=&#8221;0px||0px||true|false&#8221; global_colors_info=&#8221;{}&#8221;][et_pb_column type=&#8221;1_2&#8243; _builder_version=&#8221;4.17.6&#8243; _module_preset=&#8221;default&#8221; global_colors_info=&#8221;{}&#8221;][et_pb_text _builder_version=&#8221;4.17.6&#8243; _module_preset=&#8221;default&#8221; custom_margin=&#8221;80px||||false|false&#8221; custom_margin_tablet=&#8221;0px||||false|false&#8221; custom_margin_phone=&#8221;0px||0px||false|false&#8221; custom_margin_last_edited=&#8221;on|tablet&#8221; custom_padding=&#8221;||0px||false|false&#8221; header_text_align_tablet=&#8221;&#8221; header_text_align_phone=&#8221;center&#8221; header_text_align_last_edited=&#8221;on|phone&#8221; global_colors_info=&#8221;{}&#8221;]<\/p>\n<h1>Za\u0161\u010dita<br \/>\n<span class=\"bigger\">podatki<\/span><\/h1>\n<p>[\/et_pb_text][et_pb_button button_url=&#8221;https:\/\/talk4to.com\/passer-le-test\/&#8221; button_text=&#8221;Commencer le test&#8221; button_alignment=&#8221;center&#8221; disabled_on=&#8221;on|off|off&#8221; module_class=&#8221;custom-btn &#8221; _builder_version=&#8221;4.17.6&#8243; _dynamic_attributes=&#8221;button_url&#8221; _module_preset=&#8221;default&#8221; custom_margin=&#8221;||||true|false&#8221; locked=&#8221;off&#8221; global_colors_info=&#8221;{}&#8221;][\/et_pb_button][\/et_pb_column][et_pb_column type=&#8221;1_2&#8243; _builder_version=&#8221;4.17.6&#8243; _module_preset=&#8221;default&#8221; global_colors_info=&#8221;{}&#8221;][et_pb_image src=&#8221;https:\/\/talk4to.com\/wp-content\/uploads\/2023\/08\/Legal.svg&#8221; title_text=&#8221;Legal&#8221; align_tablet=&#8221;&#8221; align_phone=&#8221;center&#8221; align_last_edited=&#8221;on|phone&#8221; _builder_version=&#8221;4.23.4&#8243; _module_preset=&#8221;default&#8221; positioning=&#8221;relative&#8221; horizontal_offset=&#8221;-3vw&#8221; vertical_offset_tablet=&#8221;&#8221; vertical_offset_phone=&#8221;-5vh&#8221; vertical_offset_last_edited=&#8221;on|phone&#8221; horizontal_offset_tablet=&#8221;-3vw&#8221; horizontal_offset_phone=&#8221;-30vw&#8221; horizontal_offset_last_edited=&#8221;on|desktop&#8221; width_tablet=&#8221;&#8221; width_phone=&#8221;130vw&#8221; width_last_edited=&#8221;on|phone&#8221; custom_margin_tablet=&#8221;&#8221; custom_margin_phone=&#8221;0px||||false|false&#8221; custom_margin_last_edited=&#8221;on|phone&#8221; custom_padding_tablet=&#8221;&#8221; custom_padding_phone=&#8221;0px||||false|false&#8221; custom_padding_last_edited=&#8221;on|phone&#8221; filter_hue_rotate=&#8221;180deg&#8221; global_colors_info=&#8221;{}&#8221;][\/et_pb_image][et_pb_button button_url=&#8221;https:\/\/talk4to.com\/passer-le-test\/&#8221; button_text=&#8221;Commencer le test&#8221; button_alignment=&#8221;center&#8221; disabled_on=&#8221;off|on|on&#8221; module_class=&#8221;custom-btn center&#8221; _builder_version=&#8221;4.17.6&#8243; _dynamic_attributes=&#8221;button_url&#8221; _module_preset=&#8221;default&#8221; custom_margin=&#8221;||||true|false&#8221; locked=&#8221;off&#8221; global_colors_info=&#8221;{}&#8221;][\/et_pb_button][\/et_pb_column][\/et_pb_row][\/et_pb_section][et_pb_section fb_built=&#8221;1&#8243; _builder_version=&#8221;4.17.6&#8243; _module_preset=&#8221;default&#8221; locked=&#8221;off&#8221; global_colors_info=&#8221;{}&#8221;][et_pb_row _builder_version=&#8221;4.17.6&#8243; _module_preset=&#8221;default&#8221; global_colors_info=&#8221;{}&#8221;][et_pb_column type=&#8221;4_4&#8243; _builder_version=&#8221;4.17.6&#8243; _module_preset=&#8221;default&#8221; global_colors_info=&#8221;{}&#8221;][et_pb_text disabled_on=&#8221;off|off|off&#8221; _builder_version=&#8221;4.27.4&#8243; _module_preset=&#8221;default&#8221; hover_enabled=&#8221;0&#8243; global_colors_info=&#8221;{}&#8221; sticky_enabled=&#8221;0&#8243;]<\/p>\n<p>Nordigital.net LTD, s sede\u017eem na naslovu Unit 126, 5 Spur Road, Isleworth, Middlesex, Zdru\u017eeno kraljestvo, TW7 5BD - Registracijska \u0161tevilka: 07009113 - \u0160tevilka DDV: GB455167677<\/p>\n<p>Delegirano na :<\/p>\n<p>SAS FRIENDZ. Sede\u017e: 9, rue de Paris - 94100 St-Maur-Des-Foss\u00e9s. Siren 891 437 535 NAF: 62.01Z- Delni\u0161ki kapital 1.200,00 EUR. \u0160tevilka DDV FR16891437535<\/p>\n<p>tr\u017eenje vseh vsebin, objavljenih na spletnem mestu www.talk4to.com, v skladu z dolo\u010dili pogodbe, sklenjene med strankama.<\/p>\n<p>Zadnja posodobitev: 08 julij 2025<\/p>\n<p>[\/et_pb_text][et_pb_text module_class=&#8221;custom-title&#8221; _builder_version=&#8221;4.17.6&#8243; _module_preset=&#8221;default&#8221; global_colors_info=&#8221;{}&#8221;]<\/p>\n<h2>Preambula<\/h2>\n<p>[\/et_pb_text][et_pb_text _builder_version=&#8221;4.27.4&#8243; _module_preset=&#8221;default&#8221; hover_enabled=&#8221;0&#8243; global_colors_info=&#8221;{}&#8221; sticky_enabled=&#8221;0&#8243;]<\/p>\n<div>\n<div><span>Z nadaljnjim brskanjem po na\u0161i spletni strani www.talk4to.com (v nadaljevanju \"spletna stran\") obiskovalci spletne strani (v nadaljevanju \"uporabniki\") brez pridr\u017ekov sprejemajo naslednje dolo\u010dbe in pogoje uporabe (v nadaljevanju \"G.U.C.\"). Pred kakr\u0161no koli uporabo funkcij na\u0161ega spletnega mesta uporabnik potrdi, da je prebral te splo\u0161ne pogoje poslovanja in da jih sprejema.<\/span><\/div>\n<div><span>\u00a0<\/span><\/div>\n<div><span>Razli\u010dica na\u0161ih splo\u0161nih pogojev poslovanja, ki je trenutno na spletu, je edina razli\u010dica, na katero se lahko sklicujete ves \u010das uporabe spletnega mesta in dokler je ne zamenjamo z novo razli\u010dico.<\/span><\/div>\n<div><span>\u00a0<\/span><\/div>\n<div><span>S spletnim mestom upravlja podjetje Nordigital LTD, vsebino 2TANT pa tr\u017ei podjetje FRIENDZ (v nadaljevanju \"prodajalec\" ali \"TALK4TO\"), ki si pridr\u017euje pravico, da kadar koli spremeni te pogoje. Vsaka uporaba na\u0161ega spletnega mesta po spremembi SPP pomeni, da se uporabnik nepreklicno strinja z novo razli\u010dico. V primeru nestrinjanja z na\u0161imi Splo\u0161nimi pogoji poslovanja uporabnika pozivamo, da preneha uporabljati na\u0161e spletno mesto.<\/span><\/div>\n<\/div>\n<p>[\/et_pb_text][et_pb_text module_class=&#8221;custom-title&#8221; _builder_version=&#8221;4.17.6&#8243; _module_preset=&#8221;default&#8221; global_colors_info=&#8221;{}&#8221;]<\/p>\n<h2>\u010clen 1 - Opredelitve pojmov<\/h2>\n<p>[\/et_pb_text][et_pb_text _builder_version=&#8221;4.17.6&#8243; _module_preset=&#8221;default&#8221; global_colors_info=&#8221;{}&#8221;]<\/p>\n<p>Na na\u0161em spletnem mestu imajo spodaj navedeni izrazi naslednje pomene:<\/p>\n<p>&nbsp;<\/p>\n<p>\"Vsebina\": se nana\u0161a na vse elemente, ki sestavljajo informacije na na\u0161em spletnem mestu (besedilo, slike, videoposnetki, algoritmi, programska oprema, gradniki itd.) in omogo\u010dajo njegovo delovanje, obve\u0161\u010danje uporabnikov in predstavitev na\u0161ih storitev;<\/p>\n<p>&nbsp;<\/p>\n<p>\"Pravice intelektualne lastnine\": se nana\u0161ajo na vse pravice intelektualne lastnine in sorodne pravice (avtorske pravice, pravice do blagovnih znamk, patentne pravice, trgovska imena, baze podatkov itd.), ki jih \u0161\u010diti Zakonik o intelektualni lastnini, sprejet z zakonom \u0161t. 92-587 z dne 1. julija 1992, katerega veljavna razli\u010dica je tista, ki velja v \u010dasu, ko uporabnik obi\u0161\u010de spletno mesto;<\/p>\n<p>&nbsp;<\/p>\n<p>\"Funkcije\": se nana\u0161ajo na vse funkcije, ki so uporabnikom na voljo na na\u0161em spletnem mestu;<\/p>\n<p>&nbsp;<\/p>\n<p>\"Spletna stran\": se nana\u0161a na spletno stran https:\/\/talk4to.com\/, ki jo upravlja prodajalec in je na voljo uporabniku;<\/p>\n<p>&nbsp;<\/p>\n<p>\"Uporabnik\": pomeni vsakega posameznika, ki uporablja na\u0161e spletno mesto in ima dostop do njegove vsebine.<\/p>\n<p>[\/et_pb_text][et_pb_text module_class=&#8221;custom-title&#8221; _builder_version=&#8221;4.17.6&#8243; _module_preset=&#8221;default&#8221; global_colors_info=&#8221;{}&#8221;]<\/p>\n<h2>\u010clen 2 - Pravne informacije<\/h2>\n<p>[\/et_pb_text][et_pb_text _builder_version=&#8221;4.17.6&#8243; _module_preset=&#8221;default&#8221; global_colors_info=&#8221;{}&#8221;]<\/p>\n<p>V skladu s francoskim zakonom \u0161t. 2004-575 z dne 21. junija 2004 o zaupanju v digitalno gospodarstvo so uporabniki na\u0161e spletne strani obve\u0161\u010deni o identiteti oseb, ki sodelujejo pri njenem ustvarjanju in spremljanju:<\/p>\n<p>&nbsp;<\/p>\n<p>Vodja uredni\u0161tva: Carlo Ela contact.talkto1@gmail.com .<\/p>\n<p>&nbsp;<\/p>\n<p>Gostitelj: Kinsta, 8605 Santa Monica Blvd #92581 West Hollywood, CA 90069 - Zdru\u017eene dr\u017eave Amerike. https:\/\/kinsta.com\/fr\/<\/p>\n<p>&nbsp;<\/p>\n<p>Razvijalec: TALK4TO<\/p>\n<p>&nbsp;<\/p>\n<p>Poobla\u0161\u010dena oseba za varstvo podatkov: Carlo Ela contact.talkto1@gmail.com.<\/p>\n<p>[\/et_pb_text][et_pb_text module_class=&#8221;custom-title&#8221; _builder_version=&#8221;4.17.6&#8243; _module_preset=&#8221;default&#8221; global_colors_info=&#8221;{}&#8221;]<\/p>\n<h2>\u010clen 3 - Varstvo osebnih podatkov<\/h2>\n<p>[\/et_pb_text][et_pb_text _builder_version=&#8221;4.17.6&#8243; _module_preset=&#8221;default&#8221; global_colors_info=&#8221;{}&#8221;]<\/p>\n<p>Za uporabo na\u0161ega spletnega mesta bomo obdelali dolo\u010dene osebne podatke o uporabnikih. Ta obdelava se izvaja v skladu s francoskim zakonom \u0161t. 78-17 z dne 6. januarja 1978 s spremembami, ki se nana\u0161a na informacijsko tehnologijo, datoteke in dr\u017eavljanske svobo\u0161\u010dine (znan kot \"Zakon o informacijski tehnologiji in dr\u017eavljanskih svobo\u0161\u010dinah\"), in politiko varstva podatkov, ki je na voljo v ustreznem zavihku na na\u0161em spletnem mestu.<\/p>\n<p>[\/et_pb_text][et_pb_text module_class=&#8221;custom-title&#8221; _builder_version=&#8221;4.17.6&#8243; _module_preset=&#8221;default&#8221; global_colors_info=&#8221;{}&#8221;]<\/p>\n<h2>\u010clen 4 - Dostop do obmo\u010dja<\/h2>\n<p>[\/et_pb_text][et_pb_text _builder_version=&#8221;4.17.6&#8243; _module_preset=&#8221;default&#8221; global_colors_info=&#8221;{}&#8221;]<\/p>\n<p>Dostop do spletnega mesta in njegova uporaba sta namenjena izklju\u010dno osebni rabi. Uporabnik se zavezuje, da ne bo uporabljal spletnega mesta in informacij ali podatkov na njem v komercialne, politi\u010dne ali ogla\u0161evalske namene ali za kakr\u0161no koli obliko komercialnega nagovarjanja, zlasti za po\u0161iljanje neza\u017eelene elektronske po\u0161te.<\/p>\n<p>&nbsp;<\/p>\n<p>Dostop do obmo\u010dja je rezerviran za odrasle. Izdajatelj si pridr\u017euje pravico, da zahteva dokazilo o starosti, zlasti \u010de uporabljate storitve spletnega naro\u010danja. Zalo\u017enik ne more biti odgovoren v primeru dostopa do spletnega mesta s strani mladoletnih oseb, prav tako ne more biti odgovoren v primeru napa\u010dnih ali zavajajo\u010dih informacij, ki jih posredujejo uporabniki spletnega mesta.<\/p>\n<p>&nbsp;<\/p>\n<p>Uporabniki so osebno odgovorni za vzpostavitev informacijskih in telekomunikacijskih virov, potrebnih za dostop do spletnega mesta. Uporabniki so odgovorni za vse telekomunikacijske stro\u0161ke, ki nastanejo pri dostopu do interneta in uporabi spletnega mesta.<\/p>\n<p>[\/et_pb_text][et_pb_text module_class=&#8221;custom-title&#8221; _builder_version=&#8221;4.17.6&#8243; _module_preset=&#8221;default&#8221; global_colors_info=&#8221;{}&#8221;]<\/p>\n<h2>\u010clen 5 - Opis opravljenih storitev<\/h2>\n<p>[\/et_pb_text][et_pb_text _builder_version=&#8221;4.17.6&#8243; _module_preset=&#8221;default&#8221; global_colors_info=&#8221;{}&#8221;]<\/p>\n<p>Prizadevamo si zagotoviti \u010dim bolj to\u010dne informacije, vendar ne moremo biti odgovorni za morebitne izpuste, neto\u010dnosti ali opustitev posodobitve informacij. Vse informacije na na\u0161em spletnem mestu so zgolj informativne in niso iz\u010drpne ter so na voljo pod pogojem, da so bile od njihove objave na spletu opravljene spremembe.<\/p>\n<p>[\/et_pb_text][et_pb_text module_class=&#8221;custom-title&#8221; _builder_version=&#8221;4.17.6&#8243; _module_preset=&#8221;default&#8221; global_colors_info=&#8221;{}&#8221;]<\/p>\n<h2>\u010clen 6 - Intelektualna lastnina<\/h2>\n<p>[\/et_pb_text][et_pb_text _builder_version=&#8221;4.17.6&#8243; _module_preset=&#8221;default&#8221; global_colors_info=&#8221;{}&#8221;]<\/p>\n<p>6.1 Na\u0161a spletna stran<\/p>\n<p>&nbsp;<\/p>\n<p>Vse blagovne znamke, fotografije, besedila, komentarji, ilustracije, slike (animirane ali ne), video sekvence, zvoki in vsi ra\u010dunalni\u0161ki programi, ki se lahko uporabljajo za delovanje spletnega mesta, ter na splo\u0161no vsi elementi, reproducirani ali uporabljeni na spletnem mestu, so za\u0161\u010diteni z veljavno zakonodajo o intelektualni lastnini.<\/p>\n<p>&nbsp;<\/p>\n<p>V celoti in v celoti so last zalo\u017enika ali njegovih komercialnih partnerjev. Vsako razmno\u017eevanje, predstavljanje, uporaba ali prilagajanje vseh ali dela teh elementov, vklju\u010dno z ra\u010dunalni\u0161kimi aplikacijami, v kakr\u0161ni koli obliki brez predhodnega pisnega soglasja zalo\u017enika je strogo prepovedano. Dejstvo, da zalo\u017enik ne spro\u017ei postopka takoj, ko izve za tak\u0161no nedovoljeno uporabo, ne pomeni, da se strinja z omenjeno uporabo in se odpoveduje pravnemu postopku.<\/p>\n<p>&nbsp;<\/p>\n<p>Uporabnikom je strogo prepovedano :<\/p>\n<p>&nbsp;<\/p>\n<p>kopirati, razmno\u017eevati, predstavljati, raz\u0161irjati, distribuirati ali objavljati, trajno ali za\u010dasno, celotno vsebino in\/ali spletno mesto ali njen del na kakr\u0161en koli na\u010din in v katerem koli doslej znanem ali neznanem mediju;<\/p>\n<p>ustvarjanje izpeljank iz vsebine in\/ali spletnega mesta;<\/p>\n<p>spreminjanje, prevajanje, prilagajanje ali urejanje vsebine in\/ali spletnega mesta v celoti ali delno;<\/p>\n<p>razstavljanja, dekompiliranja ali povratnega in\u017eeniringa spletnega mesta.<\/p>\n<p>V vsakem primeru so uporabniki sami odgovorni za svojo uporabo spletnega mesta.<\/p>\n<p>&nbsp;<\/p>\n<p>Vsaka nepoobla\u0161\u010dena uporaba spletnega mesta ali katerega koli elementa, ki ga vsebuje, se bo \u0161tela za kr\u0161itev in se bo preganjala v skladu z dolo\u010dbami \u010dlenov L. 335-2 in naslednjih francoskega zakonika o intelektualni lastnini.<\/p>\n<p>&nbsp;<\/p>\n<p>Na\u0161a blagovna znamka<\/p>\n<p>Besedne in vizualne blagovne znamke (logotipi) zalo\u017enika in TALK4TO so za\u0161\u010ditene. Njihova uporaba brez pisnega dovoljenja zalo\u017enika ali njegovih partnerjev na katerem koli mediju za namene promocije izdelkov ali storitev ali v komercialne namene je prepovedana pod gro\u017enjo kazenskega ali civilnega postopka, ki ga bo zalo\u017enik spro\u017eil proti uporabniku in\/ali kateri koli odgovorni tretji osebi.<\/p>\n<p>&nbsp;<\/p>\n<p>Vsebina<\/p>\n<p>Vsebina je prosto dostopna na spletnem mestu. Dejstvo, da je ta vsebina objavljena na spletu, ne pomeni prenosa avtorskih ali lastninskih pravic nad vsebino, ki ostaja v celoti intelektualna last zalo\u017enika in avtorjev.<\/p>\n<p>&nbsp;<\/p>\n<p>Noben uporabnik ne sme sprejeti ukrepov, ki niso zdru\u017eljivi s spo\u0161tovanjem avtorskih pravic in pravic intelektualne lastnine ali so v nasprotju s katerim koli drugim francoskim ali mednarodnim zakonom v zvezi s pravicami intelektualne lastnine. Zalo\u017enik in njegovi sodelavci si pridr\u017eujejo pravico, da kazensko preganjajo vse uporabnike zaradi kr\u0161itve teh dolo\u010db.<\/p>\n<p>[\/et_pb_text][et_pb_text module_class=&#8221;custom-title&#8221; _builder_version=&#8221;4.17.6&#8243; _module_preset=&#8221;default&#8221; global_colors_info=&#8221;{}&#8221;]<\/p>\n<h2>\u010clen 7 - Upravljanje lokacije<\/h2>\n<p>[\/et_pb_text][et_pb_text _builder_version=&#8221;4.17.6&#8243; _module_preset=&#8221;default&#8221; global_colors_info=&#8221;{}&#8221;]<\/p>\n<p>Na\u0161e spletno mesto je uporabnikom obi\u010dajno dostopno ves \u010das. Za pravilno upravljanje spletnega mesta si lahko izdajatelj kadar koli pridr\u017ei pravico do :<\/p>\n<p>&nbsp;<\/p>\n<p>iz kakr\u0161nega koli razloga, s predhodnim obvestilom ali brez njega in po lastni presoji za\u010dasno ustavi, prekine ali omeji dostop do celotnega spletnega mesta ali njegovega dela;<\/p>\n<p>izbri\u0161e vse informacije, ki bi lahko motile njegovo delovanje, iz kakr\u0161nega koli razloga, s predhodnim obvestilom ali brez njega in po lastni presoji;<\/p>\n<p>zaustavitev spletnega mesta zaradi izvedbe posodobitev.<\/p>\n<p>Zalo\u017enik si bo prizadeval, da bo uporabnike vnaprej obvestil o datumih in urah intervencije, vendar ne more biti odgovoren, \u010de tega ne bo storil.<\/p>\n<p>[\/et_pb_text][et_pb_text module_class=&#8221;custom-title&#8221; _builder_version=&#8221;4.17.6&#8243; _module_preset=&#8221;default&#8221; global_colors_info=&#8221;{}&#8221;]<\/p>\n<h2>\u010clen 8 - Odgovornosti<\/h2>\n<p>[\/et_pb_text][et_pb_text _builder_version=&#8221;4.17.6&#8243; _module_preset=&#8221;default&#8221; global_colors_info=&#8221;{}&#8221;]<\/p>\n<p>8.1 Dostop do lokacije<\/p>\n<p>&nbsp;<\/p>\n<p>Zalo\u017enik se zavezuje, da bo storil vse, kar je v njegovi mo\u010di, da zagotovi dostopnost spletnega mesta 24 ur na dan, 7 dni na teden. Vendar se zalo\u017enik ne zavezuje, da bo spletno mesto stalno na voljo in dostopno, in ne jam\u010di, da je spletno mesto brez napak. Zalo\u017enik ne more biti odgovoren v primeru kakr\u0161ne koli napake, okvare, te\u017eave ali prekinitve delovanja, ki prepre\u010duje dostop do spletnega mesta ali katere koli njegove funkcije.<\/p>\n<p>&nbsp;<\/p>\n<p>Zalo\u017enik in gostitelj nista odgovorna za nepravilno delovanje internetnega omre\u017eja, telefonskih linij ali ra\u010dunalni\u0161ke in telefonske opreme, zlasti zaradi preobremenjenosti omre\u017eja, ki onemogo\u010da dostop do stre\u017enika.<\/p>\n<p>&nbsp;<\/p>\n<p>Izdajatelj ni odgovoren za morebitne pravne ukrepe proti uporabnikom:<\/p>\n<p>&nbsp;<\/p>\n<p>zaradi uporabe spletnega mesta ali katere koli druge storitve, dostopne prek interneta;<\/p>\n<p>\u010ce uporabnik ne ravna v skladu s temi splo\u0161nimi pogoji poslovanja.<\/p>\n<p>&nbsp;<\/p>\n<p>Uporabljena oprema<\/p>\n<p>Za opremo, ki jo uporabnik uporablja za povezavo s spletnim mestom, je v celoti odgovoren uporabnik. Uporabnik mora sprejeti vse ustrezne ukrepe za za\u0161\u010dito svoje opreme in svojih podatkov. Uporabnik se zavezuje, da bo do spletnega mesta dostopal z najnovej\u0161o strojno opremo, brez virusov in z nedavno posodobljenim brskalnikom.<\/p>\n<p>&nbsp;<\/p>\n<p>Izdajatelj ni odgovoren za kakr\u0161no koli \u0161kodo, povzro\u010deno uporabnikom, tretjim osebam in\/ali njihovi opremi zaradi njihove povezave s spletnim mestom ali njegove uporabe, in uporabniki se v zvezi s tem odpovedujejo vsem zahtevkom do izdajatelja.<\/p>\n<p>&nbsp;<\/p>\n<p>Izdajatelj ne more biti odgovoren za kakr\u0161no koli posredno \u0161kodo (kot je izguba trga ali prilo\u017enosti), ki bi nastala zaradi uporabe spletnega mesta.<\/p>\n<p>[\/et_pb_text][et_pb_text module_class=&#8221;custom-title&#8221; _builder_version=&#8221;4.17.6&#8243; _module_preset=&#8221;default&#8221; global_colors_info=&#8221;{}&#8221;]<\/p>\n<h2>\u010clen 9 - Fotografije ter predstavitev izdelkov in storitev<\/h2>\n<p>[\/et_pb_text][et_pb_text _builder_version=&#8221;4.17.6&#8243; _module_preset=&#8221;default&#8221; global_colors_info=&#8221;{}&#8221;]<\/p>\n<p>Fotografije na spletnem mestu, ki jih spremlja njihov opis, niso pogodbene in za zalo\u017enika niso zavezujo\u010de.<\/p>\n<p>[\/et_pb_text][et_pb_text module_class=&#8221;custom-title&#8221; _builder_version=&#8221;4.17.6&#8243; _module_preset=&#8221;default&#8221; global_colors_info=&#8221;{}&#8221;]<\/p>\n<h2>\u010clen 10 - Hipertekstovne povezave<\/h2>\n<p>[\/et_pb_text][et_pb_text _builder_version=&#8221;4.17.6&#8243; _module_preset=&#8221;default&#8221; global_colors_info=&#8221;{}&#8221;]<\/p>\n<p>Uporabniki lahko vzpostavijo hipertekstne povezave do celotnega spletnega mesta ali njegovega dela, \u010de za to pridobijo predhodno pisno dovoljenje dru\u017ebe TALK4TO, ki ga je treba poslati po elektronski po\u0161ti na naslednji naslov: contact.talkto1@gmail.com.<\/p>\n<p>&nbsp;<\/p>\n<p>Zalo\u017enik lahko to dovoljenje zavrne, ne da bi mu bilo treba svojo odlo\u010ditev kakor koli utemeljiti. \u010ce zalo\u017enik izda dovoljenje, je to dovoljenje v vsakem primeru le za\u010dasno in se lahko kadar koli prekli\u010de, ne da bi moral svojo odlo\u010ditev utemeljiti. V vsakem primeru je treba vsako povezavo umakniti na preprosto zahtevo blagovne znamke.<\/p>\n<p>&nbsp;<\/p>\n<p>Spletno mesto vsebuje \u0161tevilne hipertekstne povezave do drugih spletnih mest, ki so bile vzpostavljene z dovoljenjem izdajatelja. Vendar na\u0161e podjetje ne more preverjati vsebine tako obiskanih spletnih mest in v zvezi s tem ne prevzema nobene odgovornosti.<\/p>\n<p>[\/et_pb_text][et_pb_text module_class=&#8221;custom-title&#8221; _builder_version=&#8221;4.17.6&#8243; _module_preset=&#8221;default&#8221; global_colors_info=&#8221;{}&#8221;]<\/p>\n<h2>\u010clen 11 - Delna neveljavnost<\/h2>\n<p>[\/et_pb_text][et_pb_text _builder_version=&#8221;4.17.6&#8243; _module_preset=&#8221;default&#8221; global_colors_info=&#8221;{}&#8221;]<\/p>\n<p>Za\u010dasna neuporaba ene ali ve\u010d klavzul teh splo\u0161nih pogojev se v nobenem primeru ne sme razlagati kot opustitev dru\u017ebe TALK4TO, da bi izkoristila katero koli od navedenih klavzul.<\/p>\n<p>&nbsp;<\/p>\n<p>\u010ce bi bila ena ali ve\u010d dolo\u010db teh pogojev z zakonom, drugim predpisom ali na podlagi pravnomo\u010dne sodne odlo\u010dbe razgla\u0161ena za ni\u010dno in neveljavno ali neuporabno, bi ostale dolo\u010dbe ohranile vso svojo veljavnost in obseg ter bi se \u0161e naprej uporabljale v celoti.<\/p>\n<p>[\/et_pb_text][et_pb_text module_class=&#8221;custom-title&#8221; _builder_version=&#8221;4.17.6&#8243; _module_preset=&#8221;default&#8221; global_colors_info=&#8221;{}&#8221;]<\/p>\n<h2>\u010clen 12 - Jezik<\/h2>\n<p>[\/et_pb_text][et_pb_text _builder_version=&#8221;4.17.6&#8243; _module_preset=&#8221;default&#8221; global_colors_info=&#8221;{}&#8221;]<\/p>\n<p>\u010ce so ti splo\u0161ni pogoji prevedeni v enega ali ve\u010d jezikov, je v primeru nasprotja ali spora glede pomena dolo\u010dila ali dolo\u010dbe jezik razlage franco\u0161\u010dina.<\/p>\n<p>[\/et_pb_text][et_pb_text module_class=&#8221;custom-title&#8221; _builder_version=&#8221;4.17.6&#8243; _module_preset=&#8221;default&#8221; global_colors_info=&#8221;{}&#8221;]<\/p>\n<h2>\u010clen 13 - Veljavno pravo<\/h2>\n<p>[\/et_pb_text][et_pb_text _builder_version=&#8221;4.17.6&#8243; _module_preset=&#8221;default&#8221; global_colors_info=&#8221;{}&#8221;]<\/p>\n<p>Te pogoje uporabe spletnega mesta ureja britansko pravo in so v primeru spora pod izklju\u010dno pristojnostjo pristojnih sodi\u0161\u010d po splo\u0161nem pravu, ob upo\u0161tevanju posebne pristojnosti, ki izhaja iz dolo\u010denega pravnega ali regulativnega besedila.<\/p>\n<p>[\/et_pb_text][et_pb_text module_class=&#8221;custom-title&#8221; _builder_version=&#8221;4.17.6&#8243; _module_preset=&#8221;default&#8221; global_colors_info=&#8221;{}&#8221;]<\/p>\n<h2>\u010clen 14 - Kontaktirajte nas<\/h2>\n<p>[\/et_pb_text][et_pb_text _builder_version=&#8221;4.17.6&#8243; _module_preset=&#8221;default&#8221; global_colors_info=&#8221;{}&#8221;]<\/p>\n<p>Za vsa vpra\u0161anja ali informacije o storitvah, predstavljenih na spletnem mestu, ali o samem spletnem mestu lahko uporabnik pusti sporo\u010dilo na naslednjem naslovu: <a href=\"mailto:contact.talkto1@gmail.com\">contact.talkto1@gmail.com<\/a>.<\/p>\n<p>[\/et_pb_text][\/et_pb_column][\/et_pb_row][\/et_pb_section]<\/p>","protected":false},"excerpt":{"rendered":"<p>Protection des donn\u00e9esLa soci\u00e9t\u00e9 Nordigital.net LTD, whose registered office is at Unit 126, 5 Spur Road, Isleworth, Middlesex, United Kingdom, TW7 5BD \u2013 Registration number: 07009113 \u2013 VAT number : GB455167677 D\u00e9l\u00e8gue \u00e0 : La soci\u00e9t\u00e9 SAS FRIENDZ. Si\u00e8ge Social : 9, rue de Paris \u2013 94100 St-Maur-Des-Foss\u00e9s. Siren 891 437 535 NAF : 62.01Z\u2013 [&hellip;]<\/p>","protected":false},"author":1,"featured_media":0,"parent":0,"menu_order":0,"comment_status":"closed","ping_status":"closed","template":"","meta":{"_et_pb_use_builder":"on","_et_pb_old_content":"<!-- wp:divi\/placeholder \/-->","_et_gb_content_width":"","inline_featured_image":false,"footnotes":""},"class_list":["post-39","page","type-page","status-publish","hentry"],"_links":{"self":[{"href":"https:\/\/talk4to.com\/sl\/wp-json\/wp\/v2\/pages\/39","targetHints":{"allow":["GET"]}}],"collection":[{"href":"https:\/\/talk4to.com\/sl\/wp-json\/wp\/v2\/pages"}],"about":[{"href":"https:\/\/talk4to.com\/sl\/wp-json\/wp\/v2\/types\/page"}],"author":[{"embeddable":true,"href":"https:\/\/talk4to.com\/sl\/wp-json\/wp\/v2\/users\/1"}],"replies":[{"embeddable":true,"href":"https:\/\/talk4to.com\/sl\/wp-json\/wp\/v2\/comments?post=39"}],"version-history":[{"count":11,"href":"https:\/\/talk4to.com\/sl\/wp-json\/wp\/v2\/pages\/39\/revisions"}],"predecessor-version":[{"id":1633,"href":"https:\/\/talk4to.com\/sl\/wp-json\/wp\/v2\/pages\/39\/revisions\/1633"}],"wp:attachment":[{"href":"https:\/\/talk4to.com\/sl\/wp-json\/wp\/v2\/media?parent=39"}],"curies":[{"name":"wp","href":"https:\/\/api.w.org\/{rel}","templated":true}]}}