{"id":34,"date":"2023-08-18T13:36:09","date_gmt":"2023-08-18T13:36:09","guid":{"rendered":"https:\/\/stg-talktotoeic-devtalkto.kinsta.cloud\/?page_id=34"},"modified":"2025-01-07T13:14:13","modified_gmt":"2025-01-07T13:14:13","slug":"faq","status":"publish","type":"page","link":"https:\/\/talk4to.com\/sl\/faq\/","title":{"rendered":"POGOSTA VPRA\u0160ANJA"},"content":{"rendered":"<p>[et_pb_section fb_built=&#8221;1&#8243; admin_label=&#8221;Questions&#8221; module_class=&#8221;custom-faq&#8221; _builder_version=&#8221;4.17.6&#8243; _module_preset=&#8221;default&#8221; custom_css_before=&#8221;    content: &#8221;;||    background: center \/ contain no-repeat url(https:\/\/talk4to.com\/wp-content\/uploads\/2023\/08\/Trace-1438-1.svg);||    position: absolute;||    display: block;||    width: 1300px;||    height: 1300px;||  right: -100px;||top:-00px;||pointer-events:none;||||&#8221; global_colors_info=&#8221;{}&#8221;][et_pb_row column_structure=&#8221;1_3,2_3&#8243; _builder_version=&#8221;4.23.4&#8243; _module_preset=&#8221;default&#8221; global_colors_info=&#8221;{}&#8221;][et_pb_column type=&#8221;1_3&#8243; _builder_version=&#8221;4.23.4&#8243; _module_preset=&#8221;default&#8221; background_color=&#8221;#FFFFFF&#8221; custom_padding=&#8221;20px|30px|20px|30px|true|true&#8221; custom_padding_tablet=&#8221;40px|40px|40px|40px|true|true&#8221; custom_padding_phone=&#8221;||||false|true&#8221; custom_padding_last_edited=&#8221;on|desktop&#8221; background_color_tablet=&#8221;#FFFFFF&#8221; background_last_edited=&#8221;on|tablet&#8221; background_enable_color_tablet=&#8221;on&#8221; border_radii=&#8221;on|50px|50px|50px|50px&#8221; box_shadow_style=&#8221;preset1&#8243; box_shadow_horizontal=&#8221;3px&#8221; box_shadow_vertical=&#8221;6px&#8221; box_shadow_blur=&#8221;10px&#8221; box_shadow_color=&#8221;rgba(0,0,0,0.16)&#8221; global_colors_info=&#8221;{}&#8221; custom_css_before_last_edited=&#8221;on|desktop&#8221; custom_css_before_tablet=&#8221;content:unset;&#8221; custom_css_before_phone=&#8221;content:unset;&#8221;][et_pb_image src=&#8221;https:\/\/talk4to.com\/wp-content\/uploads\/2023\/08\/FAQ.svg&#8221; title_text=&#8221;FAQ&#8221; align=&#8221;center&#8221; _builder_version=&#8221;4.23.4&#8243; _module_preset=&#8221;default&#8221; width=&#8221;70%&#8221; module_alignment=&#8221;center&#8221; filter_hue_rotate=&#8221;180deg&#8221; global_colors_info=&#8221;{}&#8221;][\/et_pb_image][et_pb_text _builder_version=&#8221;4.17.6&#8243; _module_preset=&#8221;default&#8221; text_font=&#8221;|700|||||||&#8221; text_text_color=&#8221;#54a1d6&#8243; text_font_size=&#8221;25px&#8221; custom_margin=&#8221;||20px||false|false&#8221; global_colors_info=&#8221;{}&#8221;]<\/p>\n<p>Test<\/p>\n<p>[\/et_pb_text][et_pb_text module_class=&#8221;button_faq objectif&#8221; _builder_version=&#8221;4.23.4&#8243; _module_preset=&#8221;default&#8221; text_font=&#8221;|300|||||||&#8221; custom_margin=&#8221;||||false|false&#8221; custom_padding=&#8221;||10px||false|false&#8221; border_width_bottom=&#8221;3px&#8221; border_color_bottom=&#8221;#e2f8fd&#8221; global_colors_info=&#8221;{}&#8221;]<\/p>\n<p>Kak\u0161en je namen tega testa?<\/p>\n<p>[\/et_pb_text][et_pb_text module_class=&#8221;button_faq fonctionne&#8221; _builder_version=&#8221;4.23.4&#8243; _module_preset=&#8221;default&#8221; text_font=&#8221;|300|||||||&#8221; custom_padding=&#8221;||10px||false|false&#8221; border_width_bottom=&#8221;3px&#8221; border_color_bottom=&#8221;#e2f8fd&#8221; global_colors_info=&#8221;{}&#8221;]<\/p>\n<p>Kak\u0161en je postopek za dostop do rezultatov testov?<\/p>\n<p>[\/et_pb_text][et_pb_text module_class=&#8221;button_faq utile&#8221; _builder_version=&#8221;4.23.4&#8243; _module_preset=&#8221;default&#8221; text_font=&#8221;|300|||||||&#8221; custom_padding=&#8221;||10px||false|false&#8221; border_width_bottom=&#8221;3px&#8221; border_color_bottom=&#8221;#e2f8fd&#8221; global_colors_info=&#8221;{}&#8221;]<\/p>\n<p>Kak\u0161en je namen tega testa?<\/p>\n<p>[\/et_pb_text][et_pb_text module_class=&#8221;button_faq obtenir&#8221; _builder_version=&#8221;4.23.4&#8243; _module_preset=&#8221;default&#8221; text_font=&#8221;|300|||||||&#8221; custom_padding=&#8221;||10px||false|false&#8221; border_width_bottom=&#8221;3px&#8221; border_color_bottom=&#8221;#e2f8fd&#8221; global_colors_info=&#8221;{}&#8221;]<\/p>\n<p>Kako lahko dostopam do rezultatov testov?<\/p>\n<p>[\/et_pb_text][et_pb_text _builder_version=&#8221;4.17.6&#8243; _module_preset=&#8221;default&#8221; text_font=&#8221;|700|||||||&#8221; text_text_color=&#8221;#54a1d6&#8243; text_font_size=&#8221;25px&#8221; custom_margin=&#8221;30px||20px||false|false&#8221; global_colors_info=&#8221;{}&#8221;]<\/p>\n<p>Naro\u010dnina<\/p>\n<p>[\/et_pb_text][et_pb_text module_class=&#8221;button_faq souscrire&#8221; _builder_version=&#8221;4.23.4&#8243; _module_preset=&#8221;default&#8221; text_font=&#8221;|300|||||||&#8221; custom_padding=&#8221;||10px||false|false&#8221; border_width_bottom=&#8221;3px&#8221; border_color_bottom=&#8221;#e2f8fd&#8221; global_colors_info=&#8221;{}&#8221;]<\/p>\n<p>Kako se lahko naro\u010dim?<\/p>\n<p>[\/et_pb_text][et_pb_text module_class=&#8221;button_faq services&#8221; _builder_version=&#8221;4.23.4&#8243; _module_preset=&#8221;default&#8221; text_font=&#8221;|300|||||||&#8221; custom_padding=&#8221;||10px||false|false&#8221; border_width_bottom=&#8221;3px&#8221; border_color_bottom=&#8221;#e2f8fd&#8221; global_colors_info=&#8221;{}&#8221;]<\/p>\n<p>Katere ugodnosti in storitve so vklju\u010dene v naro\u010dnino?<\/p>\n<p>[\/et_pb_text][et_pb_text module_class=&#8221;button_faq desabonner&#8221; _builder_version=&#8221;4.23.4&#8243; _module_preset=&#8221;default&#8221; text_font=&#8221;|300|||||||&#8221; custom_padding=&#8221;||10px||false|false&#8221; border_width_bottom=&#8221;3px&#8221; border_color_bottom=&#8221;#e2f8fd&#8221; global_colors_info=&#8221;{}&#8221;]<\/p>\n<p>Kako se lahko odjavim?<\/p>\n<p>[\/et_pb_text][et_pb_text module_class=&#8221;button_faq essai&#8221; _builder_version=&#8221;4.23.4&#8243; _module_preset=&#8221;default&#8221; text_font=&#8221;|300|||||||&#8221; custom_padding=&#8221;||10px||false|false&#8221; border_width_bottom=&#8221;3px&#8221; border_color_bottom=&#8221;#e2f8fd&#8221; global_colors_info=&#8221;{}&#8221;]<\/p>\n<p><span>\u010ce se ne odjavim pred koncem poskusnega obdobja, ali je mogo\u010de dobiti povra\u010dilo?<\/span><\/p>\n<p>[\/et_pb_text][\/et_pb_column][et_pb_column type=&#8221;2_3&#8243; module_class=&#8221;contact-info&#8221; _builder_version=&#8221;4.17.6&#8243; _module_preset=&#8221;default&#8221; background_color=&#8221;RGBA(255,255,255,0)&#8221; custom_padding=&#8221;|100px||100px|false|true&#8221; custom_padding_tablet=&#8221;|100px||100px|false|true&#8221; custom_padding_phone=&#8221;|0px||0px|false|true&#8221; custom_padding_last_edited=&#8221;on|phone&#8221; global_colors_info=&#8221;{}&#8221;][et_pb_text module_class=&#8221;custom-title center&#8221; _builder_version=&#8221;4.23.4&#8243; _module_preset=&#8221;default&#8221; global_colors_info=&#8221;{}&#8221;]<\/p>\n<h2>Pi\u0161ite nam<\/h2>\n<p>[\/et_pb_text][et_pb_image src=&#8221;https:\/\/talk4to.com\/wp-content\/uploads\/2023\/08\/Contact-1.svg&#8221; title_text=&#8221;Contact&#8221; align=&#8221;center&#8221; _builder_version=&#8221;4.23.4&#8243; _module_preset=&#8221;default&#8221; filter_hue_rotate=&#8221;180deg&#8221; global_colors_info=&#8221;{}&#8221;][\/et_pb_image][et_pb_text _builder_version=&#8221;4.23.4&#8243; _module_preset=&#8221;default&#8221; global_colors_info=&#8221;{}&#8221;]<\/p>\n<p>\u010ce imate kakr\u0161na koli vpra\u0161anja ali potrebujete dodatne informacije, se obrnite na nas.<\/p>\n<p>Na\u0161a ekipa se zavzema za hiter odziv.<\/p>\n<p>[\/et_pb_text][et_pb_button button_url=&#8221;@ET-DC@eyJkeW5hbWljIjp0cnVlLCJjb250ZW50IjoicG9zdF9saW5rX3VybF9wYWdlIiwic2V0dGluZ3MiOnsicG9zdF9pZCI6IjMyIn19@&#8221; button_text=&#8221;Nous contacter&#8221; button_alignment=&#8221;center&#8221; disabled_on=&#8221;off|off|off&#8221; module_class=&#8221;custom-btn center blue&#8221; _builder_version=&#8221;4.23.4&#8243; _dynamic_attributes=&#8221;button_url&#8221; _module_preset=&#8221;default&#8221; custom_margin=&#8221;||||true|false&#8221; custom_padding=&#8221;|50px||50px|false|true&#8221; custom_padding_tablet=&#8221;|50px||50px|false|true&#8221; custom_padding_phone=&#8221;|50px||50px|false|true&#8221; custom_padding_last_edited=&#8221;on|desktop&#8221; hover_enabled=&#8221;0&#8243; locked=&#8221;off&#8221; global_colors_info=&#8221;{}&#8221; sticky_enabled=&#8221;0&#8243;][\/et_pb_button][\/et_pb_column][\/et_pb_row][\/et_pb_section][et_pb_section fb_built=&#8221;1&#8243; admin_label=&#8221;Tabs for questions&#8221; module_id=&#8221;all_tab_prior&#8221; module_class=&#8221;all_tab&#8221; _builder_version=&#8221;4.23.4&#8243; _module_preset=&#8221;default&#8221; background_color=&#8221;RGBA(255,255,255,0)&#8221; positioning=&#8221;absolute&#8221; vertical_offset=&#8221;0px&#8221; global_colors_info=&#8221;{}&#8221;][et_pb_row column_structure=&#8221;2_5,3_5&#8243; module_class=&#8221;objectif_tab tab&#8221; _builder_version=&#8221;4.17.6&#8243; _module_preset=&#8221;default&#8221; global_colors_info=&#8221;{}&#8221;][et_pb_column type=&#8221;2_5&#8243; _builder_version=&#8221;4.17.6&#8243; _module_preset=&#8221;default&#8221; global_colors_info=&#8221;{}&#8221;][\/et_pb_column][et_pb_column type=&#8221;3_5&#8243; _builder_version=&#8221;4.17.6&#8243; _module_preset=&#8221;default&#8221; global_colors_info=&#8221;{}&#8221;][et_pb_text module_class=&#8221;custom-title&#8221; _builder_version=&#8221;4.17.6&#8243; _module_preset=&#8221;default&#8221; global_colors_info=&#8221;{}&#8221;]<\/p>\n<h2>Test<\/h2>\n<p>[\/et_pb_text][et_pb_image src=&#8221;https:\/\/talk4to.com\/wp-content\/uploads\/2023\/08\/01-1.svg&#8221; title_text=&#8221;01&#8243; align=&#8221;center&#8221; _builder_version=&#8221;4.23.4&#8243; _module_preset=&#8221;default&#8221; width=&#8221;40%&#8221; filter_hue_rotate=&#8221;164deg&#8221; global_colors_info=&#8221;{}&#8221;][\/et_pb_image][et_pb_text _builder_version=&#8221;4.23.4&#8243; _module_preset=&#8221;default&#8221; global_colors_info=&#8221;{}&#8221;]<\/p>\n<p><strong>Kak\u0161en je namen tega testa?<\/strong><\/p>\n<p>Namen tega preizkusa je oceniti posameznikovo znanje in razumevanje na razli\u010dnih podro\u010djih.<\/p>\n<p>Te ocene so namenjene ocenjevanju splo\u0161nega znanja v akademskem ali poklicnem kontekstu ali ugotavljanju prednosti in slabosti posameznika, kar omogo\u010da nenehno osebno in poklicno rast.<\/p>\n<p>[\/et_pb_text][\/et_pb_column][\/et_pb_row][et_pb_row column_structure=&#8221;2_5,3_5&#8243; module_class=&#8221;fonctionne_tab tab&#8221; _builder_version=&#8221;4.17.6&#8243; _module_preset=&#8221;default&#8221; global_colors_info=&#8221;{}&#8221;][et_pb_column type=&#8221;2_5&#8243; _builder_version=&#8221;4.17.6&#8243; _module_preset=&#8221;default&#8221; global_colors_info=&#8221;{}&#8221;][\/et_pb_column][et_pb_column type=&#8221;3_5&#8243; _builder_version=&#8221;4.17.6&#8243; _module_preset=&#8221;default&#8221; global_colors_info=&#8221;{}&#8221;][et_pb_text module_class=&#8221;custom-title&#8221; _builder_version=&#8221;4.17.6&#8243; _module_preset=&#8221;default&#8221; global_colors_info=&#8221;{}&#8221;]<\/p>\n<h2>Test<\/h2>\n<p>[\/et_pb_text][et_pb_image src=&#8221;https:\/\/talk4to.com\/wp-content\/uploads\/2023\/08\/02-1.svg&#8221; title_text=&#8221;02&#8243; align=&#8221;center&#8221; _builder_version=&#8221;4.17.6&#8243; _module_preset=&#8221;default&#8221; width=&#8221;40%&#8221; filter_hue_rotate=&#8221;164deg&#8221; global_colors_info=&#8221;{}&#8221;][\/et_pb_image][et_pb_text _builder_version=&#8221;4.23.4&#8243; _module_preset=&#8221;default&#8221; global_colors_info=&#8221;{}&#8221;]<\/p>\n<p><strong>Kak\u0161en je postopek za dostop do rezultatov testov?<\/strong><\/p>\n<p>Rezultati testov so na voljo v okviru 24-urne ponudbe ali mese\u010dne naro\u010dnine.<\/p>\n<p>Podrobnosti o tem, kako opraviti test in kako se naro\u010diti, najdete v poglavju \"Kako deluje?<\/p>\n<p>Celotno zgodovino svojih testov si lahko ogledate tudi z dostopom do zavihka zgodovina v obmo\u010dju svojega ra\u010duna.<\/p>\n<p>[\/et_pb_text][\/et_pb_column][\/et_pb_row][et_pb_row column_structure=&#8221;2_5,3_5&#8243; module_class=&#8221;utile_tab tab&#8221; _builder_version=&#8221;4.17.6&#8243; _module_preset=&#8221;default&#8221; global_colors_info=&#8221;{}&#8221;][et_pb_column type=&#8221;2_5&#8243; _builder_version=&#8221;4.17.6&#8243; _module_preset=&#8221;default&#8221; global_colors_info=&#8221;{}&#8221;][\/et_pb_column][et_pb_column type=&#8221;3_5&#8243; _builder_version=&#8221;4.17.6&#8243; _module_preset=&#8221;default&#8221; global_colors_info=&#8221;{}&#8221;][et_pb_text module_class=&#8221;custom-title&#8221; _builder_version=&#8221;4.17.6&#8243; _module_preset=&#8221;default&#8221; global_colors_info=&#8221;{}&#8221;]<\/p>\n<h2>Test<\/h2>\n<p>[\/et_pb_text][et_pb_image src=&#8221;https:\/\/talk4to.com\/wp-content\/uploads\/2023\/08\/HomePage_toeic.svg&#8221; title_text=&#8221;HomePage_toeic&#8221; align=&#8221;center&#8221; _builder_version=&#8221;4.17.6&#8243; _module_preset=&#8221;default&#8221; width=&#8221;40%&#8221; filter_hue_rotate=&#8221;164deg&#8221; global_colors_info=&#8221;{}&#8221;][\/et_pb_image][et_pb_text _builder_version=&#8221;4.23.4&#8243; _module_preset=&#8221;default&#8221; global_colors_info=&#8221;{}&#8221;]<\/p>\n<p><strong>Kak\u0161en je namen tega testa?<\/strong><\/p>\n<p>Ta test je koristen v razli\u010dnih okoli\u0161\u010dinah.<\/p>\n<p>Na osebni ravni je lahko uporaben za ocenjevanje va\u0161e ravni, ko se prijavljate na delovno mesto, za merjenje va\u0161ega splo\u0161nega znanja ali preprosto za u\u017eitek ob \u0161irjenju znanja.<\/p>\n<p>Na poklicni ravni ga lahko uporabite na razgovorih za slu\u017ebo ali za bolj\u0161e razumevanje sodelavcev in delovnega okolja.<\/p>\n<p>[\/et_pb_text][\/et_pb_column][\/et_pb_row][et_pb_row column_structure=&#8221;2_5,3_5&#8243; module_class=&#8221;obtenir_tab tab&#8221; _builder_version=&#8221;4.17.6&#8243; _module_preset=&#8221;default&#8221; global_colors_info=&#8221;{}&#8221;][et_pb_column type=&#8221;2_5&#8243; _builder_version=&#8221;4.17.6&#8243; _module_preset=&#8221;default&#8221; global_colors_info=&#8221;{}&#8221;][\/et_pb_column][et_pb_column type=&#8221;3_5&#8243; _builder_version=&#8221;4.17.6&#8243; _module_preset=&#8221;default&#8221; global_colors_info=&#8221;{}&#8221;][et_pb_text module_class=&#8221;custom-title&#8221; _builder_version=&#8221;4.17.6&#8243; _module_preset=&#8221;default&#8221; global_colors_info=&#8221;{}&#8221;]<\/p>\n<h2>Test<\/h2>\n<p>[\/et_pb_text][et_pb_image src=&#8221;https:\/\/talk4to.com\/wp-content\/uploads\/2023\/08\/04.svg&#8221; title_text=&#8221;04&#8243; align=&#8221;center&#8221; _builder_version=&#8221;4.17.6&#8243; _module_preset=&#8221;default&#8221; width=&#8221;40%&#8221; filter_hue_rotate=&#8221;164deg&#8221; global_colors_info=&#8221;{}&#8221;][\/et_pb_image][et_pb_text _builder_version=&#8221;4.23.4&#8243; _module_preset=&#8221;default&#8221; global_colors_info=&#8221;{}&#8221;]<\/p>\n<p><strong>Kako lahko dobim rezultate testa?<\/strong><\/p>\n<p>Rezultate tega testa lahko pridobite s 24-urno ponudbo ali mese\u010dno naro\u010dnino.<\/p>\n<p>Vse korake, ki jih morate opraviti, da opravite test in se naro\u010dite na paket, najdete na strani \"Kako deluje?\".<\/p>\n<p>Zgodovina vseh testov, opravljenih na va\u0161em ra\u010dunu, je na voljo v zavihku Zgodovina v obmo\u010dju va\u0161ega ra\u010duna.<\/p>\n<p>[\/et_pb_text][\/et_pb_column][\/et_pb_row][et_pb_row column_structure=&#8221;2_5,3_5&#8243; module_class=&#8221;souscrire_tab tab&#8221; _builder_version=&#8221;4.17.6&#8243; _module_preset=&#8221;default&#8221; global_colors_info=&#8221;{}&#8221;][et_pb_column type=&#8221;2_5&#8243; _builder_version=&#8221;4.17.6&#8243; _module_preset=&#8221;default&#8221; global_colors_info=&#8221;{}&#8221;][\/et_pb_column][et_pb_column type=&#8221;3_5&#8243; _builder_version=&#8221;4.17.6&#8243; _module_preset=&#8221;default&#8221; global_colors_info=&#8221;{}&#8221;][et_pb_text module_class=&#8221;custom-title&#8221; _builder_version=&#8221;4.17.6&#8243; _module_preset=&#8221;default&#8221; global_colors_info=&#8221;{}&#8221;]<\/p>\n<h2>Naro\u010dnina<\/h2>\n<p>[\/et_pb_text][et_pb_image src=&#8221;https:\/\/talk4to.com\/wp-content\/uploads\/2023\/08\/05.svg&#8221; title_text=&#8221;05&#8243; align=&#8221;center&#8221; _builder_version=&#8221;4.17.6&#8243; _module_preset=&#8221;default&#8221; width=&#8221;40%&#8221; filter_hue_rotate=&#8221;164deg&#8221; global_colors_info=&#8221;{}&#8221;][\/et_pb_image][et_pb_text _builder_version=&#8221;4.23.4&#8243; _module_preset=&#8221;default&#8221; global_colors_info=&#8221;{}&#8221;]<\/p>\n<p><strong>Kako se lahko naro\u010dim?<\/strong><\/p>\n<p>Najprej morate opraviti test. Ko ga opravite, se morate prijaviti na 24-urno ponudbo, ki stane 0,50 EUR. Po tem obdobju se ponudba samodejno spremeni v mese\u010dno naro\u010dnino, ki stane 47,50 EUR.<\/p>\n<p>\u010ce \u017eelite izkoristiti le 24-urno ponudbo, se preprosto odjavite.<\/p>\n<p>Za ve\u010d informacij o na\u010dinu opravljanja testa in mo\u017enostih naro\u010dnine si oglejte stran \"Kako deluje\".<\/p>\n<p>[\/et_pb_text][\/et_pb_column][\/et_pb_row][et_pb_row column_structure=&#8221;2_5,3_5&#8243; module_class=&#8221;services_tab tab&#8221; _builder_version=&#8221;4.17.6&#8243; _module_preset=&#8221;default&#8221; global_colors_info=&#8221;{}&#8221;][et_pb_column type=&#8221;2_5&#8243; _builder_version=&#8221;4.17.6&#8243; _module_preset=&#8221;default&#8221; global_colors_info=&#8221;{}&#8221;][\/et_pb_column][et_pb_column type=&#8221;3_5&#8243; _builder_version=&#8221;4.17.6&#8243; _module_preset=&#8221;default&#8221; global_colors_info=&#8221;{}&#8221;][et_pb_text module_class=&#8221;custom-title&#8221; _builder_version=&#8221;4.17.6&#8243; _module_preset=&#8221;default&#8221; global_colors_info=&#8221;{}&#8221;]<\/p>\n<h2>Naro\u010dnina<\/h2>\n<p>[\/et_pb_text][et_pb_image src=&#8221;https:\/\/talk4to.com\/wp-content\/uploads\/2023\/08\/06.svg&#8221; title_text=&#8221;06&#8243; align=&#8221;center&#8221; _builder_version=&#8221;4.17.6&#8243; _module_preset=&#8221;default&#8221; width=&#8221;40%&#8221; filter_hue_rotate=&#8221;164deg&#8221; global_colors_info=&#8221;{}&#8221;][\/et_pb_image][et_pb_text _builder_version=&#8221;4.23.4&#8243; _module_preset=&#8221;default&#8221; global_colors_info=&#8221;{}&#8221;]<\/p>\n<h5 class=\"et_pb_toggle_title\">Katere ugodnosti in storitve so vklju\u010dene v naro\u010dnino?<\/h5>\n<p><span>Naro\u010dnina vam omogo\u010da, da test vedno znova opravljate zase ali za druge osebe. Poleg tega boste imeli dostop do rezultatov, tako da jih boste lahko primerjali in shranili.<\/span><\/p>\n<p>[\/et_pb_text][\/et_pb_column][\/et_pb_row][et_pb_row column_structure=&#8221;2_5,3_5&#8243; module_class=&#8221;desabonner_tab tab&#8221; _builder_version=&#8221;4.17.6&#8243; _module_preset=&#8221;default&#8221; global_colors_info=&#8221;{}&#8221;][et_pb_column type=&#8221;2_5&#8243; _builder_version=&#8221;4.17.6&#8243; _module_preset=&#8221;default&#8221; global_colors_info=&#8221;{}&#8221;][\/et_pb_column][et_pb_column type=&#8221;3_5&#8243; _builder_version=&#8221;4.17.6&#8243; _module_preset=&#8221;default&#8221; global_colors_info=&#8221;{}&#8221;][et_pb_text module_class=&#8221;custom-title&#8221; _builder_version=&#8221;4.17.6&#8243; _module_preset=&#8221;default&#8221; global_colors_info=&#8221;{}&#8221;]<\/p>\n<h2>Naro\u010dnina<\/h2>\n<p>[\/et_pb_text][et_pb_image src=&#8221;https:\/\/talk4to.com\/wp-content\/uploads\/2023\/08\/07-08.svg&#8221; title_text=&#8221;07-08&#8243; align=&#8221;center&#8221; _builder_version=&#8221;4.17.6&#8243; _module_preset=&#8221;default&#8221; width=&#8221;40%&#8221; filter_hue_rotate=&#8221;164deg&#8221; global_colors_info=&#8221;{}&#8221;][\/et_pb_image][et_pb_text _builder_version=&#8221;4.17.6&#8243; _module_preset=&#8221;default&#8221; global_colors_info=&#8221;{}&#8221;]<strong>Kako se lahko odjavim?<\/strong><\/p>\n<p>Pour vous d\u00e9sabonner, il vous suffit de cliquer sur l&#8217;onglet &#8220;Se d\u00e9sabonner&#8221; ou de vous rendre dans votre espace &#8220;mon compte&#8221;, de saisir votre adresse \u00e9lectronique et de confirmer.[\/et_pb_text][\/et_pb_column][\/et_pb_row][et_pb_row column_structure=&#8221;2_5,3_5&#8243; module_class=&#8221;essai_tab tab&#8221; _builder_version=&#8221;4.17.6&#8243; _module_preset=&#8221;default&#8221; global_colors_info=&#8221;{}&#8221;][et_pb_column type=&#8221;2_5&#8243; _builder_version=&#8221;4.17.6&#8243; _module_preset=&#8221;default&#8221; global_colors_info=&#8221;{}&#8221;][\/et_pb_column][et_pb_column type=&#8221;3_5&#8243; _builder_version=&#8221;4.17.6&#8243; _module_preset=&#8221;default&#8221; global_colors_info=&#8221;{}&#8221;][et_pb_text module_class=&#8221;custom-title&#8221; _builder_version=&#8221;4.17.6&#8243; _module_preset=&#8221;default&#8221; global_colors_info=&#8221;{}&#8221;]<\/p>\n<h2>Naro\u010dnina<\/h2>\n<p>[\/et_pb_text][et_pb_image src=&#8221;https:\/\/talk4to.com\/wp-content\/uploads\/2023\/08\/07-08.svg&#8221; title_text=&#8221;07-08&#8243; align=&#8221;center&#8221; _builder_version=&#8221;4.17.6&#8243; _module_preset=&#8221;default&#8221; width=&#8221;40%&#8221; filter_hue_rotate=&#8221;164deg&#8221; global_colors_info=&#8221;{}&#8221;][\/et_pb_image][et_pb_text _builder_version=&#8221;4.17.6&#8243; _module_preset=&#8221;default&#8221; global_colors_info=&#8221;{}&#8221;]<strong>Pozabil sem se odjaviti pred koncem poskusnega obdobja. Ali lahko dobim nazaj svoj denar?<\/strong><\/p>\n<p>Si vous avez oubli\u00e9 de vous d\u00e9sabonner, vous pouvez \u00eatre rembours\u00e9 en faisant la demande dans les 14 jours suivant la souscription de l&#8217;abonnement et si vous n&#8217;avez pas utilis\u00e9 nos services apr\u00e8s l&#8217;offre de 24h.[\/et_pb_text][\/et_pb_column][\/et_pb_row][\/et_pb_section][et_pb_section fb_built=&#8221;1&#8243; _builder_version=&#8221;4.23.4&#8243; _module_preset=&#8221;default&#8221; background_color=&#8221;RGBA(255,255,255,0)&#8221; positioning=&#8221;absolute&#8221; global_colors_info=&#8221;{}&#8221;][et_pb_row _builder_version=&#8221;4.17.6&#8243; _module_preset=&#8221;default&#8221; global_colors_info=&#8221;{}&#8221;][et_pb_column type=&#8221;4_4&#8243; _builder_version=&#8221;4.17.6&#8243; _module_preset=&#8221;default&#8221; global_colors_info=&#8221;{}&#8221;][et_pb_code _builder_version=&#8221;4.17.6&#8243; _module_preset=&#8221;default&#8221; global_colors_info=&#8221;{}&#8221;]<script><!-- [et_pb_line_break_holder] -->  $( document ).ready(function() {<!-- [et_pb_line_break_holder] -->    <!-- [et_pb_line_break_holder] -->$( \".button_faq\" ).on( \"click\", function() {<!-- [et_pb_line_break_holder] -->  $(\".tab\").hide();<!-- [et_pb_line_break_holder] -->  $(\".button_faq\").removeClass(\"current\");<!-- [et_pb_line_break_holder] -->  $(\".all_tab\").show();<!-- [et_pb_line_break_holder] -->  $(\".contact-info\").hide();<!-- [et_pb_line_break_holder] -->  \/\/ Animate only for tab\/mobile<!-- [et_pb_line_break_holder] -->  if ($(window).width() < 768) {<!-- [et_pb_line_break_holder] -->  $('html, body').animate({<!-- [et_pb_line_break_holder] -->        scrollTop: $(\".all_tab\").offset().top<!-- [et_pb_line_break_holder] -->    }, 2000);<!-- [et_pb_line_break_holder] -->  }<!-- [et_pb_line_break_holder] -->  \/\/ QUESTIONS POUR LES TEST<!-- [et_pb_line_break_holder] --> if ($(this).hasClass(\"objectif\")) {<!-- [et_pb_line_break_holder] -->   $(this).addClass(\"current\");<!-- [et_pb_line_break_holder] -->   $(\".objectif_tab\").show();<!-- [et_pb_line_break_holder] --> }<!-- [et_pb_line_break_holder] -->\telse if ($(this).hasClass(\"fonctionne\")) {<!-- [et_pb_line_break_holder] -->     $(this).addClass(\"current\");<!-- [et_pb_line_break_holder] -->   $(\".fonctionne_tab\").show();<!-- [et_pb_line_break_holder] --> }<!-- [et_pb_line_break_holder] -->  \telse if ($(this).hasClass(\"utile\")) {<!-- [et_pb_line_break_holder] -->       $(this).addClass(\"current\");<!-- [et_pb_line_break_holder] -->   $(\".utile_tab\").show();<!-- [et_pb_line_break_holder] --> }<!-- [et_pb_line_break_holder] -->  \telse if ($(this).hasClass(\"obtenir\")) {<!-- [et_pb_line_break_holder] -->       $(this).addClass(\"current\");<!-- [et_pb_line_break_holder] -->   $(\".obtenir_tab\").show();<!-- [et_pb_line_break_holder] --> }<!-- [et_pb_line_break_holder] -->  <!-- [et_pb_line_break_holder] -->  \/\/ QUESTIONS POUR L'ABONNEMENT<!-- [et_pb_line_break_holder] -->  <!-- [et_pb_line_break_holder] -->  \telse if ($(this).hasClass(\"souscrire\")) {<!-- [et_pb_line_break_holder] -->       $(this).addClass(\"current\");<!-- [et_pb_line_break_holder] -->   $(\".souscrire_tab\").show();<!-- [et_pb_line_break_holder] --> }<!-- [et_pb_line_break_holder] -->  \telse if ($(this).hasClass(\"services\")) {<!-- [et_pb_line_break_holder] -->       $(this).addClass(\"current\");<!-- [et_pb_line_break_holder] -->   $(\".services_tab\").show();<!-- [et_pb_line_break_holder] --> }<!-- [et_pb_line_break_holder] -->  \telse if ($(this).hasClass(\"desabonner\")) {<!-- [et_pb_line_break_holder] -->       $(this).addClass(\"current\");<!-- [et_pb_line_break_holder] -->   $(\".desabonner_tab\").show();<!-- [et_pb_line_break_holder] --> }<!-- [et_pb_line_break_holder] -->  \telse if ($(this).hasClass(\"essai\")) {<!-- [et_pb_line_break_holder] -->       $(this).addClass(\"current\");<!-- [et_pb_line_break_holder] -->   $(\".essai_tab\").show();<!-- [et_pb_line_break_holder] --> }<!-- [et_pb_line_break_holder] -->} );<!-- [et_pb_line_break_holder] -->    <!-- [et_pb_line_break_holder] -->});<!-- [et_pb_line_break_holder] --><\/script>[\/et_pb_code][\/et_pb_column][\/et_pb_row][\/et_pb_section]<\/p>","protected":false},"excerpt":{"rendered":"<p>Le testQuel est le but de ce test ?Quel est la proc\u00e9dure pour acc\u00e9der aux r\u00e9sultats du test ?Qu&#8217;elle est l&#8217;utilit\u00e9 de ce test ?Comment puis-je acc\u00e9der aux r\u00e9sultats du test ?L&#8217;abonnementComment s&#8217;abonner ?Quels avantages et services sont compris dans le cadre de l&#8217;abonnement ?Comment puis-je me d\u00e9sabonner ?Si j&#8217;ai manqu\u00e9 de me d\u00e9sinscrire avant [&hellip;]<\/p>","protected":false},"author":1,"featured_media":0,"parent":0,"menu_order":0,"comment_status":"closed","ping_status":"closed","template":"","meta":{"_et_pb_use_builder":"on","_et_pb_old_content":"<!-- wp:divi\/placeholder \/-->","_et_gb_content_width":"","inline_featured_image":false,"footnotes":""},"class_list":["post-34","page","type-page","status-publish","hentry"],"_links":{"self":[{"href":"https:\/\/talk4to.com\/sl\/wp-json\/wp\/v2\/pages\/34","targetHints":{"allow":["GET"]}}],"collection":[{"href":"https:\/\/talk4to.com\/sl\/wp-json\/wp\/v2\/pages"}],"about":[{"href":"https:\/\/talk4to.com\/sl\/wp-json\/wp\/v2\/types\/page"}],"author":[{"embeddable":true,"href":"https:\/\/talk4to.com\/sl\/wp-json\/wp\/v2\/users\/1"}],"replies":[{"embeddable":true,"href":"https:\/\/talk4to.com\/sl\/wp-json\/wp\/v2\/comments?post=34"}],"version-history":[{"count":40,"href":"https:\/\/talk4to.com\/sl\/wp-json\/wp\/v2\/pages\/34\/revisions"}],"predecessor-version":[{"id":1585,"href":"https:\/\/talk4to.com\/sl\/wp-json\/wp\/v2\/pages\/34\/revisions\/1585"}],"wp:attachment":[{"href":"https:\/\/talk4to.com\/sl\/wp-json\/wp\/v2\/media?parent=34"}],"curies":[{"name":"wp","href":"https:\/\/api.w.org\/{rel}","templated":true}]}}