{"id":32,"date":"2023-08-18T13:35:47","date_gmt":"2023-08-18T13:35:47","guid":{"rendered":"https:\/\/stg-talktotoeic-devtalkto.kinsta.cloud\/?page_id=32"},"modified":"2025-07-09T09:52:51","modified_gmt":"2025-07-09T09:52:51","slug":"contact","status":"publish","type":"page","link":"https:\/\/talk4to.com\/sl\/contact\/","title":{"rendered":"Pi\u0161ite na"},"content":{"rendered":"<p>[et_pb_section fb_built=\u201d1\u2033 _builder_version=\u201d4.17.6\u2033 _module_preset=\u201ddefault\u201d global_colors_info=\u201d{}\u201d][et_pb_row column_structure=\u201d1_3,2_3\u2033 make_equal=\u201don\u201d disabled_on=\u201doff|off|off\u201d module_class=\u201dcustom-form\u201d _builder_version=\u201d4.27.2\u2033 _module_preset=\u201ddefault\u201d width=\u201d75%\u201d width_tablet=\u201d65%\u201d width_phone=\u201d85%\u201d width_last_edited=\u201don|phone\u201d global_colors_info=\u201d{}\u201d][et_pb_column type=\u201d1_3\u2033 _builder_version=\u201d4.27.2\u2033 _module_preset=\u201ddefault\u201d custom_padding=\u201d50px||50px||true|true\u201d border_radii=\u201don|30px|30px|30px|30px\u201d box_shadow_style=\u201dpreset1\u2033 box_shadow_horizontal=\u201d5px\u201d box_shadow_vertical=\u201d5px\u201d box_shadow_blur=\u201d15px\u201d box_shadow_color=\u201drgba(0,0,0.16)\u201d global_colors_info=\u201d{}\u201d custom_css_before_last_edited=\u201don|desktop\u201d][et_pb_text _builder_version=\u201d4.17.6\u2033 _module_preset=\u201ddefault\u201d global_colors_info=\u201d{}\u201d]<\/p>\n<div class='reseaux'><img decoding=\"async\" src=\"https:\/\/talk4to.com\/wp-content\/uploads\/2023\/08\/Groupe-69.svg\" width=\"52\" height=\"52\" alt=\"\" class=\"wp-image-507 alignnone size-full\" \/> <img decoding=\"async\" src=\"https:\/\/talk4to.com\/wp-content\/uploads\/2023\/08\/Groupe-70.svg\" width=\"52\" height=\"52\" alt=\"\" class=\"wp-image-508 alignnone size-full\" \/> <img decoding=\"async\" src=\"https:\/\/talk4to.com\/wp-content\/uploads\/2023\/08\/Groupe-71.svg\" width=\"52\" height=\"52\" alt=\"\" class=\"wp-image-509 alignnone size-full\" \/><\/div>\n<p>[\/et_pb_text][et_pb_text _builder_version=\u201d4.23.4\u2033 _module_preset=\u201ddefault\u201d header_3_font=\u201d|700|||||||\u201d header_3_text_align=\u201dcenter\u201d header_3_font_size=\u201d25px\u201d custom_margin=\u201d||||false|false\u201d global_colors_info=\u201d{}\u201d]<\/p>\n<h3>Informacije<\/h3>\n<p>[et_pb_text][et_pb_text content_tablet=\u201d<\/p>\n<div class=\"%22contact-informations%22\">\n<div class=\"%22information%22\">\n<div class=\"%22img-wrap%22\"><img src=\"%22https:\/\/talk4to.com\/wp-content\/uploads\/2023\/08\/Groupe-64.svg%22\" width=\"%2233%22\" height=\"%2225%22\" alt=\"%22%22\" class=\"%22wp-image-504\" alignleft size-full%22 \/><\/div>\n<div class=\"%22text-content%22\"><a href=\"\/sl\/%22mailto:contact.talkto1@gmail.com%22\/\"><span>contact.talkto1@gmail.com<\/span><\/a><\/div>\n<\/div>\n<div class=\"%22information%22\">\n<div class=\"%22img-wrap%22\"><img src=\"%22https:\/\/talk4to.com\/wp-content\/uploads\/2023\/08\/Groupe-66.svg%22\" width=\"%2233%22\" height=\"%2225%22\" alt=\"%22%22\" class=\"%22wp-image-504\" alignleft size-full%22 \/><\/div>\n<div class=\"%22text-content%22\"><span>SAS FRIENDZ -<br \/>9, rue de Paris - 74100 St-Maur-Des-Foss\u00e9s<br \/>Od ponedeljka do petka :<br \/>9.30 - 5.30pm<\/span><\/div>\n<\/div>\n<\/div>\n<p>\u201d content_phone=\u201d<\/p>\n<p style=\"%22text-align:\" center;%22><span><a href=\"\/sl\/%22mailto:contact.talkto1@gmail.com%22\/\">contact.talkto1@gmail.com<\/a><\/span><\/p>\n<p style=\"%22text-align:\" center;%22><span>SAS FRIENDZ -<br \/>9, rue de Paris - 74100 St-Maur-Des-Foss\u00e9s<\/span><\/p>\n<p style=\"%22text-align:\" center;%22><span>Od ponedeljka do petka :<br \/>9.30 - 5.30pm<\/span><\/p>\n<p>\u201d content_last_edited=\u201don|phone\u201d _builder_version=\u201d4.27.4\u2033 _module_preset=\u201ddefault\u201d width=\u201d80%\u201d width_tablet=\u201d60%\u201d width_phone=\u201d60%\u201d width_last_edited=\u201don|tablet\u201d module_alignment=\u201dcenter\u201d hover_enabled=\u201d0\u2033 global_colors_info=\u201d{}\u201d sticky_enabled=\u201d0\u2033]<\/p>\n<div class=\"contact-informations\">\n<div class=\"information\">\n<div class=\"img-wrap\"><img loading=\"lazy\" decoding=\"async\" src=\"https:\/\/talk4to.com\/wp-content\/uploads\/2023\/08\/Groupe-64.svg\" width=\"33\" height=\"25\" alt=\"\" class=\"wp-image-504 alignleft size-full\" \/><\/div>\n<div class=\"text-content\"><a href=\"mailto:contact.talkto1@gmail.com\"><span>contact.talkto1@gmail.com<\/span><\/a><\/div>\n<\/div>\n<div class=\"information\">\n<div class=\"img-wrap\"><img loading=\"lazy\" decoding=\"async\" src=\"https:\/\/talk4to.com\/wp-content\/uploads\/2023\/08\/Groupe-66.svg\" width=\"33\" height=\"25\" alt=\"\" class=\"wp-image-504 alignleft size-full\" \/><\/div>\n<div class=\"text-content\"><span>SAS FRIENDZ -<br \/>9, rue de Paris - 74100 St-Maur-Des-Foss\u00e9s<br \/>Od ponedeljka do petka :<br \/>9.30 - 5.30pm<br \/><\/span><span><\/span><\/div>\n<\/div>\n<\/div>\n<p>[\/et_pb_text][et_pb_text _builder_version=\u201d4.27.4\u2033 _module_preset=\u201ddefault\u201d custom_padding=\u201d|90px||90px|false|true\u201d custom_padding_tablet=\u201d|90px|90px|false|true\u201d custom_padding_phone=\u201d|80px|80px|false|true\u201d custom_padding_last_edited=\u201don|phone\u201d global_colors_info=\u201d{}\u201d]<\/p>\n<p><span>+33 1 89 86 55 81<\/span><\/p>\n<p>[\/et_pb_text][\/et_pb_column][et_pb_column type=\u201d2_3\u2033 _builder_version=\u201d4.17.6\u2033 _module_preset=\u201ddefault\u201d custom_padding=\u201d50px||50px||true|true\u201d border_radii=\u201don|30px|30px|30px|30px\u201d box_shadow_style=\u201dpreset1\u2033 box_shadow_horizontal=\u201d5px\u201d box_shadow_vertical=\u201d5px\u201d box_shadow_blur=\u201d15px\u201d box_shadow_color=\u201drgba(0,0,0.16)\u201d global_colors_info=\u201d{}\u201d custom_css_before_last_edited=\u201don|desktop\u201d custom_css_main_element_last_edited=\u201don|tablet\u201d custom_css_main_element_tablet=\u201dmargin-top:150px;\u201d custom_css_main_element_phone=\u201dmargin-top:[et_pb_contact_form use_spam_service=\u201don\u201d recaptcha_list=\u201daCEaGENCY|aCEaGENCY-0\u2033 email=\u201dcontact.talkto1@gmail.com\u201d custom_message=\u201dKontaktni obrazec - TALK4TO||et_pb_line_break_holder||||et_pb_line_break_holder|Name : %%naslov%%||et_pb_line_break_holder||Imno ime: %%PImno ime%%||et_pb_line_break_holder||E-po\u0161ta: %%Email%%||et_pb_line_break_holder|||Subjekt: %%Subject%%||et_pb_line_break_holder||Sporo\u010dilo: ||To\u010dka_pb_line_break_holder|%%Message%%\u201d success_message=\u201dZahvaljujemo se vam, da ste nas kontaktirali, odgovorili vam bomo v najkraj\u0161em mo\u017enem \u010dasu\u201d submit_button_text=\u201dPo\u0161lji\u201d _builder_version=\u201d4.23.4\u2033 _module_preset=\u201ddefault\u201d _unique_id=\u201de12cee1b-8f70-4f62-a9fc-98d0ccc03a86\u2033 form_field_background_color=\u201dRGBA(255,255,255,0)\u201d form_field_text_color=\u201d#afafaf\u201d form_field_focus_background_color=\u201dRGBA(255,255,255,0)\u201d form_field_focus_text_color=\u201d#000000\u2033 form_field_font=\u201dInter||||||||\u201d form_field_font_size=\u201d16px\u201d custom_button=\u201don\u201d button_text_color=\u201d#FFFFFF\u201d button_bg_color=\u201d#fed766\u2033 button_border_color=\u201dRGBA(255,255,255,0)\u201d button_border_radius=\u201d29px\u201d button_font=\u201d|700|||||||\u201d button_use_icon=\u201doff\u201d button_custom_padding=\u201d10px|80px|10px|80px|true|true\u201d width=\u201d85%\u201d width_tablet=\u201d80%\u201d width_phone=\u201d80%\u201d width_last_edited=\u201don|tablet\u201d module_alignment=\u201dcenter\u201d custom_padding=\u201d|||||true\u201d custom_css_free_form=\u201dselector .et_pb_contact_form_label {|||prikaz:block;||}\u201d border_width_bottom=\u201d3px\u201d border_color_bottom=\u201d#ffe8e8\u2033 global_colors_info=\u201d{}\u201d custom_css_contact_button_last_edited=\u201don|phone\u201d custom_css_contact_button_phone=\u201dmargin-top:V tem primeru se lahko uporabnik odlo\u010di, da se bo v prihodnosti odlo\u010dil, ali bo v prihodnosti uporabil ta gumb, ali bo v prihodnosti uporabil ta gumb, ali bo v prihodnosti uporabil ta gumb, ali bo v prihodnosti uporabil ta gumb, ali bo v prihodnosti uporabil ta gumb, ali bo v prihodnosti uporabil ta gumb, ali bo v prihodnosti uporabil ta gumb, ali bo v prihodnosti uporabil ta gumb, ali bo v prihodnosti uporabil ta gumb, ali bo v prihodnosti uporabil ta gumb, ali bo v prihodnosti uporabil ta gumb, ali bo v prihodnosti uporabil ta gumb.23.4\u2033 border_width_all=\u201d1px\u201d border_color_all=\u201d#000000\u2033 global_colors_info=\u201d{}\u201d button_text_size__hover_enabled=\u201doff\u201d button_one_text_size__hover_enabled=\u201doff\u201d button_two_text_size__hover_enabled=\u201doff\u201d button_text_color__hover_enabled=\u201doff\u201d button_one_text_color__hover_enabled=\u201doff\u201d button_one_text_color__hover_enabled=\u201doff\u201d button_two_text_color__hover_enabled=\u201doff\u201d button_border_width__hover_enabled=\u201doff\u201d button_one_border_width__hover_enabled=\u201doff\u201d button_two_border_width__hover_enabled=\u201doff\u201d button_border_color__hover_enabled=\u201doff\u201d button_one_border_color__hover_enabled=\u201doff\u201d button_two_border_color__hover_enabled=\u201doff\u201d button_border_radius__hover_enabled=\u201doff\u201d button_one_border_radius__hover_enabled=\u201doff\u201d button_two_border_radius__hover_enabled=\u201doff\u201d button_letter_spacing__hover_enabled=\u201doff\u201d button_one_letter_spacing__hover_enabled=\u201doff\u201d button_two_letter_spacing__hover_enabled=\u201doff\u201d button_bg_color__hover_enabled=\u201doff\u201d button_one_bg_color__hover_enabled=\u201doff\u201d button_two_bg_color__hover_enabled=\u201doff\u201d][\/et_pb_contact_field][et_pb_contact_field field_id=\u201dIme\u201d field_title=\u201dIme\u201d _builder_version=\u201d4.23.4\u2033 _module_preset=\u201ddefault\u201d border_width_all=\u201d1px\u201d border_color_all=\u201d#000000\u2033 global_colors_info=\u201d{}\u201d][\/et_pb_contact_field][et_pb_contact_field field_id=\u201dEmail\u201d field_title=\u201dElektronski naslov\u201d field_type=\u201demail\u201d fullwidth_field=\u201don\u201d _builder_version=\u201d4.23.4\u2033 border_width_all=\u201d1px\u201d border_color_all=\u201d#000000\u2033 global_colors_info=\u201d{}\u201d button_text_size__hover_enabled=\u201doff\u201d button_one_text_size__hover_enabled=\u201doff\u201d button_two_text_size__hover_enabled=\u201doff\u201d button_text_color__hover_enabled=\u201doff\u201d button_one_text_color__hover_enabled=\u201doff\u201d button_one_text_color__hover_enabled=\u201doff\u201d button_two_text_color__hover_enabled=\u201doff\u201d button_border_width__hover_enabled=\u201doff\u201d button_one_border_width__hover_enabled=\u201doff\u201d button_two_border_width__hover_enabled=\u201doff\u201d button_border_color__hover_enabled=\u201doff\u201d button_one_border_color__hover_enabled=\u201doff\u201d button_two_border_color__hover_enabled=\u201doff\u201d button_border_radius__hover_enabled=\u201doff\u201d button_one_border_radius__hover_enabled=\u201doff\u201d button_two_border_radius__hover_enabled=\u201doff\u201d button_letter_spacing__hover_enabled=\u201doff\u201d button_one_letter_spacing__hover_enabled=\u201doff\u201d button_two_letter_spacing__hover_enabled=\u201doff\u201d button_bg_color__hover_enabled=\u201doff\u201d button_one_bg_color__hover_enabled=\u201doff\u201d button_two_bg_color__hover_enabled=\u201doff\u201d][\/et_pb_contact_field][et_pb_contact_field field_id=\u201dTema\u201d field_title=\u201dTema\u201d fullwidth_field=\u201don\u201d _builder_version=\u201d4.23.4\u2033 _module_preset=\u201ddefault\u201d border_width_all=\u201d1px\u201d border_color_all=\u201d#000000\u2033 global_colors_info=\u201d{}\u201d][\/et_pb_contact_field][et_pb_contact_field field_id=\u201dMessage\u201d field_title=\u201dMessage\u201d field_type=\u201dtext\u201d fullwidth_field=\u201don\u201d _builder_version=\u201d4.23.4\u2033 border_width_all=\u201d1px\u201d border_color_all=\u201d#000000\u2033 global_colors_info=\u201d{}\u201d button_text_size__hover_enabled=\u201doff\u201d button_one_text_size__hover_enabled=\u201doff\u201d button_two_text_size__hover_enabled=\u201doff\u201d button_text_color__hover_enabled=\u201doff\u201d button_one_text_color__hover_enabled=\u201doff\u201d button_one_text_color__hover_enabled=\u201doff\u201d button_two_text_color__hover_enabled=\u201doff\u201d button_border_width__hover_enabled=\u201doff\u201d button_one_border_width__hover_enabled=\u201doff\u201d button_two_border_width__hover_enabled=\u201doff\u201d button_border_color__hover_enabled=\u201doff\u201d button_one_border_color__hover_enabled=\u201doff\u201d button_two_border_color__hover_enabled=\u201doff\u201d button_border_radius__hover_enabled=\u201doff\u201d button_one_border_radius__hover_enabled=\u201doff\u201d button_two_border_radius__hover_enabled=\u201doff\u201d button_letter_spacing__hover_enabled=\u201doff\u201d button_one_letter_spacing__hover_enabled=\u201doff\u201d button_two_letter_spacing__hover_enabled=\u201doff\u201d button_bg_color__hover_enabled=\u201doff\u201d button_one_bg_color__hover_enabled=\u201doff\u201d button_two_bg_color__hover_enabled=\u201doff\u201d][\/et_pb_contact_field][\/et_pb_contact_form][\/et_pb_column][\/et_pb_row][et_pb_row make_equal=\u201don\u201d disabled_on=\u201don|on|on\u201d module_class=\u201dcustom-form\u201d _builder_version=\u201d4.27.2\u2033 _module_preset=\u201ddefault\u201d width=\u201d75%\u201d width_tablet=\u201d65%\u201d width_phone=\u201d85%\u201d width_last_edited=\u201don|phone\u201d disabled=\u201don\u201d global_colors_info=\u201d{}\u201d][et_pb_column type=\u201d4_4\u2033 _builder_version=\u201d4.17.6\u2033 _module_preset=\u201ddefault\u201d custom_padding=\u201d50px||50px||true|true\u201d border_radii=\u201don|30px|30px|30px|30px\u201d box_shadow_style=\u201dpreset1\u2033 box_shadow_horizontal=\u201d5px\u201d box_shadow_vertical=\u201d5px\u201d box_shadow_blur=\u201d15px\u201d box_shadow_color=\u201drgba(0,0,0.16)\u201d global_colors_info=\u201d{}\u201d custom_css_before_last_edited=\u201don|desktop\u201d custom_css_main_element_last_edited=\u201don|tablet\u201d custom_css_main_element_tablet=\u201dmargin-top:150px;\u201d custom_css_main_element_phone=\u201dmargin-top:[et_pb_contact_form use_spam_service=\u201don\u201d recaptcha_list=\u201daCEaGENCY|aCEaGENCY-0\u2033 email=\u201dcontact.talkto1@gmail.com\u201d custom_message=\u201dKontaktni obrazec - TALK4TO||et_pb_line_break_holder||||et_pb_line_break_holder|Name : %%naslov%%||et_pb_line_break_holder||Imno ime: %%PImno ime%%||et_pb_line_break_holder||E-po\u0161ta: %%Email%%||et_pb_line_break_holder|||Subjekt: %%Subject%%||et_pb_line_break_holder||Sporo\u010dilo: ||To\u010dka_pb_line_break_holder|%%Message%%\u201d success_message=\u201dZahvaljujemo se vam, da ste nas kontaktirali, odgovorili vam bomo v najkraj\u0161em mo\u017enem \u010dasu\u201d submit_button_text=\u201dPo\u0161lji\u201d _builder_version=\u201d4.23.4\u2033 _module_preset=\u201ddefault\u201d _unique_id=\u201de12cee1b-8f70-4f62-a9fc-98d0ccc03a86\u2033 form_field_background_color=\u201dRGBA(255,255,255,0)\u201d form_field_text_color=\u201d#afafaf\u201d form_field_focus_background_color=\u201dRGBA(255,255,255,0)\u201d form_field_focus_text_color=\u201d#000000\u2033 form_field_font=\u201dInter||||||||\u201d form_field_font_size=\u201d16px\u201d custom_button=\u201don\u201d button_text_color=\u201d#FFFFFF\u201d button_bg_color=\u201d#fed766\u2033 button_border_color=\u201dRGBA(255,255,255,0)\u201d button_border_radius=\u201d29px\u201d button_font=\u201d|700|||||||\u201d button_use_icon=\u201doff\u201d button_custom_padding=\u201d10px|80px|10px|80px|true|true\u201d width=\u201d85%\u201d width_tablet=\u201d80%\u201d width_phone=\u201d80%\u201d width_last_edited=\u201don|tablet\u201d module_alignment=\u201dcenter\u201d custom_padding=\u201d|||||true\u201d custom_css_free_form=\u201dselector .et_pb_contact_form_label {|||prikaz:block;||}\u201d border_width_bottom=\u201d3px\u201d border_color_bottom=\u201d#ffe8e8\u2033 global_colors_info=\u201d{}\u201d custom_css_contact_button_last_edited=\u201don|phone\u201d custom_css_contact_button_phone=\u201dmargin-top:V tem primeru se lahko uporabnik odlo\u010di, da se bo v prihodnosti odlo\u010dil, ali bo v prihodnosti sodeloval v projektu, ali bo v prihodnosti sodeloval v projektu, ali bo v prihodnosti sodeloval v projektu, ali bo v prihodnosti sodeloval v projektu, ali bo v prihodnosti sodeloval v projektu, ali bo v prihodnosti sodeloval v projektu, ali bo v prihodnosti sodeloval v projektu, ali bo v prihodnosti sodeloval v projektu, ali bo v prihodnosti sodeloval v projektu, ali bo v prihodnosti sodeloval v projektu, ali bo v prihodnosti sodeloval v projektu, ali bo v prihodnosti sodeloval v projektu, ali bo v prihodnosti sodeloval v projektu, ali bo v prihodnosti sodeloval v projektu.23.4\u2033 border_width_all=\u201d1px\u201d border_color_all=\u201d#000000\u2033 global_colors_info=\u201d{}\u201d button_text_size__hover_enabled=\u201doff\u201d button_one_text_size__hover_enabled=\u201doff\u201d button_two_text_size__hover_enabled=\u201doff\u201d button_text_color__hover_enabled=\u201doff\u201d button_one_text_color__hover_enabled=\u201doff\u201d button_one_text_color__hover_enabled=\u201doff\u201d button_two_text_color__hover_enabled=\u201doff\u201d button_border_width__hover_enabled=\u201doff\u201d button_one_border_width__hover_enabled=\u201doff\u201d button_two_border_width__hover_enabled=\u201doff\u201d button_border_color__hover_enabled=\u201doff\u201d button_one_border_color__hover_enabled=\u201doff\u201d button_two_border_color__hover_enabled=\u201doff\u201d button_border_radius__hover_enabled=\u201doff\u201d button_one_border_radius__hover_enabled=\u201doff\u201d button_two_border_radius__hover_enabled=\u201doff\u201d button_letter_spacing__hover_enabled=\u201doff\u201d button_one_letter_spacing__hover_enabled=\u201doff\u201d button_two_letter_spacing__hover_enabled=\u201doff\u201d button_bg_color__hover_enabled=\u201doff\u201d button_one_bg_color__hover_enabled=\u201doff\u201d button_two_bg_color__hover_enabled=\u201doff\u201d][\/et_pb_contact_field][et_pb_contact_field field_id=\u201dIme\u201d field_title=\u201dIme\u201d _builder_version=\u201d4.23.4\u2033 _module_preset=\u201ddefault\u201d border_width_all=\u201d1px\u201d border_color_all=\u201d#000000\u2033 global_colors_info=\u201d{}\u201d][\/et_pb_contact_field][et_pb_contact_field field_id=\u201dEmail\u201d field_title=\u201dElektronski naslov\u201d field_type=\u201demail\u201d fullwidth_field=\u201don\u201d _builder_version=\u201d4.23.4\u2033 border_width_all=\u201d1px\u201d border_color_all=\u201d#000000\u2033 global_colors_info=\u201d{}\u201d button_text_size__hover_enabled=\u201doff\u201d button_one_text_size__hover_enabled=\u201doff\u201d button_two_text_size__hover_enabled=\u201doff\u201d button_text_color__hover_enabled=\u201doff\u201d button_one_text_color__hover_enabled=\u201doff\u201d button_two_text_color__hover_enabled=\u201doff\u201d button_border_width__hover_enabled=\u201doff\u201d button_one_border_width__hover_enabled=\u201doff\u201d button_two_border_width__hover_enabled=\u201doff\u201d button_border_color__hover_enabled=\u201doff\u201d button_one_border_color__hover_enabled=\u201doff\u201d button_two_border_color__hover_enabled=\u201doff\u201d button_border_radius__hover_enabled=\u201doff\u201d button_one_border_radius__hover_enabled=\u201doff\u201d button_two_border_radius__hover_enabled=\u201doff\u201d button_letter_spacing__hover_enabled=\u201doff\u201d button_one_letter_spacing__hover_enabled=\u201doff\u201d button_two_letter_spacing__hover_enabled=\u201doff\u201d button_bg_color__hover_enabled=\u201doff\u201d button_one_bg_color__hover_enabled=\u201doff\u201d button_two_bg_color__hover_enabled=\u201doff\u201d][\/et_pb_contact_field][et_pb_contact_field field_id=\u201dTema\u201d field_title=\u201dTema\u201d fullwidth_field=\u201don\u201d _builder_version=\u201d4.23.4\u2033 _module_preset=\u201ddefault\u201d border_width_all=\u201d1px\u201d border_color_all=\u201d#000000\u2033 global_colors_info=\u201d{}\u201d][\/et_pb_contact_field][et_pb_contact_field field_id=\u201dMessage\u201d field_title=\u201dMessage\u201d field_type=\u201dtext\u201d fullwidth_field=\u201don\u201d _builder_version=\u201d4.23.4\u2033 border_width_all=\u201d1px\u201d border_color_all=\u201d#000000\u2033 global_colors_info=\u201d{}\u201d button_text_size__hover_enabled=\u201doff\u201d button_one_text_size__hover_enabled=\u201doff\u201d button_two_text_size__hover_enabled=\u201doff\u201d button_text_color__hover_enabled=\u201doff\u201d button_one_text_color__hover_enabled=\u201doff\u201d button_one_text_color__hover_enabled=\u201doff\u201d button_two_text_color__hover_enabled=\u201doff\u201d button_border_width__hover_enabled=\u201doff\u201d button_one_border_width__hover_enabled=\u201doff\u201d button_two_border_width__hover_enabled=\u201doff\u201d button_border_color__hover_enabled=\u201doff\u201d button_one_border_color__hover_enabled=\u201doff\u201d button_two_border_color__hover_enabled=\u201doff\u201d button_border_radius__hover_enabled=\u201doff\u201d button_one_border_radius__hover_enabled=\u201doff\u201d button_two_border_radius__hover_enabled=\u201doff\u201d button_letter_spacing__hover_enabled=\u201doff\u201d button_one_letter_spacing__hover_enabled=\u201doff\u201d button_two_letter_spacing__hover_enabled=\u201doff\u201d button_bg_color__hover_enabled=\u201doff\u201d button_one_bg_color__hover_enabled=\u201doff\u201d button_two_bg_color__hover_enabled=\u201doff\u201d][\/et_pb_contact_field][\/et_pb_contact_form][\/et_pb_column][\/et_pb_row][\/et_pb_section]<\/p>","protected":false},"excerpt":{"rendered":"<p>Informacije contact.talkto1@gmail.com SAS FRIENDZ -9, rue de Paris - 74100 St-Maur-Des-Foss\u00e9sPonedeljek do petek :9h30 - 17h30 +33 1 89 86 55 81<\/p>","protected":false},"author":1,"featured_media":0,"parent":0,"menu_order":0,"comment_status":"closed","ping_status":"closed","template":"","meta":{"_et_pb_use_builder":"on","_et_pb_old_content":"<!-- wp:divi\/placeholder \/-->","_et_gb_content_width":"","inline_featured_image":false,"footnotes":""},"class_list":["post-32","page","type-page","status-publish","hentry"],"_links":{"self":[{"href":"https:\/\/talk4to.com\/sl\/wp-json\/wp\/v2\/pages\/32","targetHints":{"allow":["GET"]}}],"collection":[{"href":"https:\/\/talk4to.com\/sl\/wp-json\/wp\/v2\/pages"}],"about":[{"href":"https:\/\/talk4to.com\/sl\/wp-json\/wp\/v2\/types\/page"}],"author":[{"embeddable":true,"href":"https:\/\/talk4to.com\/sl\/wp-json\/wp\/v2\/users\/1"}],"replies":[{"embeddable":true,"href":"https:\/\/talk4to.com\/sl\/wp-json\/wp\/v2\/comments?post=32"}],"version-history":[{"count":41,"href":"https:\/\/talk4to.com\/sl\/wp-json\/wp\/v2\/pages\/32\/revisions"}],"predecessor-version":[{"id":1636,"href":"https:\/\/talk4to.com\/sl\/wp-json\/wp\/v2\/pages\/32\/revisions\/1636"}],"wp:attachment":[{"href":"https:\/\/talk4to.com\/sl\/wp-json\/wp\/v2\/media?parent=32"}],"curies":[{"name":"wp","href":"https:\/\/api.w.org\/{rel}","templated":true}]}}