{"id":827,"date":"2023-09-28T12:26:55","date_gmt":"2023-09-28T12:26:55","guid":{"rendered":"https:\/\/stg-talktotoeic-devtalkto.kinsta.cloud\/?page_id=827"},"modified":"2024-06-24T13:23:00","modified_gmt":"2024-06-24T13:23:00","slug":"se-desabonner","status":"publish","type":"page","link":"https:\/\/talk4to.com\/sk\/se-desabonner\/","title":{"rendered":"Odhl\u00e1si\u0165 sa z odberu"},"content":{"rendered":"<p>[et_pb_section fb_built=&#8221;1&#8243; _builder_version=&#8221;4.17.6&#8243; _module_preset=&#8221;default&#8221; global_colors_info=&#8221;{}&#8221;][et_pb_row _builder_version=&#8221;4.17.6&#8243; _module_preset=&#8221;default&#8221; locked=&#8221;off&#8221; global_colors_info=&#8221;{}&#8221;][et_pb_column type=&#8221;4_4&#8243; _builder_version=&#8221;4.17.6&#8243; _module_preset=&#8221;default&#8221; global_colors_info=&#8221;{}&#8221;][et_pb_text module_class=&#8221;custom-title&#8221; _builder_version=&#8221;4.17.6&#8243; _module_preset=&#8221;default&#8221; global_colors_info=&#8221;{}&#8221;]<\/p>\n<h2>Odhl\u00e1si\u0165 sa z odberu<\/h2>\n<p>[\/et_pb_text][\/et_pb_column][\/et_pb_row][et_pb_row _builder_version=&#8221;4.17.6&#8243; _module_preset=&#8221;default&#8221; global_colors_info=&#8221;{}&#8221;][et_pb_column type=&#8221;4_4&#8243; _builder_version=&#8221;4.17.6&#8243; _module_preset=&#8221;default&#8221; global_colors_info=&#8221;{}&#8221;][et_pb_text _builder_version=&#8221;4.23.4&#8243; _module_preset=&#8221;default&#8221; text_font=&#8221;ProximaNova Bold||||||||&#8221; text_font_size=&#8221;20px&#8221; text_orientation=&#8221;center&#8221; width=&#8221;60%&#8221; width_tablet=&#8221;60%&#8221; width_phone=&#8221;100%&#8221; width_last_edited=&#8221;on|phone&#8221; module_alignment=&#8221;center&#8221; global_colors_info=&#8221;{}&#8221;]<\/p>\n<p style=\"text-align: left;\">Ak sa chcete jednoducho odhl\u00e1si\u0165 z odberu, jednoducho zadajte svoju e-mailov\u00fa adresu a kliknite na \"Odhl\u00e1si\u0165\".<\/p>\n<p>[\/et_pb_text][et_pb_code module_id=&#8221;unsubscribe_form&#8221; _builder_version=&#8221;4.23.4&#8243; _module_preset=&#8221;default&#8221; width=&#8221;60%&#8221; width_tablet=&#8221;100%&#8221; width_phone=&#8221;100%&#8221; width_last_edited=&#8221;on|phone&#8221; module_alignment=&#8221;center&#8221; custom_padding=&#8221;30px|50px|30px|50px|true|true&#8221; custom_padding_tablet=&#8221;30px|50px|30px|50px|true|true&#8221; custom_padding_phone=&#8221;|20px||20px|true|true&#8221; custom_padding_last_edited=&#8221;on|phone&#8221; custom_css_main_element=&#8221;overflow-x:hidden !important;&#8221; border_radii=&#8221;on|15px|15px|15px|15px&#8221; box_shadow_style=&#8221;preset1&#8243; box_shadow_color=&#8221;rgba(0,0,0,0.16)&#8221; global_colors_info=&#8221;{}&#8221;]<form action=\"https:\/\/talk4to.com\/wp-admin\/admin-post.php\" method=\"post\">\n\t\t\t\t<input type=\"hidden\" name=\"action\" value=\"b5pt_cancel_sub\">\n\t\t\t\t<div class=\"cancel-wrap\">\n\t\t\t\t<label for=\"stripe_email\">E-mail<\/label>\n\t\t\t\t<input type=\"email\" name=\"email\" id=\"stripe_email\" placeholder=\"johndoe@gmail.com\" value=\"\">\n\t\t\t\t<input type=\"submit\" value=\"Zru\u0161enie predplatn\u00e9ho\">\n\t\t\t\t<\/div> \n\t\t\t<\/form>[\/et_pb_code][\/et_pb_column][\/et_pb_row][\/et_pb_section][et_pb_section fb_built=&#8221;1&#8243; _builder_version=&#8221;4.17.6&#8243; _module_preset=&#8221;default&#8221; locked=&#8221;off&#8221; global_colors_info=&#8221;{}&#8221;][et_pb_row column_structure=&#8221;1_2,1_2&#8243; _builder_version=&#8221;4.17.6&#8243; _module_preset=&#8221;default&#8221; global_colors_info=&#8221;{}&#8221;][et_pb_column type=&#8221;1_2&#8243; _builder_version=&#8221;4.17.6&#8243; _module_preset=&#8221;default&#8221; global_colors_info=&#8221;{}&#8221;][et_pb_image src=&#8221;https:\/\/talk4to.com\/wp-content\/uploads\/2023\/08\/FAQ.svg&#8221; title_text=&#8221;FAQ&#8221; _builder_version=&#8221;4.23.4&#8243; _module_preset=&#8221;default&#8221; filter_hue_rotate=&#8221;180deg&#8221; global_colors_info=&#8221;{}&#8221;][\/et_pb_image][\/et_pb_column][et_pb_column type=&#8221;1_2&#8243; _builder_version=&#8221;4.17.6&#8243; _module_preset=&#8221;default&#8221; global_colors_info=&#8221;{}&#8221;][et_pb_text module_class=&#8221;custom-title&#8221; _builder_version=&#8221;4.17.6&#8243; _module_preset=&#8221;default&#8221; locked=&#8221;off&#8221; global_colors_info=&#8221;{}&#8221;]<\/p>\n<h2>\u010cASTO KLADEN\u00c9 OT\u00c1ZKY<\/h2>\n<p>[et_pb_text][et_pb_toggle title=\u201dAk\u00fd je \u00fa\u010del t\u00fdchto \u0161kolen\u00ed?\u201d open_toggle_text_color=\u201d#4e4e4e\u201d icon_color=\u201d#ff9666\u2033 toggle_icon=\u201d3||divi||400\u2033 use_icon_font_size=\u201don\u201d icon_font_size=\u201d45px\u201d open_icon_color=\u201d#ff9666\u2033 open_toggle_icon=\u201d2|divi||400\u2033 open_use_icon_font_size=\u201don\u201d open_icon_font_size=\u201d45px\u201d _builder_version=\u201d4.23.4\u2033 _module_preset=\u201ddefault\u201d title_text_color=\u201d#4e4e4e\u201d title_font=\u201d|700|||||||\u201d title_font_size=\u201d18px\u201d closed_title_font=\u201d|700|||||||\u201d closed_title_font_size=\u201d18px\u201d body_font=\u201d|300|||||||\u201d body_font_size=\u201d16px\u201d background_color=\u201dRGBA(255,255,255,0)\u201d custom_margin=\u201d||30px||false|false\u201d custom_padding=\u201d||5px||false|false\u201d custom_css_toggle_title=\u201dmargin-left:-20px;\u201d custom_css_toggle_content=\u201dmargin-left:20px;\u201d border_width_all=\u201d0px\u201d border_width_bottom=\u201d3px\u201d border_color_bottom=\u201d#ff9666\u2033 global_colors_info=\u201d{}\u201d]<\/p>\n<p>Cie\u013eom tejto odbornej pr\u00edpravy je zmera\u0165 vedomosti a znalosti jednotlivca v r\u00f4znych oblastiach.<\/p>\n<p>Tieto hodnotenia s\u00fa ur\u010den\u00e9 na pos\u00fadenie v\u0161eobecn\u00fdch vedomost\u00ed osoby v akademickom kontexte alebo na identifik\u00e1ciu jej siln\u00fdch a slab\u00fdch str\u00e1nok, \u010do umo\u017e\u0148uje jej neust\u00e1ly osobn\u00fd a profesion\u00e1lny rast.<\/p>\n<p>[et_pb_toggle][et_pb_toggle title=\u201dAko z\u00edska\u0165 pr\u00edstup k v\u00fdsledkom?\u201d open_toggle_text_color=\u201d#4e4e4e\u201d icon_color=\u201d#ff9666\u2033 toggle_icon=\u201d3||divi||400\u2033 use_icon_font_size=\u201don\u201d icon_font_size=\u201d45px\u201d open_icon_color=\u201d#ff9666\u2033 open_toggle_icon=\u201d2|divi||400\u2033 open_use_icon_font_size=\u201don\u201d open_icon_font_size=\u201d45px\u201d _builder_version=\u201d4.23.4\u2033 _module_preset=\u201ddefault\u201d title_text_color=\u201d#4e4e4e\u201d title_font=\u201d|700|||||||\u201d title_font_size=\u201d18px\u201d closed_title_font=\u201d|700|||||||\u201d closed_title_font_size=\u201d18px\u201d body_font=\u201d|300|||||||\u201d body_font_size=\u201d16px\u201d background_color=\u201dRGBA(255,255,255,0)\u201d custom_margin=\u201d||30px||false|false\u201d custom_padding=\u201d||5px||false|false\u201d custom_css_toggle_title=\u201dmargin-left:-20px;\u201d custom_css_toggle_content=\u201dmargin-left:20px;\u201d border_width_all=\u201d0px\u201d border_width_bottom=\u201d3px\u201d border_color_bottom=\u201d#ff9666\u2033 global_colors_info=\u201d{}\u201d]<\/p>\n<p>V\u00fdsledky cvi\u010denia s\u00fa k dispoz\u00edcii prostredn\u00edctvom 24-hodinovej ponuky alebo mesa\u010dn\u00e9ho predplatn\u00e9ho.<\/p>\n<p>Podrobn\u00e9 inform\u00e1cie o tom, ako test absolvova\u0165 a ako sa prihl\u00e1si\u0165, n\u00e1jdete v \u010dasti \"Ako to funguje?<\/p>\n<p>Kompletn\u00fa hist\u00f3riu svojich testov si m\u00f4\u017eete pozrie\u0165 aj na karte hist\u00f3rie v oblasti svojho konta.<\/p>\n<p>[et_pb_toggle][et_pb_toggle title=\u201dAko sa m\u00f4\u017eem prihl\u00e1si\u0165?\u201d open_toggle_text_color=\u201d#4e4e4e\u201d icon_color=\u201d#ff9666\u2033 toggle_icon=\u201d3||divi||400\u2033 use_icon_font_size=\u201don\u201d icon_font_size=\u201d45px\u201d open_icon_color=\u201d#ff9666\u2033 open_toggle_icon=\u201d2|divi||400\u2033 open_use_icon_font_size=\u201don\u201d open_icon_font_size=\u201d45px\u201d _builder_version=\u201d4.23.4\u2033 _module_preset=\u201ddefault\u201d title_text_color=\u201d#4e4e4e\u201d title_font=\u201d|700|||||||\u201d title_font_size=\u201d18px\u201d closed_title_font=\u201d|700|||||||\u201d closed_title_font_size=\u201d18px\u201d body_font=\u201d|300|||||||\u201d body_font_size=\u201d16px\u201d background_color=\u201dRGBA(255,255,255,0)\u201d custom_margin=\u201d||30px||false|false\u201d custom_padding=\u201d||5px||false|false\u201d custom_css_toggle_title=\u201dmargin-left:-20px;\u201d custom_css_toggle_content=\u201dmargin-left:20px;\u201d border_width_all=\u201d0px\u201d border_width_bottom=\u201d3px\u201d border_color_bottom=\u201d#ff9666\u2033 global_colors_info=\u201d{}\u201d]<\/p>\n<p>Najsk\u00f4r mus\u00edte absolvova\u0165 test. Po jeho skon\u010den\u00ed sa mus\u00edte zaregistrova\u0165, aby ste si mohli pozrie\u0165 svoje v\u00fdsledky, \u010do stoj\u00ed 0,50 EUR. Po uplynut\u00ed tohto obdobia sa ponuka automaticky zmen\u00ed na mesa\u010dn\u00e9 predplatn\u00e9, ktor\u00e9 stoj\u00ed 47,50 \u20ac.<\/p>\n<p>Ak chcete vyu\u017e\u00edva\u0165 len 24-hodinov\u00fa ponuku, jednoducho sa odhl\u00e1ste.<\/p>\n<p>Viac inform\u00e1ci\u00ed o tom, ako sa test vykon\u00e1va, a o mo\u017enostiach predplatn\u00e9ho n\u00e1jdete na str\u00e1nke \"Ako to funguje\".<\/p>\n<p>[et_pb_toggle title=\u201dAk\u00e9 v\u00fdhody a slu\u017eby s\u00fa s\u00fa\u010das\u0165ou predplatn\u00e9ho?\u201d open_toggle_text_color=\u201d#4e4e4e\u201d icon_color=\u201d#ff9666\u2033 toggle_icon=\u201d3||divi||400\u2033 use_icon_font_size=\u201don\u201d icon_font_size=\u201d45px\u201d open_icon_color=\u201d#ff9666\u2033 open_toggle_icon=\u201d2|divi||400\u2033 open_use_icon_font_size=\u201don\u201d open_icon_font_size=\u201d45px\u201d _builder_version=\u201d4.23.4\u2033 _module_preset=\u201ddefault\u201d title_text_color=\u201d#4e4e4e\u201d title_font=\u201d|700|||||||\u201d title_font_size=\u201d18px\u201d closed_title_font=\u201d|700|||||||\u201d closed_title_font_size=\u201d18px\u201d body_font=\u201d|300|||||||\u201d body_font_size=\u201d16px\u201d background_color=\u201dRGBA(255,255,255,0)\u201d custom_margin=\u201d||30px||false|false\u201d custom_padding=\u201d||5px||false|false\u201d custom_css_toggle_title=\u201dmargin-left:-20px;\u201d custom_css_toggle_content=\u201dmargin-left:20px;\u201d border_width_all=\u201d0px\u201d border_width_bottom=\u201d3px\u201d border_color_bottom=\u201d#ff9666\u2033 global_colors_info=\u201d{}\u201d]<\/p>\n<p>V r\u00e1mci predplatn\u00e9ho m\u00f4\u017eete test absolvova\u0165 nieko\u013ekokr\u00e1t, a to bu\u010f pre seba, alebo pre niekoho in\u00e9ho. Umo\u017e\u0148uje v\u00e1m tie\u017e pr\u00edstup k v\u00fdsledkom, ich porovn\u00e1vanie a ukladanie na \u00fa\u010dely pravideln\u00e9ho monitorovania. Navy\u0161e budete ma\u0165 mo\u017enos\u0165 absolvova\u0165 pokro\u010dilej\u0161ie pr\u00e9miov\u00e9 testy na podrobnej\u0161iu anal\u00fdzu va\u0161ich jazykov\u00fdch schopnost\u00ed.<\/p>\n<p>[\/et_pb_toggle][et_pb_button button_url=\u201d@ET-DC@eyJkeW5hbWljIjp0cnVlLCJjb250ZW50IjoicG9zdF9saW5rX3VybF9wYWdlIiwic2V0dGluZ3MiOnsicG9zdF9pZCI6IjM0In19@\u201d button_text=\u201dFAQ\u201d button_alignment=\u201dcenter\u201d disabled_on=\u201doff|off|off\u201d module_class=\u201dcustom-btn center \u201d _builder_version=\u201d4.23.4\u2033 _dynamic_attributes=\u201dbutton_url\u201d _module_preset=\u201ddefault\u201d button_border_color=\u201d#E02B20\u2033 custom_margin=\u201d||||true|false\u201d custom_padding=\u201d|50px|50px|false|true\u201d custom_padding_tablet=\u201d|50px|50px|false|true\u201d custom_padding_phone=\u201d|50px|50px|false|true\u201d custom_padding_last_edited=\u201don|desktop\u201d locked=\u201doff\u201d global_colors_info=\u201d{}\u201d][\/et_pb_button][\/et_pb_column][\/et_pb_row][\/et_pb_section]<\/p>","protected":false},"excerpt":{"rendered":"<p>Se d\u00e9sabonnerPour vous d\u00e9sabonner facilement, il vous suffit de saisir votre adresse e-mail et de cliquer sur &#8220;annuler l&#8217;abonnement&#8221;.<form action=\"https:\/\/talk4to.com\/wp-admin\/admin-post.php\" method=\"post\">\n\t\t\t\t<input type=\"hidden\" name=\"action\" value=\"b5pt_cancel_sub\">\n\t\t\t\t<div class=\"cancel-wrap\">\n\t\t\t\t<label for=\"stripe_email\">E-mail<\/label>\n\t\t\t\t<input type=\"email\" name=\"email\" id=\"stripe_email\" placeholder=\"johndoe@gmail.com\" value=\"\">\n\t\t\t\t<input type=\"submit\" value=\"Zru\u0161enie predplatn\u00e9ho\">\n\t\t\t\t<\/div> \n\t\t\t<\/form>FAQL&#8217;objectif de ces entrainements est de mesurer les connaissances et la compr\u00e9hension d&#8217;un individu dans diff\u00e9rents domaines. Ces \u00e9valuations sont con\u00e7ues pour appr\u00e9cier le savoir g\u00e9n\u00e9ral d&#8217;une personne dans un contexte acad\u00e9mique, ou pour identifier ses forces [&hellip;]<\/p>","protected":false},"author":1,"featured_media":0,"parent":0,"menu_order":0,"comment_status":"closed","ping_status":"closed","template":"","meta":{"_et_pb_use_builder":"on","_et_pb_old_content":"<!-- wp:divi\/placeholder \/-->","_et_gb_content_width":"","inline_featured_image":false,"footnotes":""},"class_list":["post-827","page","type-page","status-publish","hentry"],"_links":{"self":[{"href":"https:\/\/talk4to.com\/sk\/wp-json\/wp\/v2\/pages\/827","targetHints":{"allow":["GET"]}}],"collection":[{"href":"https:\/\/talk4to.com\/sk\/wp-json\/wp\/v2\/pages"}],"about":[{"href":"https:\/\/talk4to.com\/sk\/wp-json\/wp\/v2\/types\/page"}],"author":[{"embeddable":true,"href":"https:\/\/talk4to.com\/sk\/wp-json\/wp\/v2\/users\/1"}],"replies":[{"embeddable":true,"href":"https:\/\/talk4to.com\/sk\/wp-json\/wp\/v2\/comments?post=827"}],"version-history":[{"count":20,"href":"https:\/\/talk4to.com\/sk\/wp-json\/wp\/v2\/pages\/827\/revisions"}],"predecessor-version":[{"id":1470,"href":"https:\/\/talk4to.com\/sk\/wp-json\/wp\/v2\/pages\/827\/revisions\/1470"}],"wp:attachment":[{"href":"https:\/\/talk4to.com\/sk\/wp-json\/wp\/v2\/media?parent=827"}],"curies":[{"name":"wp","href":"https:\/\/api.w.org\/{rel}","templated":true}]}}