{"id":827,"date":"2023-09-28T12:26:55","date_gmt":"2023-09-28T12:26:55","guid":{"rendered":"https:\/\/stg-talktotoeic-devtalkto.kinsta.cloud\/?page_id=827"},"modified":"2024-06-24T13:23:00","modified_gmt":"2024-06-24T13:23:00","slug":"se-desabonner","status":"publish","type":"page","link":"https:\/\/talk4to.com\/ro\/se-desabonner\/","title":{"rendered":"Dezabonare"},"content":{"rendered":"<p>[et_pb_section fb_built=&#8221;1&#8243; _builder_version=&#8221;4.17.6&#8243; _module_preset=&#8221;default&#8221; global_colors_info=&#8221;{}&#8221;][et_pb_row _builder_version=&#8221;4.17.6&#8243; _module_preset=&#8221;default&#8221; locked=&#8221;off&#8221; global_colors_info=&#8221;{}&#8221;][et_pb_column type=&#8221;4_4&#8243; _builder_version=&#8221;4.17.6&#8243; _module_preset=&#8221;default&#8221; global_colors_info=&#8221;{}&#8221;][et_pb_text module_class=&#8221;custom-title&#8221; _builder_version=&#8221;4.17.6&#8243; _module_preset=&#8221;default&#8221; global_colors_info=&#8221;{}&#8221;]<\/p>\n<h2>Dezabonare<\/h2>\n<p>[\/et_pb_text][\/et_pb_column][\/et_pb_row][et_pb_row _builder_version=&#8221;4.17.6&#8243; _module_preset=&#8221;default&#8221; global_colors_info=&#8221;{}&#8221;][et_pb_column type=&#8221;4_4&#8243; _builder_version=&#8221;4.17.6&#8243; _module_preset=&#8221;default&#8221; global_colors_info=&#8221;{}&#8221;][et_pb_text _builder_version=&#8221;4.23.4&#8243; _module_preset=&#8221;default&#8221; text_font=&#8221;ProximaNova Bold||||||||&#8221; text_font_size=&#8221;20px&#8221; text_orientation=&#8221;center&#8221; width=&#8221;60%&#8221; width_tablet=&#8221;60%&#8221; width_phone=&#8221;100%&#8221; width_last_edited=&#8221;on|phone&#8221; module_alignment=&#8221;center&#8221; global_colors_info=&#8221;{}&#8221;]<\/p>\n<p style=\"text-align: left;\">Pentru a v\u0103 dezabona cu u\u0219urin\u021b\u0103, introduce\u021bi pur \u0219i simplu adresa dvs. de e-mail \u0219i face\u021bi clic pe \"dezabonare\".<\/p>\n<p>[\/et_pb_text][et_pb_code module_id=&#8221;unsubscribe_form&#8221; _builder_version=&#8221;4.23.4&#8243; _module_preset=&#8221;default&#8221; width=&#8221;60%&#8221; width_tablet=&#8221;100%&#8221; width_phone=&#8221;100%&#8221; width_last_edited=&#8221;on|phone&#8221; module_alignment=&#8221;center&#8221; custom_padding=&#8221;30px|50px|30px|50px|true|true&#8221; custom_padding_tablet=&#8221;30px|50px|30px|50px|true|true&#8221; custom_padding_phone=&#8221;|20px||20px|true|true&#8221; custom_padding_last_edited=&#8221;on|phone&#8221; custom_css_main_element=&#8221;overflow-x:hidden !important;&#8221; border_radii=&#8221;on|15px|15px|15px|15px&#8221; box_shadow_style=&#8221;preset1&#8243; box_shadow_color=&#8221;rgba(0,0,0,0.16)&#8221; global_colors_info=&#8221;{}&#8221;]<form action=\"https:\/\/talk4to.com\/wp-admin\/admin-post.php\" method=\"post\">\n\t\t\t\t<input type=\"hidden\" name=\"action\" value=\"b5pt_cancel_sub\">\n\t\t\t\t<div class=\"cancel-wrap\">\n\t\t\t\t<label for=\"stripe_email\">E-mail<\/label>\n\t\t\t\t<input type=\"email\" name=\"email\" id=\"stripe_email\" placeholder=\"johndoe@gmail.com\" value=\"\">\n\t\t\t\t<input type=\"submit\" value=\"Anulare abonament\">\n\t\t\t\t<\/div> \n\t\t\t<\/form>[\/et_pb_code][\/et_pb_column][\/et_pb_row][\/et_pb_section][et_pb_section fb_built=&#8221;1&#8243; _builder_version=&#8221;4.17.6&#8243; _module_preset=&#8221;default&#8221; locked=&#8221;off&#8221; global_colors_info=&#8221;{}&#8221;][et_pb_row column_structure=&#8221;1_2,1_2&#8243; _builder_version=&#8221;4.17.6&#8243; _module_preset=&#8221;default&#8221; global_colors_info=&#8221;{}&#8221;][et_pb_column type=&#8221;1_2&#8243; _builder_version=&#8221;4.17.6&#8243; _module_preset=&#8221;default&#8221; global_colors_info=&#8221;{}&#8221;][et_pb_image src=&#8221;https:\/\/talk4to.com\/wp-content\/uploads\/2023\/08\/FAQ.svg&#8221; title_text=&#8221;FAQ&#8221; _builder_version=&#8221;4.23.4&#8243; _module_preset=&#8221;default&#8221; filter_hue_rotate=&#8221;180deg&#8221; global_colors_info=&#8221;{}&#8221;][\/et_pb_image][\/et_pb_column][et_pb_column type=&#8221;1_2&#8243; _builder_version=&#8221;4.17.6&#8243; _module_preset=&#8221;default&#8221; global_colors_info=&#8221;{}&#8221;][et_pb_text module_class=&#8221;custom-title&#8221; _builder_version=&#8221;4.17.6&#8243; _module_preset=&#8221;default&#8221; locked=&#8221;off&#8221; global_colors_info=&#8221;{}&#8221;]<\/p>\n<h2>\u00ceNTREB\u0102RI FRECVENTE<\/h2>\n<p>[et_pb_text][et_pb_toggle title=\u201dCare este scopul acestor sesiuni de formare?\u201d open_toggle_text_color=\u201d#4e4e4e4e\u201d icon_color=\u201d#ff9666\u2033 toggle_icon=\u201d3||divi||400\u2033 use_icon_font_size=\u201don\u201d icon_font_size=\u201d45px\u201d open_icon_color=\u201d#ff9666\u2033 open_toggle_icon=\u201d2||divi||400\u2033 open_use_icon_font_size=\u201don\u201d open_icon_font_size=\u201d45px\u201d _builder_version=\u201d4.23.4\u2033 _module_preset=\u201ddefault\u201d title_text_color=\u201d#4e4e4e\u201d title_font=\u201d|700|||||||\u201d title_font_size=\u201d18px\u201d closed_title_font=\u201d|700|||||||\u201d closed_title_font_size=\u201d18px\u201d body_font=\u201d|300|||||||\u201d body_font_size=\u201d16px\u201d background_color=\u201dRGBA(255,255,255,0)\u201d custom_margin=\u201d||30px||false|false\u201d custom_padding=\u201d||5px||false|false\u201d custom_css_toggle_title=\u201dmargin-left:-20px;\u201d custom_css_toggle_content=\u201dmargin-left:20px;\u201d border_width_all=\u201d0px\u201d border_width_bottom=\u201d3px\u201d border_color_bottom=\u201d#ff9666\u2033 global_colors_info=\u201d{}\u201d]<\/p>\n<p>Scopul acestei form\u0103ri este de a m\u0103sura cuno\u0219tin\u021bele \u0219i \u00een\u021belegerea unei persoane \u00een diferite domenii.<\/p>\n<p>Aceste evalu\u0103ri sunt concepute pentru a evalua cuno\u0219tin\u021bele generale ale unei persoane \u00eentr-un context academic sau pentru a identifica punctele forte \u0219i punctele slabe ale acesteia, permi\u021b\u00e2nd astfel dezvoltarea personal\u0103 \u0219i profesional\u0103 continu\u0103.<\/p>\n<p>[et_pb_toggle][et_pb_toggle title=\u201dCum s\u0103 v\u0103 accesa\u021bi rezultatele?\u201d open_toggle_text_color=\u201d#4e4e4e4e\u201d icon_color=\u201d#ff9666\u2033 toggle_icon=\u201d3||divi||400\u2033 use_icon_font_size=\u201don\u201d icon_font_size=\u201d45px\u201d open_icon_color=\u201d#ff9666\u2033 open_toggle_icon=\u201d2||divi||400\u2033 open_use_icon_font_size=\u201don\u201d open_icon_font_size=\u201d45px\u201d _builder_version=\u201d4.23.4\u2033 _module_preset=\u201ddefault\u201d title_text_color=\u201d#4e4e4e\u201d title_font=\u201d|700|||||||\u201d title_font_size=\u201d18px\u201d closed_title_font=\u201d|700|||||||\u201d closed_title_font_size=\u201d18px\u201d body_font=\u201d|300|||||||\u201d body_font_size=\u201d16px\u201d background_color=\u201dRGBA(255,255,255,0)\u201d custom_margin=\u201d||30px||false|false\u201d custom_padding=\u201d||5px||false|false\u201d custom_css_toggle_title=\u201dmargin-left:-20px;\u201d custom_css_toggle_content=\u201dmargin-left:20px;\u201d border_width_all=\u201d0px\u201d border_width_bottom=\u201d3px\u201d border_color_bottom=\u201d#ff9666\u2033 global_colors_info=\u201d{}\u201d]<\/p>\n<p>Rezultatele exerci\u021biilor pot fi accesate prin intermediul unei oferte de 24 de ore sau a unui abonament lunar.<\/p>\n<p>Pentru detalii despre cum s\u0103 efectua\u021bi testul \u0219i cum s\u0103 v\u0103 abona\u021bi, consulta\u021bi sec\u021biunea \"Cum func\u021bioneaz\u0103?<\/p>\n<p>De asemenea, pute\u021bi consulta istoricul complet al testelor dvs. acces\u00e2nd fila Istoric din zona contului dvs.<\/p>\n<p>[et_pb_toggle][et_pb_toggle title=\u201dCum m\u0103 abonez?\u201d open_toggle_text_color=\u201d#4e4e4e4e\u201d icon_color=\u201d#ff9666\u2033 toggle_icon=\u201d3||divi||400\u2033 use_icon_font_size=\u201don\u201d icon_font_size=\u201d45px\u201d open_icon_color=\u201d#ff9666\u2033 open_toggle_icon=\u201d2||divi||400\u2033 open_use_icon_font_size=\u201don\u201d open_icon_font_size=\u201d45px\u201d _builder_version=\u201d4.23.4\u2033 _module_preset=\u201ddefault\u201d title_text_color=\u201d#4e4e4e\u201d title_font=\u201d|700|||||||\u201d title_font_size=\u201d18px\u201d closed_title_font=\u201d|700|||||||\u201d closed_title_font_size=\u201d18px\u201d body_font=\u201d|300|||||||\u201d body_font_size=\u201d16px\u201d background_color=\u201dRGBA(255,255,255,0)\u201d custom_margin=\u201d||30px||false|false\u201d custom_padding=\u201d||5px||false|false\u201d custom_css_toggle_title=\u201dmargin-left:-20px;\u201d custom_css_toggle_content=\u201dmargin-left:20px;\u201d border_width_all=\u201d0px\u201d border_width_bottom=\u201d3px\u201d border_color_bottom=\u201d#ff9666\u2033 global_colors_info=\u201d{}\u201d]<\/p>\n<p>Mai \u00eent\u00e2i de toate, trebuie s\u0103 efectua\u021bi testul. Dup\u0103 ce l-a\u021bi terminat, pentru a v\u0103 consulta rezultatele, trebuie s\u0103 v\u0103 \u00eenscrie\u021bi la oferta de 24 de ore, care cost\u0103 0,50 \u20ac. Dup\u0103 aceast\u0103 perioad\u0103, oferta se transform\u0103 automat \u00eentr-un abonament lunar care cost\u0103 47,50 \u20ac.<\/p>\n<p>Dac\u0103 dori\u021bi s\u0103 beneficia\u021bi doar de oferta de 24 de ore, pur \u0219i simplu dezabona\u021bi-v\u0103.<\/p>\n<p>Pentru mai multe informa\u021bii despre cum s\u0103 efectua\u021bi testul \u0219i despre op\u021biunile de abonament, consulta\u021bi pagina \"Cum func\u021bioneaz\u0103\".<\/p>\n<p>[et_pb_toggle title=\u201dCe beneficii \u0219i servicii sunt incluse \u00een abonament?\u201d open_toggle_text_color=\u201d#4e4e4e4e\u201d icon_color=\u201d#ff9666\u2033 toggle_icon=\u201d3||divi||400\u2033 use_icon_font_size=\u201don\u201d icon_font_size=\u201d45px\u201d open_icon_color=\u201d#ff9666\u2033 open_toggle_icon=\u201d2||divi||400\u2033 open_use_icon_font_size=\u201don\u201d open_icon_font_size=\u201d45px\u201d _builder_version=\u201d4.23.4\u2033 _module_preset=\u201ddefault\u201d title_text_color=\u201d#4e4e4e\u201d title_font=\u201d|700|||||||\u201d title_font_size=\u201d18px\u201d closed_title_font=\u201d|700|||||||\u201d closed_title_font_size=\u201d18px\u201d body_font=\u201d|300|||||||\u201d body_font_size=\u201d16px\u201d background_color=\u201dRGBA(255,255,255,0)\u201d custom_margin=\u201d||30px||false|false\u201d custom_padding=\u201d||5px||false|false\u201d custom_css_toggle_title=\u201dmargin-left:-20px;\u201d custom_css_toggle_content=\u201dmargin-left:20px;\u201d border_width_all=\u201d0px\u201d border_width_bottom=\u201d3px\u201d border_color_bottom=\u201d#ff9666\u2033 global_colors_info=\u201d{}\u201d]<\/p>\n<p>Cu un abonament, pute\u021bi efectua testul de mai multe ori, fie pentru dumneavoastr\u0103, fie pentru altcineva. De asemenea, v\u0103 permite s\u0103 accesa\u021bi, s\u0103 compara\u021bi \u0219i s\u0103 stoca\u021bi rezultatele pentru o monitorizare periodic\u0103. \u00cen plus, ve\u021bi avea ocazia s\u0103 efectua\u021bi teste premium mai avansate pentru o analiz\u0103 mai detaliat\u0103 a competen\u021belor dvs. lingvistice.<\/p>\n<p>[\/et_pb_toggle][et_pb_button button_url=\u201d@ET-DC@eyJkeW5hbWljIjp0cnVlLCJjb250ZW50IjoicG9zdF9saW5rX3VybF9wYWdlIiwic2V0dGluZ3MiOnsicG9zdF9pZCI6IjM0In19@\u201d button_text=\u201dFAQ\u201d button_alignment=\u201dcenter\u201d disabled_on=\u201doff|off|off\u201d module_class=\u201dcustom-btn center \u201d _builder_version=\u201d4.23.4\u2033 _dynamic_attributes=\u201dbutton_url\u201d _module_preset=\u201ddefault\u201d button_border_color=\u201d#E02B20\u2033 custom_margin=\u201d||||true|false\u201d custom_padding=\u201d|50px||50px|false|true\u201d custom_padding_tablet=\u201d|50px||50px|false|true\u201d custom_padding_phone=\u201d|50px||50px|false|true\u201d custom_padding_last_edited=\u201don|desktop\u201d locked=\u201doff\u201d global_colors_info=\u201d{}\u201d][\/et_pb_button][\/et_pb_column][\/et_pb_row][\/et_pb_section]<\/p>","protected":false},"excerpt":{"rendered":"<p>Se d\u00e9sabonnerPour vous d\u00e9sabonner facilement, il vous suffit de saisir votre adresse e-mail et de cliquer sur &#8220;annuler l&#8217;abonnement&#8221;.<form action=\"https:\/\/talk4to.com\/wp-admin\/admin-post.php\" method=\"post\">\n\t\t\t\t<input type=\"hidden\" name=\"action\" value=\"b5pt_cancel_sub\">\n\t\t\t\t<div class=\"cancel-wrap\">\n\t\t\t\t<label for=\"stripe_email\">E-mail<\/label>\n\t\t\t\t<input type=\"email\" name=\"email\" id=\"stripe_email\" placeholder=\"johndoe@gmail.com\" value=\"\">\n\t\t\t\t<input type=\"submit\" value=\"Anulare abonament\">\n\t\t\t\t<\/div> \n\t\t\t<\/form>FAQL&#8217;objectif de ces entrainements est de mesurer les connaissances et la compr\u00e9hension d&#8217;un individu dans diff\u00e9rents domaines. Ces \u00e9valuations sont con\u00e7ues pour appr\u00e9cier le savoir g\u00e9n\u00e9ral d&#8217;une personne dans un contexte acad\u00e9mique, ou pour identifier ses forces [&hellip;]<\/p>","protected":false},"author":1,"featured_media":0,"parent":0,"menu_order":0,"comment_status":"closed","ping_status":"closed","template":"","meta":{"_et_pb_use_builder":"on","_et_pb_old_content":"<!-- wp:divi\/placeholder \/-->","_et_gb_content_width":"","inline_featured_image":false,"footnotes":""},"class_list":["post-827","page","type-page","status-publish","hentry"],"_links":{"self":[{"href":"https:\/\/talk4to.com\/ro\/wp-json\/wp\/v2\/pages\/827","targetHints":{"allow":["GET"]}}],"collection":[{"href":"https:\/\/talk4to.com\/ro\/wp-json\/wp\/v2\/pages"}],"about":[{"href":"https:\/\/talk4to.com\/ro\/wp-json\/wp\/v2\/types\/page"}],"author":[{"embeddable":true,"href":"https:\/\/talk4to.com\/ro\/wp-json\/wp\/v2\/users\/1"}],"replies":[{"embeddable":true,"href":"https:\/\/talk4to.com\/ro\/wp-json\/wp\/v2\/comments?post=827"}],"version-history":[{"count":20,"href":"https:\/\/talk4to.com\/ro\/wp-json\/wp\/v2\/pages\/827\/revisions"}],"predecessor-version":[{"id":1470,"href":"https:\/\/talk4to.com\/ro\/wp-json\/wp\/v2\/pages\/827\/revisions\/1470"}],"wp:attachment":[{"href":"https:\/\/talk4to.com\/ro\/wp-json\/wp\/v2\/media?parent=827"}],"curies":[{"name":"wp","href":"https:\/\/api.w.org\/{rel}","templated":true}]}}