{"id":34,"date":"2023-08-18T13:36:09","date_gmt":"2023-08-18T13:36:09","guid":{"rendered":"https:\/\/stg-talktotoeic-devtalkto.kinsta.cloud\/?page_id=34"},"modified":"2025-01-07T13:14:13","modified_gmt":"2025-01-07T13:14:13","slug":"faq","status":"publish","type":"page","link":"https:\/\/talk4to.com\/nl\/faq\/","title":{"rendered":"FAQ"},"content":{"rendered":"<p>[et_pb_section fb_built=\u201d1\u2033 admin_label=\u201dQuestions\u201d module_class=\u201dcustom-faq\u201d _builder_version=\u201d4.17.6\u2033 _module_preset=\u201ddefault\u201d custom_css_before=\u201d content: \u201d;|| background: center \/ contain no-repeat url(https:\/\/talk4to.com\/wp-content\/uploads\/2023\/08\/Trace-1438-1.svg);||position: absolute;|| display: block;|| width: 1300px;|| height: 1300px;|| right: -100px;||top:-00px;||pointer-events:none;||||\u201d global_colors_info=\u201d{}\u201d][et_pb_row column_structure=\u201d1_3,2_3\u2033 _builder_version=\u201d4.23.4\u2033 _module_preset=\u201ddefault\u201d global_colors_info=\u201d{}\u201d][et_pb_column type=\u201d1_3\u2033 _builder_version=\u201d4.23.4\u2033 _module_preset=\u201ddefault\u201d background_color=\u201d#FFFFFF\u201d custom_padding=\u201d20px|30px|20px|30px|true|true\u201d custom_padding_tablet=\u201d40px|40px|40px|true|true\u201d custom_padding_phone=\u201d||||false|true\u201d custom_padding_last_edited=\u201don|desktop\u201d background_color_tablet=\u201d#FFFFFF\u201d background_last_edited=\u201don|tablet\u201d background_enable_color_tablet=\u201don\u201d border_radii=\u201don|50px|50px|50px\u201d box_shadow_style=\u201dpreset1\u2033 box_shadow_horizontal=\u201d3px\u201d box_shadow_vertical=\u201d6px\u201d box_shadow_blur=\u201d10px\u201d box_shadow_color=\u201drgba(0,0,0,0.16)\u201d global_colors_info=\u201d{}\u201d custom_css_before_last_edited=\u201don|desktop\u201d custom_css_before_tablet=\u201dcontent:unset;\u201d custom_css_before_phone=\u201dcontent:unset;\u201d][et_pb_image src=\u201dhttps:\/\/talk4to.com\/wp-content\/uploads\/2023\/08\/FAQ.svg\u201d title_text=\u201dFAQ\u201d align=\u201dcenter\u201d _builder_version=\u201d4.23.4\u2033 _module_preset=\u201ddefault\u201d width=\u201d70%\u201d module_alignment=\u201dcenter\u201d filter_hue_rotate=\u201d180deg\u201d global_colors_info=\u201d{}\u201d][\/et_pb_image][et_pb_text _builder_version=\u201d4.17.6\u2033 _module_preset=\u201ddefault\u201d text_font=\u201d|700|||||||\u201d text_text_color=\u201d#54a1d6\u2033 text_font_size=\u201d25px\u201d custom_margin=\u201d||20px||false|false\u201d global_colors_info=\u201d{}\u201d]<\/p>\n<p>De test<\/p>\n<p>[\/et_pb_text][et_pb_text module_class=\u201dbutton_faq objectif\u201d _builder_version=\u201d4.23.4\u2033 _module_preset=\u201ddefault\u201d text_font=\u201d|300|||||||\u201d custom_margin=\u201d||||false|false\u201d custom_padding=\u201d||10px||false|false\u201d border_width_bottom=\u201d3px\u201d border_color_bottom=\u201d#e2f8fd\u201d global_colors_info=\u201d{}\u201d]<\/p>\n<p>Wat is het doel van deze test?<\/p>\n<p>[\/et_pb_text][et_pb_text module_class=\u201dbutton_faq functions\u201d _builder_version=\u201d4.23.4\u2033 _module_preset=\u201ddefault\u201d text_font=\u201d|300|||||||\u201d custom_padding=\u201d||10px||false|false\u201d border_width_bottom=\u201d3px\u201d border_color_bottom=\u201d#e2f8fd\u201d global_colors_info=\u201d{}\u201d]<\/p>\n<p>Wat is de procedure voor toegang tot de testresultaten?<\/p>\n<p>[\/et_pb_text][et_pb_text module_class=\u201dbutton_faq utile\u201d _builder_version=\u201d4.23.4\u2033 _module_preset=\u201ddefault\u201d text_font=\u201d|300|||||||\u201d custom_padding=\u201d||10px||false|false\u201d border_width_bottom=\u201d3px\u201d border_color_bottom=\u201d#e2f8fd\u201d global_colors_info=\u201d{}\u201d]<\/p>\n<p>Wat is het doel van deze test?<\/p>\n<p>[\/et_pb_text][et_pb_text module_class=\u201dbutton_faq obtenir\u201d _builder_version=\u201d4.23.4\u2033 _module_preset=\u201ddefault\u201d text_font=\u201d|300|||||||\u201d custom_padding=\u201d||10px||false|false\u201d border_width_bottom=\u201d3px\u201d border_color_bottom=\u201d#e2f8fd\u201d global_colors_info=\u201d{}\u201d]<\/p>\n<p>Hoe krijg ik toegang tot mijn testresultaten?<\/p>\n<p>[\/et_pb_text][et_pb_text _builder_version=\u201d4.17.6\u2033 _module_preset=\u201ddefault\u201d text_font=\u201d|700|||||||\u201d text_text_color=\u201d#54a1d6\u2033 text_font_size=\u201d25px\u201d custom_margin=\u201d30px||20px||false|false\u201d global_colors_info=\u201d{}\u201d]<\/p>\n<p>Abonnement<\/p>\n<p>[et_pb_text][et_pb_text module_class=\u201dbutton_faq subscribe\u201d _builder_version=\u201d4.23.4\u2033 _module_preset=\u201ddefault\u201d text_font=\u201d|300|||||||\u201d custom_padding=\u201d||10px||false|false\u201d border_width_bottom=\u201d3px\u201d border_color_bottom=\u201d#e2f8fd\u201d global_colors_info=\u201d{}\u201d]<\/p>\n<p>Hoe schrijf ik me in?<\/p>\n<p>[et_pb_text][et_pb_text module_class=\u201dbutton_faq services\u201d _builder_version=\u201d4.23.4\u2033 _module_preset=\u201ddefault\u201d text_font=\u201d|300|||||||\u201d custom_padding=\u201d||10px||false|false\u201d border_width_bottom=\u201d3px\u201d border_color_bottom=\u201d#e2f8fd\u201d global_colors_info=\u201d{}\u201d]<\/p>\n<p>Welke voordelen en services zijn inbegrepen in het abonnement?<\/p>\n<p>[\/et_pb_text][et_pb_text module_class=\u201dbutton_faq desabonner\u201d _builder_version=\u201d4.23.4\u2033 _module_preset=\u201ddefault\u201d text_font=\u201d|300|||||||\u201d custom_padding=\u201d||10px||false|false\u201d border_width_bottom=\u201d3px\u201d border_color_bottom=\u201d#e2f8fd\u201d global_colors_info=\u201d{}\u201d]<\/p>\n<p>Hoe kan ik me uitschrijven?<\/p>\n<p>[\/et_pb_text][et_pb_text module_class=\u201dbutton_faq essai\u201d _builder_version=\u201d4.23.4\u2033 _module_preset=\u201ddefault\u201d text_font=\u201d|300|||||||\u201d custom_padding=\u201d||10px||false|false\u201d border_width_bottom=\u201d3px\u201d border_color_bottom=\u201d#e2f8fd\u201d global_colors_info=\u201d{}\u201d]<\/p>\n<p><span>Als ik me niet afmeld voor het einde van de proefperiode, is het dan mogelijk om mijn geld terug te krijgen?<\/span><\/p>\n<p>[\/et_pb_text][\/et_pb_column][et_pb_column type=\u201d2_3\u2033 module_class=\u201dcontact-info\u201d _builder_version=\u201d4.17.6\u2033 _module_preset=\u201ddefault\u201d background_color=\u201dRGBA(255,255,255,0)\u201d custom_padding=\u201d|100px|100px|false|true\u201d custom_padding_tablet=\u201d|100px|100px|false|true\u201d custom_padding_phone=\u201d|0px|0px|false|true\u201d custom_padding_last_edited=\u201don|phone\u201d global_colors_info=\u201d{}\u201d][et_pb_text module_class=\u201dcustom-title center\u201d _builder_version=\u201d4.23.4\u2033 _module_preset=\u201ddefault\u201d global_colors_info=\u201d{}\u201d]<\/p>\n<h2>Neem contact met ons op<\/h2>\n<p>[\/et_pb_text][et_pb_image src=\u201dhttps:\/\/talk4to.com\/wp-content\/uploads\/2023\/08\/Contact-1.svg\u201d title_text=\u201dContact\u201d align=\u201dcenter\u201d _builder_version=\u201d4.23.4\u2033 _module_preset=\u201ddefault\u201d filter_hue_rotate=\u201d180deg\u201d global_colors_info=\u201d{}\u201d][\/et_pb_image][et_pb_text _builder_version=\u201d4.23.4\u2033 _module_preset=\u201ddefault\u201d global_colors_info=\u201d{}\u201d]<\/p>\n<p>Als je vragen hebt of meer informatie wilt, aarzel dan niet om contact met ons op te nemen.<\/p>\n<p>Ons team doet er alles aan om je snel van dienst te zijn.<\/p>\n<p>[et_pb_text][et_pb_button button_url=\u201d@ET-DC@eyJkeW5hbWljIjp0cnVlLCJjb250ZW50IjoicG9zdF9saW5rX3VybF9wYWdlIiwic2V0dGluZ3MiOnsicG9zdF9pZCI6IjMyIn19@\u201d button_text=\u201dNeem contact met ons op\u201d button_alignment=\u201dcenter\u201d disabled_on=\u201doff|off|off\u201d module_class=\u201dcustom-btn center blue\u201d _builder_version=\u201d4.23.4\u2033 _dynamic_attributes=\u201dbutton_url\u201d _module_preset=\u201ddefault\u201d custom_margin=\u201d||||true|false\u201d custom_padding=\u201d|50px|50px|false|true\u201d custom_padding_tablet=\u201d|50px|50px|false|true\u201d custom_padding_phone=\u201d|50px|50px|false|true\u201d custom_padding_last_edited=\u201don|desktop\u201d hover_enabled=\u201d0\u2033 locked=\u201doff\u201d global_colors_info=\u201d{}\u201d sticky_enabled=\u201d0\u2033][\/et_pb_button][\/et_pb_column][\/et_pb_row][\/et_pb_section][et_pb_section fb_built=\u201d1\u2033 admin_label=\u201dTabbladen voor vragen\u201d module_id=\u201dall_tab_prior\u201d module_class=\u201dall_tab\u201d _builder_version=\u201d4.23.4\u2033 _module_preset=\u201ddefault\u201d background_color=\u201dRGBA(255,255,255,0)\u201d positioning=\u201dabsolute\u201d vertical_offset=\u201d0px\u201d global_colors_info=\u201d{}\u201d][et_pb_row column_structure=\u201d2_5,3_5\u2033 module_class=\u201dobjectif_tab tab\u201d _builder_version=\u201d4.17.6\u2033 _module_preset=\u201ddefault\u201d global_colors_info=\u201d{}\u201d][et_pb_column type=\u201d2_5\u2033 _builder_version=\u201d4.17.6\u2033 _module_preset=\u201ddefault\u201d global_colors_info=\u201d{}\u201d][\/et_pb_column][et_pb_column type=\u201d3_5\u2033 _builder_version=\u201d4.17.6\u2033 _module_preset=\u201ddefault\u201d global_colors_info=\u201d{}\u201d][et_pb_text module_class=\u201dcustom-title\u201d _builder_version=\u201d4.17.6\u2033 _module_preset=\u201ddefault\u201d global_colors_info=\u201d{}\u201d]<\/p>\n<h2>De test<\/h2>\n<p>[\/et_pb_text][et_pb_image src=\u201dhttps:\/\/talk4to.com\/wp-content\/uploads\/2023\/08\/01-1.svg\u201d title_text=\u201d01\u2033 align=\u201dcenter\u201d _builder_version=\u201d4.23.4\u2033 _module_preset=\u201ddefault\u201d width=\u201d40%\u201d filter_hue_rotate=\u201d164deg\u201d global_colors_info=\u201d{}\u201d][\/et_pb_image][et_pb_text _builder_version=\u201d4.23.4\u2033 _module_preset=\u201ddefault\u201d global_colors_info=\u201d{}\u201d]<\/p>\n<p><strong>Wat is het doel van deze test?<\/strong><\/p>\n<p>Het doel van deze test is om iemands kennis en begrip op verschillende gebieden te meten.<\/p>\n<p>Deze assessments zijn ontworpen om de algemene kennis van een persoon in een academische of professionele context te beoordelen, of om hun sterke en zwakke punten te identificeren, zodat voortdurende persoonlijke en professionele groei mogelijk wordt.<\/p>\n<p>[\/et_pb_text][\/et_pb_column][\/et_pb_row][et_pb_row column_structure=\u201d2_5,3_5\u2033 module_class=\u201dfonctionne_tab tab\u201d _builder_version=\u201d4.17.6\u2033 _module_preset=\u201ddefault\u201d global_colors_info=\u201d{}\u201d][et_pb_column type=\u201d2_5\u2033 _builder_version=\u201d4.17.6\u2033 _module_preset=\u201ddefault\u201d global_colors_info=\u201d{}\u201d][\/et_pb_column][et_pb_column type=\u201d3_5\u2033 _builder_version=\u201d4.17.6\u2033 _module_preset=\u201ddefault\u201d global_colors_info=\u201d{}\u201d][et_pb_text module_class=\u201dcustom-title\u201d _builder_version=\u201d4.17.6\u2033 _module_preset=\u201ddefault\u201d global_colors_info=\u201d{}\u201d]<\/p>\n<h2>De test<\/h2>\n<p>[\/et_pb_text][et_pb_image src=\u201dhttps:\/\/talk4to.com\/wp-content\/uploads\/2023\/08\/02-1.svg\u201d title_text=\u201d02\u2033 align=\u201dcenter\u201d _builder_version=\u201d4.17.6\u2033 _module_preset=\u201ddefault\u201d width=\u201d40%\u201d filter_hue_rotate=\u201d164deg\u201d global_colors_info=\u201d{}\u201d][\/et_pb_image][et_pb_text _builder_version=\u201d4.23.4\u2033 _module_preset=\u201ddefault\u201d global_colors_info=\u201d{}\u201d]<\/p>\n<p><strong>Wat is de procedure voor toegang tot de testresultaten?<\/strong><\/p>\n<p>Testresultaten zijn beschikbaar via een 24-uursaanbieding of een maandabonnement.<\/p>\n<p>Voor meer informatie over hoe je de test doet en hoe je je inschrijft, zie \"Hoe werkt het?<\/p>\n<p>Je kunt ook de volledige geschiedenis van je tests raadplegen via het tabblad Geschiedenis in je accountgedeelte.<\/p>\n<p>[et_pb_text][\/et_pb_column][\/et_pb_row][et_pb_row column_structure=\u201d2_5,3_5\u2033 module_class=\u201dutile_tab tab\u201d _builder_version=\u201d4.17.6\u2033 _module_preset=\u201ddefault\u201d global_colors_info=\u201d{}\u201d][et_pb_column type=\u201d2_5\u2033 _builder_version=\u201d4.17.6\u2033 _module_preset=\u201ddefault\u201d global_colors_info=\u201d{}\u201d][\/et_pb_column][et_pb_column type=\u201d3_5\u2033 _builder_version=\u201d4.17.6\u2033 _module_preset=\u201ddefault\u201d global_colors_info=\u201d{}\u201d][et_pb_text module_class=\u201dcustom-title\u201d _builder_version=\u201d4.17.6\u2033 _module_preset=\u201ddefault\u201d global_colors_info=\u201d{}\u201d]<\/p>\n<h2>De test<\/h2>\n<p>[\/et_pb_text][et_pb_image src=\u201dhttps:\/\/talk4to.com\/wp-content\/uploads\/2023\/08\/HomePage_toeic.svg\u201d title_text=\u201dHomePage_toeic\u201d align=\u201dcenter\u201d _builder_version=\u201d4.17.6\u2033 _module_preset=\u201ddefault\u201d width=\u201d40%\u201d filter_hue_rotate=\u201d164deg\u201d global_colors_info=\u201d{}\u201d][\/et_pb_image][et_pb_text _builder_version=\u201d4.23.4\u2033 _module_preset=\u201ddefault\u201d global_colors_info=\u201d{}\u201d]<\/p>\n<p><strong>Wat is het doel van deze test?<\/strong><\/p>\n<p>Deze test is nuttig in verschillende contexten.<\/p>\n<p>Op persoonlijk niveau kan het nuttig zijn om je niveau te beoordelen bij een sollicitatie, om je algemene kennis te meten of gewoon om je kennis uit te breiden.<\/p>\n<p>Op professioneel niveau kan het worden gebruikt tijdens sollicitatiegesprekken of om je collega's en de werkomgeving beter te begrijpen.<\/p>\n<p>[\/et_pb_text][\/et_pb_column][\/et_pb_row][et_pb_row column_structure=\u201d2_5,3_5\u2033 module_class=\u201dobtenir_tab tab\u201d _builder_version=\u201d4.17.6\u2033 _module_preset=\u201ddefault\u201d global_colors_info=\u201d{}\u201d][et_pb_column type=\u201d2_5\u2033 _builder_version=\u201d4.17.6\u2033 _module_preset=\u201ddefault\u201d global_colors_info=\u201d{}\u201d][\/et_pb_column][et_pb_column type=\u201d3_5\u2033 _builder_version=\u201d4.17.6\u2033 _module_preset=\u201ddefault\u201d global_colors_info=\u201d{}\u201d][et_pb_text module_class=\u201dcustom-title\u201d _builder_version=\u201d4.17.6\u2033 _module_preset=\u201ddefault\u201d global_colors_info=\u201d{}\u201d]<\/p>\n<h2>De test<\/h2>\n<p>[\/et_pb_text][et_pb_image src=\u201dhttps:\/\/talk4to.com\/wp-content\/uploads\/2023\/08\/04.svg\u201d title_text=\u201d04\u2033 align=\u201dcenter\u201d _builder_version=\u201d4.17.6\u2033 _module_preset=\u201ddefault\u201d width=\u201d40%\u201d filter_hue_rotate=\u201d164deg\u201d global_colors_info=\u201d{}\u201d][\/et_pb_image][et_pb_text _builder_version=\u201d4.23.4\u2033 _module_preset=\u201ddefault\u201d global_colors_info=\u201d{}\u201d]<\/p>\n<p><strong>Hoe kan ik de testresultaten krijgen?<\/strong><\/p>\n<p>Je kunt de resultaten van deze test krijgen via een 24-uurs aanbieding of een maandabonnement.<\/p>\n<p>Op de pagina \"Hoe werkt het?\" vind je alle stappen die je moet doorlopen om de test te voltooien en je in te schrijven voor een pakket.<\/p>\n<p>De geschiedenis van alle tests die op je account zijn uitgevoerd, is beschikbaar op het tabblad Geschiedenis in je accountgedeelte.<\/p>\n<p>[et_pb_text][\/et_pb_column][\/et_pb_row][et_pb_row column_structure=\u201d2_5,3_5\u2033 module_class=\u201dsouscrire_tab tab\u201d _builder_version=\u201d4.17.6\u2033 _module_preset=\u201ddefault\u201d global_colors_info=\u201d{}\u201d][et_pb_column type=\u201d2_5\u2033 _builder_version=\u201d4.17.6\u2033 _module_preset=\u201ddefault\u201d global_colors_info=\u201d{}\u201d][\/et_pb_column][et_pb_column type=\u201d3_5\u2033 _builder_version=\u201d4.17.6\u2033 _module_preset=\u201ddefault\u201d global_colors_info=\u201d{}\u201d][et_pb_text module_class=\u201dcustom-title\u201d _builder_version=\u201d4.17.6\u2033 _module_preset=\u201ddefault\u201d global_colors_info=\u201d{}\u201d]<\/p>\n<h2>Abonnement<\/h2>\n<p>[\/et_pb_text][et_pb_image src=\u201dhttps:\/\/talk4to.com\/wp-content\/uploads\/2023\/08\/05.svg\u201d title_text=\u201d05\u2033 align=\u201dcenter\u201d _builder_version=\u201d4.17.6\u2033 _module_preset=\u201ddefault\u201d width=\u201d40%\u201d filter_hue_rotate=\u201d164deg\u201d global_colors_info=\u201d{}\u201d][\/et_pb_image][et_pb_text _builder_version=\u201d4.23.4\u2033 _module_preset=\u201ddefault\u201d global_colors_info=\u201d{}\u201d]<\/p>\n<p><strong>Hoe schrijf ik me in?<\/strong><\/p>\n<p>Allereerst moet je de test doen. Als je klaar bent, moet je om je resultaten te bekijken je aanmelden voor de 24-uursaanbieding, die \u20ac0,50 kost. Na deze periode wordt de aanbieding automatisch omgezet in een maandabonnement voor \u20ac47,50.<\/p>\n<p>Als je alleen wilt profiteren van de 24-uursaanbieding, meld je je gewoon af.<\/p>\n<p>Voor meer informatie over hoe je de test maakt en de abonnementsopties, zie de pagina \"Hoe werkt het?<\/p>\n<p>[\/et_pb_text][\/et_pb_column][\/et_pb_row][et_pb_row column_structure=\u201d2_5,3_5\u2033 module_class=\u201dservices_tab tab\u201d _builder_version=\u201d4.17.6\u2033 _module_preset=\u201ddefault\u201d global_colors_info=\u201d{}\u201d][et_pb_column type=\u201d2_5\u2033 _builder_version=\u201d4.17.6\u2033 _module_preset=\u201ddefault\u201d global_colors_info=\u201d{}\u201d][\/et_pb_column][et_pb_column type=\u201d3_5\u2033 _builder_version=\u201d4.17.6\u2033 _module_preset=\u201ddefault\u201d global_colors_info=\u201d{}\u201d][et_pb_text module_class=\u201dcustom-title\u201d _builder_version=\u201d4.17.6\u2033 _module_preset=\u201ddefault\u201d global_colors_info=\u201d{}\u201d]<\/p>\n<h2>Abonnement<\/h2>\n<p>[\/et_pb_text][et_pb_image src=\u201dhttps:\/\/talk4to.com\/wp-content\/uploads\/2023\/08\/06.svg\u201d title_text=\u201d06\u2033 align=\u201dcenter\u201d _builder_version=\u201d4.17.6\u2033 _module_preset=\u201ddefault\u201d width=\u201d40%\u201d filter_hue_rotate=\u201d164deg\u201d global_colors_info=\u201d{}\u201d][\/et_pb_image][et_pb_text _builder_version=\u201d4.23.4\u2033 _module_preset=\u201ddefault\u201d global_colors_info=\u201d{}\u201d]<\/p>\n<h5 class=\"et_pb_toggle_title\">Welke voordelen en services zijn inbegrepen in het abonnement?<\/h5>\n<p><span>Met het abonnement kun je de test steeds opnieuw doen, voor jezelf of voor anderen. Bovendien heb je toegang tot de resultaten, zodat je ze kunt vergelijken en opslaan.<\/span><\/p>\n<p>[et_pb_text][\/et_pb_column][\/et_pb_row][et_pb_row column_structure=\u201d2_5,3_5\u2033 module_class=\u201ddesabonner_tab tab\u201d _builder_version=\u201d4.17.6\u2033 _module_preset=\u201ddefault\u201d global_colors_info=\u201d{}\u201d][et_pb_column type=\u201d2_5\u2033 _builder_version=\u201d4.17.6\u2033 _module_preset=\u201ddefault\u201d global_colors_info=\u201d{}\u201d][\/et_pb_column][et_pb_column type=\u201d3_5\u2033 _builder_version=\u201d4.17.6\u2033 _module_preset=\u201ddefault\u201d global_colors_info=\u201d{}\u201d][et_pb_text module_class=\u201dcustom-title\u201d _builder_version=\u201d4.17.6\u2033 _module_preset=\u201ddefault\u201d global_colors_info=\u201d{}\u201d]<\/p>\n<h2>Abonnement<\/h2>\n<p>[\/et_pb_text][et_pb_image src=\u201dhttps:\/\/talk4to.com\/wp-content\/uploads\/2023\/08\/07-08.svg\u201d title_text=\u201d07-08\u2033 align=\u201dcenter\u201d _builder_version=\u201d4.17.6\u2033 _module_preset=\u201ddefault\u201d width=\u201d40%\u201d filter_hue_rotate=\u201d164deg\u201d global_colors_info=\u201d{}\u201d][\/et_pb_image][et_pb_text _builder_version=\u201d4.17.6\u2033 _module_preset=\u201ddefault\u201d global_colors_info=\u201d{}\u201d]<strong>Hoe kan ik me uitschrijven?<\/strong><\/p>\n<p>Om je af te melden, klik je op het tabblad \u201cAfmelden\u201d of ga je naar je \u201cmijn account\u201d gedeelte, vul je je e-mailadres in en bevestig je[\/et_pb_text][\/et_pb_column][\/et_pb_row][et_pb_row column_structure=\u201d2_5,3_5\u2033 module_class=\u201dessai_tab tab\u201d _builder_version=\u201d4.17.6\u2033 _module_preset=\u201ddefault\u201d global_colors_info=\u201d{}\u201d][et_pb_column type=\u201d2_5\u2033 _builder_version=\u201d4.17.6\u2033 _module_preset=\u201ddefault\u201d global_colors_info=\u201d{}\u201d][\/et_pb_column][et_pb_column type=\u201d3_5\u2033 _builder_version=\u201d4.17.6\u2033 _module_preset=\u201ddefault\u201d global_colors_info=\u201d{}\u201d][et_pb_text module_class=\u201dcustom-title\u201d _builder_version=\u201d4.17.6\u2033 _module_preset=\u201ddefault\u201d global_colors_info=\u201d{}\u201d]<\/p>\n<h2>Abonnement<\/h2>\n<p>[\/et_pb_text][et_pb_image src=\u201dhttps:\/\/talk4to.com\/wp-content\/uploads\/2023\/08\/07-08.svg\u201d title_text=\u201d07-08\u2033 align=\u201dcenter\u201d _builder_version=\u201d4.17.6\u2033 _module_preset=\u201ddefault\u201d width=\u201d40%\u201d filter_hue_rotate=\u201d164deg\u201d global_colors_info=\u201d{}\u201d][\/et_pb_image][et_pb_text _builder_version=\u201d4.17.6\u2033 _module_preset=\u201ddefault\u201d global_colors_info=\u201d{}\u201d]<strong>Ik ben vergeten me af te melden voor het einde van mijn proefperiode. Kan ik mijn geld terugkrijgen?<\/strong><\/p>\n<p>Als je vergeten bent je af te melden, kun je je geld terugkrijgen door een verzoek in te dienen binnen 14 dagen na het afsluiten van het abonnement en als je na de 24-uursaanbieding geen gebruik hebt gemaakt van onze diensten.[\/et_pb_text][\/et_pb_column][\/et_pb_row][\/et_pb_section][et_pb_section fb_built=\u201d1\u2033 _builder_version=\u201d4.23.4\u2033 _module_preset=\u201ddefault\u201d background_color=\u201dRGBA(255,255,255,0)\u201d positioning=\u201dabsolute\u201d global_colors_info=\u201d{}\u201d][et_pb_row _builder_version=\u201d4.17.6\u2033 _module_preset=\u201ddefault\u201d global_colors_info=\u201d{}\u201d][et_pb_column type=\u201d4_4\u2033 _builder_version=\u201d4.17.6\u2033 _module_preset=\u201ddefault\u201d global_colors_info=\u201d{}\u201d][et_pb_code _builder_version=\u201d4.17.6\u2033 _module_preset=\u201ddefault\u201d global_colors_info=\u201d{}\u201d]<script><!-- [et_pb_line_break_holder] -->  $( document ).ready(function() {<!-- [et_pb_line_break_holder] -->    <!-- [et_pb_line_break_holder] -->$( \".button_faq\" ).on( \"click\", function() {<!-- [et_pb_line_break_holder] -->  $(\".tab\").hide();<!-- [et_pb_line_break_holder] -->  $(\".button_faq\").removeClass(\"current\");<!-- [et_pb_line_break_holder] -->  $(\".all_tab\").show();<!-- [et_pb_line_break_holder] -->  $(\".contact-info\").hide();<!-- [et_pb_line_break_holder] -->  \/\/ Animate only for tab\/mobile<!-- [et_pb_line_break_holder] -->  if ($(window).width() < 768) {<!-- [et_pb_line_break_holder] -->  $('html, body').animate({<!-- [et_pb_line_break_holder] -->        scrollTop: $(\".all_tab\").offset().top<!-- [et_pb_line_break_holder] -->    }, 2000);<!-- [et_pb_line_break_holder] -->  }<!-- [et_pb_line_break_holder] -->  \/\/ QUESTIONS POUR LES TEST<!-- [et_pb_line_break_holder] --> if ($(this).hasClass(\"objectif\")) {<!-- [et_pb_line_break_holder] -->   $(this).addClass(\"current\");<!-- [et_pb_line_break_holder] -->   $(\".objectif_tab\").show();<!-- [et_pb_line_break_holder] --> }<!-- [et_pb_line_break_holder] -->\telse if ($(this).hasClass(\"fonctionne\")) {<!-- [et_pb_line_break_holder] -->     $(this).addClass(\"current\");<!-- [et_pb_line_break_holder] -->   $(\".fonctionne_tab\").show();<!-- [et_pb_line_break_holder] --> }<!-- [et_pb_line_break_holder] -->  \telse if ($(this).hasClass(\"utile\")) {<!-- [et_pb_line_break_holder] -->       $(this).addClass(\"current\");<!-- [et_pb_line_break_holder] -->   $(\".utile_tab\").show();<!-- [et_pb_line_break_holder] --> }<!-- [et_pb_line_break_holder] -->  \telse if ($(this).hasClass(\"obtenir\")) {<!-- [et_pb_line_break_holder] -->       $(this).addClass(\"current\");<!-- [et_pb_line_break_holder] -->   $(\".obtenir_tab\").show();<!-- [et_pb_line_break_holder] --> }<!-- [et_pb_line_break_holder] -->  <!-- [et_pb_line_break_holder] -->  \/\/ QUESTIONS POUR L'ABONNEMENT<!-- [et_pb_line_break_holder] -->  <!-- [et_pb_line_break_holder] -->  \telse if ($(this).hasClass(\"souscrire\")) {<!-- [et_pb_line_break_holder] -->       $(this).addClass(\"current\");<!-- [et_pb_line_break_holder] -->   $(\".souscrire_tab\").show();<!-- [et_pb_line_break_holder] --> }<!-- [et_pb_line_break_holder] -->  \telse if ($(this).hasClass(\"services\")) {<!-- [et_pb_line_break_holder] -->       $(this).addClass(\"current\");<!-- [et_pb_line_break_holder] -->   $(\".services_tab\").show();<!-- [et_pb_line_break_holder] --> }<!-- [et_pb_line_break_holder] -->  \telse if ($(this).hasClass(\"desabonner\")) {<!-- [et_pb_line_break_holder] -->       $(this).addClass(\"current\");<!-- [et_pb_line_break_holder] -->   $(\".desabonner_tab\").show();<!-- [et_pb_line_break_holder] --> }<!-- [et_pb_line_break_holder] -->  \telse if ($(this).hasClass(\"essai\")) {<!-- [et_pb_line_break_holder] -->       $(this).addClass(\"current\");<!-- [et_pb_line_break_holder] -->   $(\".essai_tab\").show();<!-- [et_pb_line_break_holder] --> }<!-- [et_pb_line_break_holder] -->} );<!-- [et_pb_line_break_holder] -->    <!-- [et_pb_line_break_holder] -->});<!-- [et_pb_line_break_holder] --><\/script>[\/et_pb_code][\/et_pb_column][\/et_pb_row][\/et_pb_section]<\/p>","protected":false},"excerpt":{"rendered":"<p>Le testQuel est le but de ce test ?Quel est la proc\u00e9dure pour acc\u00e9der aux r\u00e9sultats du test ?Qu&#8217;elle est l&#8217;utilit\u00e9 de ce test ?Comment puis-je acc\u00e9der aux r\u00e9sultats du test ?L&#8217;abonnementComment s&#8217;abonner ?Quels avantages et services sont compris dans le cadre de l&#8217;abonnement ?Comment puis-je me d\u00e9sabonner ?Si j&#8217;ai manqu\u00e9 de me d\u00e9sinscrire avant [&hellip;]<\/p>","protected":false},"author":1,"featured_media":0,"parent":0,"menu_order":0,"comment_status":"closed","ping_status":"closed","template":"","meta":{"_et_pb_use_builder":"on","_et_pb_old_content":"<!-- wp:divi\/placeholder \/-->","_et_gb_content_width":"","inline_featured_image":false,"footnotes":""},"class_list":["post-34","page","type-page","status-publish","hentry"],"_links":{"self":[{"href":"https:\/\/talk4to.com\/nl\/wp-json\/wp\/v2\/pages\/34","targetHints":{"allow":["GET"]}}],"collection":[{"href":"https:\/\/talk4to.com\/nl\/wp-json\/wp\/v2\/pages"}],"about":[{"href":"https:\/\/talk4to.com\/nl\/wp-json\/wp\/v2\/types\/page"}],"author":[{"embeddable":true,"href":"https:\/\/talk4to.com\/nl\/wp-json\/wp\/v2\/users\/1"}],"replies":[{"embeddable":true,"href":"https:\/\/talk4to.com\/nl\/wp-json\/wp\/v2\/comments?post=34"}],"version-history":[{"count":40,"href":"https:\/\/talk4to.com\/nl\/wp-json\/wp\/v2\/pages\/34\/revisions"}],"predecessor-version":[{"id":1585,"href":"https:\/\/talk4to.com\/nl\/wp-json\/wp\/v2\/pages\/34\/revisions\/1585"}],"wp:attachment":[{"href":"https:\/\/talk4to.com\/nl\/wp-json\/wp\/v2\/media?parent=34"}],"curies":[{"name":"wp","href":"https:\/\/api.w.org\/{rel}","templated":true}]}}