{"id":827,"date":"2023-09-28T12:26:55","date_gmt":"2023-09-28T12:26:55","guid":{"rendered":"https:\/\/stg-talktotoeic-devtalkto.kinsta.cloud\/?page_id=827"},"modified":"2024-06-24T13:23:00","modified_gmt":"2024-06-24T13:23:00","slug":"se-desabonner","status":"publish","type":"page","link":"https:\/\/talk4to.com\/lt\/se-desabonner\/","title":{"rendered":"Atsisakyti prenumeratos"},"content":{"rendered":"<p>[et_pb_section fb_built=&#8221;1&#8243; _builder_version=&#8221;4.17.6&#8243; _module_preset=&#8221;default&#8221; global_colors_info=&#8221;{}&#8221;][et_pb_row _builder_version=&#8221;4.17.6&#8243; _module_preset=&#8221;default&#8221; locked=&#8221;off&#8221; global_colors_info=&#8221;{}&#8221;][et_pb_column type=&#8221;4_4&#8243; _builder_version=&#8221;4.17.6&#8243; _module_preset=&#8221;default&#8221; global_colors_info=&#8221;{}&#8221;][et_pb_text module_class=&#8221;custom-title&#8221; _builder_version=&#8221;4.17.6&#8243; _module_preset=&#8221;default&#8221; global_colors_info=&#8221;{}&#8221;]<\/p>\n<h2>Atsisakyti prenumeratos<\/h2>\n<p>[\/et_pb_text][\/et_pb_column][\/et_pb_row][et_pb_row _builder_version=&#8221;4.17.6&#8243; _module_preset=&#8221;default&#8221; global_colors_info=&#8221;{}&#8221;][et_pb_column type=&#8221;4_4&#8243; _builder_version=&#8221;4.17.6&#8243; _module_preset=&#8221;default&#8221; global_colors_info=&#8221;{}&#8221;][et_pb_text _builder_version=&#8221;4.23.4&#8243; _module_preset=&#8221;default&#8221; text_font=&#8221;ProximaNova Bold||||||||&#8221; text_font_size=&#8221;20px&#8221; text_orientation=&#8221;center&#8221; width=&#8221;60%&#8221; width_tablet=&#8221;60%&#8221; width_phone=&#8221;100%&#8221; width_last_edited=&#8221;on|phone&#8221; module_alignment=&#8221;center&#8221; global_colors_info=&#8221;{}&#8221;]<\/p>\n<p style=\"text-align: left;\">Nor\u0117dami lengvai atsisakyti prenumeratos, tiesiog \u012fveskite savo el. pa\u0161to adres\u0105 ir spustel\u0117kite \"atsisakyti prenumeratos\".<\/p>\n<p>[\/et_pb_text][et_pb_code module_id=&#8221;unsubscribe_form&#8221; _builder_version=&#8221;4.23.4&#8243; _module_preset=&#8221;default&#8221; width=&#8221;60%&#8221; width_tablet=&#8221;100%&#8221; width_phone=&#8221;100%&#8221; width_last_edited=&#8221;on|phone&#8221; module_alignment=&#8221;center&#8221; custom_padding=&#8221;30px|50px|30px|50px|true|true&#8221; custom_padding_tablet=&#8221;30px|50px|30px|50px|true|true&#8221; custom_padding_phone=&#8221;|20px||20px|true|true&#8221; custom_padding_last_edited=&#8221;on|phone&#8221; custom_css_main_element=&#8221;overflow-x:hidden !important;&#8221; border_radii=&#8221;on|15px|15px|15px|15px&#8221; box_shadow_style=&#8221;preset1&#8243; box_shadow_color=&#8221;rgba(0,0,0,0.16)&#8221; global_colors_info=&#8221;{}&#8221;]<form action=\"https:\/\/talk4to.com\/wp-admin\/admin-post.php\" method=\"post\">\n\t\t\t\t<input type=\"hidden\" name=\"action\" value=\"b5pt_cancel_sub\">\n\t\t\t\t<div class=\"cancel-wrap\">\n\t\t\t\t<label for=\"stripe_email\">El. pa\u0161tas<\/label>\n\t\t\t\t<input type=\"email\" name=\"email\" id=\"stripe_email\" placeholder=\"johndoe@gmail.com\" value=\"\">\n\t\t\t\t<input type=\"submit\" value=\"At\u0161aukti prenumerat\u0105\">\n\t\t\t\t<\/div> \n\t\t\t<\/form>[\/et_pb_code][\/et_pb_column][\/et_pb_row][\/et_pb_section][et_pb_section fb_built=&#8221;1&#8243; _builder_version=&#8221;4.17.6&#8243; _module_preset=&#8221;default&#8221; locked=&#8221;off&#8221; global_colors_info=&#8221;{}&#8221;][et_pb_row column_structure=&#8221;1_2,1_2&#8243; _builder_version=&#8221;4.17.6&#8243; _module_preset=&#8221;default&#8221; global_colors_info=&#8221;{}&#8221;][et_pb_column type=&#8221;1_2&#8243; _builder_version=&#8221;4.17.6&#8243; _module_preset=&#8221;default&#8221; global_colors_info=&#8221;{}&#8221;][et_pb_image src=&#8221;https:\/\/talk4to.com\/wp-content\/uploads\/2023\/08\/FAQ.svg&#8221; title_text=&#8221;FAQ&#8221; _builder_version=&#8221;4.23.4&#8243; _module_preset=&#8221;default&#8221; filter_hue_rotate=&#8221;180deg&#8221; global_colors_info=&#8221;{}&#8221;][\/et_pb_image][\/et_pb_column][et_pb_column type=&#8221;1_2&#8243; _builder_version=&#8221;4.17.6&#8243; _module_preset=&#8221;default&#8221; global_colors_info=&#8221;{}&#8221;][et_pb_text module_class=&#8221;custom-title&#8221; _builder_version=&#8221;4.17.6&#8243; _module_preset=&#8221;default&#8221; locked=&#8221;off&#8221; global_colors_info=&#8221;{}&#8221;]<\/p>\n<h2>DUK<\/h2>\n<p>[et_pb_text][et_pb_toggle title=\u201dKoks \u0161i\u0173 mokym\u0173 tikslas?\u201d open_toggle_text_color=\u201d#4e4e4e\u201d icon_color=\u201d#ff9666\u2033 toggle_icon=\u201d3|||divi|||400\u2033 use_icon_font_size=\u201don\u201d icon_font_size=\u201d45px\u201d open_icon_color=\u201d#ff9666\u2033 open_toggle_icon=\u201d2||divi|||400\u2033 open_use_icon_font_size=\u201don\u201d open_icon_font_size=\u201d45px\u201d _builder_version=\u201d4.23.4\u2033 _module_preset=\u201ddefault\u201d title_text_color=\u201d#4e4e4e\u201d title_font=\u201d|700|||||||\u201d title_font_size=\u201d18px\u201d closed_title_font=\u201d|700|||||||\u201d closed_title_font_size=\u201d18px\u201d body_font=\u201d|300|||||||\u201d body_font_size=\u201d16px\u201d background_color=\u201dRGBA(255,255,255,255,0)\u201d custom_margin=\u201d|||30px|||false|false\u201d custom_padding=\u201d||5px||false|false\u201d custom_css_toggle_title=\u201dmargin-left:-20px;\u201d custom_css_toggle_content=\u201dmargin-left:20px;\u201d border_width_all=\u201d0px\u201d border_width_bottom=\u201d3px\u201d border_color_bottom=\u201d#ff9666\u2033 global_colors_info=\u201d{}\u201d]<\/p>\n<p>\u0160i\u0173 mokym\u0173 tikslas - \u012fvertinti asmens \u017einias ir supratim\u0105 \u012fvairiose srityse.<\/p>\n<p>\u0160iais vertinimais siekiama \u012fvertinti asmens bendr\u0105sias \u017einias akademiniame kontekste arba nustatyti jo stipri\u0105sias ir silpn\u0105sias puses, taip sudarant s\u0105lygas nuolatiniam asmeniniam ir profesiniam tobul\u0117jimui.<\/p>\n<p>[et_pb_toggle][et_pb_toggle title=\u201dKaip pasiekti rezultatus?\u201d open_toggle_text_color=\u201d#4e4e4e\u201d icon_color=\u201d#ff9666\u2033 toggle_icon=\u201d3|||divi|||400\u2033 use_icon_font_size=\u201don\u201d icon_font_size=\u201d45px\u201d open_icon_color=\u201d#ff9666\u2033 open_toggle_icon=\u201d2||divi|||400\u2033 open_use_icon_font_size=\u201don\u201d open_icon_font_size=\u201d45px\u201d _builder_version=\u201d4.23.4\u2033 _module_preset=\u201ddefault\u201d title_text_color=\u201d#4e4e4e\u201d title_font=\u201d|700|||||||\u201d title_font_size=\u201d18px\u201d closed_title_font=\u201d|700|||||||\u201d closed_title_font_size=\u201d18px\u201d body_font=\u201d|300|||||||\u201d body_font_size=\u201d16px\u201d background_color=\u201dRGBA(255,255,255,255,0)\u201d custom_margin=\u201d|||30px|||false|false\u201d custom_padding=\u201d||5px||false|false\u201d custom_css_toggle_title=\u201dmargin-left:-20px;\u201d custom_css_toggle_content=\u201dmargin-left:20px;\u201d border_width_all=\u201d0px\u201d border_width_bottom=\u201d3px\u201d border_color_bottom=\u201d#ff9666\u2033 global_colors_info=\u201d{}\u201d]<\/p>\n<p>Pratyb\u0173 rezultatus galima gauti pasinaudojus 24 valand\u0173 pasi\u016blymu arba m\u0117nesio prenumerata.<\/p>\n<p>I\u0161samesn\u0117s informacijos apie tai, kaip atlikti test\u0105 ir kaip j\u012f u\u017esiprenumeruoti, rasite skyriuje \"Kaip tai veikia?<\/p>\n<p>Vis\u0105 savo test\u0173 istorij\u0105 taip pat galite per\u017ei\u016br\u0117ti paskyros srityje esan\u010diame skirtuke \"Istorija\".<\/p>\n<p>[et_pb_toggle][et_pb_toggle title=\u201dKaip u\u017esiprenumeruoti?\u201d open_toggle_text_color=\u201d#4e4e4e\u201d icon_color=\u201d#ff9666\u2033 toggle_icon=\u201d3|||divi|||400\u2033 use_icon_font_size=\u201don\u201d icon_font_size=\u201d45px\u201d open_icon_color=\u201d#ff9666\u2033 open_toggle_icon=\u201d2||divi|||400\u2033 open_use_icon_font_size=\u201don\u201d open_icon_font_size=\u201d45px\u201d _builder_version=\u201d4.23.4\u2033 _module_preset=\u201ddefault\u201d title_text_color=\u201d#4e4e4e\u201d title_font=\u201d|700|||||||\u201d title_font_size=\u201d18px\u201d closed_title_font=\u201d|700|||||||\u201d closed_title_font_size=\u201d18px\u201d body_font=\u201d|300|||||||\u201d body_font_size=\u201d16px\u201d background_color=\u201dRGBA(255,255,255,255,0)\u201d custom_margin=\u201d|||30px|||false|false\u201d custom_padding=\u201d||5px||false|false\u201d custom_css_toggle_title=\u201dmargin-left:-20px;\u201d custom_css_toggle_content=\u201dmargin-left:20px;\u201d border_width_all=\u201d0px\u201d border_width_bottom=\u201d3px\u201d border_color_bottom=\u201d#ff9666\u2033 global_colors_info=\u201d{}\u201d]<\/p>\n<p>Pirmiausia turite atlikti test\u0105. Kai j\u012f atliksite, nor\u0117dami susipa\u017einti su rezultatais, turite u\u017esiregistruoti 24 valand\u0173 trukm\u0117s pasi\u016blyme, kuris kainuoja 0,50 EUR. Pasibaigus \u0161iam laikotarpiui, pasi\u016blymas automati\u0161kai pakei\u010diamas \u012f m\u0117nesin\u0119 prenumerat\u0105, kainuojan\u010di\u0105 47,50 \u20ac.<\/p>\n<p>Jei norite pasinaudoti tik 24 valand\u0173 pasi\u016blymu, tiesiog atsisakykite prenumeratos.<\/p>\n<p>Daugiau informacijos apie tai, kaip atlikti test\u0105 ir prenumeratos galimybes, rasite puslapyje \"Kaip tai veikia\".<\/p>\n<p>[et_pb_toggle title=\u201dKokie privalumai ir paslaugos \u012ftraukti \u012f prenumerat\u0105?\u201d open_toggle_text_color=\u201d#4e4e4e\u201d icon_color=\u201d#ff9666\u2033 toggle_icon=\u201d3|||divi||400\u2033 use_icon_font_size=\u201don\u201d icon_font_size=\u201d45px\u201d open_icon_color=\u201d#ff9666\u2033 open_toggle_icon=\u201d2||divi|||400\u2033 open_use_icon_font_size=\u201don\u201d open_icon_font_size=\u201d45px\u201d _builder_version=\u201d4.23.4\u2033 _module_preset=\u201ddefault\u201d title_text_color=\u201d#4e4e4e\u201d title_font=\u201d|700|||||||\u201d title_font_size=\u201d18px\u201d closed_title_font=\u201d|700|||||||\u201d closed_title_font_size=\u201d18px\u201d body_font=\u201d|300|||||||\u201d body_font_size=\u201d16px\u201d background_color=\u201dRGBA(255,255,255,255,0)\u201d custom_margin=\u201d|||30px|||false|false\u201d custom_padding=\u201d||5px||false|false\u201d custom_css_toggle_title=\u201dmargin-left:-20px;\u201d custom_css_toggle_content=\u201dmargin-left:20px;\u201d border_width_all=\u201d0px\u201d border_width_bottom=\u201d3px\u201d border_color_bottom=\u201d#ff9666\u2033 global_colors_info=\u201d{}\u201d]<\/p>\n<p>U\u017esisak\u0119 prenumerat\u0105, test\u0105 galite atlikti kelis kartus - sau arba kitam asmeniui. Taip pat galite pasiekti, palyginti ir i\u0161saugoti savo rezultatus, kad gal\u0117tum\u0117te juos reguliariai steb\u0117ti. Be to, tur\u0117site galimyb\u0119 atlikti pa\u017eangesnius \"Premium\" testus, kad gal\u0117tum\u0117te i\u0161samiau i\u0161analizuoti savo kalbos \u012fg\u016bd\u017eius.<\/p>\n<p>[\/et_pb_toggle][et_pb_button button_url=\u201d@ET-DC@eyJkeW5hbWljIjp0cnVlLCJjb250ZW50IjoicG9zdF9saW5rX3VybF9wYWdlIiwic2V0dGluZ3MiOnsicG9zdF9pZCI6IjM0In19@\u201d button_text=\u201dDUK\u201d button_alignment=\u201dcenter\u201d disabled_on=\u201doff|off|off\u201d module_class=\u201dcustom-btn center \u201d _builder_version=\u201d4.23.4\u2033 _dynamic_attributes=\u201dbutton_url\u201d _module_preset=\u201ddefault\u201d button_border_color=\u201d#E02B20\u2033 custom_margin=\u201d||||true|false\u201d custom_padding=\u201d|50px||50px|false|true\u201d custom_padding_tablet=\u201d|50px|50px|false|true\u201d custom_padding_phone=\u201d|50px|50px|false|true\u201d custom_padding_last_edited=\u201don|desktop\u201d locked=\u201doff\u201d global_colors_info=\u201d{}\u201d][\/et_pb_button][\/et_pb_column][\/et_pb_row][\/et_pb_section]<\/p>","protected":false},"excerpt":{"rendered":"<p>Se d\u00e9sabonnerPour vous d\u00e9sabonner facilement, il vous suffit de saisir votre adresse e-mail et de cliquer sur &#8220;annuler l&#8217;abonnement&#8221;.<form action=\"https:\/\/talk4to.com\/wp-admin\/admin-post.php\" method=\"post\">\n\t\t\t\t<input type=\"hidden\" name=\"action\" value=\"b5pt_cancel_sub\">\n\t\t\t\t<div class=\"cancel-wrap\">\n\t\t\t\t<label for=\"stripe_email\">El. pa\u0161tas<\/label>\n\t\t\t\t<input type=\"email\" name=\"email\" id=\"stripe_email\" placeholder=\"johndoe@gmail.com\" value=\"\">\n\t\t\t\t<input type=\"submit\" value=\"At\u0161aukti prenumerat\u0105\">\n\t\t\t\t<\/div> \n\t\t\t<\/form>FAQL&#8217;objectif de ces entrainements est de mesurer les connaissances et la compr\u00e9hension d&#8217;un individu dans diff\u00e9rents domaines. Ces \u00e9valuations sont con\u00e7ues pour appr\u00e9cier le savoir g\u00e9n\u00e9ral d&#8217;une personne dans un contexte acad\u00e9mique, ou pour identifier ses forces [&hellip;]<\/p>","protected":false},"author":1,"featured_media":0,"parent":0,"menu_order":0,"comment_status":"closed","ping_status":"closed","template":"","meta":{"_et_pb_use_builder":"on","_et_pb_old_content":"<!-- wp:divi\/placeholder \/-->","_et_gb_content_width":"","inline_featured_image":false,"footnotes":""},"class_list":["post-827","page","type-page","status-publish","hentry"],"_links":{"self":[{"href":"https:\/\/talk4to.com\/lt\/wp-json\/wp\/v2\/pages\/827","targetHints":{"allow":["GET"]}}],"collection":[{"href":"https:\/\/talk4to.com\/lt\/wp-json\/wp\/v2\/pages"}],"about":[{"href":"https:\/\/talk4to.com\/lt\/wp-json\/wp\/v2\/types\/page"}],"author":[{"embeddable":true,"href":"https:\/\/talk4to.com\/lt\/wp-json\/wp\/v2\/users\/1"}],"replies":[{"embeddable":true,"href":"https:\/\/talk4to.com\/lt\/wp-json\/wp\/v2\/comments?post=827"}],"version-history":[{"count":20,"href":"https:\/\/talk4to.com\/lt\/wp-json\/wp\/v2\/pages\/827\/revisions"}],"predecessor-version":[{"id":1470,"href":"https:\/\/talk4to.com\/lt\/wp-json\/wp\/v2\/pages\/827\/revisions\/1470"}],"wp:attachment":[{"href":"https:\/\/talk4to.com\/lt\/wp-json\/wp\/v2\/media?parent=827"}],"curies":[{"name":"wp","href":"https:\/\/api.w.org\/{rel}","templated":true}]}}