{"id":34,"date":"2023-08-18T13:36:09","date_gmt":"2023-08-18T13:36:09","guid":{"rendered":"https:\/\/stg-talktotoeic-devtalkto.kinsta.cloud\/?page_id=34"},"modified":"2025-01-07T13:14:13","modified_gmt":"2025-01-07T13:14:13","slug":"faq","status":"publish","type":"page","link":"https:\/\/talk4to.com\/lt\/faq\/","title":{"rendered":"DUK"},"content":{"rendered":"<p>[et_pb_section fb_built=\u201d1\u2033 admin_label=\u201dKlausimai\u201d module_class=\u201dcustom-faq\u201d _builder_version=\u201d4.17.6\u2033 _module_preset=\u201ddefault\u201d custom_css_before=\u201d content: \u201d;|| background: center \/ contain no-repeat url(https:\/\/talk4to.com\/wp-content\/uploads\/2023\/08\/Trace-1438-1.svg);||pozicija: absoliuti;|| rodymas: blokinis;|| plotis: 1300px;|| auk\u0161tis: 1300px;|| de\u0161in\u0117: -100px;||vir\u0161utinis:-00px;||nurodym\u0173-\u012fvyki\u0173:n\u0117ra;||||\u201d global_colors_info=\u201d{}\u201d][et_pb_row column_structure=\u201d1_3,2_3\u2033 _builder_version=\u201d4.23.4\u2033 _module_preset=\u201ddefault\u201d global_colors_info=\u201d{}\u201d][et_pb_column type=\u201d1_3\u2033 _builder_version=\u201d4.23.4\u2033 _module_preset=\u201ddefault\u201d background_color=\u201d#FFFFFFFF\u201d custom_padding=\u201d20px|30px|20px|30px|30px|true|true\u201d custom_padding_tablet=\u201d40px|40px|40px|40px|true|true\u201d custom_padding_phone=\u201d||||false|true\u201d custom_padding_last_edited=\u201don|desktop\u201d background_color_tablet=\u201d#FFFFFFFF\u201d background_last_edited=\u201don|tablet\u201d background_enable_color_tablet=\u201don\u201d border_radii=\u201don|50px|50px|50px|50px|50px\u201d box_shadow_style=\u201dpreset1\u2033 box_shadow_horizontal=\u201d3px\u201d box_shadow_vertical=\u201d6px\u201d box_shadow_blur=\u201d10px\u201d box_shadow_color=\u201drgba(0,0,0,0.16)\u201d global_colors_info=\u201d{}\u201d custom_css_before_last_edited=\u201don|desktop\u201d custom_css_before_tablet=\u201dcontent:unset;\u201d custom_css_before_phone=\u201dcontent:unset;\u201d][et_pb_image src=\u201dhttps:\/\/talk4to.com\/wp-content\/uploads\/2023\/08\/FAQ.svg\u201d title_text=\u201dDUK\u201d align=\u201dcenter\u201d _builder_version=\u201d4.23.4\u2033 _module_preset=\u201ddefault\u201d width=\u201d70%\u201d module_alignment=\u201dcenter\u201d filter_hue_rotate=\u201d180deg\u201d global_colors_info=\u201d{}\u201d][\/et_pb_image][et_pb_text _builder_version=\u201d4.17.6\u2033 _module_preset=\u201ddefault\u201d text_font=\u201d|700|||||||\u201d text_text_color=\u201d#54a1d6\u2033 text_font_size=\u201d25px\u201d custom_margin=\u201d||20px|||false|false\u201d global_colors_info=\u201d{}\u201d]<\/p>\n<p>Testas<\/p>\n<p>[\/et_pb_text][et_pb_text module_class=\u201dbutton_faq objectif\u201d _builder_version=\u201d4.23.4\u2033 _module_preset=\u201ddefault\u201d text_font=\u201d|300|||||||\u201d custom_margin=\u201d||||false|false\u201d custom_padding=\u201d|||10px||false|false\u201d border_width_bottom=\u201d3px\u201d border_color_bottom=\u201d#e2f8fd\u201d global_colors_info=\u201d{}\u201d]<\/p>\n<p>Koks \u0161io testo tikslas?<\/p>\n<p>[\/et_pb_text][et_pb_text module_class=\u201dbutton_faq functions\u201d _builder_version=\u201d4.23.4\u2033 _module_preset=\u201ddefault\u201d text_font=\u201d|300|||||||\u201d custom_padding=\u201d||10px|||false|false\u201d border_width_bottom=\u201d3px\u201d border_color_bottom=\u201d#e2f8fd\u201d global_colors_info=\u201d{}\u201d]<\/p>\n<p>Kokia yra test\u0173 rezultat\u0173 gavimo tvarka?<\/p>\n<p>[\/et_pb_text][et_pb_text module_class=\u201dbutton_faq utile\u201d _builder_version=\u201d4.23.4\u2033 _module_preset=\u201ddefault\u201d text_font=\u201d|300|||||||\u201d custom_padding=\u201d||10px|||false|false\u201d border_width_bottom=\u201d3px\u201d border_color_bottom=\u201d#e2f8fd\u201d global_colors_info=\u201d{}\u201d]<\/p>\n<p>Koks \u0161io testo tikslas?<\/p>\n<p>[\/et_pb_text][et_pb_text module_class=\u201dbutton_faq obtenir\u201d _builder_version=\u201d4.23.4\u2033 _module_preset=\u201ddefault\u201d text_font=\u201d|300|||||||\u201d custom_padding=\u201d||10px|||false|false\u201d border_width_bottom=\u201d3px\u201d border_color_bottom=\u201d#e2f8fd\u201d global_colors_info=\u201d{}\u201d]<\/p>\n<p>Kaip galiu gauti savo tyrim\u0173 rezultatus?<\/p>\n<p>[\/et_pb_text][et_pb_text _builder_version=\u201d4.17.6\u2033 _module_preset=\u201ddefault\u201d text_font=\u201d|700|||||||\u201d text_text_color=\u201d#54a1d6\u2033 text_font_size=\u201d25px\u201d custom_margin=\u201d30px||20px||false|false\u201d global_colors_info=\u201d{}\u201d]<\/p>\n<p>Prenumerata<\/p>\n<p>[et_pb_text][et_pb_text module_class=\u201dbutton_faq subscribe\u201d _builder_version=\u201d4.23.4\u2033 _module_preset=\u201ddefault\u201d text_font=\u201d|300|||||||\u201d custom_padding=\u201d||10px|||false|false\u201d border_width_bottom=\u201d3px\u201d border_color_bottom=\u201d#e2f8fd\u201d global_colors_info=\u201d{}\u201d]<\/p>\n<p>Kaip u\u017esiprenumeruoti?<\/p>\n<p>[et_pb_text][et_pb_text module_class=\u201dbutton_faq services\u201d _builder_version=\u201d4.23.4\u2033 _module_preset=\u201ddefault\u201d text_font=\u201d|300|||||||\u201d custom_padding=\u201d||10px|||false|false\u201d border_width_bottom=\u201d3px\u201d border_color_bottom=\u201d#e2f8fd\u201d global_colors_info=\u201d{}\u201d]<\/p>\n<p>Kokie privalumai ir paslaugos \u012ftraukti \u012f prenumerat\u0105?<\/p>\n<p>[\/et_pb_text][et_pb_text module_class=\u201dbutton_faq desabonner\u201d _builder_version=\u201d4.23.4\u2033 _module_preset=\u201ddefault\u201d text_font=\u201d|300|||||||\u201d custom_padding=\u201d||10px|||false|false\u201d border_width_bottom=\u201d3px\u201d border_color_bottom=\u201d#e2f8fd\u201d global_colors_info=\u201d{}\u201d]<\/p>\n<p>Kaip galiu atsisakyti prenumeratos?<\/p>\n<p>[\/et_pb_text][et_pb_text module_class=\u201dbutton_faq essai\u201d _builder_version=\u201d4.23.4\u2033 _module_preset=\u201ddefault\u201d text_font=\u201d|300|||||||\u201d custom_padding=\u201d||10px|||false|false\u201d border_width_bottom=\u201d3px\u201d border_color_bottom=\u201d#e2f8fd\u201d global_colors_info=\u201d{}\u201d]<\/p>\n<p><span>Ar galima susigr\u0105\u017einti pinigus, jei nepavyks atsisakyti prenumeratos iki bandomojo laikotarpio pabaigos?<\/span><\/p>\n<p>[\/et_pb_text][\/et_pb_column][et_pb_column type=\u201d2_3\u2033 module_class=\u201dcontact-info\u201d _builder_version=\u201d4.17.6\u2033 _module_preset=\u201ddefault\u201d background_color=\u201dRGBA(255,255,255,0)\u201d custom_padding=\u201d|100px||100px|false|true\u201d custom_padding_tablet=\u201d|100px|100px|false|true\u201d custom_padding_phone=\u201d|0px|0px|false|true\u201d custom_padding_last_edited=\u201don|phone\u201d global_colors_info=\u201d{}\u201d][et_pb_text module_class=\u201dcustom-title center\u201d _builder_version=\u201d4.23.4\u2033 _module_preset=\u201ddefault\u201d global_colors_info=\u201d{}\u201d]<\/p>\n<h2>Susisiekite su mumis<\/h2>\n<p>[\/et_pb_text][et_pb_image src=\u201dhttps:\/\/talk4to.com\/wp-content\/uploads\/2023\/08\/Contact-1.svg\u201d title_text=\u201dKontaktai\u201d align=\u201dcenter\u201d _builder_version=\u201d4.23.4\u2033 _module_preset=\u201ddefault\u201d filter_hue_rotate=\u201d180deg\u201d global_colors_info=\u201d{}\u201d][\/et_pb_image][\/et_pb_image][et_pb_text _builder_version=\u201d4.23.4\u2033 _module_preset=\u201ddefault\u201d global_colors_info=\u201d{}\u201d]<\/p>\n<p>Jei turite klausim\u0173 arba norite gauti daugiau informacijos, nedvejodami kreipkit\u0117s \u012f mus.<\/p>\n<p>M\u016bs\u0173 komanda yra pasiry\u017eusi suteikti jums greit\u0105 atsakym\u0105.<\/p>\n<p>[et_pb_text][et_pb_button button_url=\u201d@ET-DC@eyJkeW5hbWljIjp0cnVlLCJjb250ZW50IjoicG9zdF9saW5rX3VybF9wYWdlIiwic2V0dGluZ3MiOnsicG9zdF9pZCI6IjMyIn19@\u201d button_text=\u201dSusisiekite su mumis\u201d button_alignment=\u201dcenter\u201d disabled_on=\u201doff|off|off\u201d module_class=\u201dcustom-btn center blue\u201d _builder_version=\u201d4.23.4\u2033 _dynamic_attributes=\u201dbutton_url\u201d _module_preset=\u201ddefault\u201d custom_margin=\u201d||||true|false\u201d custom_padding=\u201d|50px|50px|false|true\u201d custom_padding_tablet=\u201d|50px|50px|false|true\u201d custom_padding_phone=\u201d|50px|50px|false|true\u201d custom_padding_last_edited=\u201don|desktop\u201d hover_enabled=\u201d0\u2033 locked=\u201doff\u201d global_colors_info=\u201d{}\u201d sticky_enabled=\u201d0\u2033][\/et_pb_button][\/et_pb_column][\/et_pb_column][\/et_pb_row][\/et_pb_section][et_pb_section fb_built=\u201d1\u2033 admin_label=\u201dKlausim\u0173 skirtukai\u201d module_id=\u201dall_tab_prior\u201d module_class=\u201dall_tab\u201d _builder_version=\u201d4.23.4\u2033 _module_preset=\u201ddefault\u201d background_color=\u201dRGBA(255,255,255,255,255,0)\u201d positioning=\u201dabsolute\u201d vertical_offset=\u201d0px\u201d global_colors_info=\u201d{}\u201d][et_pb_row column_structure=\u201d2_5,3_5\u2033 module_class=\u201dobjectif_tab tab\u201d _builder_version=\u201d4.17.6\u2033 _module_preset=\u201ddefault\u201d global_colors_info=\u201d{}\u201d][et_pb_column type=\u201d2_5\u2033 _builder_version=\u201d4.17.6\u2033 _module_preset=\u201ddefault\u201d global_colors_info=\u201d{}\u201d][\/et_pb_column][et_pb_column type=\u201d3_5\u2033 _builder_version=\u201d4.17.6\u2033 _module_preset=\u201ddefault\u201d global_colors_info=\u201d{}\u201d][et_pb_text module_class=\u201dcustom-title\u201d _builder_version=\u201d4.17.6\u2033 _module_preset=\u201ddefault\u201d global_colors_info=\u201d{}\u201d]<\/p>\n<h2>Testas<\/h2>\n<p>[\/et_pb_text][et_pb_image src=\u201dhttps:\/\/talk4to.com\/wp-content\/uploads\/2023\/08\/01-1.svg\u201d title_text=\u201d01\u2033 align=\u201dcenter\u201d _builder_version=\u201d4.23.4\u2033 _module_preset=\u201ddefault\u201d width=\u201d40%\u201d filter_hue_rotate=\u201d164deg\u201d global_colors_info=\u201d{}\u201d][\/et_pb_image][\/et_pb_image][et_pb_text _builder_version=\u201d4.23.4\u2033 _module_preset=\u201ddefault\u201d global_colors_info=\u201d{}\u201d]<\/p>\n<p><strong>Koks \u0161io testo tikslas?<\/strong><\/p>\n<p>\u0160io testo tikslas - \u012fvertinti asmens \u017einias ir supratim\u0105 \u012fvairiose srityse.<\/p>\n<p>\u0160iais vertinimais siekiama \u012fvertinti asmens bendr\u0105sias \u017einias akademiniame ar profesiniame kontekste arba nustatyti jo stipri\u0105sias ir silpn\u0105sias puses, taip sudarant s\u0105lygas nuolatiniam asmeniniam ir profesiniam tobul\u0117jimui.<\/p>\n<p>[\/et_pb_text][\/et_pb_column][\/et_pb_row][et_pb_row column_structure=\u201d2_5,3_5\u2033 module_class=\u201dfonctionne_tab tab\u201d _builder_version=\u201d4.17.6\u2033 _module_preset=\u201ddefault\u201d global_colors_info=\u201d{}\u201d][et_pb_column type=\u201d2_5\u2033 _builder_version=\u201d4.17.6\u2033 _module_preset=\u201ddefault\u201d global_colors_info=\u201d{}\u201d][\/et_pb_column][et_pb_column type=\u201d3_5\u2033 _builder_version=\u201d4.17.6\u2033 _module_preset=\u201ddefault\u201d global_colors_info=\u201d{}\u201d][et_pb_text module_class=\u201dcustom-title\u201d _builder_version=\u201d4.17.6\u2033 _module_preset=\u201ddefault\u201d global_colors_info=\u201d{}\u201d]<\/p>\n<h2>Testas<\/h2>\n<p>[\/et_pb_text][et_pb_image src=\u201dhttps:\/\/talk4to.com\/wp-content\/uploads\/2023\/08\/02-1.svg\u201d title_text=\u201d02\u2033 align=\u201dcenter\u201d _builder_version=\u201d4.17.6\u2033 _module_preset=\u201ddefault\u201d width=\u201d40%\u201d filter_hue_rotate=\u201d164deg\u201d global_colors_info=\u201d{}\u201d][\/et_pb_image][\/et_pb_image][et_pb_text _builder_version=\u201d4.23.4\u2033 _module_preset=\u201ddefault\u201d global_colors_info=\u201d{}\u201d]<\/p>\n<p><strong>Kokia yra test\u0173 rezultat\u0173 gavimo tvarka?<\/strong><\/p>\n<p>Tyrim\u0173 rezultatus galima gauti per 24 valand\u0173 pasi\u016blym\u0105 arba m\u0117nesio prenumerat\u0105.<\/p>\n<p>I\u0161samesn\u0117s informacijos apie tai, kaip atlikti test\u0105 ir kaip j\u012f u\u017esiprenumeruoti, rasite skyriuje \"Kaip tai veikia?<\/p>\n<p>Vis\u0105 savo test\u0173 istorij\u0105 taip pat galite per\u017ei\u016br\u0117ti paskyros srityje esan\u010diame skirtuke \"Istorija\".<\/p>\n<p>[et_pb_text][\/et_pb_column][\/et_pb_row][et_pb_row column_structure=\u201d2_5,3_5\u2033 module_class=\u201dutile_tab tab\u201d _builder_version=\u201d4.17.6\u2033 _module_preset=\u201ddefault\u201d global_colors_info=\u201d{}\u201d][et_pb_column type=\u201d2_5\u2033 _builder_version=\u201d4.17.6\u2033 _module_preset=\u201ddefault\u201d global_colors_info=\u201d{}\u201d][\/et_pb_column][et_pb_column type=\u201d3_5\u2033 _builder_version=\u201d4.17.6\u2033 _module_preset=\u201ddefault\u201d global_colors_info=\u201d{}\u201d][et_pb_text module_class=\u201dcustom-title\u201d _builder_version=\u201d4.17.6\u2033 _module_preset=\u201ddefault\u201d global_colors_info=\u201d{}\u201d]<\/p>\n<h2>Testas<\/h2>\n<p>[\/et_pb_text][et_pb_image src=\u201dhttps:\/\/talk4to.com\/wp-content\/uploads\/2023\/08\/HomePage_toeic.svg\u201d title_text=\u201dHomePage_toeic\u201d align=\u201dcenter\u201d _builder_version=\u201d4.17.6\u2033 _module_preset=\u201ddefault\u201d width=\u201d40%\u201d filter_hue_rotate=\u201d164deg\u201d global_colors_info=\u201d{}\u201d][\/et_pb_image][\/et_pb_image][et_pb_text _builder_version=\u201d4.23.4\u2033 _module_preset=\u201ddefault\u201d global_colors_info=\u201d{}\u201d]<\/p>\n<p><strong>Koks \u0161io testo tikslas?<\/strong><\/p>\n<p>\u0160is testas naudingas \u012fvairiomis aplinkyb\u0117mis.<\/p>\n<p>Asmeniniu lygmeniu jis gali b\u016bti naudingas siekiant \u012fvertinti savo lyg\u012f, kai kandidatuojate \u012f darb\u0105, \u012fvertinti savo bendr\u0105sias \u017einias arba papras\u010diausiai nor\u0117dami prapl\u0117sti savo \u017einias.<\/p>\n<p>Profesiniu lygmeniu j\u0105 galima naudoti per pokalbius d\u0117l darbo arba norint geriau suprasti kolegas ir darbo aplink\u0105.<\/p>\n<p>[\/et_pb_text][\/et_pb_column][\/et_pb_row][et_pb_row column_structure=\u201d2_5,3_5\u2033 module_class=\u201dobtenir_tab tab\u201d _builder_version=\u201d4.17.6\u2033 _module_preset=\u201ddefault\u201d global_colors_info=\u201d{}\u201d][et_pb_column type=\u201d2_5\u2033 _builder_version=\u201d4.17.6\u2033 _module_preset=\u201ddefault\u201d global_colors_info=\u201d{}\u201d][\/et_pb_column][et_pb_column type=\u201d3_5\u2033 _builder_version=\u201d4.17.6\u2033 _module_preset=\u201ddefault\u201d global_colors_info=\u201d{}\u201d][et_pb_text module_class=\u201dcustom-title\u201d _builder_version=\u201d4.17.6\u2033 _module_preset=\u201ddefault\u201d global_colors_info=\u201d{}\u201d]<\/p>\n<h2>Testas<\/h2>\n<p>[\/et_pb_text][et_pb_image src=\u201dhttps:\/\/talk4to.com\/wp-content\/uploads\/2023\/08\/04.svg\u201d title_text=\u201d04\u2033 align=\u201dcenter\u201d _builder_version=\u201d4.17.6\u2033 _module_preset=\u201ddefault\u201d width=\u201d40%\u201d filter_hue_rotate=\u201d164deg\u201d global_colors_info=\u201d{}\u201d][\/et_pb_image][\/et_pb_image][et_pb_text _builder_version=\u201d4.23.4\u2033 _module_preset=\u201ddefault\u201d global_colors_info=\u201d{}\u201d]<\/p>\n<p><strong>Kaip galiu gauti testo rezultatus?<\/strong><\/p>\n<p>\u0160io testo rezultatus galite gauti pasinaudoj\u0119 24 valand\u0173 pasi\u016blymu arba m\u0117nesine prenumerata.<\/p>\n<p>Puslapyje \"Kaip tai veikia?\" rasite visus veiksmus, kuriuos reikia atlikti norint atlikti test\u0105 ir u\u017esisakyti paket\u0105.<\/p>\n<p>Vis\u0173 j\u016bs\u0173 paskyroje atlikt\u0173 test\u0173 istorij\u0105 galite rasti paskyros srities skirtuke \"Istorija\".<\/p>\n<p>[et_pb_text][\/et_pb_column][\/et_pb_row][et_pb_row column_structure=\u201d2_5,3_5\u2033 module_class=\u201dsouscrire_tab tab\u201d _builder_version=\u201d4.17.6\u2033 _module_preset=\u201ddefault\u201d global_colors_info=\u201d{}\u201d][et_pb_column type=\u201d2_5\u2033 _builder_version=\u201d4.17.6\u2033 _module_preset=\u201ddefault\u201d global_colors_info=\u201d{}\u201d][\/et_pb_column][et_pb_column type=\u201d3_5\u2033 _builder_version=\u201d4.17.6\u2033 _module_preset=\u201ddefault\u201d global_colors_info=\u201d{}\u201d][et_pb_text module_class=\u201dcustom-title\u201d _builder_version=\u201d4.17.6\u2033 _module_preset=\u201ddefault\u201d global_colors_info=\u201d{}\u201d]<\/p>\n<h2>Prenumerata<\/h2>\n<p>[\/et_pb_text][et_pb_image src=\u201dhttps:\/\/talk4to.com\/wp-content\/uploads\/2023\/08\/05.svg\u201d title_text=\u201d05\u2033 align=\u201dcenter\u201d _builder_version=\u201d4.17.6\u2033 _module_preset=\u201ddefault\u201d width=\u201d40%\u201d filter_hue_rotate=\u201d164deg\u201d global_colors_info=\u201d{}\u201d][\/et_pb_image][\/et_pb_image][et_pb_text _builder_version=\u201d4.23.4\u2033 _module_preset=\u201ddefault\u201d global_colors_info=\u201d{}\u201d]<\/p>\n<p><strong>Kaip u\u017esiprenumeruoti?<\/strong><\/p>\n<p>Pirmiausia turite atlikti test\u0105. Kai j\u012f atliksite, nor\u0117dami susipa\u017einti su rezultatais, turite u\u017esiregistruoti 24 valand\u0173 trukm\u0117s pasi\u016blyme, kuris kainuoja 0,50 EUR. Pasibaigus \u0161iam laikotarpiui, pasi\u016blymas automati\u0161kai pakei\u010diamas \u012f m\u0117nesin\u0119 prenumerat\u0105, kainuojan\u010di\u0105 47,50 \u20ac.<\/p>\n<p>Jei norite pasinaudoti tik 24 valand\u0173 pasi\u016blymu, tiesiog atsisakykite prenumeratos.<\/p>\n<p>Daugiau informacijos apie tai, kaip atlikti test\u0105 ir prenumeratos galimybes, rasite puslapyje \"Kaip tai veikia\".<\/p>\n<p>[\/et_pb_text][\/et_pb_column][\/et_pb_row][et_pb_row column_structure=\u201d2_5,3_5\u2033 module_class=\u201dservices_tab tab\u201d _builder_version=\u201d4.17.6\u2033 _module_preset=\u201ddefault\u201d global_colors_info=\u201d{}\u201d][et_pb_column type=\u201d2_5\u2033 _builder_version=\u201d4.17.6\u2033 _module_preset=\u201ddefault\u201d global_colors_info=\u201d{}\u201d][\/et_pb_column][et_pb_column type=\u201d3_5\u2033 _builder_version=\u201d4.17.6\u2033 _module_preset=\u201ddefault\u201d global_colors_info=\u201d{}\u201d][et_pb_text module_class=\u201dcustom-title\u201d _builder_version=\u201d4.17.6\u2033 _module_preset=\u201ddefault\u201d global_colors_info=\u201d{}\u201d]<\/p>\n<h2>Prenumerata<\/h2>\n<p>[\/et_pb_text][et_pb_image src=\u201dhttps:\/\/talk4to.com\/wp-content\/uploads\/2023\/08\/06.svg\u201d title_text=\u201d06\u2033 align=\u201dcenter\u201d _builder_version=\u201d4.17.6\u2033 _module_preset=\u201ddefault\u201d width=\u201d40%\u201d filter_hue_rotate=\u201d164deg\u201d global_colors_info=\u201d{}\u201d][\/et_pb_image][\/et_pb_image][et_pb_text _builder_version=\u201d4.23.4\u2033 _module_preset=\u201ddefault\u201d global_colors_info=\u201d{}\u201d]<\/p>\n<h5 class=\"et_pb_toggle_title\">Kokie privalumai ir paslaugos \u012ftraukti \u012f prenumerat\u0105?<\/h5>\n<p><span>Prenumerata suteikia galimyb\u0119 test\u0105 atlikti pakartotinai sau arba kitiems asmenims. Be to, tur\u0117site prieig\u0105 prie rezultat\u0173, kad gal\u0117tum\u0117te juos palyginti ir i\u0161saugoti.<\/span><\/p>\n<p>[et_pb_text][\/et_pb_column][\/et_pb_row][et_pb_row column_structure=\u201d2_5,3_5\u2033 module_class=\u201ddesabonner_tab tab\u201d _builder_version=\u201d4.17.6\u2033 _module_preset=\u201ddefault\u201d global_colors_info=\u201d{}\u201d][et_pb_column type=\u201d2_5\u2033 _builder_version=\u201d4.17.6\u2033 _module_preset=\u201ddefault\u201d global_colors_info=\u201d{}\u201d][\/et_pb_column][et_pb_column type=\u201d3_5\u2033 _builder_version=\u201d4.17.6\u2033 _module_preset=\u201ddefault\u201d global_colors_info=\u201d{}\u201d][et_pb_text module_class=\u201dcustom-title\u201d _builder_version=\u201d4.17.6\u2033 _module_preset=\u201ddefault\u201d global_colors_info=\u201d{}\u201d]<\/p>\n<h2>Prenumerata<\/h2>\n<p>[\/et_pb_text][et_pb_image src=\u201dhttps:\/\/talk4to.com\/wp-content\/uploads\/2023\/08\/07-08.svg\u201d title_text=\u201d07-08\u2033 align=\u201dcenter\u201d _builder_version=\u201d4.17.6\u2033 _module_preset=\u201ddefault\u201d width=\u201d40%\u201d filter_hue_rotate=\u201d164deg\u201d global_colors_info=\u201d{}\u201d][\/et_pb_image][\/et_pb_image][et_pb_text _builder_version=\u201d4.17.6\u2033 _module_preset=\u201ddefault\u201d global_colors_info=\u201d{}\u201d]<strong>Kaip galiu atsisakyti prenumeratos?<\/strong><\/p>\n<p>Nor\u0117dami atsisakyti prenumeratos, tiesiog spustel\u0117kite skirtuk\u0105 \u201cAtsisakyti prenumeratos\u201d arba eikite \u012f savo \u201cmano paskyros\u201d srit\u012f, \u012fveskite savo el. pa\u0161to adres\u0105 ir patvirtinkite[\/et_pb_text][\/et_pb_column][\/et_pb_row][\/et_pb_row column_structure=\u201d2_5,3_5\u2033 module_class=\u201dessai_tab tab\u201d _builder_version=\u201d4.17.6\u2033 _module_preset=\u201ddefault\u201d global_colors_info=\u201d{}\u201d][et_pb_column type=\u201d2_5\u2033 _builder_version=\u201d4.17.6\u2033 _module_preset=\u201ddefault\u201d global_colors_info=\u201d{}\u201d][\/et_pb_column][et_pb_column type=\u201d3_5\u2033 _builder_version=\u201d4.17.6\u2033 _module_preset=\u201ddefault\u201d global_colors_info=\u201d{}\u201d][et_pb_text module_class=\u201dcustom-title\u201d _builder_version=\u201d4.17.6\u2033 _module_preset=\u201ddefault\u201d global_colors_info=\u201d{}\u201d]<\/p>\n<h2>Prenumerata<\/h2>\n<p>[\/et_pb_text][et_pb_image src=\u201dhttps:\/\/talk4to.com\/wp-content\/uploads\/2023\/08\/07-08.svg\u201d title_text=\u201d07-08\u2033 align=\u201dcenter\u201d _builder_version=\u201d4.17.6\u2033 _module_preset=\u201ddefault\u201d width=\u201d40%\u201d filter_hue_rotate=\u201d164deg\u201d global_colors_info=\u201d{}\u201d][\/et_pb_image][\/et_pb_image][et_pb_text _builder_version=\u201d4.17.6\u2033 _module_preset=\u201ddefault\u201d global_colors_info=\u201d{}\u201d]<strong>Pamir\u0161au atsisakyti prenumeratos iki bandomojo laikotarpio pabaigos. Ar galiu atgauti pinigus?<\/strong><\/p>\n<p>Jei pamir\u0161ote atsisakyti prenumeratos, pinigai gali b\u016bti gr\u0105\u017einti pateikus pra\u0161ym\u0105 per 14 dien\u0173 nuo prenumeratos prad\u017eios ir jei po 24 valand\u0173 pasi\u016blymo nesinaudojote m\u016bs\u0173 paslaugomis.[\/et_pb_text][\/et_pb_column][\/et_pb_column][\/et_pb_row][\/et_pb_section][et_pb_section fb_built=\u201d1\u2033 _builder_version=\u201d4.23.4\u2033 _module_preset=\u201ddefault\u201d background_color=\u201dRGBA(255,255,255,255,0)\u201d positioning=\u201dabsolute\u201d global_colors_info=\u201d{}\u201d][et_pb_rowrow _builder_version=\u201d4.17.6\u2033 _module_preset=\u201ddefault\u201d global_colors_info=\u201d{}\u201d][et_pb_column type=\u201d4_4\u2033 _builder_version=\u201d4.17.6\u2033 _module_preset=\u201ddefault\u201d global_colors_info=\u201d{}\u201d][et_pb_code _builder_version=\u201d4.17.6\u2033 _module_preset=\u201ddefault\u201d global_colors_info=\u201d{}\u201d]<script><!-- [et_pb_line_break_holder] -->  $( document ).ready(function() {<!-- [et_pb_line_break_holder] -->    <!-- [et_pb_line_break_holder] -->$( \".button_faq\" ).on( \"click\", function() {<!-- [et_pb_line_break_holder] -->  $(\".tab\").hide();<!-- [et_pb_line_break_holder] -->  $(\".button_faq\").removeClass(\"current\");<!-- [et_pb_line_break_holder] -->  $(\".all_tab\").show();<!-- [et_pb_line_break_holder] -->  $(\".contact-info\").hide();<!-- [et_pb_line_break_holder] -->  \/\/ Animate only for tab\/mobile<!-- [et_pb_line_break_holder] -->  if ($(window).width() < 768) {<!-- [et_pb_line_break_holder] -->  $('html, body').animate({<!-- [et_pb_line_break_holder] -->        scrollTop: $(\".all_tab\").offset().top<!-- [et_pb_line_break_holder] -->    }, 2000);<!-- [et_pb_line_break_holder] -->  }<!-- [et_pb_line_break_holder] -->  \/\/ QUESTIONS POUR LES TEST<!-- [et_pb_line_break_holder] --> if ($(this).hasClass(\"objectif\")) {<!-- [et_pb_line_break_holder] -->   $(this).addClass(\"current\");<!-- [et_pb_line_break_holder] -->   $(\".objectif_tab\").show();<!-- [et_pb_line_break_holder] --> }<!-- [et_pb_line_break_holder] -->\telse if ($(this).hasClass(\"fonctionne\")) {<!-- [et_pb_line_break_holder] -->     $(this).addClass(\"current\");<!-- [et_pb_line_break_holder] -->   $(\".fonctionne_tab\").show();<!-- [et_pb_line_break_holder] --> }<!-- [et_pb_line_break_holder] -->  \telse if ($(this).hasClass(\"utile\")) {<!-- [et_pb_line_break_holder] -->       $(this).addClass(\"current\");<!-- [et_pb_line_break_holder] -->   $(\".utile_tab\").show();<!-- [et_pb_line_break_holder] --> }<!-- [et_pb_line_break_holder] -->  \telse if ($(this).hasClass(\"obtenir\")) {<!-- [et_pb_line_break_holder] -->       $(this).addClass(\"current\");<!-- [et_pb_line_break_holder] -->   $(\".obtenir_tab\").show();<!-- [et_pb_line_break_holder] --> }<!-- [et_pb_line_break_holder] -->  <!-- [et_pb_line_break_holder] -->  \/\/ QUESTIONS POUR L'ABONNEMENT<!-- [et_pb_line_break_holder] -->  <!-- [et_pb_line_break_holder] -->  \telse if ($(this).hasClass(\"souscrire\")) {<!-- [et_pb_line_break_holder] -->       $(this).addClass(\"current\");<!-- [et_pb_line_break_holder] -->   $(\".souscrire_tab\").show();<!-- [et_pb_line_break_holder] --> }<!-- [et_pb_line_break_holder] -->  \telse if ($(this).hasClass(\"services\")) {<!-- [et_pb_line_break_holder] -->       $(this).addClass(\"current\");<!-- [et_pb_line_break_holder] -->   $(\".services_tab\").show();<!-- [et_pb_line_break_holder] --> }<!-- [et_pb_line_break_holder] -->  \telse if ($(this).hasClass(\"desabonner\")) {<!-- [et_pb_line_break_holder] -->       $(this).addClass(\"current\");<!-- [et_pb_line_break_holder] -->   $(\".desabonner_tab\").show();<!-- [et_pb_line_break_holder] --> }<!-- [et_pb_line_break_holder] -->  \telse if ($(this).hasClass(\"essai\")) {<!-- [et_pb_line_break_holder] -->       $(this).addClass(\"current\");<!-- [et_pb_line_break_holder] -->   $(\".essai_tab\").show();<!-- [et_pb_line_break_holder] --> }<!-- [et_pb_line_break_holder] -->} );<!-- [et_pb_line_break_holder] -->    <!-- [et_pb_line_break_holder] -->});<!-- [et_pb_line_break_holder] --><\/script>[\/et_pb_code][\/et_pb_column][\/et_pb_row][\/et_pb_section]<\/p>","protected":false},"excerpt":{"rendered":"<p>TestasKoks \u0161io testo tikslas? Kokia yra testo rezultat\u0173 gavimo tvarka? Koks yra \u0161io testo tikslas? Kaip galiu gauti testo rezultatus? PrenumerataKaip u\u017esiprenumeruoti? Kokie privalumai ir paslaugos \u012ftraukti \u012f prenumerat\u0105? Kaip atsisakyti prenumeratos? Jei nesp\u0117jau atsisakyti prenumeratos iki [...]<\/p>","protected":false},"author":1,"featured_media":0,"parent":0,"menu_order":0,"comment_status":"closed","ping_status":"closed","template":"","meta":{"_et_pb_use_builder":"on","_et_pb_old_content":"<!-- wp:divi\/placeholder \/-->","_et_gb_content_width":"","inline_featured_image":false,"footnotes":""},"class_list":["post-34","page","type-page","status-publish","hentry"],"_links":{"self":[{"href":"https:\/\/talk4to.com\/lt\/wp-json\/wp\/v2\/pages\/34","targetHints":{"allow":["GET"]}}],"collection":[{"href":"https:\/\/talk4to.com\/lt\/wp-json\/wp\/v2\/pages"}],"about":[{"href":"https:\/\/talk4to.com\/lt\/wp-json\/wp\/v2\/types\/page"}],"author":[{"embeddable":true,"href":"https:\/\/talk4to.com\/lt\/wp-json\/wp\/v2\/users\/1"}],"replies":[{"embeddable":true,"href":"https:\/\/talk4to.com\/lt\/wp-json\/wp\/v2\/comments?post=34"}],"version-history":[{"count":40,"href":"https:\/\/talk4to.com\/lt\/wp-json\/wp\/v2\/pages\/34\/revisions"}],"predecessor-version":[{"id":1585,"href":"https:\/\/talk4to.com\/lt\/wp-json\/wp\/v2\/pages\/34\/revisions\/1585"}],"wp:attachment":[{"href":"https:\/\/talk4to.com\/lt\/wp-json\/wp\/v2\/media?parent=34"}],"curies":[{"name":"wp","href":"https:\/\/api.w.org\/{rel}","templated":true}]}}