{"id":827,"date":"2023-09-28T12:26:55","date_gmt":"2023-09-28T12:26:55","guid":{"rendered":"https:\/\/stg-talktotoeic-devtalkto.kinsta.cloud\/?page_id=827"},"modified":"2024-06-24T13:23:00","modified_gmt":"2024-06-24T13:23:00","slug":"se-desabonner","status":"publish","type":"page","link":"https:\/\/talk4to.com\/it\/se-desabonner\/","title":{"rendered":"Annullamento dell'iscrizione"},"content":{"rendered":"<p>[et_pb_section fb_built=&#8221;1&#8243; _builder_version=&#8221;4.17.6&#8243; _module_preset=&#8221;default&#8221; global_colors_info=&#8221;{}&#8221;][et_pb_row _builder_version=&#8221;4.17.6&#8243; _module_preset=&#8221;default&#8221; locked=&#8221;off&#8221; global_colors_info=&#8221;{}&#8221;][et_pb_column type=&#8221;4_4&#8243; _builder_version=&#8221;4.17.6&#8243; _module_preset=&#8221;default&#8221; global_colors_info=&#8221;{}&#8221;][et_pb_text module_class=&#8221;custom-title&#8221; _builder_version=&#8221;4.17.6&#8243; _module_preset=&#8221;default&#8221; global_colors_info=&#8221;{}&#8221;]<\/p>\n<h2>Annullamento dell'iscrizione<\/h2>\n<p>[\/et_pb_text][\/et_pb_column][\/et_pb_row][et_pb_row _builder_version=&#8221;4.17.6&#8243; _module_preset=&#8221;default&#8221; global_colors_info=&#8221;{}&#8221;][et_pb_column type=&#8221;4_4&#8243; _builder_version=&#8221;4.17.6&#8243; _module_preset=&#8221;default&#8221; global_colors_info=&#8221;{}&#8221;][et_pb_text _builder_version=&#8221;4.23.4&#8243; _module_preset=&#8221;default&#8221; text_font=&#8221;ProximaNova Bold||||||||&#8221; text_font_size=&#8221;20px&#8221; text_orientation=&#8221;center&#8221; width=&#8221;60%&#8221; width_tablet=&#8221;60%&#8221; width_phone=&#8221;100%&#8221; width_last_edited=&#8221;on|phone&#8221; module_alignment=&#8221;center&#8221; global_colors_info=&#8221;{}&#8221;]<\/p>\n<p style=\"text-align: left;\">Per annullare facilmente l'iscrizione, \u00e8 sufficiente inserire il proprio indirizzo e-mail e cliccare su \"annulla\".<\/p>\n<p>[\/et_pb_text][et_pb_code module_id=&#8221;unsubscribe_form&#8221; _builder_version=&#8221;4.23.4&#8243; _module_preset=&#8221;default&#8221; width=&#8221;60%&#8221; width_tablet=&#8221;100%&#8221; width_phone=&#8221;100%&#8221; width_last_edited=&#8221;on|phone&#8221; module_alignment=&#8221;center&#8221; custom_padding=&#8221;30px|50px|30px|50px|true|true&#8221; custom_padding_tablet=&#8221;30px|50px|30px|50px|true|true&#8221; custom_padding_phone=&#8221;|20px||20px|true|true&#8221; custom_padding_last_edited=&#8221;on|phone&#8221; custom_css_main_element=&#8221;overflow-x:hidden !important;&#8221; border_radii=&#8221;on|15px|15px|15px|15px&#8221; box_shadow_style=&#8221;preset1&#8243; box_shadow_color=&#8221;rgba(0,0,0,0.16)&#8221; global_colors_info=&#8221;{}&#8221;]<form action=\"https:\/\/talk4to.com\/wp-admin\/admin-post.php\" method=\"post\">\n\t\t\t\t<input type=\"hidden\" name=\"action\" value=\"b5pt_cancel_sub\">\n\t\t\t\t<div class=\"cancel-wrap\">\n\t\t\t\t<label for=\"stripe_email\">Email<\/label>\n\t\t\t\t<input type=\"email\" name=\"email\" id=\"stripe_email\" placeholder=\"johndoe@gmail.com\" value=\"\">\n\t\t\t\t<input type=\"submit\" value=\"Annullamento dell&#039;abbonamento\">\n\t\t\t\t<\/div> \n\t\t\t<\/form>[\/et_pb_code][\/et_pb_column][\/et_pb_row][\/et_pb_section][et_pb_section fb_built=&#8221;1&#8243; _builder_version=&#8221;4.17.6&#8243; _module_preset=&#8221;default&#8221; locked=&#8221;off&#8221; global_colors_info=&#8221;{}&#8221;][et_pb_row column_structure=&#8221;1_2,1_2&#8243; _builder_version=&#8221;4.17.6&#8243; _module_preset=&#8221;default&#8221; global_colors_info=&#8221;{}&#8221;][et_pb_column type=&#8221;1_2&#8243; _builder_version=&#8221;4.17.6&#8243; _module_preset=&#8221;default&#8221; global_colors_info=&#8221;{}&#8221;][et_pb_image src=&#8221;https:\/\/talk4to.com\/wp-content\/uploads\/2023\/08\/FAQ.svg&#8221; title_text=&#8221;FAQ&#8221; _builder_version=&#8221;4.23.4&#8243; _module_preset=&#8221;default&#8221; filter_hue_rotate=&#8221;180deg&#8221; global_colors_info=&#8221;{}&#8221;][\/et_pb_image][\/et_pb_column][et_pb_column type=&#8221;1_2&#8243; _builder_version=&#8221;4.17.6&#8243; _module_preset=&#8221;default&#8221; global_colors_info=&#8221;{}&#8221;][et_pb_text module_class=&#8221;custom-title&#8221; _builder_version=&#8221;4.17.6&#8243; _module_preset=&#8221;default&#8221; locked=&#8221;off&#8221; global_colors_info=&#8221;{}&#8221;]<\/p>\n<h2>FAQ<\/h2>\n<p>[et_pb_text][et_pb_toggle title=\"Qual \u00e8 lo scopo di queste sessioni di formazione?\" open_toggle_text_color=\"#4e4e4e\" icon_color=\"#ff9666\u2033 toggle_icon=\"3||divi||400\u2033 use_icon_font_size=\"on\" icon_font_size=\"45px\" open_icon_color=\"#ff9666\u2033 open_toggle_icon=\"2||divi|400\u2033 open_use_icon_font_size=\"on\" open_icon_font_size=\"45px\" _builder_version=\"4.23.4\u2033 _module_preset=\"default\" title_text_color=\"#4e4e4e\" title_font=\"|700|||||||\" title_font_size=\"18px\" closed_title_font=\"|700|||||||\" closed_title_font_size=\"18px\" body_font=\"|300|||||||\" body_font_size=\"16px\" background_color=\"RGBA(255,255,255,0)\" custom_margin=\"||30px||false|false\" custom_padding=\"||5px|false|false\" custom_css_toggle_title=\"margin-left:-20px;\" custom_css_toggle_content=\"margin-left:20px;\" border_width_all=\"0px\" border_width_bottom=\"3px\" border_color_bottom=\"#ff9666\u2033 global_colors_info=\"{}\"]<\/p>\n<p>Lo scopo di questa formazione \u00e8 quello di misurare la conoscenza e la comprensione di un individuo in diverse aree.<\/p>\n<p>Queste valutazioni sono pensate per valutare le conoscenze generali di una persona in un contesto accademico o per identificare i suoi punti di forza e di debolezza, consentendo cos\u00ec una crescita personale e professionale continua.<\/p>\n<p>[et_pb_toggle][et_pb_toggle title=\"Come accedere ai risultati?\" open_toggle_text_color=\"#4e4e4e\" icon_color=\"#ff9666\u2033 toggle_icon=\"3||divi||400\u2033 use_icon_font_size=\"on\" icon_font_size=\"45px\" open_icon_color=\"#ff9666\u2033 open_toggle_icon=\"2||divi|400\u2033 open_use_icon_font_size=\"on\" open_icon_font_size=\"45px\" _builder_version=\"4.23.4\u2033 _module_preset=\"default\" title_text_color=\"#4e4e4e\" title_font=\"|700|||||||\" title_font_size=\"18px\" closed_title_font=\"|700|||||||\" closed_title_font_size=\"18px\" body_font=\"|300|||||||\" body_font_size=\"16px\" background_color=\"RGBA(255,255,255,0)\" custom_margin=\"||30px||false|false\" custom_padding=\"||5px|false|false\" custom_css_toggle_title=\"margin-left:-20px;\" custom_css_toggle_content=\"margin-left:20px;\" border_width_all=\"0px\" border_width_bottom=\"3px\" border_color_bottom=\"#ff9666\u2033 global_colors_info=\"{}\"]<\/p>\n<p>I risultati degli esercizi sono accessibili tramite un'offerta di 24 ore o un abbonamento mensile.<\/p>\n<p>Per i dettagli su come effettuare il test e su come iscriversi, consultare la sezione \"Come funziona?<\/p>\n<p>\u00c8 inoltre possibile consultare la cronologia completa dei test accedendo alla scheda Cronologia nell'area del proprio account.<\/p>\n<p>[et_pb_toggle][et_pb_toggle title=\"Come mi iscrivo?\" open_toggle_text_color=\"#4e4e4e\" icon_color=\"#ff9666\u2033 toggle_icon=\"3||divi||400\u2033 use_icon_font_size=\"on\" icon_font_size=\"45px\" open_icon_color=\"#ff9666\u2033 open_toggle_icon=\"2||divi|400\u2033 open_use_icon_font_size=\"on\" open_icon_font_size=\"45px\" _builder_version=\"4.23.4\u2033 _module_preset=\"default\" title_text_color=\"#4e4e4e\" title_font=\"|700|||||||\" title_font_size=\"18px\" closed_title_font=\"|700|||||||\" closed_title_font_size=\"18px\" body_font=\"|300|||||||\" body_font_size=\"16px\" background_color=\"RGBA(255,255,255,0)\" custom_margin=\"||30px||false|false\" custom_padding=\"||5px|false|false\" custom_css_toggle_title=\"margin-left:-20px;\" custom_css_toggle_content=\"margin-left:20px;\" border_width_all=\"0px\" border_width_bottom=\"3px\" border_color_bottom=\"#ff9666\u2033 global_colors_info=\"{}\"]<\/p>\n<p>Prima di tutto, \u00e8 necessario effettuare il test. Una volta terminato, per consultare i risultati \u00e8 necessario iscriversi all'offerta di 24 ore, che costa 0,50 euro. Dopo questo periodo, l'offerta si converte automaticamente in un abbonamento mensile del costo di 47,50 euro.<\/p>\n<p>Se si desidera beneficiare solo dell'offerta di 24 ore, \u00e8 sufficiente annullare l'iscrizione.<\/p>\n<p>Per ulteriori informazioni sulle modalit\u00e0 di svolgimento del test e sulle opzioni di abbonamento, consultare la pagina \"Come funziona\".<\/p>\n<p>[et_pb_toggle title=\"Quali vantaggi e servizi sono inclusi nell'abbonamento?\" open_toggle_text_color=\"#4e4e4e\" icon_color=\"#ff9666\u2033 toggle_icon=\"3||divi||400\u2033 use_icon_font_size=\"on\" icon_font_size=\"45px\" open_icon_color=\"#ff9666\u2033 open_toggle_icon=\"2||divi|400\u2033 open_use_icon_font_size=\"on\" open_icon_font_size=\"45px\" _builder_version=\"4.23.4\u2033 _module_preset=\"default\" title_text_color=\"#4e4e4e\" title_font=\"|700|||||||\" title_font_size=\"18px\" closed_title_font=\"|700|||||||\" closed_title_font_size=\"18px\" body_font=\"|300|||||||\" body_font_size=\"16px\" background_color=\"RGBA(255,255,255,0)\" custom_margin=\"||30px||false|false\" custom_padding=\"||5px|false|false\" custom_css_toggle_title=\"margin-left:-20px;\" custom_css_toggle_content=\"margin-left:20px;\" border_width_all=\"0px\" border_width_bottom=\"3px\" border_color_bottom=\"#ff9666\u2033 global_colors_info=\"{}\"]<\/p>\n<p>Con un abbonamento, \u00e8 possibile eseguire il test pi\u00f9 volte, per s\u00e9 o per qualcun altro. Inoltre, vi permette di accedere, confrontare e memorizzare i vostri risultati per un monitoraggio regolare. Inoltre, avrete la possibilit\u00e0 di effettuare test premium pi\u00f9 avanzati per un'analisi pi\u00f9 dettagliata delle vostre competenze linguistiche.<\/p>\n<p>[\/et_pb_toggle][et_pb_button button_url=\"@ET-DC@eyJkeW5hbWljIjp0cnVlLCJjb250ZW50IjoicG9zdF9saW5rX3VybF9wYWdlIiwic2V0dGluZ3MiOnsicG9zdF9pZCI6IjM0In19@\" button_text=\"FAQ\" button_alignment=\"center\" disabled_on=\"off|off|off\" module_class=\"custom-btn center \" _builder_version=\"4.23.4\u2033 _dynamic_attributes=\"button_url\" button_border_color=\"#E02B20\u2033 custom_margin=\"||||true|false\" custom_padding=\"|50px|50px|false|true\" custom_padding_tablet=\"|50px|50px|false|true\" custom_padding_phone=\"|50px||50px|false|true\" custom_padding_last_edited=\"on|desktop\" locked=\"off\" global_colors_info=\"{}\"][\/et_pb_button][\/et_pb_column][\/et_pb_row][\/et_pb_section]<\/p>","protected":false},"excerpt":{"rendered":"<p>Se d\u00e9sabonnerPour vous d\u00e9sabonner facilement, il vous suffit de saisir votre adresse e-mail et de cliquer sur &#8220;annuler l&#8217;abonnement&#8221;.<form action=\"https:\/\/talk4to.com\/wp-admin\/admin-post.php\" method=\"post\">\n\t\t\t\t<input type=\"hidden\" name=\"action\" value=\"b5pt_cancel_sub\">\n\t\t\t\t<div class=\"cancel-wrap\">\n\t\t\t\t<label for=\"stripe_email\">Email<\/label>\n\t\t\t\t<input type=\"email\" name=\"email\" id=\"stripe_email\" placeholder=\"johndoe@gmail.com\" value=\"\">\n\t\t\t\t<input type=\"submit\" value=\"Annullamento dell&#039;abbonamento\">\n\t\t\t\t<\/div> \n\t\t\t<\/form>FAQL&#8217;objectif de ces entrainements est de mesurer les connaissances et la compr\u00e9hension d&#8217;un individu dans diff\u00e9rents domaines. Ces \u00e9valuations sont con\u00e7ues pour appr\u00e9cier le savoir g\u00e9n\u00e9ral d&#8217;une personne dans un contexte acad\u00e9mique, ou pour identifier ses forces [&hellip;]<\/p>","protected":false},"author":1,"featured_media":0,"parent":0,"menu_order":0,"comment_status":"closed","ping_status":"closed","template":"","meta":{"_et_pb_use_builder":"on","_et_pb_old_content":"<!-- wp:divi\/placeholder \/-->","_et_gb_content_width":"","inline_featured_image":false,"footnotes":""},"class_list":["post-827","page","type-page","status-publish","hentry"],"_links":{"self":[{"href":"https:\/\/talk4to.com\/it\/wp-json\/wp\/v2\/pages\/827","targetHints":{"allow":["GET"]}}],"collection":[{"href":"https:\/\/talk4to.com\/it\/wp-json\/wp\/v2\/pages"}],"about":[{"href":"https:\/\/talk4to.com\/it\/wp-json\/wp\/v2\/types\/page"}],"author":[{"embeddable":true,"href":"https:\/\/talk4to.com\/it\/wp-json\/wp\/v2\/users\/1"}],"replies":[{"embeddable":true,"href":"https:\/\/talk4to.com\/it\/wp-json\/wp\/v2\/comments?post=827"}],"version-history":[{"count":20,"href":"https:\/\/talk4to.com\/it\/wp-json\/wp\/v2\/pages\/827\/revisions"}],"predecessor-version":[{"id":1470,"href":"https:\/\/talk4to.com\/it\/wp-json\/wp\/v2\/pages\/827\/revisions\/1470"}],"wp:attachment":[{"href":"https:\/\/talk4to.com\/it\/wp-json\/wp\/v2\/media?parent=827"}],"curies":[{"name":"wp","href":"https:\/\/api.w.org\/{rel}","templated":true}]}}