{"id":26,"date":"2023-08-18T13:35:23","date_gmt":"2023-08-18T13:35:23","guid":{"rendered":"https:\/\/stg-talktotoeic-devtalkto.kinsta.cloud\/?page_id=26"},"modified":"2025-01-07T13:13:21","modified_gmt":"2025-01-07T13:13:21","slug":"comment-ca-marche","status":"publish","type":"page","link":"https:\/\/talk4to.com\/it\/comment-ca-marche\/","title":{"rendered":"Come funziona?"},"content":{"rendered":"<p>[et_pb_section fb_built=\u201d1\u2033 custom_padding_last_edited=\u201don|tablet\u201d module_class=\u201dcustom-steps\u201d _builder_version=\u201d4.23.4\u2033 _module_preset=\u201ddefault\u201d width=\u201d100%\u201d module_alignment=\u201dcenter\u201d custom_padding=\u201d|150px||150px|false|true\u201d custom_padding_tablet=\u201d|100px|100px|false|true\u201d custom_padding_phone=\u201d|0px|0px|false|true\u201d global_colors_info=\u201d{}\u201d][et_pb_row _builder_version=\u201d4.17.6\u2033 _module_preset=\u201ddefault\u201d global_colors_info=\u201d{}\u201d][et_pb_column type=\u201d4_4\u2033 _builder_version=\u201d4.17.6\u2033 _module_preset=\u201ddefault\u201d global_colors_info=\u201d{}\u201d][et_pb_text module_class=\u201dcustom-title\u201d _builder_version=\u201d4.23.4\u2033 _module_preset=\u201ddefault\u201d global_colors_info=\u201d{}\u201d]<\/p>\n<h2>Come funziona?<\/h2>\n<p>[\/et_pb_text][\/et_pb_column][\/et_pb_row][et_pb_row _builder_version=\u201d4.17.6\u2033 _module_preset=\u201ddefault\u201d width=\u201d60%\u201d width_tablet=\u201d60%\u201d width_phone=\u201d60%\u201d width_last_edited=\u201don|tablet\u201d module_alignment=\u201dright\u201d custom_margin=\u201d0px||||false|false\u201d custom_padding=\u201d0px||||false|false\u201d global_colors_info=\u201d{}\u201d][et_pb_column type=\u201d4_4\u2033 _builder_version=\u201d4.17.6\u2033 _module_preset=\u201ddefault\u201d global_colors_info=\u201d{}\u201d][et_pb_image src=\u201dhttps:\/\/talk4to.com\/wp-content\/uploads\/2023\/08\/01.png\u201d title_text=\u201d01\u2033 align=\u201dright\u201d module_class=\u201dsteps-img\u201d _builder_version=\u201d4.23.4\u2033 _module_preset=\u201ddefault\u201d width_tablet=\u201d\u201d width_phone=\u201d80%\u201d width_last_edited=\u201don|phone\u201d filter_hue_rotate=\u201d180deg\u201d global_colors_info=\u201d{}\u201d][\/et_pb_image][\/et_pb_column][\/et_pb_row][et_pb_row column_structure=\u201d1_4,3_4\u2033 custom_padding_last_edited=\u201don|phone\u201d module_class=\u201dsteps\u201d _builder_version=\u201d4.23.4\u2033 _module_preset=\u201ddefault\u201d background_enable_image=\u201doff\u201d background_size=\u201dcontain\u201d width=\u201d58%\u201d width_tablet=\u201d65%\u201d width_phone=\u201d100%\u201d width_last_edited=\u201don|phone\u201d module_alignment=\u201dright\u201d custom_margin=\u201d0px|0px|false|false\u201d custom_padding=\u201d20px|40px|20px|40px|true|true\u201d custom_padding_tablet=\u201d30px|40px|60px|40px|false|true\u201d custom_padding_phone=\u201d40px|30px|60px|30px|false|true\u201d module_alignment_tablet=\u201dcenter\u201d module_alignment_phone=\u201dcenter\u201d module_alignment_last_edited=\u201don|tablet\u201d border_radii=\u201don|15px|15px|15px|15px\u201d border_radii_tablet=\u201don|50px|50px|50px|50px\u201d border_radii_phone=\u201don|50px|50px|50px|50px\u201d border_radii_last_edited=\u201don|phone\u201d box_shadow_style=\u201dpreset1\u2033 box_shadow_horizontal=\u201d3px\u201d box_shadow_vertical=\u201d6px\u201d box_shadow_blur=\u201d10px\u201d box_shadow_color=\u201drgba(0,0,0,0.16)\u201d global_colors_info=\u201d{}\u201d custom_css_before_last_edited=\u201don|desktop\u201d custom_css_before_tablet=\u201d content: \u201d;|| ||\u201d custom_css_before_phone=\u201d content: \u201d;|| ||||\u201d][et_pb_column type=\u201d1_4\u2033 _builder_version=\u201d4.17.6\u2033 _module_preset=\u201ddefault\u201d global_colors_info=\u201d{}\u201d][et_pb_image src=\u201dhttps:\/\/talk4to.com\/wp-content\/uploads\/2023\/08\/Etape01.svg\u201d title_text=\u201dStep01\u2033 align_tablet=\u201dcenter\u201d align_phone=\u201dcenter\u201d align_last_edited=\u201don|tablet\u201d module_class=\u201dsteps-illustrations\u201d _builder_version=\u201d4.17.6\u2033 _module_preset=\u201ddefault\u201d width_tablet=\u201d\u201d width_phone=\u201d60%\u201d width_last_edited=\u201don|phone\u201d custom_margin=\u201d30px||||false|false\u201d filter_hue_rotate=\u201d180deg\u201d global_colors_info=\u201d{}\u201d][\/et_pb_image][\/et_pb_column][et_pb_column type=\u201d3_4\u2033 _builder_version=\u201d4.17.6\u2033 _module_preset=\u201ddefault\u201d global_colors_info=\u201d{}\u201d][et_pb_text _builder_version=\u201d4.23.4\u2033 _module_preset=\u201ddefault\u201d text_text_color=\u201d#484848\u2033 text_font_size=\u201d16px\u201d header_4_font=\u201d|700|||||||\u201d header_4_text_color=\u201d#484848\u2033 header_4_font_size=\u201d20px\u201d header_4_line_height=\u201d2.2em\u201d header_4_text_align_tablet=\u201dcenter\u201d header_4_text_align_phone=\u201dcenter\u201d header_4_text_align_last_edited=\u201don|tablet\u201d header_4_font_size_tablet=\u201d20px\u201d header_4_font_size_phone=\u201d22px\u201d header_4_font_size_last_edited=\u201don|phone\u201d global_colors_info=\u201d{}\u201d]<\/p>\n<h4>Effettuare il primo test<\/h4>\n<p><span>Questo test \u00e8 stato progettato per garantire la massima affidabilit\u00e0 e completezza. \u00c8 fondamentale rispondere alle domande senza ricorrere ad aiuti esterni. Una maggiore completezza nelle risposte, senza omettere alcuna domanda, garantir\u00e0 una maggiore accuratezza dei risultati.<\/span><\/p>\n<p>[et_pb_text][et_pb_button button_url=\u201d@ET-DC@eyJkeW5hbWljIjp0cnVlLCJjb250ZW50IjoicG9zdF9saW5rX3VybF9wYWdlIiwic2V0dGluZ3MiOnsicG9zdF9pZCI6IjIn19@\u201d button_text=\u201dAvvia valutazione\u201d module_class=\u201dcustom-btn center\u201d _builder_version=\u201d4.27.2\u2033 _dynamic_attributes=\u201dbutton_url\u201d hover_enabled=\u201d0\u2033 global_colors_info=\u201d{}\u201d sticky_enabled=\u201d0\u2033][\/et_pb_button][\/et_pb_column][\/et_pb_row][et_pb_row _builder_version=\u201d4.23.4\u2033 _module_preset=\u201ddefault\u201d width=\u201d60%\u201d width_tablet=\u201d60%\u201d width_phone=\u201d60%\u201d width_last_edited=\u201don|tablet\u201d module_alignment=\u201dleft\u201d custom_margin=\u201d0px|0px||false|false\u201d custom_margin_tablet=\u201d||0px||false|false\u201d custom_margin_phone=\u201d0px||0px|false|false\u201d custom_margin_last_edited=\u201don|tablet\u201d custom_padding=\u201d0px|0px||false|false\u201d global_colors_info=\u201d{}\u201d][et_pb_column type=\u201d4_4\u2033 _builder_version=\u201d4.17.6\u2033 _module_preset=\u201ddefault\u201d global_colors_info=\u201d{}\u201d][et_pb_image src=\u201dhttps:\/\/talk4to.com\/wp-content\/uploads\/2023\/08\/02.png\u201d title_text=\u201d02\u2033 module_class=\u201dsteps-img\u201d _builder_version=\u201d4.23.4\u2033 _module_preset=\u201ddefault\u201d width_tablet=\u201d\u201d width_phone=\u201d80%\u201d width_last_edited=\u201don|phone\u201d filter_hue_rotate=\u201d180deg\u201d global_colors_info=\u201d{}\u201d][\/et_pb_image][\/et_pb_column][\/et_pb_row][et_pb_row column_structure=\u201d1_4,3_4\u2033 custom_padding_last_edited=\u201don|tablet\u201d module_class=\u201dsteps\u201d _builder_version=\u201d4.23.4\u2033 _module_preset=\u201ddefault\u201d background_enable_image=\u201doff\u201d background_size=\u201dcontain\u201d width=\u201d58%\u201d width_tablet=\u201d65%\u201d width_phone=\u201d100%\u201d width_last_edited=\u201don|phone\u201d module_alignment=\u201dleft\u201d custom_margin=\u201d0px|0px|false|false\u201d custom_padding=\u201d20px|30px|20px|30px|true|true\u201d custom_padding_tablet=\u201d30px|40px|60px|40px|false|true\u201d custom_padding_phone=\u201d30px|40px|60px|40px|false|true\u201d module_alignment_tablet=\u201dcenter\u201d module_alignment_phone=\u201dcenter\u201d module_alignment_last_edited=\u201don|tablet\u201d border_radii=\u201don|15px|15px|15px|15px\u201d border_radii_tablet=\u201don|50px|50px|50px|50px\u201d border_radii_phone=\u201don|50px|50px|50px|50px\u201d border_radii_last_edited=\u201don|tablet\u201d box_shadow_style=\u201dpreset1\u2033 box_shadow_horizontal=\u201d3px\u201d box_shadow_vertical=\u201d6px\u201d box_shadow_blur=\u201d10px\u201d box_shadow_color=\u201drgba(0,0,0,0.16)\u201d global_colors_info=\u201d{}\u201d custom_css_before_last_edited=\u201don|tablet\u201d custom_css_before_tablet=\u201d content: \u201d;|| ||||\u201d custom_css_before_phone=\u201d content: \u201d;|| ||\u201d][et_pb_column type=\u201d1_4\u2033 _builder_version=\u201d4.17.6\u2033 _module_preset=\u201ddefault\u201d global_colors_info=\u201d{}\u201d][et_pb_image src=\u201dhttps:\/\/talk4to.com\/wp-content\/uploads\/2023\/08\/Etape02-1.svg\u201d title_text=\u201dEtape02\u2033 align_tablet=\u201dcenter\u201d align_phone=\u201dcenter\u201d align_last_edited=\u201don|tablet\u201d module_class=\u201dsteps-illustrations\u201d _builder_version=\u201d4.17.6\u2033 _module_preset=\u201ddefault\u201d width_tablet=\u201d\u201d width_phone=\u201d60%\u201d width_last_edited=\u201don|phone\u201d custom_margin=\u201d30px||||false|false\u201d filter_hue_rotate=\u201d180deg\u201d global_colors_info=\u201d{}\u201d][\/et_pb_image][\/et_pb_column][et_pb_column type=\u201d3_4\u2033 _builder_version=\u201d4.17.6\u2033 _module_preset=\u201ddefault\u201d global_colors_info=\u201d{}\u201d][et_pb_text _builder_version=\u201d4.23.4\u2033 _module_preset=\u201ddefault\u201d text_text_color=\u201d#484848\u2033 text_font_size=\u201d16px\u201d header_4_font=\u201d|700|||||||\u201d header_4_text_color=\u201d#484848\u2033 header_4_font_size=\u201d20px\u201d header_4_line_height=\u201d2.2em\u201d header_4_text_align_tablet=\u201dcenter\u201d header_4_text_align_phone=\u201dcenter\u201d header_4_text_align_last_edited=\u201don|tablet\u201d header_4_font_size_tablet=\u201d20px\u201d header_4_font_size_phone=\u201d22px\u201d header_4_font_size_last_edited=\u201don|phone\u201d global_colors_info=\u201d{}\u201d]<\/p>\n<h4>Ricevere i risultati<\/h4>\n<p>Per ricevere i risultati, \u00e8 sufficiente inserire le proprie coordinate bancarie e seguire le istruzioni fornite al termine del test.<\/p>\n<p>[\/et_pb_text][\/et_pb_column][\/et_pb_row][et_pb_row _builder_version=\u201d4.17.6\u2033 _module_preset=\u201ddefault\u201d width=\u201d60%\u201d width_tablet=\u201d60%\u201d width_phone=\u201d60%\u201d width_last_edited=\u201don|tablet\u201d module_alignment=\u201dright\u201d custom_margin=\u201d0px||||false|false\u201d custom_padding=\u201d0px||||false|false\u201d global_colors_info=\u201d{}\u201d][et_pb_column type=\u201d4_4\u2033 _builder_version=\u201d4.17.6\u2033 _module_preset=\u201ddefault\u201d global_colors_info=\u201d{}\u201d][et_pb_image src=\u201dhttps:\/\/talk4to.com\/wp-content\/uploads\/2023\/08\/03.png\u201d title_text=\u201d03\u2033 align=\u201dright\u201d module_class=\u201dsteps-img\u201d _builder_version=\u201d4.17.6\u2033 _module_preset=\u201ddefault\u201d width_tablet=\u201d\u201d width_phone=\u201d80%\u201d width_last_edited=\u201don|phone\u201d filter_hue_rotate=\u201d180deg\u201d global_colors_info=\u201d{}\u201d][\/et_pb_image][\/et_pb_column][\/et_pb_row][et_pb_row column_structure=\u201d1_4,3_4\u2033 custom_padding_last_edited=\u201don|phone\u201d module_class=\u201dsteps\u201d _builder_version=\u201d4.23.4\u2033 _module_preset=\u201ddefault\u201d background_enable_image=\u201doff\u201d background_size=\u201dcontain\u201d width=\u201d58%\u201d width_tablet=\u201d65%\u201d width_phone=\u201d100%\u201d width_last_edited=\u201don|phone\u201d module_alignment=\u201dright\u201d custom_margin=\u201d0px|0px|false|false\u201d custom_padding=\u201d20px|40px|20px|40px|true|true\u201d custom_padding_tablet=\u201d30px|40px|60px|40px|false|true\u201d custom_padding_phone=\u201d40px|30px|60px|30px|false|true\u201d module_alignment_tablet=\u201dcenter\u201d module_alignment_phone=\u201dcenter\u201d module_alignment_last_edited=\u201don|tablet\u201d border_radii=\u201don|15px|15px|15px|15px\u201d border_radii_tablet=\u201don|50px|50px|50px|50px\u201d border_radii_phone=\u201don|50px|50px|50px|50px\u201d border_radii_last_edited=\u201don|phone\u201d box_shadow_style=\u201dpreset1\u2033 box_shadow_horizontal=\u201d3px\u201d box_shadow_vertical=\u201d6px\u201d box_shadow_blur=\u201d10px\u201d box_shadow_color=\u201drgba(0,0,0,0.16)\u201d global_colors_info=\u201d{}\u201d custom_css_before_last_edited=\u201don|desktop\u201d custom_css_before_tablet=\u201d content: \u201d;|| ||\u201d custom_css_before_phone=\u201d content: \u201d;|| ||||\u201d][et_pb_column type=\u201d1_4\u2033 _builder_version=\u201d4.17.6\u2033 _module_preset=\u201ddefault\u201d global_colors_info=\u201d{}\u201d][et_pb_image src=\u201dhttps:\/\/talk4to.com\/wp-content\/uploads\/2023\/08\/Etape03-1.svg\u201d title_text=\u201dStep03\u2033 align_tablet=\u201dcenter\u201d align_phone=\u201dcenter\u201d align_last_edited=\u201don|tablet\u201d module_class=\u201dsteps-illustrations\u201d _builder_version=\u201d4.17.6\u2033 _module_preset=\u201ddefault\u201d width_tablet=\u201d\u201d width_phone=\u201d60%\u201d width_last_edited=\u201don|phone\u201d custom_margin=\u201d30px||||false|false\u201d filter_hue_rotate=\u201d180deg\u201d global_colors_info=\u201d{}\u201d][\/et_pb_image][\/et_pb_column][et_pb_column type=\u201d3_4\u2033 _builder_version=\u201d4.17.6\u2033 _module_preset=\u201ddefault\u201d global_colors_info=\u201d{}\u201d][et_pb_text _builder_version=\u201d4.23.4\u2033 _module_preset=\u201ddefault\u201d text_text_color=\u201d#484848\u2033 text_font_size=\u201d16px\u201d header_4_font=\u201d|700|||||||\u201d header_4_text_color=\u201d#484848\u2033 header_4_font_size=\u201d20px\u201d header_4_line_height=\u201d2.2em\u201d header_4_text_align_tablet=\u201dcenter\u201d header_4_text_align_phone=\u201dcenter\u201d header_4_text_align_last_edited=\u201don|tablet\u201d header_4_font_size_tablet=\u201d20px\u201d header_4_font_size_phone=\u201d22px\u201d header_4_font_size_last_edited=\u201don|phone\u201d global_colors_info=\u201d{}\u201d]<\/p>\n<h4>Accesso ai risultati<\/h4>\n<p>\u00c8 possibile visualizzare i risultati sul proprio account o riceverli via e-mail.<\/p>\n<p><span>\u00c8 possibile eseguire centinaia di test diversi sfruttando appieno la zona riservata ai membri durante il periodo di prova o di abbonamento.<\/span><\/p>\n<p>[\/et_pb_text][\/et_pb_column][\/et_pb_row][et_pb_row _builder_version=\u201d4.17.6\u2033 _module_preset=\u201ddefault\u201d width=\u201d60%\u201d width_tablet=\u201d60%\u201d width_phone=\u201d60%\u201d width_last_edited=\u201don|tablet\u201d module_alignment=\u201dleft\u201d custom_margin=\u201d0px||30px||false|false\u201d custom_margin_tablet=\u201d||0px|false|false\u201d custom_margin_phone=\u201d0px||0px|false|false\u201d custom_margin_last_edited=\u201don|tablet\u201d custom_padding=\u201d0px||||false|false\u201d global_colors_info=\u201d{}\u201d][et_pb_column type=\u201d4_4\u2033 _builder_version=\u201d4.17.6\u2033 _module_preset=\u201ddefault\u201d global_colors_info=\u201d{}\u201d][et_pb_image src=\u201dhttps:\/\/talk4to.com\/wp-content\/uploads\/2023\/08\/04.png\u201d title_text=\u201d04\u2033 module_class=\u201dsteps-img\u201d _builder_version=\u201d4.17.6\u2033 _module_preset=\u201ddefault\u201d width_tablet=\u201d\u201d width_phone=\u201d80%\u201d width_last_edited=\u201don|phone\u201d filter_hue_rotate=\u201d180deg\u201d global_colors_info=\u201d{}\u201d][\/et_pb_image][\/et_pb_column][\/et_pb_row][et_pb_row column_structure=\u201d1_4,3_4\u2033 custom_padding_last_edited=\u201don|tablet\u201d module_class=\u201dsteps\u201d _builder_version=\u201d4.23.4\u2033 _module_preset=\u201ddefault\u201d background_enable_image=\u201doff\u201d background_size=\u201dcontain\u201d width=\u201d58%\u201d width_tablet=\u201d65%\u201d width_phone=\u201d100%\u201d width_last_edited=\u201don|phone\u201d module_alignment=\u201dleft\u201d custom_margin=\u201d0px|0px|false|false\u201d custom_padding=\u201d20px|30px|20px|30px|true|true\u201d custom_padding_tablet=\u201d30px|40px|60px|40px|false|true\u201d custom_padding_phone=\u201d30px|40px|60px|40px|false|true\u201d module_alignment_tablet=\u201dcenter\u201d module_alignment_phone=\u201dcenter\u201d module_alignment_last_edited=\u201don|tablet\u201d border_radii=\u201don|15px|15px|15px|15px\u201d border_radii_tablet=\u201don|50px|50px|50px|50px\u201d border_radii_phone=\u201don|50px|50px|50px|50px\u201d border_radii_last_edited=\u201don|tablet\u201d box_shadow_style=\u201dpreset1\u2033 box_shadow_horizontal=\u201d3px\u201d box_shadow_vertical=\u201d6px\u201d box_shadow_blur=\u201d10px\u201d box_shadow_color=\u201drgba(0,0,0,0.16)\u201d global_colors_info=\u201d{}\u201d custom_css_before_last_edited=\u201don|tablet\u201d custom_css_before_tablet=\u201d content: \u201d;|| ||||\u201d custom_css_before_phone=\u201d content: \u201d;|| ||\u201d][et_pb_column type=\u201d1_4\u2033 _builder_version=\u201d4.17.6\u2033 _module_preset=\u201ddefault\u201d global_colors_info=\u201d{}\u201d][et_pb_image src=\u201dhttps:\/\/talk4to.com\/wp-content\/uploads\/2023\/08\/Etape04-1.svg\u201d title_text=\u201dStep04\u2033 align_tablet=\u201dcenter\u201d align_phone=\u201dcenter\u201d align_last_edited=\u201don|tablet\u201d module_class=\u201dsteps-illustrations\u201d _builder_version=\u201d4.23.4\u2033 _module_preset=\u201ddefault\u201d width_tablet=\u201d\u201d width_phone=\u201d60%\u201d width_last_edited=\u201don|phone\u201d custom_margin=\u201d30px||||false|false\u201d filter_hue_rotate=\u201d180deg\u201d global_colors_info=\u201d{}\u201d][\/et_pb_image][\/et_pb_column][et_pb_column type=\u201d3_4\u2033 _builder_version=\u201d4.17.6\u2033 _module_preset=\u201ddefault\u201d global_colors_info=\u201d{}\u201d][et_pb_text _builder_version=\u201d4.23.4\u2033 _module_preset=\u201ddefault\u201d text_text_color=\u201d#484848\u2033 text_font_size=\u201d16px\u201d header_4_font=\u201d|700|||||||\u201d header_4_text_color=\u201d#484848\u2033 header_4_font_size=\u201d20px\u201d header_4_line_height=\u201d2.2em\u201d header_4_text_align_tablet=\u201dcenter\u201d header_4_text_align_phone=\u201dcenter\u201d header_4_text_align_last_edited=\u201don|tablet\u201d header_4_font_size_tablet=\u201d20px\u201d header_4_font_size_phone=\u201d22px\u201d header_4_font_size_last_edited=\u201don|phone\u201d global_colors_info=\u201d{}\u201d]<\/p>\n<h4>Per continuare...<\/h4>\n<p><span>\u00c8 possibile scegliere tra due opzioni:<\/span><\/p>\n<ul>\n<li><span>Cancellazione entro 24 ore: per questo periodo vi verranno addebitati 0,50 \u20ac, ma non potrete pi\u00f9 effettuare alcun test dopo queste 24 ore.<\/span><\/li>\n<li><span>Mantenete l'abbonamento: Dopo 24 ore, vi verranno addebitati 47,50 euro e avrete accesso a tutti i nostri test per un mese, con la possibilit\u00e0 di ripeterli pi\u00f9 volte a vostro piacimento.<br \/>Inoltre, ogni mese aggiungiamo nuovi test alla vostra area membri per aiutarvi a migliorare la vostra conoscenza e il vostro livello di inglese.<\/span><\/li>\n<\/ul>\n<p>[et_pb_text][et_pb_button button_url=\u201d@ET-DC@eyJkeW5hbWljIjp0cnVlLCJjb250ZW50IjoicG9zdF9saW5rX3VybF9wYWdlIiwic2V0dGluZ3MiOnsicG9zdF9pZCI6IjgyNyJ9fQ==@\u201d button_text=\u201dAnnulla iscrizione\u201d button_alignment=\u201dcenter\u201d disabled_on=\u201doff|off|off\u201d module_class=\u201dcustom-btn center\u201d _builder_version=\u201d4.27.2\u2033 _dynamic_attributes=\u201dbutton_url\u201d button_border_color=\u201d#E02B20\u2033 custom_margin=\u201d||||true|false\u201d custom_padding=\u201d|50px|50px|false|true\u201d custom_padding_tablet=\u201d|50px|50px|false|true\u201d custom_padding_phone=\u201d|20px|20px|false|true\u201d custom_padding_last_edited=\u201don|desktop\u201d hover_enabled=\u201d0\u2033 button_text_size_tablet=\u201d\u201d button_text_size_phone=\u201d18px\u201d button_text_size_last_edited=\u201don|phone\u201d locked=\u201doff\u201d global_colors_info=\u201d{}\u201d sticky_enabled=\u201d0\u2033][\/et_pb_button][\/et_pb_column][\/et_pb_row][\/et_pb_section]<\/p>","protected":false},"excerpt":{"rendered":"<p>Come funziona? Fai il primo test Questo test \u00e8 stato progettato per garantire la massima affidabilit\u00e0 e completezza. \u00c8 fondamentale rispondere alle domande senza ricorrere ad aiuti esterni. Una maggiore completezza nelle risposte, senza omettere alcuna domanda, garantisce una maggiore accuratezza dei risultatiRicevere i risultati Per ricevere i risultati, [...]<\/p>","protected":false},"author":1,"featured_media":0,"parent":0,"menu_order":0,"comment_status":"closed","ping_status":"closed","template":"","meta":{"_et_pb_use_builder":"on","_et_pb_old_content":"<!-- wp:divi\/placeholder \/-->","_et_gb_content_width":"","inline_featured_image":false,"footnotes":""},"class_list":["post-26","page","type-page","status-publish","hentry"],"_links":{"self":[{"href":"https:\/\/talk4to.com\/it\/wp-json\/wp\/v2\/pages\/26","targetHints":{"allow":["GET"]}}],"collection":[{"href":"https:\/\/talk4to.com\/it\/wp-json\/wp\/v2\/pages"}],"about":[{"href":"https:\/\/talk4to.com\/it\/wp-json\/wp\/v2\/types\/page"}],"author":[{"embeddable":true,"href":"https:\/\/talk4to.com\/it\/wp-json\/wp\/v2\/users\/1"}],"replies":[{"embeddable":true,"href":"https:\/\/talk4to.com\/it\/wp-json\/wp\/v2\/comments?post=26"}],"version-history":[{"count":61,"href":"https:\/\/talk4to.com\/it\/wp-json\/wp\/v2\/pages\/26\/revisions"}],"predecessor-version":[{"id":1582,"href":"https:\/\/talk4to.com\/it\/wp-json\/wp\/v2\/pages\/26\/revisions\/1582"}],"wp:attachment":[{"href":"https:\/\/talk4to.com\/it\/wp-json\/wp\/v2\/media?parent=26"}],"curies":[{"name":"wp","href":"https:\/\/api.w.org\/{rel}","templated":true}]}}