{"id":827,"date":"2023-09-28T12:26:55","date_gmt":"2023-09-28T12:26:55","guid":{"rendered":"https:\/\/stg-talktotoeic-devtalkto.kinsta.cloud\/?page_id=827"},"modified":"2024-06-24T13:23:00","modified_gmt":"2024-06-24T13:23:00","slug":"se-desabonner","status":"publish","type":"page","link":"https:\/\/talk4to.com\/hu\/se-desabonner\/","title":{"rendered":"Leiratkoz\u00e1s"},"content":{"rendered":"<p>[et_pb_section fb_built=&#8221;1&#8243; _builder_version=&#8221;4.17.6&#8243; _module_preset=&#8221;default&#8221; global_colors_info=&#8221;{}&#8221;][et_pb_row _builder_version=&#8221;4.17.6&#8243; _module_preset=&#8221;default&#8221; locked=&#8221;off&#8221; global_colors_info=&#8221;{}&#8221;][et_pb_column type=&#8221;4_4&#8243; _builder_version=&#8221;4.17.6&#8243; _module_preset=&#8221;default&#8221; global_colors_info=&#8221;{}&#8221;][et_pb_text module_class=&#8221;custom-title&#8221; _builder_version=&#8221;4.17.6&#8243; _module_preset=&#8221;default&#8221; global_colors_info=&#8221;{}&#8221;]<\/p>\n<h2>Leiratkoz\u00e1s<\/h2>\n<p>[\/et_pb_text][\/et_pb_column][\/et_pb_row][et_pb_row _builder_version=&#8221;4.17.6&#8243; _module_preset=&#8221;default&#8221; global_colors_info=&#8221;{}&#8221;][et_pb_column type=&#8221;4_4&#8243; _builder_version=&#8221;4.17.6&#8243; _module_preset=&#8221;default&#8221; global_colors_info=&#8221;{}&#8221;][et_pb_text _builder_version=&#8221;4.23.4&#8243; _module_preset=&#8221;default&#8221; text_font=&#8221;ProximaNova Bold||||||||&#8221; text_font_size=&#8221;20px&#8221; text_orientation=&#8221;center&#8221; width=&#8221;60%&#8221; width_tablet=&#8221;60%&#8221; width_phone=&#8221;100%&#8221; width_last_edited=&#8221;on|phone&#8221; module_alignment=&#8221;center&#8221; global_colors_info=&#8221;{}&#8221;]<\/p>\n<p style=\"text-align: left;\">A leiratkoz\u00e1shoz egyszer\u0171en adja meg e-mail c\u00edm\u00e9t, \u00e9s kattintson a \"leiratkoz\u00e1s\" gombra.<\/p>\n<p>[\/et_pb_text][et_pb_code module_id=&#8221;unsubscribe_form&#8221; _builder_version=&#8221;4.23.4&#8243; _module_preset=&#8221;default&#8221; width=&#8221;60%&#8221; width_tablet=&#8221;100%&#8221; width_phone=&#8221;100%&#8221; width_last_edited=&#8221;on|phone&#8221; module_alignment=&#8221;center&#8221; custom_padding=&#8221;30px|50px|30px|50px|true|true&#8221; custom_padding_tablet=&#8221;30px|50px|30px|50px|true|true&#8221; custom_padding_phone=&#8221;|20px||20px|true|true&#8221; custom_padding_last_edited=&#8221;on|phone&#8221; custom_css_main_element=&#8221;overflow-x:hidden !important;&#8221; border_radii=&#8221;on|15px|15px|15px|15px&#8221; box_shadow_style=&#8221;preset1&#8243; box_shadow_color=&#8221;rgba(0,0,0,0.16)&#8221; global_colors_info=&#8221;{}&#8221;]<form action=\"https:\/\/talk4to.com\/wp-admin\/admin-post.php\" method=\"post\">\n\t\t\t\t<input type=\"hidden\" name=\"action\" value=\"b5pt_cancel_sub\">\n\t\t\t\t<div class=\"cancel-wrap\">\n\t\t\t\t<label for=\"stripe_email\">E-mail<\/label>\n\t\t\t\t<input type=\"email\" name=\"email\" id=\"stripe_email\" placeholder=\"johndoe@gmail.com\" value=\"\">\n\t\t\t\t<input type=\"submit\" value=\"El\u0151fizet\u00e9s t\u00f6rl\u00e9se\">\n\t\t\t\t<\/div> \n\t\t\t<\/form>[\/et_pb_code][\/et_pb_column][\/et_pb_row][\/et_pb_section][et_pb_section fb_built=&#8221;1&#8243; _builder_version=&#8221;4.17.6&#8243; _module_preset=&#8221;default&#8221; locked=&#8221;off&#8221; global_colors_info=&#8221;{}&#8221;][et_pb_row column_structure=&#8221;1_2,1_2&#8243; _builder_version=&#8221;4.17.6&#8243; _module_preset=&#8221;default&#8221; global_colors_info=&#8221;{}&#8221;][et_pb_column type=&#8221;1_2&#8243; _builder_version=&#8221;4.17.6&#8243; _module_preset=&#8221;default&#8221; global_colors_info=&#8221;{}&#8221;][et_pb_image src=&#8221;https:\/\/talk4to.com\/wp-content\/uploads\/2023\/08\/FAQ.svg&#8221; title_text=&#8221;FAQ&#8221; _builder_version=&#8221;4.23.4&#8243; _module_preset=&#8221;default&#8221; filter_hue_rotate=&#8221;180deg&#8221; global_colors_info=&#8221;{}&#8221;][\/et_pb_image][\/et_pb_column][et_pb_column type=&#8221;1_2&#8243; _builder_version=&#8221;4.17.6&#8243; _module_preset=&#8221;default&#8221; global_colors_info=&#8221;{}&#8221;][et_pb_text module_class=&#8221;custom-title&#8221; _builder_version=&#8221;4.17.6&#8243; _module_preset=&#8221;default&#8221; locked=&#8221;off&#8221; global_colors_info=&#8221;{}&#8221;]<\/p>\n<h2>GYIK<\/h2>\n<p>[et_pb_text][et_pb_toggle title=\u201dMi a c\u00e9lja ezeknek a k\u00e9pz\u00e9seknek?\u201d open_toggle_text_color=\u201d#4e4e4e\u201d icon_color=\u201d#ff9666\u2033 toggle_icon=\u201d3||divi|||400\u2033 use_icon_font_size=\u201don\u201d icon_font_size=\u201d45px\u201d open_icon_color=\u201d#ff9666\u2033 open_toggle_icon=\u201d2|||divi|||400\u2033 open_use_icon_font_size=\u201don\u201d open_icon_font_size=\u201d45px\u201d _builder_version=\u201d4.23.4\u2033 _module_preset=\u201ddefault\u201d title_text_color=\u201d#4e4e4e\u201d title_font=\u201d|700|||||||\u201d title_font_size=\u201d18px\u201d closed_title_font=\u201d|700|||||||\u201d closed_title_font_size=\u201d18px\u201d body_font=\u201d|300|||||||\u201d body_font_size=\u201d16px\u201d background_color=\u201dRGBA(255,255,255,255,0)\u201d custom_margin=\u201d|||30px|||false|false\u201d custom_padding=\u201d|||5px|||false|false\u201d custom_css_toggle_title=\u201dmargin-left:-\u201d custom_css_toggle_content=\u201dmargin-left:20px;\u201d border_width_all=\u201d0px\u201d border_width_bottom=\u201d3px\u201d border_color_bottom=\u201d#ff9666\u2033 global_colors_info=\u201d{}\u201d]<\/p>\n<p>A k\u00e9pz\u00e9s c\u00e9lja, hogy felm\u00e9rje az egy\u00e9n tud\u00e1s\u00e1t \u00e9s meg\u00e9rt\u00e9s\u00e9t k\u00fcl\u00f6nb\u00f6z\u0151 ter\u00fcleteken.<\/p>\n<p>Ezek az \u00e9rt\u00e9kel\u00e9sek arra szolg\u00e1lnak, hogy felm\u00e9rj\u00e9k egy szem\u00e9ly \u00e1ltal\u00e1nos tud\u00e1s\u00e1t tudom\u00e1nyos kontextusban, illetve hogy azonos\u00edts\u00e1k er\u0151ss\u00e9geiket \u00e9s gyenges\u00e9geiket, lehet\u0151v\u00e9 t\u00e9ve ez\u00e1ltal a folyamatos szem\u00e9lyes \u00e9s szakmai fejl\u0151d\u00e9st.<\/p>\n<p>[et_pb_toggle][et_pb_toggle title=\u201dHogyan f\u00e9rhet hozz\u00e1 az eredm\u00e9nyeihez?\u201d open_toggle_text_color=\u201d#4e4e4e\u201d icon_color=\u201d#ff9666\u2033 toggle_icon=\u201d3||divi|||400\u2033 use_icon_font_size=\u201don\u201d icon_font_size=\u201d45px\u201d open_icon_color=\u201d#ff9666\u2033 open_toggle_icon=\u201d2|||divi|||400\u2033 open_use_icon_font_size=\u201don\u201d open_icon_font_size=\u201d45px\u201d _builder_version=\u201d4.23.4\u2033 _module_preset=\u201ddefault\u201d title_text_color=\u201d#4e4e4e\u201d title_font=\u201d|700|||||||\u201d title_font_size=\u201d18px\u201d closed_title_font=\u201d|700|||||||\u201d closed_title_font_size=\u201d18px\u201d body_font=\u201d|300|||||||\u201d body_font_size=\u201d16px\u201d background_color=\u201dRGBA(255,255,255,255,0)\u201d custom_margin=\u201d|||30px|||false|false\u201d custom_padding=\u201d|||5px|||false|false\u201d custom_css_toggle_title=\u201dmargin-left:-\u201d custom_css_toggle_content=\u201dmargin-left:20px;\u201d border_width_all=\u201d0px\u201d border_width_bottom=\u201d3px\u201d border_color_bottom=\u201d#ff9666\u2033 global_colors_info=\u201d{}\u201d]<\/p>\n<p>A gyakorlatok eredm\u00e9nyei 24 \u00f3r\u00e1s aj\u00e1nlaton vagy havi el\u0151fizet\u00e9sen kereszt\u00fcl \u00e9rhet\u0151k el.<\/p>\n<p>A teszt elv\u00e9gz\u00e9s\u00e9nek \u00e9s a feliratkoz\u00e1snak a r\u00e9szleteit a \"Hogyan m\u0171k\u00f6dik?<\/p>\n<p>A tesztek teljes el\u0151zm\u00e9nyeit is megtekintheti a fi\u00f3kj\u00e1ban tal\u00e1lhat\u00f3 el\u0151zm\u00e9nyek f\u00fcl\u00f6n.<\/p>\n<p>[et_pb_toggle][et_pb_toggle title=\u201dHogyan iratkozhatok fel?\u201d open_toggle_text_color=\u201d#4e4e4e\u201d icon_color=\u201d#ff9666\u2033 toggle_icon=\u201d3||divi|||400\u2033 use_icon_font_size=\u201don\u201d icon_font_size=\u201d45px\u201d open_icon_color=\u201d#ff9666\u2033 open_toggle_icon=\u201d2|||divi|||400\u2033 open_use_icon_font_size=\u201don\u201d open_icon_font_size=\u201d45px\u201d _builder_version=\u201d4.23.4\u2033 _module_preset=\u201ddefault\u201d title_text_color=\u201d#4e4e4e\u201d title_font=\u201d|700|||||||\u201d title_font_size=\u201d18px\u201d closed_title_font=\u201d|700|||||||\u201d closed_title_font_size=\u201d18px\u201d body_font=\u201d|300|||||||\u201d body_font_size=\u201d16px\u201d background_color=\u201dRGBA(255,255,255,255,0)\u201d custom_margin=\u201d|||30px|||false|false\u201d custom_padding=\u201d|||5px|||false|false\u201d custom_css_toggle_title=\u201dmargin-left:-\u201d custom_css_toggle_content=\u201dmargin-left:20px;\u201d border_width_all=\u201d0px\u201d border_width_bottom=\u201d3px\u201d border_color_bottom=\u201d#ff9666\u2033 global_colors_info=\u201d{}\u201d]<\/p>\n<p>El\u0151sz\u00f6r is, el kell v\u00e9geznie a tesztet. Miut\u00e1n befejezte, az eredm\u00e9nyek megtekint\u00e9s\u00e9hez fel kell iratkoznia a 24 \u00f3r\u00e1s aj\u00e1nlatra, ami 0,50 eur\u00f3ba ker\u00fcl. Ezen id\u0151szak ut\u00e1n az aj\u00e1nlat automatikusan havi el\u0151fizet\u00e9ss\u00e9 alakul \u00e1t, amelynek \u00e1ra 47,50 \u20ac.<\/p>\n<p>Ha csak a 24 \u00f3r\u00e1s aj\u00e1nlatot szeretn\u00e9 ig\u00e9nybe venni, egyszer\u0171en iratkozzon le.<\/p>\n<p>A teszt elv\u00e9gz\u00e9s\u00e9nek m\u00f3dj\u00e1r\u00f3l \u00e9s az el\u0151fizet\u00e9si lehet\u0151s\u00e9gekr\u0151l tov\u00e1bbi inform\u00e1ci\u00f3kat a \"Hogyan m\u0171k\u00f6dik\" oldalon tal\u00e1l.<\/p>\n<p>[et_pb_toggle title=\u201dMilyen el\u0151ny\u00f6ket \u00e9s szolg\u00e1ltat\u00e1sokat tartalmaz az el\u0151fizet\u00e9s?\u201d open_toggle_text_color=\u201d#4e4e4e\u201d icon_color=\u201d#ff9666\u2033 toggle_icon=\u201d3||divi|||400\u2033 use_icon_font_size=\u201don\u201d icon_font_size=\u201d45px\u201d open_icon_color=\u201d#ff9666\u2033 open_toggle_icon=\u201d2|||divi|||400\u2033 open_use_icon_font_size=\u201don\u201d open_icon_font_size=\u201d45px\u201d _builder_version=\u201d4.23.4\u2033 _module_preset=\u201ddefault\u201d title_text_color=\u201d#4e4e4e\u201d title_font=\u201d|700|||||||\u201d title_font_size=\u201d18px\u201d closed_title_font=\u201d|700|||||||\u201d closed_title_font_size=\u201d18px\u201d body_font=\u201d|300|||||||\u201d body_font_size=\u201d16px\u201d background_color=\u201dRGBA(255,255,255,255,0)\u201d custom_margin=\u201d|||30px|||false|false\u201d custom_padding=\u201d|||5px|||false|false\u201d custom_css_toggle_title=\u201dmargin-left:-\u201d custom_css_toggle_content=\u201dmargin-left:20px;\u201d border_width_all=\u201d0px\u201d border_width_bottom=\u201d3px\u201d border_color_bottom=\u201d#ff9666\u2033 global_colors_info=\u201d{}\u201d]<\/p>\n<p>Az el\u0151fizet\u00e9ssel t\u00f6bbsz\u00f6r is elv\u00e9gezheti a tesztet, ak\u00e1r saj\u00e1t maga, ak\u00e1r valaki m\u00e1s sz\u00e1m\u00e1ra. Emellett lehet\u0151v\u00e9 teszi, hogy hozz\u00e1f\u00e9rjen, \u00f6sszehasonl\u00edtsa \u00e9s t\u00e1rolja eredm\u00e9nyeit a rendszeres ellen\u0151rz\u00e9s \u00e9rdek\u00e9ben. R\u00e1ad\u00e1sul lehet\u0151s\u00e9ged lesz fejlettebb pr\u00e9mium tesztek elv\u00e9gz\u00e9s\u00e9re is, hogy r\u00e9szletesebben elemezhesd nyelvtud\u00e1sodat.<\/p>\n<p>[\/et_pb_toggle][et_pb_button button_url=\u201d@ET-DC@eyJkeW5hbWljIjp0cnVlLCJjb250ZW50IjoicG9zdF9saW5rX3VybF9wYWdlIiwic2V0dGluZ3MiOnsicG9zdF9pZCI6IjM0In19@\u201d button_text=\u201dFAQ\u201d button_alignment=\u201dcenter\u201d disabled_on=\u201doff|off|off\u201d module_class=\u201dcustom-btn center \u201d _builder_version=\u201d4.23.4\u2033 _dynamic_attributes=\u201dbutton_url\u201d _module_preset=\u201ddefault\u201d button_border_color=\u201d#E02B20\u2033 custom_margin=\u201d||||true|false\u201d custom_padding=\u201d|50px||50px|50px|false|true\u201d custom_padding_tablet=\u201d|50px||50px|false|true\u201d custom_padding_phone=\u201d|50px||50px|false|true\u201d custom_padding_last_edited=\u201don|desktop\u201d locked=\u201doff\u201d global_colors_info=\u201d{}\u201d][\/et_pb_button][\/et_pb_column][\/et_pb_row][\/et_pb_section][\/et_pb_section][\/et_pb_section]<\/p>","protected":false},"excerpt":{"rendered":"<p>Se d\u00e9sabonnerPour vous d\u00e9sabonner facilement, il vous suffit de saisir votre adresse e-mail et de cliquer sur &#8220;annuler l&#8217;abonnement&#8221;.<form action=\"https:\/\/talk4to.com\/wp-admin\/admin-post.php\" method=\"post\">\n\t\t\t\t<input type=\"hidden\" name=\"action\" value=\"b5pt_cancel_sub\">\n\t\t\t\t<div class=\"cancel-wrap\">\n\t\t\t\t<label for=\"stripe_email\">E-mail<\/label>\n\t\t\t\t<input type=\"email\" name=\"email\" id=\"stripe_email\" placeholder=\"johndoe@gmail.com\" value=\"\">\n\t\t\t\t<input type=\"submit\" value=\"El\u0151fizet\u00e9s t\u00f6rl\u00e9se\">\n\t\t\t\t<\/div> \n\t\t\t<\/form>FAQL&#8217;objectif de ces entrainements est de mesurer les connaissances et la compr\u00e9hension d&#8217;un individu dans diff\u00e9rents domaines. Ces \u00e9valuations sont con\u00e7ues pour appr\u00e9cier le savoir g\u00e9n\u00e9ral d&#8217;une personne dans un contexte acad\u00e9mique, ou pour identifier ses forces [&hellip;]<\/p>","protected":false},"author":1,"featured_media":0,"parent":0,"menu_order":0,"comment_status":"closed","ping_status":"closed","template":"","meta":{"_et_pb_use_builder":"on","_et_pb_old_content":"<!-- wp:divi\/placeholder \/-->","_et_gb_content_width":"","inline_featured_image":false,"footnotes":""},"class_list":["post-827","page","type-page","status-publish","hentry"],"_links":{"self":[{"href":"https:\/\/talk4to.com\/hu\/wp-json\/wp\/v2\/pages\/827","targetHints":{"allow":["GET"]}}],"collection":[{"href":"https:\/\/talk4to.com\/hu\/wp-json\/wp\/v2\/pages"}],"about":[{"href":"https:\/\/talk4to.com\/hu\/wp-json\/wp\/v2\/types\/page"}],"author":[{"embeddable":true,"href":"https:\/\/talk4to.com\/hu\/wp-json\/wp\/v2\/users\/1"}],"replies":[{"embeddable":true,"href":"https:\/\/talk4to.com\/hu\/wp-json\/wp\/v2\/comments?post=827"}],"version-history":[{"count":20,"href":"https:\/\/talk4to.com\/hu\/wp-json\/wp\/v2\/pages\/827\/revisions"}],"predecessor-version":[{"id":1470,"href":"https:\/\/talk4to.com\/hu\/wp-json\/wp\/v2\/pages\/827\/revisions\/1470"}],"wp:attachment":[{"href":"https:\/\/talk4to.com\/hu\/wp-json\/wp\/v2\/media?parent=827"}],"curies":[{"name":"wp","href":"https:\/\/api.w.org\/{rel}","templated":true}]}}