{"id":26,"date":"2023-08-18T13:35:23","date_gmt":"2023-08-18T13:35:23","guid":{"rendered":"https:\/\/stg-talktotoeic-devtalkto.kinsta.cloud\/?page_id=26"},"modified":"2025-01-07T13:13:21","modified_gmt":"2025-01-07T13:13:21","slug":"comment-ca-marche","status":"publish","type":"page","link":"https:\/\/talk4to.com\/fi\/comment-ca-marche\/","title":{"rendered":"Miten se toimii?"},"content":{"rendered":"<p>[et_pb_section fb_built=\u201d1\u2033 custom_padding_last_edited=\u201don|tablet\u201d module_class=\u201dcustom-steps\u201d _builder_version=\u201d4.23.4\u2033 _module_preset=\u201ddefault\u201d width=\u201d100%\u201d module_alignment=\u201dcenter\u201d custom_padding=\u201d|150px||150px|false|true\u201d custom_padding_tablet=\u201d|100px||100px|false|true\u201d custom_padding_phone=\u201d|0px||0px|0px|false|true\u201d global_colors_info=\u201d{}\u201d][et_pb_row _builder_version=\u201d4.17.6\u2033 _module_preset=\u201ddefault\u201d global_colors_info=\u201d{}\u201d][et_pb_column type=\u201d4_4\u2033 _builder_version=\u201d4.17.6\u2033 _module_preset=\u201ddefault\u201d global_colors_info=\u201d{}\u201d][et_pb_text module_class=\u201dcustom-title\u201d _builder_version=\u201d4.23.4\u2033 _module_preset=\u201ddefault\u201d global_colors_info=\u201d{}\u201d]<\/p>\n<h2>Miten se toimii?<\/h2>\n<p>[\/et_pb_text][\/et_pb_column][\/et_pb_row][et_pb_row _builder_version=\u201d4.17.6\u2033 _module_preset=\u201ddefault\u201d width=\u201d60%\u201d width_tablet=\u201d60%\u201d width_phone=\u201d60%\u201d width_last_edited=\u201don|tablet\u201d module_alignment=\u201dright\u201d custom_margin=\u201d0px||||false|false\u201d custom_padding=\u201d0px||||false|false\u201d global_colors_info=\u201d{}\u201d][et_pb_column type=\u201d4_4\u2033 _builder_version=\u201d4.17.6\u2033 _module_preset=\u201ddefault\u201d global_colors_info=\u201d{}\u201d][et_pb_image src=\u201dhttps:\/\/talk4to.com\/wp-content\/uploads\/2023\/08\/01.png\u201d title_text=\u201d01\u2033 align=\u201dright\u201d module_class=\u201dsteps-img\u201d _builder_version=\u201d4.23.4\u2033 _module_preset=\u201ddefault\u201d width_tablet=\u201d\u201d width_phone=\u201d80%\u201d width_last_edited=\u201don|phone\u201d filter_hue_rotate=\u201d180deg\u201d global_colors_info=\u201d{}\u201d][\/et_pb_image][\/et_pb_column][\/et_pb_row][et_pb_row column_structure=\u201d1_4,3_4\u2033 custom_padding_last_edited=\u201don|phone\u201d module_class=\u201dsteps\u201d _builder_version=\u201d4.23.4\u2033 _module_preset=\u201ddefault\u201d background_enable_image=\u201doff\u201d background_size=\u201dcontain\u201d width=\u201d58%\u201d width_tablet=\u201d65%\u201d width_phone=\u201d100%\u201d width_last_edited=\u201don|phone\u201d module_alignment=\u201dright\u201d custom_margin=\u201d0px|||0px|||false|false\u201d custom_padding=\u201d20px|40px|20px|40px|true|true\u201d custom_padding_tablet=\u201d30px|40px|60px|40px|false|true\u201d custom_padding_phone=\u201d40px|30px|60px|30px|false|true\u201d module_alignment_tablet=\u201dcenter\u201d module_alignment_phone=\u201dcenter\u201d module_alignment_last_edited=\u201don|tablet\u201d border_radii=\u201don|15px|15px|15px|15px|15px\u201d border_radii_tablet=\u201don|50px|50px|50px|50px|50px\u201d border_radii_phone=\u201don|50px|50px|50px|50px|50px\u201d border_radii_last_edited=\u201don|phone\u201d box_shadow_style=\u201dpreset1\u2033 box_shadow_horizontal=\u201d3px\u201d box_shadow_vertical=\u201d6px\u201d box_shadow_blur=\u201d10px\u201d box_shadow_color=\u201drgba(0,0,0,0.16)\u201d global_colors_info=\u201d{}\u201d custom_css_before_last_edited=\u201don|desktop\u201d custom_css_before_tablet=\u201d content: \u201d;|| ||\u201d custom_css_before_phone=\u201d content: \u201d;|| ||||\u201d][et_pb_column type=\u201d1_4\u2033 _builder_version=\u201d4.17.6\u2033 _module_preset=\u201ddefault\u201d global_colors_info=\u201d{}\u201d][et_pb_image src=\u201dhttps:\/\/talk4to.com\/wp-content\/uploads\/2023\/08\/Etape01.svg\u201d title_text=\u201dStep01\u2033 align_tablet=\u201dcenter\u201d align_phone=\u201dcenter\u201d align_last_edited=\u201don|tablet\u201d module_class=\u201dsteps-illustrations\u201d _builder_version=\u201d4.17.6\u2033 _module_preset=\u201ddefault\u201d width_tablet=\u201d\u201d width_phone=\u201d60%\u201d width_last_edited=\u201don|phone\u201d custom_margin=\u201d30px||||false|false\u201d filter_hue_rotate=\u201d180deg\u201d global_colors_info=\u201d{}\u201d][\/et_pb_image][\/et_pb_column][et_pb_column type=\u201d3_4\u2033 _builder_version=\u201d4.17.6\u2033 _module_preset=\u201ddefault\u201d global_colors_info=\u201d{}\u201d][et_pb_text _builder_version=\u201d4.23.4\u2033 _module_preset=\u201ddefault\u201d text_text_color=\u201d#484848\u2033 text_font_size=\u201d16px\u201d header_4_font=\u201d|700|||||||\u201d header_4_text_color=\u201d#484848\u2033 header_4_font_size=\u201d20px\u201d header_4_line_height=\u201d2.2em\u201d header_4_text_align_tablet=\u201dcenter\u201d header_4_text_align_phone=\u201dcenter\u201d header_4_text_align_last_edited=\u201don|tablet\u201d header_4_font_size_tablet=\u201d20px\u201d header_4_font_size_phone=\u201d22px\u201d header_4_font_size_last_edited=\u201don|phone\u201d global_colors_info=\u201d{}\u201d]<\/p>\n<h4>Tee ensimm\u00e4inen testi<\/h4>\n<p><span>T\u00e4m\u00e4 testi on suunniteltu siten, ett\u00e4 se on mahdollisimman luotettava ja kattava. Kysymyksiin on ehdottomasti vastattava ilman ulkopuolisia apuv\u00e4lineit\u00e4. Jos vastaukset ovat mahdollisimman t\u00e4ydellisi\u00e4 ja j\u00e4t\u00e4tte kysymyksi\u00e4 vastaamatta, tulokset ovat tarkempia.<\/span><\/p>\n<p>[et_pb_text][et_pb_button button_url=\u201d@ET-DC@eyJkeW5hbWljIjp0cnVlLCJjb250ZW50IjoicG9zdF9saW5rX3VybF9wYWdlIiwic2V0dGluZ3MiOnsicG9zdF9pZCI6IjIxIn19@\u201d button_text=\u201dAloita arviointi\u201d module_class=\u201dcustom-btn center\u201d _builder_version=\u201d4.27.2\u2033 _dynamic_attributes=\u201dbutton_url\u201d _module_preset=\u201ddefault\u201d hover_enabled=\u201d0\u2033 global_colors_info=\u201d{}\u201d sticky_enabled=\u201d0\u2033][\/et_pb_button][\/et_pb_column][\/et_pb_row][et_pb_row _builder_version=\u201d4.23.4\u2033 _module_preset=\u201ddefault\u201d width=\u201d60%\u201d width_tablet=\u201d60%\u201d width_phone=\u201d60%\u201d width_last_edited=\u201don|tablet\u201d module_alignment=\u201dleft\u201d custom_margin=\u201d0px||0px||false|false\u201d custom_margin_tablet=\u201d|||0px||false|false\u201d custom_margin_phone=\u201d0px||0px||false|false\u201d custom_margin_last_edited=\u201don|tablet\u201d custom_padding=\u201d0px||0px|||false|false\u201d global_colors_info=\u201d{}\u201d][et_pb_column type=\u201d4_4\u2033 _builder_version=\u201d4.17.6\u2033 _module_preset=\u201ddefault\u201d global_colors_info=\u201d{}\u201d][et_pb_image src=\u201dhttps:\/\/talk4to.com\/wp-content\/uploads\/2023\/08\/02.png\u201d title_text=\u201d02\u2033 module_class=\u201dsteps-img\u201d _builder_version=\u201d4.23.4\u2033 _module_preset=\u201ddefault\u201d width_tablet=\u201d\u201d width_phone=\u201d80%\u201d width_last_edited=\u201don|phone\u201d filter_hue_rotate=\u201d180deg\u201d global_colors_info=\u201d{}\u201d][\/et_pb_image][\/et_pb_column][\/et_pb_row][et_pb_row column_structure=\u201d1_4,3_4\u2033 custom_padding_last_edited=\u201don|tablet\u201d module_class=\u201dsteps\u201d _builder_version=\u201d4.23.4\u2033 _module_preset=\u201ddefault\u201d background_enable_image=\u201doff\u201d background_size=\u201dcontain\u201d width=\u201d58%\u201d width_tablet=\u201d65%\u201d width_phone=\u201d100%\u201d width_last_edited=\u201don|phone\u201d module_alignment=\u201dleft\u201d custom_margin=\u201d0px|||0px|||false|false\u201d custom_padding=\u201d20px|30px|20px|30px|true|true\u201d custom_padding_tablet=\u201d30px|40px|60px|40px|40px|false|true\u201d custom_padding_phone=\u201d30px|40px|60px|40px|40px|false|true\u201d module_alignment_tablet=\u201dcenter\u201d module_alignment_phone=\u201dcenter\u201d module_alignment_last_edited=\u201don|tablet\u201d border_radii=\u201don|15px|15px|15px|15px|15px\u201d border_radii_tablet=\u201don|50px|50px|50px|50px|50px\u201d border_radii_phone=\u201don|50px|50px|50px|50px|50px\u201d border_radii_last_edited=\u201don|tablet\u201d box_shadow_style=\u201dpreset1\u2033 box_shadow_horizontal=\u201d3px\u201d box_shadow_vertical=\u201d6px\u201d box_shadow_blur=\u201d10px\u201d box_shadow_color=\u201drgba(0,0,0,0.16)\u201d global_colors_info=\u201d{}\u201d custom_css_before_last_edited=\u201don|tablet\u201d custom_css_before_tablet=\u201d content: \u201d;|| ||||\u201d custom_css_before_phone=\u201d content: \u201d;|| ||\u201d][et_pb_column type=\u201d1_4\u2033 _builder_version=\u201d4.17.6\u2033 _module_preset=\u201ddefault\u201d global_colors_info=\u201d{}\u201d][et_pb_image src=\u201dhttps:\/\/talk4to.com\/wp-content\/uploads\/2023\/08\/Etape02-1.svg\u201d title_text=\u201dEtape02\u2033 align_tablet=\u201dcenter\u201d align_phone=\u201dcenter\u201d align_last_edited=\u201don|tablet\u201d module_class=\u201dsteps-illustrations\u201d _builder_version=\u201d4.17.6\u2033 _module_preset=\u201ddefault\u201d width_tablet=\u201d\u201d width_phone=\u201d60%\u201d width_last_edited=\u201don|phone\u201d custom_margin=\u201d30px||||false|false\u201d filter_hue_rotate=\u201d180deg\u201d global_colors_info=\u201d{}\u201d][\/et_pb_image][\/et_pb_column][et_pb_column type=\u201d3_4\u2033 _builder_version=\u201d4.17.6\u2033 _module_preset=\u201ddefault\u201d global_colors_info=\u201d{}\u201d][et_pb_text _builder_version=\u201d4.23.4\u2033 _module_preset=\u201ddefault\u201d text_text_color=\u201d#484848\u2033 text_font_size=\u201d16px\u201d header_4_font=\u201d|700|||||||\u201d header_4_text_color=\u201d#484848\u2033 header_4_font_size=\u201d20px\u201d header_4_line_height=\u201d2.2em\u201d header_4_text_align_tablet=\u201dcenter\u201d header_4_text_align_phone=\u201dcenter\u201d header_4_text_align_last_edited=\u201don|tablet\u201d header_4_font_size_tablet=\u201d20px\u201d header_4_font_size_phone=\u201d22px\u201d header_4_font_size_last_edited=\u201don|phone\u201d global_colors_info=\u201d{}\u201d]<\/p>\n<h4>Vastaanota tulokset<\/h4>\n<p>Saat tuloksesi sy\u00f6tt\u00e4m\u00e4ll\u00e4 pankkitietosi ja noudattamalla testin lopussa annettuja ohjeita.<\/p>\n<p>[\/et_pb_text][\/et_pb_column][\/et_pb_row][et_pb_row _builder_version=\u201d4.17.6\u2033 _module_preset=\u201ddefault\u201d width=\u201d60%\u201d width_tablet=\u201d60%\u201d width_phone=\u201d60%\u201d width_last_edited=\u201don|tablet\u201d module_alignment=\u201dright\u201d custom_margin=\u201d0px||||false|false\u201d custom_padding=\u201d0px||||false|false\u201d global_colors_info=\u201d{}\u201d][et_pb_column type=\u201d4_4\u2033 _builder_version=\u201d4.17.6\u2033 _module_preset=\u201ddefault\u201d global_colors_info=\u201d{}\u201d][et_pb_image src=\u201dhttps:\/\/talk4to.com\/wp-content\/uploads\/2023\/08\/03.png\u201d title_text=\u201d03\u2033 align=\u201dright\u201d module_class=\u201dsteps-img\u201d _builder_version=\u201d4.17.6\u2033 _module_preset=\u201ddefault\u201d width_tablet=\u201d\u201d width_phone=\u201d80%\u201d width_last_edited=\u201don|phone\u201d filter_hue_rotate=\u201d180deg\u201d global_colors_info=\u201d{}\u201d][\/et_pb_image][\/et_pb_column][\/et_pb_row][et_pb_row column_structure=\u201d1_4,3_4\u2033 custom_padding_last_edited=\u201don|phone\u201d module_class=\u201dsteps\u201d _builder_version=\u201d4.23.4\u2033 _module_preset=\u201ddefault\u201d background_enable_image=\u201doff\u201d background_size=\u201dcontain\u201d width=\u201d58%\u201d width_tablet=\u201d65%\u201d width_phone=\u201d100%\u201d width_last_edited=\u201don|phone\u201d module_alignment=\u201dright\u201d custom_margin=\u201d0px|||0px|||false|false\u201d custom_padding=\u201d20px|40px|20px|40px|true|true\u201d custom_padding_tablet=\u201d30px|40px|60px|40px|false|true\u201d custom_padding_phone=\u201d40px|30px|60px|30px|false|true\u201d module_alignment_tablet=\u201dcenter\u201d module_alignment_phone=\u201dcenter\u201d module_alignment_last_edited=\u201don|tablet\u201d border_radii=\u201don|15px|15px|15px|15px|15px\u201d border_radii_tablet=\u201don|50px|50px|50px|50px|50px\u201d border_radii_phone=\u201don|50px|50px|50px|50px|50px\u201d border_radii_last_edited=\u201don|phone\u201d box_shadow_style=\u201dpreset1\u2033 box_shadow_horizontal=\u201d3px\u201d box_shadow_vertical=\u201d6px\u201d box_shadow_blur=\u201d10px\u201d box_shadow_color=\u201drgba(0,0,0,0.16)\u201d global_colors_info=\u201d{}\u201d custom_css_before_last_edited=\u201don|desktop\u201d custom_css_before_tablet=\u201d content: \u201d;|| ||\u201d custom_css_before_phone=\u201d content: \u201d;|| ||||\u201d][et_pb_column type=\u201d1_4\u2033 _builder_version=\u201d4.17.6\u2033 _module_preset=\u201ddefault\u201d global_colors_info=\u201d{}\u201d][et_pb_image src=\u201dhttps:\/\/talk4to.com\/wp-content\/uploads\/2023\/08\/Etape03-1.svg\u201d title_text=\u201dStep03\u2033 align_tablet=\u201dcenter\u201d align_phone=\u201dcenter\u201d align_last_edited=\u201don|tablet\u201d module_class=\u201dsteps-illustrations\u201d _builder_version=\u201d4.17.6\u2033 _module_preset=\u201ddefault\u201d width_tablet=\u201d\u201d width_phone=\u201d60%\u201d width_last_edited=\u201don|phone\u201d custom_margin=\u201d30px||||false|false\u201d filter_hue_rotate=\u201d180deg\u201d global_colors_info=\u201d{}\u201d][\/et_pb_image][\/et_pb_column][et_pb_column type=\u201d3_4\u2033 _builder_version=\u201d4.17.6\u2033 _module_preset=\u201ddefault\u201d global_colors_info=\u201d{}\u201d][et_pb_text _builder_version=\u201d4.23.4\u2033 _module_preset=\u201ddefault\u201d text_text_color=\u201d#484848\u2033 text_font_size=\u201d16px\u201d header_4_font=\u201d|700|||||||\u201d header_4_text_color=\u201d#484848\u2033 header_4_font_size=\u201d20px\u201d header_4_line_height=\u201d2.2em\u201d header_4_text_align_tablet=\u201dcenter\u201d header_4_text_align_phone=\u201dcenter\u201d header_4_text_align_last_edited=\u201don|tablet\u201d header_4_font_size_tablet=\u201d20px\u201d header_4_font_size_phone=\u201d22px\u201d header_4_font_size_last_edited=\u201don|phone\u201d global_colors_info=\u201d{}\u201d]<\/p>\n<h4>P\u00e4\u00e4set k\u00e4siksi tuloksiisiisi<\/h4>\n<p>Voit tarkastella tuloksia tilill\u00e4si tai saada ne s\u00e4hk\u00f6postitse.<\/p>\n<p><span>Voit tehd\u00e4 satoja erilaisia testej\u00e4 ja hy\u00f6dynt\u00e4\u00e4 j\u00e4senaluettasi kokeilujakson tai tilausjakson aikana.<\/span><\/p>\n<p>[\/et_pb_text][\/et_pb_column][\/et_pb_row][et_pb_row _builder_version=\u201d4.17.6\u2033 _module_preset=\u201ddefault\u201d width=\u201d60%\u201d width_tablet=\u201d60%\u201d width_phone=\u201d60%\u201d width_last_edited=\u201don|tablet\u201d module_alignment=\u201dleft\u201d custom_margin=\u201d0px|||30px||false|false\u201d custom_margin_tablet=\u201d|||0px||false|false\u201d custom_margin_phone=\u201d0px||0px||false|false\u201d custom_margin_last_edited=\u201don|tablet\u201d custom_padding=\u201d0px||||false|false\u201d global_colors_info=\u201d{}\u201d][et_pb_column type=\u201d4_4\u2033 _builder_version=\u201d4.17.6\u2033 _module_preset=\u201ddefault\u201d global_colors_info=\u201d{}\u201d][et_pb_image src=\u201dhttps:\/\/talk4to.com\/wp-content\/uploads\/2023\/08\/04.png\u201d title_text=\u201d04\u2033 module_class=\u201dsteps-img\u201d _builder_version=\u201d4.17.6\u2033 _module_preset=\u201ddefault\u201d width_tablet=\u201d\u201d width_phone=\u201d80%\u201d width_last_edited=\u201don|phone\u201d filter_hue_rotate=\u201d180deg\u201d global_colors_info=\u201d{}\u201d][\/et_pb_image][\/et_pb_column][\/et_pb_row][et_pb_row column_structure=\u201d1_4,3_4\u2033 custom_padding_last_edited=\u201don|tablet\u201d module_class=\u201dsteps\u201d _builder_version=\u201d4.23.4\u2033 _module_preset=\u201ddefault\u201d background_enable_image=\u201doff\u201d background_size=\u201dcontain\u201d width=\u201d58%\u201d width_tablet=\u201d65%\u201d width_phone=\u201d100%\u201d width_last_edited=\u201don|phone\u201d module_alignment=\u201dleft\u201d custom_margin=\u201d0px|||0px|||false|false\u201d custom_padding=\u201d20px|30px|20px|30px|true|true\u201d custom_padding_tablet=\u201d30px|40px|60px|40px|40px|false|true\u201d custom_padding_phone=\u201d30px|40px|60px|40px|40px|false|true\u201d module_alignment_tablet=\u201dcenter\u201d module_alignment_phone=\u201dcenter\u201d module_alignment_last_edited=\u201don|tablet\u201d border_radii=\u201don|15px|15px|15px|15px|15px\u201d border_radii_tablet=\u201don|50px|50px|50px|50px|50px\u201d border_radii_phone=\u201don|50px|50px|50px|50px|50px\u201d border_radii_last_edited=\u201don|tablet\u201d box_shadow_style=\u201dpreset1\u2033 box_shadow_horizontal=\u201d3px\u201d box_shadow_vertical=\u201d6px\u201d box_shadow_blur=\u201d10px\u201d box_shadow_color=\u201drgba(0,0,0,0.16)\u201d global_colors_info=\u201d{}\u201d custom_css_before_last_edited=\u201don|tablet\u201d custom_css_before_tablet=\u201d content: \u201d;|| ||||\u201d custom_css_before_phone=\u201d content: \u201d;|| ||\u201d][et_pb_column type=\u201d1_4\u2033 _builder_version=\u201d4.17.6\u2033 _module_preset=\u201ddefault\u201d global_colors_info=\u201d{}\u201d][et_pb_image src=\u201dhttps:\/\/talk4to.com\/wp-content\/uploads\/2023\/08\/Etape04-1.svg\u201d title_text=\u201dStep04\u2033 align_tablet=\u201dcenter\u201d align_phone=\u201dcenter\u201d align_last_edited=\u201don|tablet\u201d module_class=\u201dsteps-illustrations\u201d _builder_version=\u201d4.23.4\u2033 _module_preset=\u201ddefault\u201d width_tablet=\u201d\u201d width_phone=\u201d60%\u201d width_last_edited=\u201don|phone\u201d custom_margin=\u201d30px||||false|false\u201d filter_hue_rotate=\u201d180deg\u201d global_colors_info=\u201d{}\u201d][\/et_pb_image][\/et_pb_column][et_pb_column type=\u201d3_4\u2033 _builder_version=\u201d4.17.6\u2033 _module_preset=\u201ddefault\u201d global_colors_info=\u201d{}\u201d][et_pb_text _builder_version=\u201d4.23.4\u2033 _module_preset=\u201ddefault\u201d text_text_color=\u201d#484848\u2033 text_font_size=\u201d16px\u201d header_4_font=\u201d|700|||||||\u201d header_4_text_color=\u201d#484848\u2033 header_4_font_size=\u201d20px\u201d header_4_line_height=\u201d2.2em\u201d header_4_text_align_tablet=\u201dcenter\u201d header_4_text_align_phone=\u201dcenter\u201d header_4_text_align_last_edited=\u201don|tablet\u201d header_4_font_size_tablet=\u201d20px\u201d header_4_font_size_phone=\u201d22px\u201d header_4_font_size_last_edited=\u201don|phone\u201d global_colors_info=\u201d{}\u201d]<\/p>\n<h4>Jatka...<\/h4>\n<p><span>Voit valita kahden vaihtoehdon v\u00e4lill\u00e4:<\/span><\/p>\n<ul>\n<li><span>Peruuta tilaus 24 tunnin kuluessa: Sinulta veloitetaan 0,50 euroa t\u00e4lt\u00e4 ajalta, mutta et voi tehd\u00e4 en\u00e4\u00e4 testej\u00e4 24 tunnin j\u00e4lkeen.<\/span><\/li>\n<li><span>Pid\u00e4 tilauksesi: Saat kaikki testimme k\u00e4ytt\u00f6\u00f6si yhden kuukauden ajaksi, ja voit tehd\u00e4 ne useita kertoja haluamallasi tavalla.<br \/>Lis\u00e4ksi lis\u00e4\u00e4mme joka kuukausi uusia testej\u00e4 j\u00e4senalueellesi, jotta voit parantaa tietojasi ja englannin kielen tasoasi.<\/span><\/li>\n<\/ul>\n<p>[et_pb_text][et_pb_button button_url=\u201d@ET-DC@eyJkeW5hbWljIjp0cnVlLCJjb250ZW50IjoicG9zdF9saW5rX3VybF9wYWdlIiwic2V0dGluZ3MiOnsicG9zdF9pZCI6IjgyNyJ9fQ==@\u201d button_text=\u201dUnsubscribe\u201d button_alignment=\u201dcenter\u201d disabled_on=\u201doff|off|off\u201d module_class=\u201dcustom-btn center\u201d _builder_version=\u201d4.27.2\u2033 _dynamic_attributes=\u201dbutton_url\u201d _module_preset=\u201ddefault\u201d button_border_color=\u201d#E02B20\u2033 custom_margin=\u201d||||true|false\u201d custom_padding=\u201d|50px||50px|50px|false|true\u201d custom_padding_tablet=\u201d|50px||50px|false|true\u201d custom_padding_phone=\u201d|20px||20px|20px|false|true\u201d custom_padding_last_edited=\u201don|desktop\u201d hover_enabled=\u201d0\u2033 button_text_size_tablet=\u201d\u201d button_text_size_phone=\u201d18px\u201d button_text_size_last_edited=\u201don|phone\u201d locked=\u201doff\u201d global_colors_info=\u201d{}\u201d sticky_enabled=\u201d0\u2033][\/et_pb_button][\/et_pb_column][\/et_pb_row][\/et_pb_section][\/et_pb_section][\/et_pb_section]<\/p>","protected":false},"excerpt":{"rendered":"<p>Miten se toimii? Tee ensimm\u00e4inen testi T\u00e4m\u00e4 testi on suunniteltu takaamaan mahdollisimman suuri luotettavuus ja kattavuus. Kysymyksiin on ehdottomasti vastattava ilman ulkopuolisia apuv\u00e4lineit\u00e4. Jos vastaukset ovat mahdollisimman t\u00e4ydellisi\u00e4 ja j\u00e4t\u00e4t kysymyksi\u00e4 vastaamatta, tulokset ovat tarkempia Tulosten saaminen Tulosten saamiseksi [...].<\/p>","protected":false},"author":1,"featured_media":0,"parent":0,"menu_order":0,"comment_status":"closed","ping_status":"closed","template":"","meta":{"_et_pb_use_builder":"on","_et_pb_old_content":"<!-- wp:divi\/placeholder \/-->","_et_gb_content_width":"","inline_featured_image":false,"footnotes":""},"class_list":["post-26","page","type-page","status-publish","hentry"],"_links":{"self":[{"href":"https:\/\/talk4to.com\/fi\/wp-json\/wp\/v2\/pages\/26","targetHints":{"allow":["GET"]}}],"collection":[{"href":"https:\/\/talk4to.com\/fi\/wp-json\/wp\/v2\/pages"}],"about":[{"href":"https:\/\/talk4to.com\/fi\/wp-json\/wp\/v2\/types\/page"}],"author":[{"embeddable":true,"href":"https:\/\/talk4to.com\/fi\/wp-json\/wp\/v2\/users\/1"}],"replies":[{"embeddable":true,"href":"https:\/\/talk4to.com\/fi\/wp-json\/wp\/v2\/comments?post=26"}],"version-history":[{"count":61,"href":"https:\/\/talk4to.com\/fi\/wp-json\/wp\/v2\/pages\/26\/revisions"}],"predecessor-version":[{"id":1582,"href":"https:\/\/talk4to.com\/fi\/wp-json\/wp\/v2\/pages\/26\/revisions\/1582"}],"wp:attachment":[{"href":"https:\/\/talk4to.com\/fi\/wp-json\/wp\/v2\/media?parent=26"}],"curies":[{"name":"wp","href":"https:\/\/api.w.org\/{rel}","templated":true}]}}