{"id":1062,"date":"2024-02-06T14:20:02","date_gmt":"2024-02-06T14:20:02","guid":{"rendered":"https:\/\/talk4to.com\/?page_id=1062"},"modified":"2025-07-09T07:48:41","modified_gmt":"2025-07-09T07:48:41","slug":"conditions-de-paiements-recurrents","status":"publish","type":"page","link":"https:\/\/talk4to.com\/fi\/conditions-de-paiements-recurrents\/","title":{"rendered":"Toistuvat maksuehdot"},"content":{"rendered":"<p>[et_pb_section fb_built=&#8221;1&#8243; admin_label=&#8221;Header&#8221; _builder_version=&#8221;4.23.4&#8243; custom_margin=&#8221;0px||||false|false&#8221; custom_padding=&#8221;0px||||false|false&#8221; locked=&#8221;off&#8221; global_colors_info=&#8221;{}&#8221;][et_pb_row column_structure=&#8221;1_2,1_2&#8243; custom_padding_last_edited=&#8221;on|phone&#8221; module_class=&#8221;custom-header&#8221; _builder_version=&#8221;4.17.6&#8243; _module_preset=&#8221;default&#8221; width=&#8221;70%&#8221; width_tablet=&#8221;&#8221; width_phone=&#8221;78%&#8221; width_last_edited=&#8221;on|desktop&#8221; custom_margin_tablet=&#8221;&#8221; custom_margin_phone=&#8221;0px||0px||true|false&#8221; custom_margin_last_edited=&#8221;on|phone&#8221; custom_padding_tablet=&#8221;&#8221; custom_padding_phone=&#8221;0px||0px||true|false&#8221; global_colors_info=&#8221;{}&#8221;][et_pb_column type=&#8221;1_2&#8243; _builder_version=&#8221;4.17.6&#8243; _module_preset=&#8221;default&#8221; global_colors_info=&#8221;{}&#8221;][et_pb_text _builder_version=&#8221;4.23.4&#8243; _module_preset=&#8221;default&#8221; custom_margin=&#8221;80px||||false|false&#8221; custom_margin_tablet=&#8221;0px||||false|false&#8221; custom_margin_phone=&#8221;0px||0px||false|false&#8221; custom_margin_last_edited=&#8221;on|tablet&#8221; custom_padding=&#8221;||0px||false|false&#8221; header_text_align_tablet=&#8221;&#8221; header_text_align_phone=&#8221;center&#8221; header_text_align_last_edited=&#8221;on|phone&#8221; global_colors_info=&#8221;{}&#8221;]<\/p>\n<h1>Toistuvat maksuehdot<\/h1>\n<p>[\/et_pb_text][et_pb_button button_url=&#8221;https:\/\/talk4to.com\/passer-le-test\/&#8221; button_text=&#8221;Commencer le test&#8221; button_alignment=&#8221;center&#8221; disabled_on=&#8221;on|off|off&#8221; module_class=&#8221;custom-btn &#8221; _builder_version=&#8221;4.17.6&#8243; _dynamic_attributes=&#8221;button_url&#8221; _module_preset=&#8221;default&#8221; custom_margin=&#8221;||||true|false&#8221; locked=&#8221;off&#8221; global_colors_info=&#8221;{}&#8221;][\/et_pb_button][\/et_pb_column][et_pb_column type=&#8221;1_2&#8243; _builder_version=&#8221;4.17.6&#8243; _module_preset=&#8221;default&#8221; global_colors_info=&#8221;{}&#8221;][et_pb_image src=&#8221;https:\/\/talk4to.com\/wp-content\/uploads\/2023\/08\/Legal.svg&#8221; title_text=&#8221;Legal&#8221; align_tablet=&#8221;&#8221; align_phone=&#8221;center&#8221; align_last_edited=&#8221;on|phone&#8221; _builder_version=&#8221;4.23.4&#8243; _module_preset=&#8221;default&#8221; positioning=&#8221;relative&#8221; horizontal_offset=&#8221;-3vw&#8221; vertical_offset_tablet=&#8221;&#8221; vertical_offset_phone=&#8221;-5vh&#8221; vertical_offset_last_edited=&#8221;on|phone&#8221; horizontal_offset_tablet=&#8221;-3vw&#8221; horizontal_offset_phone=&#8221;-30vw&#8221; horizontal_offset_last_edited=&#8221;on|desktop&#8221; width_tablet=&#8221;&#8221; width_phone=&#8221;130vw&#8221; width_last_edited=&#8221;on|phone&#8221; custom_margin_tablet=&#8221;&#8221; custom_margin_phone=&#8221;0px||||false|false&#8221; custom_margin_last_edited=&#8221;on|phone&#8221; custom_padding_tablet=&#8221;&#8221; custom_padding_phone=&#8221;0px||||false|false&#8221; custom_padding_last_edited=&#8221;on|phone&#8221; filter_hue_rotate=&#8221;180deg&#8221; global_colors_info=&#8221;{}&#8221;][\/et_pb_image][et_pb_button button_url=&#8221;https:\/\/talk4to.com\/passer-le-test\/&#8221; button_text=&#8221;Commencer le test&#8221; button_alignment=&#8221;center&#8221; disabled_on=&#8221;off|on|on&#8221; module_class=&#8221;custom-btn center&#8221; _builder_version=&#8221;4.17.6&#8243; _dynamic_attributes=&#8221;button_url&#8221; _module_preset=&#8221;default&#8221; custom_margin=&#8221;||||true|false&#8221; locked=&#8221;off&#8221; global_colors_info=&#8221;{}&#8221;][\/et_pb_button][\/et_pb_column][\/et_pb_row][\/et_pb_section][et_pb_section fb_built=&#8221;1&#8243; _builder_version=&#8221;4.17.6&#8243; _module_preset=&#8221;default&#8221; locked=&#8221;off&#8221; global_colors_info=&#8221;{}&#8221;][et_pb_row _builder_version=&#8221;4.17.6&#8243; _module_preset=&#8221;default&#8221; global_colors_info=&#8221;{}&#8221;][et_pb_column type=&#8221;4_4&#8243; _builder_version=&#8221;4.17.6&#8243; _module_preset=&#8221;default&#8221; global_colors_info=&#8221;{}&#8221;][et_pb_text disabled_on=&#8221;off|off|off&#8221; _builder_version=&#8221;4.27.4&#8243; _module_preset=&#8221;default&#8221; hover_enabled=&#8221;0&#8243; global_colors_info=&#8221;{}&#8221; sticky_enabled=&#8221;0&#8243;]<\/p>\n<p>Nordigital.net LTD, jonka s\u00e4\u00e4nt\u00f6m\u00e4\u00e4r\u00e4inen kotipaikka on Unit 126, 5 Spur Road, Isleworth, Middlesex, United Kingdom, TW7 5BD - Rekister\u00f6intinumero: 07009113 - ALV-numero: GB455167677.<\/p>\n<p>Valtuutettu :<\/p>\n<p>SAS FRIENDZ. Kotipaikka: 9, rue de Paris - 94100 St-Maur-Des-Foss\u00e9s. Siren 891 437 535 NAF: 62.01Z- Osakep\u00e4\u00e4oma 1 200,00 euroa. ALV-numero FR16891437535<\/p>\n<p>Kaiken sivustolla julkaistun sis\u00e4ll\u00f6n markkinointi\u00a0<a href=\"https:\/\/talk4to.com\/fi\/\">www.talk4to.com<\/a>sopimuspuolten v\u00e4lisen sopimuksen m\u00e4\u00e4r\u00e4ysten mukaisesti.<\/p>\n<p>Viimeksi p\u00e4ivitetty: 08 hein\u00e4kuu 2025<\/p>\n<p>[\/et_pb_text][et_pb_text module_class=&#8221;custom-title&#8221; _builder_version=&#8221;4.17.6&#8243; _module_preset=&#8221;default&#8221; global_colors_info=&#8221;{}&#8221;]<\/p>\n<h2>Johdanto<\/h2>\n<p>[\/et_pb_text][et_pb_text _builder_version=&#8221;4.27.4&#8243; _module_preset=&#8221;default&#8221; global_colors_info=&#8221;{}&#8221;]<\/p>\n<p>Tilaamalla www.talk4to.com -palvelut saat seuraavat edut:<\/p>\n<ul>\n<li>Rajoittamattomat testit<\/li>\n<li>Kaikkien testitulosten varastointi<\/li>\n<li>Testien v\u00e4liset vertailut<\/li>\n<li>Tulokset l\u00e4hetet\u00e4\u00e4n s\u00e4hk\u00f6postitse.<\/li>\n<\/ul>\n<p>Tilaus antaa sinulle p\u00e4\u00e4syn j\u00e4senalueelle 24 tunnin ajaksi kampanjahintaan 0,5 \u20ac (sis. alv). Kokeilujakson p\u00e4\u00e4tytty\u00e4 sovelletaan kuukausitilausta, jonka hinta on 47,5 \u20ac (sis. alv) kuukaudessa. Maksu veloitetaan luottokortiltasi automaattisesti joka kuukausi vuosip\u00e4iv\u00e4n\u00e4.<\/p>\n<p>Voit peruuttaa tilauksesi milloin tahansa ja ehdoitta suoraan t\u00e4ll\u00e4 sivulla:\u00a0<a href=\"https:\/\/talk4to.com\/fi\/se-desabonner\/\">https:\/\/talk4to.com\/se-desabonner\/<\/a><\/p>\n<p>Jos haluat peruuttaa tilauksesi, ota yhteytt\u00e4 asiakaspalveluumme s\u00e4hk\u00f6postitse osoitteessa\u00a0<a href=\"mailto:contact.talkto1@gmail.com\">contact.talkto1@gmail.com<\/a>tai yhteydenottolomakkeemme kautta t\u00e4m\u00e4n linkin kautta:\u00a0<a href=\"https:\/\/talk4to.com\/fi\/contact\/\">https:\/\/talk4to.com\/contact\/<\/a><\/p>\n<div>\n<div><span>www.talk4to.com ei myy asiakastietoja eteenp\u00e4in, vaan henkil\u00f6tietoja k\u00e4ytet\u00e4\u00e4n ainoastaan yhteydenpitoon asiakkaiden kanssa ja halutun palvelutason tarjoamiseen.<\/span><\/div>\n<p>&nbsp;<\/p>\n<div><span>www.talk4to.com k\u00e4ytt\u00e4\u00e4 maksupalveluntarjoajia, jotka noudattavat vaadittuja PCI DSS -turvallisuusstandardeja.<\/span><\/div>\n<\/div>\n<p>[\/et_pb_text][\/et_pb_column][\/et_pb_row][\/et_pb_section][\/et_pb_section][\/et_pb_section]<\/p>","protected":false},"excerpt":{"rendered":"<p>Conditions de paiements recurrentsLa soci\u00e9t\u00e9 Nordigital.net LTD, whose registered office is at Unit 126, 5 Spur Road, Isleworth, Middlesex, United Kingdom, TW7 5BD &#8211; Registration number: 07009113 &#8211; VAT number : GB455167677 D\u00e9l\u00e8gue \u00e0\u00a0: La soci\u00e9t\u00e9 SAS FRIENDZ. Si\u00e8ge Social\u00a0:\u00a0 9, rue de Paris &#8211; 94100 St-Maur-Des-Foss\u00e9s. Siren 891 437 535 NAF\u00a0: 62.01Z\u2013 Capital social [&hellip;]<\/p>","protected":false},"author":1,"featured_media":0,"parent":0,"menu_order":0,"comment_status":"closed","ping_status":"closed","template":"","meta":{"_et_pb_use_builder":"on","_et_pb_old_content":"","_et_gb_content_width":"","inline_featured_image":false,"footnotes":""},"class_list":["post-1062","page","type-page","status-publish","hentry"],"_links":{"self":[{"href":"https:\/\/talk4to.com\/fi\/wp-json\/wp\/v2\/pages\/1062","targetHints":{"allow":["GET"]}}],"collection":[{"href":"https:\/\/talk4to.com\/fi\/wp-json\/wp\/v2\/pages"}],"about":[{"href":"https:\/\/talk4to.com\/fi\/wp-json\/wp\/v2\/types\/page"}],"author":[{"embeddable":true,"href":"https:\/\/talk4to.com\/fi\/wp-json\/wp\/v2\/users\/1"}],"replies":[{"embeddable":true,"href":"https:\/\/talk4to.com\/fi\/wp-json\/wp\/v2\/comments?post=1062"}],"version-history":[{"count":9,"href":"https:\/\/talk4to.com\/fi\/wp-json\/wp\/v2\/pages\/1062\/revisions"}],"predecessor-version":[{"id":1629,"href":"https:\/\/talk4to.com\/fi\/wp-json\/wp\/v2\/pages\/1062\/revisions\/1629"}],"wp:attachment":[{"href":"https:\/\/talk4to.com\/fi\/wp-json\/wp\/v2\/media?parent=1062"}],"curies":[{"name":"wp","href":"https:\/\/api.w.org\/{rel}","templated":true}]}}