{"id":827,"date":"2023-09-28T12:26:55","date_gmt":"2023-09-28T12:26:55","guid":{"rendered":"https:\/\/stg-talktotoeic-devtalkto.kinsta.cloud\/?page_id=827"},"modified":"2024-06-24T13:23:00","modified_gmt":"2024-06-24T13:23:00","slug":"se-desabonner","status":"publish","type":"page","link":"https:\/\/talk4to.com\/es\/se-desabonner\/","title":{"rendered":"Cancelar suscripci\u00f3n"},"content":{"rendered":"<p>[et_pb_section fb_built=&#8221;1&#8243; _builder_version=&#8221;4.17.6&#8243; _module_preset=&#8221;default&#8221; global_colors_info=&#8221;{}&#8221;][et_pb_row _builder_version=&#8221;4.17.6&#8243; _module_preset=&#8221;default&#8221; locked=&#8221;off&#8221; global_colors_info=&#8221;{}&#8221;][et_pb_column type=&#8221;4_4&#8243; _builder_version=&#8221;4.17.6&#8243; _module_preset=&#8221;default&#8221; global_colors_info=&#8221;{}&#8221;][et_pb_text module_class=&#8221;custom-title&#8221; _builder_version=&#8221;4.17.6&#8243; _module_preset=&#8221;default&#8221; global_colors_info=&#8221;{}&#8221;]<\/p>\n<h2>Cancelar suscripci\u00f3n<\/h2>\n<p>[\/et_pb_text][\/et_pb_column][\/et_pb_row][et_pb_row _builder_version=&#8221;4.17.6&#8243; _module_preset=&#8221;default&#8221; global_colors_info=&#8221;{}&#8221;][et_pb_column type=&#8221;4_4&#8243; _builder_version=&#8221;4.17.6&#8243; _module_preset=&#8221;default&#8221; global_colors_info=&#8221;{}&#8221;][et_pb_text _builder_version=&#8221;4.23.4&#8243; _module_preset=&#8221;default&#8221; text_font=&#8221;ProximaNova Bold||||||||&#8221; text_font_size=&#8221;20px&#8221; text_orientation=&#8221;center&#8221; width=&#8221;60%&#8221; width_tablet=&#8221;60%&#8221; width_phone=&#8221;100%&#8221; width_last_edited=&#8221;on|phone&#8221; module_alignment=&#8221;center&#8221; global_colors_info=&#8221;{}&#8221;]<\/p>\n<p style=\"text-align: left;\">Para darse de baja f\u00e1cilmente, s\u00f3lo tiene que introducir su direcci\u00f3n de correo electr\u00f3nico y hacer clic en \"darse de baja\".<\/p>\n<p>[\/et_pb_text][et_pb_code module_id=&#8221;unsubscribe_form&#8221; _builder_version=&#8221;4.23.4&#8243; _module_preset=&#8221;default&#8221; width=&#8221;60%&#8221; width_tablet=&#8221;100%&#8221; width_phone=&#8221;100%&#8221; width_last_edited=&#8221;on|phone&#8221; module_alignment=&#8221;center&#8221; custom_padding=&#8221;30px|50px|30px|50px|true|true&#8221; custom_padding_tablet=&#8221;30px|50px|30px|50px|true|true&#8221; custom_padding_phone=&#8221;|20px||20px|true|true&#8221; custom_padding_last_edited=&#8221;on|phone&#8221; custom_css_main_element=&#8221;overflow-x:hidden !important;&#8221; border_radii=&#8221;on|15px|15px|15px|15px&#8221; box_shadow_style=&#8221;preset1&#8243; box_shadow_color=&#8221;rgba(0,0,0,0.16)&#8221; global_colors_info=&#8221;{}&#8221;]<form action=\"https:\/\/talk4to.com\/wp-admin\/admin-post.php\" method=\"post\">\n\t\t\t\t<input type=\"hidden\" name=\"action\" value=\"b5pt_cancel_sub\">\n\t\t\t\t<div class=\"cancel-wrap\">\n\t\t\t\t<label for=\"stripe_email\">Correo electr\u00f3nico<\/label>\n\t\t\t\t<input type=\"email\" name=\"email\" id=\"stripe_email\" placeholder=\"johndoe@gmail.com\" value=\"\">\n\t\t\t\t<input type=\"submit\" value=\"Cancelar suscripci\u00f3n\">\n\t\t\t\t<\/div> \n\t\t\t<\/form>[\/et_pb_code][\/et_pb_column][\/et_pb_row][\/et_pb_section][et_pb_section fb_built=&#8221;1&#8243; _builder_version=&#8221;4.17.6&#8243; _module_preset=&#8221;default&#8221; locked=&#8221;off&#8221; global_colors_info=&#8221;{}&#8221;][et_pb_row column_structure=&#8221;1_2,1_2&#8243; _builder_version=&#8221;4.17.6&#8243; _module_preset=&#8221;default&#8221; global_colors_info=&#8221;{}&#8221;][et_pb_column type=&#8221;1_2&#8243; _builder_version=&#8221;4.17.6&#8243; _module_preset=&#8221;default&#8221; global_colors_info=&#8221;{}&#8221;][et_pb_image src=&#8221;https:\/\/talk4to.com\/wp-content\/uploads\/2023\/08\/FAQ.svg&#8221; title_text=&#8221;FAQ&#8221; _builder_version=&#8221;4.23.4&#8243; _module_preset=&#8221;default&#8221; filter_hue_rotate=&#8221;180deg&#8221; global_colors_info=&#8221;{}&#8221;][\/et_pb_image][\/et_pb_column][et_pb_column type=&#8221;1_2&#8243; _builder_version=&#8221;4.17.6&#8243; _module_preset=&#8221;default&#8221; global_colors_info=&#8221;{}&#8221;][et_pb_text module_class=&#8221;custom-title&#8221; _builder_version=&#8221;4.17.6&#8243; _module_preset=&#8221;default&#8221; locked=&#8221;off&#8221; global_colors_info=&#8221;{}&#8221;]<\/p>\n<h2>PREGUNTAS FRECUENTES<\/h2>\n<p>[et_pb_text][et_pb_toggle title=\"\u00bfCu\u00e1l es el objetivo de estas sesiones de formaci\u00f3n?\" open_toggle_text_color=\"#4e4e4e\" icon_color=\"#ff9666\u2033 toggle_icon=\"3||divi||400\u2033 use_icon_font_size=\"on\" icon_font_size=\"45px\" open_icon_color=\"#ff9666\u2033 open_toggle_icon=\"2||divi||400\u2033 open_use_icon_font_size=\"on\" open_icon_font_size=\"45px\" _builder_version=\"4.23.4\u2033 _module_preset=\"default\" title_text_color=\"#4e4e4e\" title_font=\"|700|||||||\" title_font_size=\"18px\" closed_title_font=\"|700|||||||\" closed_title_font_size=\"18px\" body_font=\"|300|||||||\" body_font_size=\"16px\" background_color=\"RGBA(255,255,255,0)\" custom_margin=\"||30px||false|false\" custom_padding=\"||5px||false|false\" custom_css_toggle_title=\"margin-left:-20px;\" custom_css_toggle_content=\"margin-left:20px;\" border_width_all=\"0px\" border_width_bottom=\"3px\" border_color_bottom=\"#ff9666\u2033 global_colors_info=\"{}\"]<\/p>\n<p>El objetivo de esta formaci\u00f3n es medir los conocimientos y la comprensi\u00f3n de una persona en diferentes \u00e1mbitos.<\/p>\n<p>Estas evaluaciones est\u00e1n dise\u00f1adas para valorar los conocimientos generales de una persona en un contexto acad\u00e9mico, o para identificar sus puntos fuertes y d\u00e9biles, permitiendo as\u00ed un crecimiento personal y profesional continuo.<\/p>\n<p>[et_pb_toggle][et_pb_toggle title=\"\u00bfC\u00f3mo acceder a sus resultados?\" open_toggle_text_color=\"#4e4e4e\" icon_color=\"#ff9666\u2033 toggle_icon=\"3||divi||400\u2033 use_icon_font_size=\"on\" icon_font_size=\"45px\" open_icon_color=\"#ff9666\u2033 open_toggle_icon=\"2||divi||400\u2033 open_use_icon_font_size=\"on\" open_icon_font_size=\"45px\" _builder_version=\"4.23.4\u2033 _module_preset=\"default\" title_text_color=\"#4e4e4e\" title_font=\"|700|||||||\" title_font_size=\"18px\" closed_title_font=\"|700|||||||\" closed_title_font_size=\"18px\" body_font=\"|300|||||||\" body_font_size=\"16px\" background_color=\"RGBA(255,255,255,0)\" custom_margin=\"||30px||false|false\" custom_padding=\"||5px||false|false\" custom_css_toggle_title=\"margin-left:-20px;\" custom_css_toggle_content=\"margin-left:20px;\" border_width_all=\"0px\" border_width_bottom=\"3px\" border_color_bottom=\"#ff9666\u2033 global_colors_info=\"{}\"]<\/p>\n<p>Se puede acceder a los resultados del ejercicio mediante una oferta de 24 horas o una suscripci\u00f3n mensual.<\/p>\n<p>Para saber c\u00f3mo hacer la prueba y c\u00f3mo suscribirse, consulte la secci\u00f3n \"\u00bfC\u00f3mo funciona?<\/p>\n<p>Tambi\u00e9n puede consultar el historial completo de sus pruebas accediendo a la pesta\u00f1a de historial en el \u00e1rea de su cuenta.<\/p>\n<p>[et_pb_toggle][et_pb_toggle title=\"\u00bfC\u00f3mo me suscribo?\" open_toggle_text_color=\"#4e4e4e\" icon_color=\"#ff9666\u2033 toggle_icon=\"3||divi||400\u2033 use_icon_font_size=\"on\" icon_font_size=\"45px\" open_icon_color=\"#ff9666\u2033 open_toggle_icon=\"2||divi||400\u2033 open_use_icon_font_size=\"on\" open_icon_font_size=\"45px\" _builder_version=\"4.23.4\u2033 _module_preset=\"default\" title_text_color=\"#4e4e4e\" title_font=\"|700|||||||\" title_font_size=\"18px\" closed_title_font=\"|700|||||||\" closed_title_font_size=\"18px\" body_font=\"|300|||||||\" body_font_size=\"16px\" background_color=\"RGBA(255,255,255,0)\" custom_margin=\"||30px||false|false\" custom_padding=\"||5px||false|false\" custom_css_toggle_title=\"margin-left:-20px;\" custom_css_toggle_content=\"margin-left:20px;\" border_width_all=\"0px\" border_width_bottom=\"3px\" border_color_bottom=\"#ff9666\u2033 global_colors_info=\"{}\"]<\/p>\n<p>En primer lugar, tienes que hacer la prueba. Una vez terminado, para consultar los resultados hay que suscribirse a la oferta de 24 horas, que cuesta 0,50 euros. Despu\u00e9s de este periodo, la oferta se convierte autom\u00e1ticamente en una suscripci\u00f3n mensual que cuesta 47,50 \u20ac.<\/p>\n<p>Si s\u00f3lo desea beneficiarse de la oferta de 24 horas, s\u00f3lo tiene que darse de baja.<\/p>\n<p>Para m\u00e1s informaci\u00f3n sobre c\u00f3mo realizar el test y las opciones de suscripci\u00f3n, consulte la p\u00e1gina \"C\u00f3mo funciona\".<\/p>\n<p>[et_pb_toggle title=\"\u00bfQu\u00e9 ventajas y servicios incluye la suscripci\u00f3n?\" open_toggle_text_color=\"#4e4e4e\" icon_color=\"#ff9666\u2033 toggle_icon=\"3||divi||400\u2033 use_icon_font_size=\"on\" icon_font_size=\"45px\" open_icon_color=\"#ff9666\u2033 open_toggle_icon=\"2||divi||400\u2033 open_use_icon_font_size=\"on\" open_icon_font_size=\"45px\" _builder_version=\"4.23.4\u2033 _module_preset=\"default\" title_text_color=\"#4e4e4e\" title_font=\"|700|||||||\" title_font_size=\"18px\" closed_title_font=\"|700|||||||\" closed_title_font_size=\"18px\" body_font=\"|300|||||||\" body_font_size=\"16px\" background_color=\"RGBA(255,255,255,0)\" custom_margin=\"||30px||false|false\" custom_padding=\"||5px||false|false\" custom_css_toggle_title=\"margin-left:-20px;\" custom_css_toggle_content=\"margin-left:20px;\" border_width_all=\"0px\" border_width_bottom=\"3px\" border_color_bottom=\"#ff9666\u2033 global_colors_info=\"{}\"]<\/p>\n<p>Con una suscripci\u00f3n, puede realizar la prueba varias veces, ya sea para usted mismo o para otra persona. Tambi\u00e9n te permite acceder a tus resultados, compararlos y almacenarlos para realizar un seguimiento peri\u00f3dico. Y lo que es m\u00e1s, tendr\u00e1s la oportunidad de realizar pruebas premium m\u00e1s avanzadas para un an\u00e1lisis m\u00e1s detallado de tus conocimientos ling\u00fc\u00edsticos.<\/p>\n<p>[\/et_pb_toggle][et_pb_button button_url=\"@ET-DC@eyJkeW5hbWljIjp0cnVlLCJjb250ZW50IjoicG9zdF9saW5rX3VybF9wYWdlIiwic2V0dGluZ3MiOnsicG9zdF9pZCI6IjM0In19@\" button_text=\"FAQ\" button_alignment=\"center\" disabled_on=\"off|off|off\" module_class=\"custom-btn center \" _builder_version=\"4.23.4\u2033 _dynamic_attributes=\"button_url\" _module_preset=\"default\" button_border_color=\"#E02B20\u2033 custom_margin=\"||||true|false\" custom_padding=\"|50px||50px|false|true\" custom_padding_tablet=\"|50px||50px|false|true\" custom_padding_phone=\"|50px||50px|false|true\" custom_padding_last_edited=\"on|desktop\" locked=\"off\" global_colors_info=\"{}\"][\/et_pb_button][\/et_pb_column][\/et_pb_row][\/et_pb_section]<\/p>","protected":false},"excerpt":{"rendered":"<p>Se d\u00e9sabonnerPour vous d\u00e9sabonner facilement, il vous suffit de saisir votre adresse e-mail et de cliquer sur &#8220;annuler l&#8217;abonnement&#8221;.<form action=\"https:\/\/talk4to.com\/wp-admin\/admin-post.php\" method=\"post\">\n\t\t\t\t<input type=\"hidden\" name=\"action\" value=\"b5pt_cancel_sub\">\n\t\t\t\t<div class=\"cancel-wrap\">\n\t\t\t\t<label for=\"stripe_email\">Correo electr\u00f3nico<\/label>\n\t\t\t\t<input type=\"email\" name=\"email\" id=\"stripe_email\" placeholder=\"johndoe@gmail.com\" value=\"\">\n\t\t\t\t<input type=\"submit\" value=\"Cancelar suscripci\u00f3n\">\n\t\t\t\t<\/div> \n\t\t\t<\/form>FAQL&#8217;objectif de ces entrainements est de mesurer les connaissances et la compr\u00e9hension d&#8217;un individu dans diff\u00e9rents domaines. Ces \u00e9valuations sont con\u00e7ues pour appr\u00e9cier le savoir g\u00e9n\u00e9ral d&#8217;une personne dans un contexte acad\u00e9mique, ou pour identifier ses forces [&hellip;]<\/p>","protected":false},"author":1,"featured_media":0,"parent":0,"menu_order":0,"comment_status":"closed","ping_status":"closed","template":"","meta":{"_et_pb_use_builder":"on","_et_pb_old_content":"<!-- wp:divi\/placeholder \/-->","_et_gb_content_width":"","inline_featured_image":false,"footnotes":""},"class_list":["post-827","page","type-page","status-publish","hentry"],"_links":{"self":[{"href":"https:\/\/talk4to.com\/es\/wp-json\/wp\/v2\/pages\/827","targetHints":{"allow":["GET"]}}],"collection":[{"href":"https:\/\/talk4to.com\/es\/wp-json\/wp\/v2\/pages"}],"about":[{"href":"https:\/\/talk4to.com\/es\/wp-json\/wp\/v2\/types\/page"}],"author":[{"embeddable":true,"href":"https:\/\/talk4to.com\/es\/wp-json\/wp\/v2\/users\/1"}],"replies":[{"embeddable":true,"href":"https:\/\/talk4to.com\/es\/wp-json\/wp\/v2\/comments?post=827"}],"version-history":[{"count":20,"href":"https:\/\/talk4to.com\/es\/wp-json\/wp\/v2\/pages\/827\/revisions"}],"predecessor-version":[{"id":1470,"href":"https:\/\/talk4to.com\/es\/wp-json\/wp\/v2\/pages\/827\/revisions\/1470"}],"wp:attachment":[{"href":"https:\/\/talk4to.com\/es\/wp-json\/wp\/v2\/media?parent=827"}],"curies":[{"name":"wp","href":"https:\/\/api.w.org\/{rel}","templated":true}]}}