{"id":39,"date":"2023-08-18T13:37:08","date_gmt":"2023-08-18T13:37:08","guid":{"rendered":"https:\/\/stg-talktotoeic-devtalkto.kinsta.cloud\/?page_id=39"},"modified":"2025-07-09T07:56:22","modified_gmt":"2025-07-09T07:56:22","slug":"protection-des-donnees","status":"publish","type":"page","link":"https:\/\/talk4to.com\/es\/protection-des-donnees\/","title":{"rendered":"Protecci\u00f3n de datos"},"content":{"rendered":"<p>[et_pb_section fb_built=&#8221;1&#8243; admin_label=&#8221;Header&#8221; _builder_version=&#8221;4.23.4&#8243; custom_margin=&#8221;0px||||false|false&#8221; custom_padding=&#8221;0px||||false|false&#8221; locked=&#8221;off&#8221; global_colors_info=&#8221;{}&#8221;][et_pb_row column_structure=&#8221;1_2,1_2&#8243; custom_padding_last_edited=&#8221;on|phone&#8221; module_class=&#8221;custom-header&#8221; _builder_version=&#8221;4.17.6&#8243; _module_preset=&#8221;default&#8221; width=&#8221;70%&#8221; width_tablet=&#8221;&#8221; width_phone=&#8221;78%&#8221; width_last_edited=&#8221;on|desktop&#8221; custom_margin_tablet=&#8221;&#8221; custom_margin_phone=&#8221;0px||0px||true|false&#8221; custom_margin_last_edited=&#8221;on|phone&#8221; custom_padding_tablet=&#8221;&#8221; custom_padding_phone=&#8221;0px||0px||true|false&#8221; global_colors_info=&#8221;{}&#8221;][et_pb_column type=&#8221;1_2&#8243; _builder_version=&#8221;4.17.6&#8243; _module_preset=&#8221;default&#8221; global_colors_info=&#8221;{}&#8221;][et_pb_text _builder_version=&#8221;4.17.6&#8243; _module_preset=&#8221;default&#8221; custom_margin=&#8221;80px||||false|false&#8221; custom_margin_tablet=&#8221;0px||||false|false&#8221; custom_margin_phone=&#8221;0px||0px||false|false&#8221; custom_margin_last_edited=&#8221;on|tablet&#8221; custom_padding=&#8221;||0px||false|false&#8221; header_text_align_tablet=&#8221;&#8221; header_text_align_phone=&#8221;center&#8221; header_text_align_last_edited=&#8221;on|phone&#8221; global_colors_info=&#8221;{}&#8221;]<\/p>\n<h1>Protecci\u00f3n de<br \/>\n<span class=\"bigger\">datos<\/span><\/h1>\n<p>[\/et_pb_text][et_pb_button button_url=&#8221;https:\/\/talk4to.com\/passer-le-test\/&#8221; button_text=&#8221;Commencer le test&#8221; button_alignment=&#8221;center&#8221; disabled_on=&#8221;on|off|off&#8221; module_class=&#8221;custom-btn &#8221; _builder_version=&#8221;4.17.6&#8243; _dynamic_attributes=&#8221;button_url&#8221; _module_preset=&#8221;default&#8221; custom_margin=&#8221;||||true|false&#8221; locked=&#8221;off&#8221; global_colors_info=&#8221;{}&#8221;][\/et_pb_button][\/et_pb_column][et_pb_column type=&#8221;1_2&#8243; _builder_version=&#8221;4.17.6&#8243; _module_preset=&#8221;default&#8221; global_colors_info=&#8221;{}&#8221;][et_pb_image src=&#8221;https:\/\/talk4to.com\/wp-content\/uploads\/2023\/08\/Legal.svg&#8221; title_text=&#8221;Legal&#8221; align_tablet=&#8221;&#8221; align_phone=&#8221;center&#8221; align_last_edited=&#8221;on|phone&#8221; _builder_version=&#8221;4.23.4&#8243; _module_preset=&#8221;default&#8221; positioning=&#8221;relative&#8221; horizontal_offset=&#8221;-3vw&#8221; vertical_offset_tablet=&#8221;&#8221; vertical_offset_phone=&#8221;-5vh&#8221; vertical_offset_last_edited=&#8221;on|phone&#8221; horizontal_offset_tablet=&#8221;-3vw&#8221; horizontal_offset_phone=&#8221;-30vw&#8221; horizontal_offset_last_edited=&#8221;on|desktop&#8221; width_tablet=&#8221;&#8221; width_phone=&#8221;130vw&#8221; width_last_edited=&#8221;on|phone&#8221; custom_margin_tablet=&#8221;&#8221; custom_margin_phone=&#8221;0px||||false|false&#8221; custom_margin_last_edited=&#8221;on|phone&#8221; custom_padding_tablet=&#8221;&#8221; custom_padding_phone=&#8221;0px||||false|false&#8221; custom_padding_last_edited=&#8221;on|phone&#8221; filter_hue_rotate=&#8221;180deg&#8221; global_colors_info=&#8221;{}&#8221;][\/et_pb_image][et_pb_button button_url=&#8221;https:\/\/talk4to.com\/passer-le-test\/&#8221; button_text=&#8221;Commencer le test&#8221; button_alignment=&#8221;center&#8221; disabled_on=&#8221;off|on|on&#8221; module_class=&#8221;custom-btn center&#8221; _builder_version=&#8221;4.17.6&#8243; _dynamic_attributes=&#8221;button_url&#8221; _module_preset=&#8221;default&#8221; custom_margin=&#8221;||||true|false&#8221; locked=&#8221;off&#8221; global_colors_info=&#8221;{}&#8221;][\/et_pb_button][\/et_pb_column][\/et_pb_row][\/et_pb_section][et_pb_section fb_built=&#8221;1&#8243; _builder_version=&#8221;4.17.6&#8243; _module_preset=&#8221;default&#8221; locked=&#8221;off&#8221; global_colors_info=&#8221;{}&#8221;][et_pb_row _builder_version=&#8221;4.17.6&#8243; _module_preset=&#8221;default&#8221; global_colors_info=&#8221;{}&#8221;][et_pb_column type=&#8221;4_4&#8243; _builder_version=&#8221;4.17.6&#8243; _module_preset=&#8221;default&#8221; global_colors_info=&#8221;{}&#8221;][et_pb_text disabled_on=&#8221;off|off|off&#8221; _builder_version=&#8221;4.27.4&#8243; _module_preset=&#8221;default&#8221; hover_enabled=&#8221;0&#8243; global_colors_info=&#8221;{}&#8221; sticky_enabled=&#8221;0&#8243;]<\/p>\n<p>Nordigital.net LTD, con domicilio social en Unit 126, 5 Spur Road, Isleworth, Middlesex, Reino Unido, TW7 5BD - N\u00famero de registro: 07009113 - N\u00famero de IVA : GB455167677<\/p>\n<p>Delegado en :<\/p>\n<p>SAS FRIENDZ. Domicilio social: 9, rue de Paris - 94100 St-Maur-Des-Foss\u00e9s. Siren 891 437 535 NAF: 62.01Z- Capital social de 1.200,00 euros. N\u00famero de IVA FR16891437535<\/p>\n<p>La comercializaci\u00f3n de todos los contenidos publicados en el sitio web www.talk4to.com, de conformidad con lo estipulado en el contrato celebrado entre ambas partes.<\/p>\n<p>\u00daltima actualizaci\u00f3n: 08 julio 2025<\/p>\n<p>[\/et_pb_text][et_pb_text module_class=&#8221;custom-title&#8221; _builder_version=&#8221;4.17.6&#8243; _module_preset=&#8221;default&#8221; global_colors_info=&#8221;{}&#8221;]<\/p>\n<h2>Pre\u00e1mbulo<\/h2>\n<p>[\/et_pb_text][et_pb_text _builder_version=&#8221;4.27.4&#8243; _module_preset=&#8221;default&#8221; hover_enabled=&#8221;0&#8243; global_colors_info=&#8221;{}&#8221; sticky_enabled=&#8221;0&#8243;]<\/p>\n<div>\n<div><span>Al continuar navegando por nuestro Sitio www.talk4to.com (en lo sucesivo, \"el Sitio\"), los visitantes del Sitio (en lo sucesivo, \"los Usuarios\") aceptan sin reservas las siguientes disposiciones y condiciones de uso (en lo sucesivo, \"CGU\"). Antes de cualquier utilizaci\u00f3n de las funcionalidades de nuestro Sitio, el Usuario reconoce haber le\u00eddo las presentes CGU y haberlas aceptado.<\/span><\/div>\n<div><span>\u00a0<\/span><\/div>\n<div><span>La versi\u00f3n de nuestras C.G.U. actualmente en l\u00ednea es la \u00fanica versi\u00f3n que puede invocarse durante todo el per\u00edodo de utilizaci\u00f3n del Sitio y hasta que la sustituyamos por una nueva versi\u00f3n.<\/span><\/div>\n<div><span>\u00a0<\/span><\/div>\n<div><span>El Sitio est\u00e1 gestionado por las empresas Nordigital LTD, el contenido 2TANT comercializado por la empresa FRIENDZ, (en adelante el \"Vendedor\" o \"TALK4TO\") que se reserva el derecho de modificar estas condiciones en cualquier momento. Toda utilizaci\u00f3n de nuestro Sitio tras la modificaci\u00f3n de las CGU implica la aceptaci\u00f3n irrevocable por parte del Usuario de la nueva versi\u00f3n. En caso de desacuerdo con nuestras CGU, se invita al Usuario a dejar de utilizar nuestro Sitio.<\/span><\/div>\n<\/div>\n<p>[\/et_pb_text][et_pb_text module_class=&#8221;custom-title&#8221; _builder_version=&#8221;4.17.6&#8243; _module_preset=&#8221;default&#8221; global_colors_info=&#8221;{}&#8221;]<\/p>\n<h2>Art\u00edculo 1 - Definiciones<\/h2>\n<p>[\/et_pb_text][et_pb_text _builder_version=&#8221;4.17.6&#8243; _module_preset=&#8221;default&#8221; global_colors_info=&#8221;{}&#8221;]<\/p>\n<p>En nuestro Sitio, los t\u00e9rminos que figuran a continuaci\u00f3n tienen los siguientes significados:<\/p>\n<p>&nbsp;<\/p>\n<p>\"Contenido\": se refiere a todos los elementos que componen la informaci\u00f3n de nuestro Sitio (texto, im\u00e1genes, v\u00eddeos, algoritmos, software, widgets, etc.) y que permiten su funcionamiento, informan a los Usuarios y presentan nuestros servicios;<\/p>\n<p>&nbsp;<\/p>\n<p>\"Derechos de Propiedad Intelectual\": se refiere a todos los derechos de propiedad intelectual y derechos conexos (derechos de autor, derechos de marca, derechos de patente, nombres comerciales, bases de datos, etc.) protegidos por el C\u00f3digo de Propiedad Intelectual creado por la ley n\u00ba 92-587 de 1 de julio de 1992, cuya versi\u00f3n en vigor es la aplicable en el momento en que el usuario consulta el Sitio;<\/p>\n<p>&nbsp;<\/p>\n<p>\"Funciones\": se refiere a todas las funcionalidades puestas a disposici\u00f3n de nuestros usuarios a trav\u00e9s de nuestro Sitio;<\/p>\n<p>&nbsp;<\/p>\n<p>\"Sitio\": se refiere al Sitio https:\/\/talk4to.com\/ operado por el Vendedor y puesto a disposici\u00f3n del Usuario;<\/p>\n<p>&nbsp;<\/p>\n<p>\"Usuario\": se refiere a cualquier individuo que utilice nuestro Sitio y tenga acceso a su contenido.<\/p>\n<p>[\/et_pb_text][et_pb_text module_class=&#8221;custom-title&#8221; _builder_version=&#8221;4.17.6&#8243; _module_preset=&#8221;default&#8221; global_colors_info=&#8221;{}&#8221;]<\/p>\n<h2>Art\u00edculo 2 - Informaci\u00f3n jur\u00eddica<\/h2>\n<p>[\/et_pb_text][et_pb_text _builder_version=&#8221;4.17.6&#8243; _module_preset=&#8221;default&#8221; global_colors_info=&#8221;{}&#8221;]<\/p>\n<p>En aplicaci\u00f3n de la Ley francesa n\u00ba 2004-575, de 21 de junio de 2004, sobre la confianza en la econom\u00eda digital, se informa a los usuarios de nuestro Sitio Web de la identidad de las personas que participan en su creaci\u00f3n y seguimiento:<\/p>\n<p>&nbsp;<\/p>\n<p>Director editorial: Carlo Ela contact.talkto1@gmail.com .<\/p>\n<p>&nbsp;<\/p>\n<p>Anfitri\u00f3n: Kinsta, 8605 Santa Monica Blvd #92581 West Hollywood, CA 90069 - Estados Unidos. https:\/\/kinsta.com\/fr\/<\/p>\n<p>&nbsp;<\/p>\n<p>Desarrollador: TALK4TO<\/p>\n<p>&nbsp;<\/p>\n<p>Responsable de protecci\u00f3n de datos: Carlo Ela contact.talkto1@gmail.com.<\/p>\n<p>[\/et_pb_text][et_pb_text module_class=&#8221;custom-title&#8221; _builder_version=&#8221;4.17.6&#8243; _module_preset=&#8221;default&#8221; global_colors_info=&#8221;{}&#8221;]<\/p>\n<h2>Art\u00edculo 3 - Protecci\u00f3n de datos personales<\/h2>\n<p>[\/et_pb_text][et_pb_text _builder_version=&#8221;4.17.6&#8243; _module_preset=&#8221;default&#8221; global_colors_info=&#8221;{}&#8221;]<\/p>\n<p>Para utilizar nuestro Sitio, trataremos determinados datos personales relativos a los Usuarios. Este tratamiento se lleva a cabo de conformidad con la ley francesa n\u00ba 78-17 de 6 de enero de 1978, modificada, relativa a la inform\u00e1tica, los archivos y las libertades (denominada \"Ley Inform\u00e1tica y Libertades\") y con la Pol\u00edtica de Protecci\u00f3n de Datos accesible en la pesta\u00f1a correspondiente de nuestro Sitio.<\/p>\n<p>[\/et_pb_text][et_pb_text module_class=&#8221;custom-title&#8221; _builder_version=&#8221;4.17.6&#8243; _module_preset=&#8221;default&#8221; global_colors_info=&#8221;{}&#8221;]<\/p>\n<h2>Art\u00edculo 4 - Acceso al recinto<\/h2>\n<p>[\/et_pb_text][et_pb_text _builder_version=&#8221;4.17.6&#8243; _module_preset=&#8221;default&#8221; global_colors_info=&#8221;{}&#8221;]<\/p>\n<p>El acceso y la utilizaci\u00f3n del Sitio est\u00e1n reservados a un uso estrictamente personal. El Usuario se compromete a no utilizar el Sitio y la informaci\u00f3n o los datos contenidos en el mismo con fines comerciales, pol\u00edticos o publicitarios o para cualquier forma de solicitaci\u00f3n comercial, en particular el env\u00edo de correos electr\u00f3nicos no solicitados.<\/p>\n<p>&nbsp;<\/p>\n<p>El acceso al sitio est\u00e1 reservado a mayores de edad. El Editor se reserva el derecho de solicitar una prueba de la edad, especialmente si se utilizan los servicios de pedidos en l\u00ednea. El Editor no podr\u00e1 ser considerado responsable en caso de acceso al Sitio por parte de menores, ni en caso de informaci\u00f3n err\u00f3nea o enga\u00f1osa facilitada por los usuarios del Sitio.<\/p>\n<p>&nbsp;<\/p>\n<p>Los usuarios son personalmente responsables de la configuraci\u00f3n de los recursos inform\u00e1ticos y de telecomunicaciones necesarios para acceder al Sitio. Los costes de telecomunicaciones derivados del acceso a Internet y de la utilizaci\u00f3n del Sitio correr\u00e1n a su cargo.<\/p>\n<p>[\/et_pb_text][et_pb_text module_class=&#8221;custom-title&#8221; _builder_version=&#8221;4.17.6&#8243; _module_preset=&#8221;default&#8221; global_colors_info=&#8221;{}&#8221;]<\/p>\n<h2>Art\u00edculo 5 - Descripci\u00f3n de los servicios prestados<\/h2>\n<p>[\/et_pb_text][et_pb_text _builder_version=&#8221;4.17.6&#8243; _module_preset=&#8221;default&#8221; global_colors_info=&#8221;{}&#8221;]<\/p>\n<p>Nos esforzamos por ofrecer informaci\u00f3n lo m\u00e1s exacta posible, pero no nos responsabilizamos de las omisiones, inexactitudes o falta de actualizaci\u00f3n de la informaci\u00f3n. Toda la informaci\u00f3n facilitada en nuestro Sitio se ofrece a t\u00edtulo meramente informativo y no es exhaustiva. Se facilita a reserva de las modificaciones que puedan haberse producido desde su puesta en l\u00ednea.<\/p>\n<p>[\/et_pb_text][et_pb_text module_class=&#8221;custom-title&#8221; _builder_version=&#8221;4.17.6&#8243; _module_preset=&#8221;default&#8221; global_colors_info=&#8221;{}&#8221;]<\/p>\n<h2>Art\u00edculo 6 - Propiedad intelectual<\/h2>\n<p>[\/et_pb_text][et_pb_text _builder_version=&#8221;4.17.6&#8243; _module_preset=&#8221;default&#8221; global_colors_info=&#8221;{}&#8221;]<\/p>\n<p>6.1 Nuestro sitio web<\/p>\n<p>&nbsp;<\/p>\n<p>Todas las marcas, fotograf\u00edas, textos, comentarios, ilustraciones, im\u00e1genes (animadas o no), secuencias de v\u00eddeo, sonidos, as\u00ed como todas las aplicaciones inform\u00e1ticas que puedan utilizarse para el funcionamiento del Sitio y, de forma m\u00e1s general, todos los elementos reproducidos o utilizados en el Sitio est\u00e1n protegidos por la legislaci\u00f3n vigente en materia de propiedad intelectual.<\/p>\n<p>&nbsp;<\/p>\n<p>Son propiedad plena y entera de la Editorial o de sus socios comerciales. Queda estrictamente prohibida toda reproducci\u00f3n, representaci\u00f3n, utilizaci\u00f3n o adaptaci\u00f3n, en cualquier forma, de la totalidad o parte de estos elementos, incluidas las aplicaciones inform\u00e1ticas, sin el consentimiento previo por escrito del Editor. El hecho de que el editor no inicie un procedimiento en cuanto tenga conocimiento de dicha utilizaci\u00f3n no autorizada no constituye la aceptaci\u00f3n de dicha utilizaci\u00f3n ni la renuncia a emprender acciones legales.<\/p>\n<p>&nbsp;<\/p>\n<p>Queda terminantemente prohibido que los usuarios :<\/p>\n<p>&nbsp;<\/p>\n<p>Copiar, reproducir, representar, difundir, distribuir o publicar, de forma permanente o temporal, la totalidad o parte del contenido y\/o el Sitio por cualquier medio y en cualquier soporte conocido o por conocer hasta la fecha;<\/p>\n<p>Crear trabajos derivados del contenido y\/o del Sitio;<\/p>\n<p>Modificar, traducir, adaptar o arreglar total o parcialmente el Contenido y\/o el Sitio;<\/p>\n<p>Desensamblar, descompilar o aplicar ingenier\u00eda inversa al Sitio.<\/p>\n<p>En cualquier caso, los Usuarios son los \u00fanicos responsables del uso que hagan del Sitio.<\/p>\n<p>&nbsp;<\/p>\n<p>Cualquier uso no autorizado del Sitio o de cualquiera de los elementos que contiene se considerar\u00e1 constitutivo de infracci\u00f3n y ser\u00e1 perseguido de conformidad con lo dispuesto en los art\u00edculos L. 335-2 y siguientes del C\u00f3digo de la Propiedad Intelectual franc\u00e9s.<\/p>\n<p>&nbsp;<\/p>\n<p>Nuestra marca<\/p>\n<p>Las marcas (logotipos) verbales y visuales de la Editorial y de TALK4TO est\u00e1n protegidas. Queda prohibida su utilizaci\u00f3n sin la autorizaci\u00f3n escrita de la Editorial o de sus socios en cualquier soporte, con fines de promoci\u00f3n de productos o servicios, o con fines comerciales, so pena de acciones penales y civiles por parte de la Editorial contra el usuario y\/o cualquier tercero responsable.<\/p>\n<p>&nbsp;<\/p>\n<p>Contenido<\/p>\n<p>Los contenidos son de libre acceso en el Sitio. El hecho de que este contenido se ponga en l\u00ednea no implica ninguna transferencia de derechos de autor o de propiedad sobre el contenido, que sigue siendo plena y entera propiedad intelectual del Editor y de los colaboradores.<\/p>\n<p>&nbsp;<\/p>\n<p>Ning\u00fan Usuario podr\u00e1 o deber\u00e1 realizar ninguna acci\u00f3n que sea incompatible con el respeto de los derechos de autor y de propiedad intelectual o que contravenga cualquier otra ley francesa o internacional relativa a los derechos de propiedad intelectual. El Editor y sus colaboradores se reservan el derecho de perseguir a cualquier Usuario por cualquier violaci\u00f3n de estas disposiciones.<\/p>\n<p>[\/et_pb_text][et_pb_text module_class=&#8221;custom-title&#8221; _builder_version=&#8221;4.17.6&#8243; _module_preset=&#8221;default&#8221; global_colors_info=&#8221;{}&#8221;]<\/p>\n<h2>Art\u00edculo 7 - Gesti\u00f3n del sitio<\/h2>\n<p>[\/et_pb_text][et_pb_text _builder_version=&#8221;4.17.6&#8243; _module_preset=&#8221;default&#8221; global_colors_info=&#8221;{}&#8221;]<\/p>\n<p>Nuestro Sitio es normalmente accesible a los usuarios en todo momento. Para la correcta gesti\u00f3n del Sitio, el editor podr\u00e1 reservarse en todo momento el derecho de :<\/p>\n<p>&nbsp;<\/p>\n<p>Suspender, interrumpir o limitar el acceso a la totalidad o parte del Sitio, por cualquier motivo, con o sin previo aviso y a su entera discreci\u00f3n;<\/p>\n<p>Suprimir cualquier informaci\u00f3n que pueda perturbar su funcionamiento, por cualquier motivo, con o sin previo aviso y a su entera discreci\u00f3n;<\/p>\n<p>Suspender el Sitio para llevar a cabo actualizaciones.<\/p>\n<p>La Editorial har\u00e1 todo lo posible por informar a los usuarios de las fechas y horas de la intervenci\u00f3n con antelaci\u00f3n, pero no podr\u00e1 ser considerada responsable en caso de no hacerlo.<\/p>\n<p>[\/et_pb_text][et_pb_text module_class=&#8221;custom-title&#8221; _builder_version=&#8221;4.17.6&#8243; _module_preset=&#8221;default&#8221; global_colors_info=&#8221;{}&#8221;]<\/p>\n<h2>Art\u00edculo 8 - Responsabilidades<\/h2>\n<p>[\/et_pb_text][et_pb_text _builder_version=&#8221;4.17.6&#8243; _module_preset=&#8221;default&#8221; global_colors_info=&#8221;{}&#8221;]<\/p>\n<p>8.1 Acceso al emplazamiento<\/p>\n<p>&nbsp;<\/p>\n<p>La Editorial se compromete a hacer todo lo posible para garantizar que el Sitio Web sea accesible las 24 horas del d\u00eda, los 7 d\u00edas de la semana. No obstante, la Editorial no se compromete en cuanto a la disponibilidad y accesibilidad permanente del Sitio y no garantiza que el Sitio est\u00e9 libre de errores. El Editor no podr\u00e1 ser considerado responsable en caso de fallo, aver\u00eda, dificultad o interrupci\u00f3n del funcionamiento que impida el acceso al Sitio o a cualquiera de sus funcionalidades.<\/p>\n<p>&nbsp;<\/p>\n<p>El Editor y el anfitri\u00f3n no podr\u00e1n ser considerados responsables en caso de mal funcionamiento de la red de Internet, de las l\u00edneas telef\u00f3nicas o de los equipos inform\u00e1ticos y telef\u00f3nicos, en particular como consecuencia de una congesti\u00f3n de la red que impida el acceso al servidor.<\/p>\n<p>&nbsp;<\/p>\n<p>El editor no se hace responsable de las acciones legales emprendidas contra los usuarios:<\/p>\n<p>&nbsp;<\/p>\n<p>Como resultado de la utilizaci\u00f3n del Sitio o de cualquier otro servicio accesible a trav\u00e9s de Internet;<\/p>\n<p>Como consecuencia del incumplimiento por parte del usuario de las presentes CGU.<\/p>\n<p>&nbsp;<\/p>\n<p>Equipo utilizado<\/p>\n<p>El equipo utilizado por el Usuario para conectarse al Sitio es responsabilidad exclusiva del Usuario. Debe tomar todas las medidas apropiadas para proteger su equipo y sus propios datos. El Usuario se compromete a acceder al Sitio utilizando hardware reciente, libre de virus y con un navegador actualizado recientemente.<\/p>\n<p>&nbsp;<\/p>\n<p>El Editor no se hace responsable de los da\u00f1os causados a los Usuarios, a terceros y\/o a sus equipos como consecuencia de su conexi\u00f3n al Sitio o del uso del mismo, y los Usuarios renuncian a cualquier reclamaci\u00f3n contra el Editor a este respecto.<\/p>\n<p>&nbsp;<\/p>\n<p>El editor no podr\u00e1 ser considerado responsable de ning\u00fan da\u00f1o indirecto (como la p\u00e9rdida de mercado o de oportunidades) derivado del uso del Sitio.<\/p>\n<p>[\/et_pb_text][et_pb_text module_class=&#8221;custom-title&#8221; _builder_version=&#8221;4.17.6&#8243; _module_preset=&#8221;default&#8221; global_colors_info=&#8221;{}&#8221;]<\/p>\n<h2>Art\u00edculo 9 - Fotograf\u00edas y representaci\u00f3n de productos y servicios<\/h2>\n<p>[\/et_pb_text][et_pb_text _builder_version=&#8221;4.17.6&#8243; _module_preset=&#8221;default&#8221; global_colors_info=&#8221;{}&#8221;]<\/p>\n<p>Las fotograf\u00edas del Sitio, que acompa\u00f1an a su descripci\u00f3n, no son contractuales y no comprometen al editor.<\/p>\n<p>[\/et_pb_text][et_pb_text module_class=&#8221;custom-title&#8221; _builder_version=&#8221;4.17.6&#8243; _module_preset=&#8221;default&#8221; global_colors_info=&#8221;{}&#8221;]<\/p>\n<h2>Art\u00edculo 10 - Enlaces de hipertexto<\/h2>\n<p>[\/et_pb_text][et_pb_text _builder_version=&#8221;4.17.6&#8243; _module_preset=&#8221;default&#8221; global_colors_info=&#8221;{}&#8221;]<\/p>\n<p>Los usuarios pueden establecer enlaces de hipertexto hacia la totalidad o parte del sitio, previa autorizaci\u00f3n por escrito de TALK4TO, solicitada por correo electr\u00f3nico a la siguiente direcci\u00f3n: contact.talkto1@gmail.com.<\/p>\n<p>&nbsp;<\/p>\n<p>La Editorial es libre de denegar esta autorizaci\u00f3n sin tener que justificar su decisi\u00f3n de ning\u00fan modo. En caso de que el Editor conceda su autorizaci\u00f3n, \u00e9sta tendr\u00e1 en todos los casos car\u00e1cter temporal y podr\u00e1 ser retirada en cualquier momento, sin obligaci\u00f3n alguna de justificar su decisi\u00f3n. En cualquier caso, cualquier enlace deber\u00e1 ser retirado a simple petici\u00f3n de la marca.<\/p>\n<p>&nbsp;<\/p>\n<p>El sitio contiene una serie de enlaces de hipertexto hacia otros sitios, establecidos con la autorizaci\u00f3n del Editor. No obstante, nuestra empresa no est\u00e1 en condiciones de controlar el contenido de los sitios visitados de este modo y, por consiguiente, no asume ninguna responsabilidad al respecto.<\/p>\n<p>[\/et_pb_text][et_pb_text module_class=&#8221;custom-title&#8221; _builder_version=&#8221;4.17.6&#8243; _module_preset=&#8221;default&#8221; global_colors_info=&#8221;{}&#8221;]<\/p>\n<h2>Art\u00edculo 11 - Nulidad parcial<\/h2>\n<p>[\/et_pb_text][et_pb_text _builder_version=&#8221;4.17.6&#8243; _module_preset=&#8221;default&#8221; global_colors_info=&#8221;{}&#8221;]<\/p>\n<p>La inaplicaci\u00f3n temporal de una o varias cl\u00e1usulas de las presentes condiciones generales no podr\u00e1 interpretarse en ning\u00fan caso como una renuncia por parte de TALK4TO a acogerse a cualquiera de dichas cl\u00e1usulas.<\/p>\n<p>&nbsp;<\/p>\n<p>Si una o varias de las disposiciones de las presentes condiciones fueran declaradas nulas o inaplicables por una ley, un reglamento o a ra\u00edz de una decisi\u00f3n judicial firme, las dem\u00e1s disposiciones conservar\u00edan toda su fuerza y alcance y seguir\u00edan siendo plenamente aplicables.<\/p>\n<p>[\/et_pb_text][et_pb_text module_class=&#8221;custom-title&#8221; _builder_version=&#8221;4.17.6&#8243; _module_preset=&#8221;default&#8221; global_colors_info=&#8221;{}&#8221;]<\/p>\n<h2>Art\u00edculo 12 - Lengua<\/h2>\n<p>[\/et_pb_text][et_pb_text _builder_version=&#8221;4.17.6&#8243; _module_preset=&#8221;default&#8221; global_colors_info=&#8221;{}&#8221;]<\/p>\n<p>Si las presentes condiciones generales est\u00e1n traducidas a una o varias lenguas, la lengua de interpretaci\u00f3n ser\u00e1 el franc\u00e9s en caso de contradicci\u00f3n o litigio sobre el sentido de un t\u00e9rmino o de una disposici\u00f3n.<\/p>\n<p>[\/et_pb_text][et_pb_text module_class=&#8221;custom-title&#8221; _builder_version=&#8221;4.17.6&#8243; _module_preset=&#8221;default&#8221; global_colors_info=&#8221;{}&#8221;]<\/p>\n<h2>Art\u00edculo 13 - Legislaci\u00f3n aplicable<\/h2>\n<p>[\/et_pb_text][et_pb_text _builder_version=&#8221;4.17.6&#8243; _module_preset=&#8221;default&#8221; global_colors_info=&#8221;{}&#8221;]<\/p>\n<p>Las presentes condiciones de uso del Sitio se rigen por el derecho brit\u00e1nico y -en caso de litigio- se someten a la jurisdicci\u00f3n exclusiva de los tribunales competentes de derecho com\u00fan, sin perjuicio de una atribuci\u00f3n espec\u00edfica de jurisdicci\u00f3n derivada de un texto legal o reglamentario particular.<\/p>\n<p>[\/et_pb_text][et_pb_text module_class=&#8221;custom-title&#8221; _builder_version=&#8221;4.17.6&#8243; _module_preset=&#8221;default&#8221; global_colors_info=&#8221;{}&#8221;]<\/p>\n<h2>Art\u00edculo 14 - Contacto<\/h2>\n<p>[\/et_pb_text][et_pb_text _builder_version=&#8221;4.17.6&#8243; _module_preset=&#8221;default&#8221; global_colors_info=&#8221;{}&#8221;]<\/p>\n<p>Para cualquier pregunta o informaci\u00f3n sobre los servicios presentados en el Sitio, o sobre el propio Sitio, el usuario puede dejar un mensaje en la siguiente direcci\u00f3n: <a href=\"mailto:contact.talkto1@gmail.com\">contact.talkto1@gmail.com<\/a>.<\/p>\n<p>[\/et_pb_text][\/et_pb_column][\/et_pb_row][\/et_pb_section]<\/p>","protected":false},"excerpt":{"rendered":"<p>Protection des donn\u00e9esLa soci\u00e9t\u00e9 Nordigital.net LTD, whose registered office is at Unit 126, 5 Spur Road, Isleworth, Middlesex, United Kingdom, TW7 5BD \u2013 Registration number: 07009113 \u2013 VAT number : GB455167677 D\u00e9l\u00e8gue \u00e0 : La soci\u00e9t\u00e9 SAS FRIENDZ. Si\u00e8ge Social : 9, rue de Paris \u2013 94100 St-Maur-Des-Foss\u00e9s. Siren 891 437 535 NAF : 62.01Z\u2013 [&hellip;]<\/p>","protected":false},"author":1,"featured_media":0,"parent":0,"menu_order":0,"comment_status":"closed","ping_status":"closed","template":"","meta":{"_et_pb_use_builder":"on","_et_pb_old_content":"<!-- wp:divi\/placeholder \/-->","_et_gb_content_width":"","inline_featured_image":false,"footnotes":""},"class_list":["post-39","page","type-page","status-publish","hentry"],"_links":{"self":[{"href":"https:\/\/talk4to.com\/es\/wp-json\/wp\/v2\/pages\/39","targetHints":{"allow":["GET"]}}],"collection":[{"href":"https:\/\/talk4to.com\/es\/wp-json\/wp\/v2\/pages"}],"about":[{"href":"https:\/\/talk4to.com\/es\/wp-json\/wp\/v2\/types\/page"}],"author":[{"embeddable":true,"href":"https:\/\/talk4to.com\/es\/wp-json\/wp\/v2\/users\/1"}],"replies":[{"embeddable":true,"href":"https:\/\/talk4to.com\/es\/wp-json\/wp\/v2\/comments?post=39"}],"version-history":[{"count":11,"href":"https:\/\/talk4to.com\/es\/wp-json\/wp\/v2\/pages\/39\/revisions"}],"predecessor-version":[{"id":1633,"href":"https:\/\/talk4to.com\/es\/wp-json\/wp\/v2\/pages\/39\/revisions\/1633"}],"wp:attachment":[{"href":"https:\/\/talk4to.com\/es\/wp-json\/wp\/v2\/media?parent=39"}],"curies":[{"name":"wp","href":"https:\/\/api.w.org\/{rel}","templated":true}]}}