{"id":34,"date":"2023-08-18T13:36:09","date_gmt":"2023-08-18T13:36:09","guid":{"rendered":"https:\/\/stg-talktotoeic-devtalkto.kinsta.cloud\/?page_id=34"},"modified":"2025-01-07T13:14:13","modified_gmt":"2025-01-07T13:14:13","slug":"faq","status":"publish","type":"page","link":"https:\/\/talk4to.com\/es\/faq\/","title":{"rendered":"PREGUNTAS FRECUENTES"},"content":{"rendered":"<p>[et_pb_section fb_built=\u201d1\u2033 admin_label=\u201dPreguntas\u201d module_class=\u201dcustom-faq\u201d _builder_version=\u201d4.17.6\u2033 _module_preset=\u201ddefault\u201d custom_css_before=\u201d content: \u201d;|| background: center \/ contain no-repeat url(https:\/\/talk4to.com\/wp-content\/uploads\/2023\/08\/Trace-1438-1.svg);|| position: absolute;|| display: block;|| width: 1300px;|| height: 1300px;|| right: -100px;||top:-00px;||pointer-events:none;||||\u201d global_colors_info=\u201d{}\u201d][et_pb_row column_structure=\u201d1_3,2_3\u2033 _builder_version=\u201d4.23.4\u2033 _module_preset=\u201ddefault\u201d global_colors_info=\u201d{}\u201d][et_pb_column type=\u201d1_3\u2033 _builder_version=\u201d4.23.4\u2033 _module_preset=\u201ddefault\u201d background_color=\u201d#FFFFFF\u201d custom_padding=\u201d20px|30px|20px|30px|true|true\u201d custom_padding_tablet=\u201d40px|40px|40px|40px|true|true\u201d custom_padding_phone=\u201d||||false|true\u201d custom_padding_last_edited=\u201don|desktop\u201d background_color_tablet=\u201d#FFFFFF\u201d background_last_edited=\u201don|tablet\u201d background_enable_color_tablet=\u201don\u201d border_radii=\u201don|50px|50px|50px|50px\u201d box_shadow_style=\u201dpreset1\u2033 box_shadow_horizontal=\u201d3px\u201d box_shadow_vertical=\u201d6px\u201d box_shadow_blur=\u201d10px\u201d box_shadow_color=\u201drgba(0,0,0,0.16)\u201d global_colors_info=\u201d{}\u201d custom_css_before_last_edited=\u201don|desktop\u201d custom_css_before_tablet=\u201dcontent:unset;\u201d custom_css_before_phone=\u201dcontent:unset;\u201d][et_pb_image src=\u201dhttps:\/\/talk4to.com\/wp-content\/uploads\/2023\/08\/FAQ.svg\u201d title_text=\u201dFAQ\u201d align=\u201dcenter\u201d _builder_version=\u201d4.23.4\u2033 _module_preset=\u201ddefault\u201d width=\u201d70%\u201d module_alignment=\u201dcenter\u201d filter_hue_rotate=\u201d180deg\u201d global_colors_info=\u201d{}\u201d][\/et_pb_image][et_pb_text _builder_version=\u201d4.17.6\u2033 _module_preset=\u201ddefault\u201d text_font=\u201d|700|||||||\u201d text_text_color=\u201d#54a1d6\u2033 text_font_size=\u201d25px\u201d custom_margin=\u201d||20px||false|false\u201d global_colors_info=\u201d{}\u201d]<\/p>\n<p>La prueba<\/p>\n<p>[\/et_pb_text][et_pb_text module_class=\u201dbutton_faq objectif\u201d _builder_version=\u201d4.23.4\u2033 _module_preset=\u201ddefault\u201d text_font=\u201d|300|||||||\u201d custom_margin=\u201d||||false|false\u201d custom_padding=\u201d||10px||false|false\u201d border_width_bottom=\u201d3px\u201d border_color_bottom=\u201d#e2f8fd\u201d global_colors_info=\u201d{}\u201d]<\/p>\n<p>\u00bfCu\u00e1l es la finalidad de esta prueba?<\/p>\n<p>[\/et_pb_text][et_pb_text module_class=\u201dbutton_faq functions\u201d _builder_version=\u201d4.23.4\u2033 _module_preset=\u201ddefault\u201d text_font=\u201d|300|||||||\u201d custom_padding=\u201d||10px||false|false\u201d border_width_bottom=\u201d3px\u201d border_color_bottom=\u201d#e2f8fd\u201d global_colors_info=\u201d{}\u201d]<\/p>\n<p>\u00bfCu\u00e1l es el procedimiento para acceder a los resultados de las pruebas?<\/p>\n<p>[\/et_pb_text][et_pb_text module_class=\u201dbutton_faq utile\u201d _builder_version=\u201d4.23.4\u2033 _module_preset=\u201ddefault\u201d text_font=\u201d|300|||||||\u201d custom_padding=\u201d||10px||false|false\u201d border_width_bottom=\u201d3px\u201d border_color_bottom=\u201d#e2f8fd\u201d global_colors_info=\u201d{}\u201d]<\/p>\n<p>\u00bfCu\u00e1l es la finalidad de esta prueba?<\/p>\n<p>[\/et_pb_text][et_pb_text module_class=\u201dbutton_faq obtenir\u201d _builder_version=\u201d4.23.4\u2033 _module_preset=\u201ddefault\u201d text_font=\u201d|300|||||||\u201d custom_padding=\u201d||10px||false|false\u201d border_width_bottom=\u201d3px\u201d border_color_bottom=\u201d#e2f8fd\u201d global_colors_info=\u201d{}\u201d]<\/p>\n<p>\u00bfC\u00f3mo puedo acceder a los resultados de mis pruebas?<\/p>\n<p>[\/et_pb_text][et_pb_text _builder_version=\u201d4.17.6\u2033 _module_preset=\u201ddefault\u201d text_font=\u201d|700|||||||\u201d text_text_color=\u201d#54a1d6\u2033 text_font_size=\u201d25px\u201d custom_margin=\u201d30px||20px||false|false\u201d global_colors_info=\u201d{}\u201d]<\/p>\n<p>Suscripci\u00f3n<\/p>\n<p>[et_pb_text][et_pb_text module_class=\u201dbutton_faq subscribe\u201d _builder_version=\u201d4.23.4\u2033 _module_preset=\u201ddefault\u201d text_font=\u201d|300|||||||\u201d custom_padding=\u201d||10px||false|false\u201d border_width_bottom=\u201d3px\u201d border_color_bottom=\u201d#e2f8fd\u201d global_colors_info=\u201d{}\u201d]<\/p>\n<p>\u00bfC\u00f3mo suscribirse?<\/p>\n<p>[et_pb_text][et_pb_text module_class=\u201dbutton_faq services\u201d _builder_version=\u201d4.23.4\u2033 _module_preset=\u201ddefault\u201d text_font=\u201d|300|||||||\u201d custom_padding=\u201d||10px||false|false\u201d border_width_bottom=\u201d3px\u201d border_color_bottom=\u201d#e2f8fd\u201d global_colors_info=\u201d{}\u201d]<\/p>\n<p>\u00bfQu\u00e9 prestaciones y servicios incluye el abono?<\/p>\n<p>[\/et_pb_text][et_pb_text module_class=\u201dbutton_faq desabonner\u201d _builder_version=\u201d4.23.4\u2033 _module_preset=\u201ddefault\u201d text_font=\u201d|300|||||||\u201d custom_padding=\u201d||10px||false|false\u201d border_width_bottom=\u201d3px\u201d border_color_bottom=\u201d#e2f8fd\u201d global_colors_info=\u201d{}\u201d]<\/p>\n<p>\u00bfC\u00f3mo puedo darme de baja?<\/p>\n<p>[\/et_pb_text][et_pb_text module_class=\u201dbutton_faq essai\u201d _builder_version=\u201d4.23.4\u2033 _module_preset=\u201ddefault\u201d text_font=\u201d|300|||||||\u201d custom_padding=\u201d||10px||false|false\u201d border_width_bottom=\u201d3px\u201d border_color_bottom=\u201d#e2f8fd\u201d global_colors_info=\u201d{}\u201d]<\/p>\n<p><span>Si no me doy de baja antes de que finalice el periodo de prueba, \u00bfes posible obtener un reembolso?<\/span><\/p>\n<p>[\/et_pb_text][\/et_pb_column][et_pb_column type=\u201d2_3\u2033 module_class=\u201dcontacto-info\u201d _builder_version=\u201d4.17.6\u2033 _module_preset=\u201ddefault\u201d background_color=\u201dRGBA(255,255,255,0)\u201d custom_padding=\u201d|100px||100px|false|true\u201d custom_padding_tablet=\u201d|100px||100px|false|true\u201d custom_padding_phone=\u201d|0px||0px|false|true\u201d custom_padding_last_edited=\u201don|phone\u201d global_colors_info=\u201d{}\u201d][et_pb_text module_class=\u201dcustom-title center\u201d _builder_version=\u201d4.23.4\u2033 _module_preset=\u201ddefault\u201d global_colors_info=\u201d{}\u201d]<\/p>\n<h2>P\u00f3ngase en contacto con nosotros<\/h2>\n<p>[\/et_pb_text][et_pb_image src=\u201dhttps:\/\/talk4to.com\/wp-content\/uploads\/2023\/08\/Contact-1.svg\u201d title_text=\u201dContacto\u201d align=\u201dcenter\u201d _builder_version=\u201d4.23.4\u2033 _module_preset=\u201ddefault\u201d filter_hue_rotate=\u201d180deg\u201d global_colors_info=\u201d{}\u201d][\/et_pb_image][et_pb_text _builder_version=\u201d4.23.4\u2033 _module_preset=\u201ddefault\u201d global_colors_info=\u201d{}\u201d]<\/p>\n<p>Si tiene alguna pregunta o necesita m\u00e1s informaci\u00f3n, no dude en ponerse en contacto con nosotros.<\/p>\n<p>Nuestro equipo se compromete a ofrecerle una respuesta r\u00e1pida.<\/p>\n<p>[et_pb_text][et_pb_button button_url=\u201d@ET-DC@eyJkeW5hbWljIjp0cnVlLCJjb250ZW50IjoicG9zdF9saW5rX3VybF9wYWdlIiwic2V0dGluZ3MiOnsicG9zdF9pZCI6IjMyIn19@\u201d button_text=\u201dContacte con nosotros\u201d button_alignment=\u201dcenter\u201d disabled_on=\u201doff|off|off\u201d module_class=\u201dcustom-btn center blue\u201d _builder_version=\u201d4.23.4\u2033 _dynamic_attributes=\u201dbutton_url\u201d _module_preset=\u201ddefault\u201d custom_margin=\u201d||||true|false\u201d custom_padding=\u201d|50px||50px|false|true\u201d custom_padding_tablet=\u201d|50px||50px|false|true\u201d custom_padding_phone=\u201d|50px|50px|false|true\u201d custom_padding_last_edited=\u201don|desktop\u201d hover_enabled=\u201d0\u2033 locked=\u201doff\u201d global_colors_info=\u201d{}\u201d sticky_enabled=\u201d0\u2033][\/et_pb_button][\/et_pb_column][\/et_pb_row][\/et_pb_section][et_pb_section fb_built=\u201d1\u2033 admin_label=\u201dPesta\u00f1as para preguntas\u201d module_id=\u201dall_tab_prior\u201d module_class=\u201dall_tab\u201d _builder_version=\u201d4.23.4\u2033 _module_preset=\u201ddefault\u201d background_color=\u201dRGBA(255,255,255,0)\u201d positioning=\u201dabsolute\u201d vertical_offset=\u201d0px\u201d global_colors_info=\u201d{}\u201d][et_pb_row column_structure=\u201d2_5,3_5\u2033 module_class=\u201dobjectif_tab tab\u201d _builder_version=\u201d4.17.6\u2033 _module_preset=\u201ddefault\u201d global_colors_info=\u201d{}\u201d][et_pb_column type=\u201d2_5\u2033 _builder_version=\u201d4.17.6\u2033 _module_preset=\u201ddefault\u201d global_colors_info=\u201d{}\u201d][\/et_pb_column][et_pb_column type=\u201d3_5\u2033 _builder_version=\u201d4.17.6\u2033 _module_preset=\u201ddefault\u201d global_colors_info=\u201d{}\u201d][et_pb_text module_class=\u201dcustom-title\u201d _builder_version=\u201d4.17.6\u2033 _module_preset=\u201ddefault\u201d global_colors_info=\u201d{}\u201d]<\/p>\n<h2>La prueba<\/h2>\n<p>[\/et_pb_text][et_pb_image src=\u201dhttps:\/\/talk4to.com\/wp-content\/uploads\/2023\/08\/01-1.svg\u201d title_text=\u201d01\u2033 align=\u201dcenter\u201d _builder_version=\u201d4.23.4\u2033 _module_preset=\u201ddefault\u201d width=\u201d40%\u201d filter_hue_rotate=\u201d164deg\u201d global_colors_info=\u201d{}\u201d][\/et_pb_image][et_pb_text _builder_version=\u201d4.23.4\u2033 _module_preset=\u201ddefault\u201d global_colors_info=\u201d{}\u201d]<\/p>\n<p><strong>\u00bfCu\u00e1l es la finalidad de esta prueba?<\/strong><\/p>\n<p>El objetivo de esta prueba es medir los conocimientos y la comprensi\u00f3n de una persona en distintas \u00e1reas.<\/p>\n<p>Estas evaluaciones est\u00e1n dise\u00f1adas para valorar los conocimientos generales de una persona en un contexto acad\u00e9mico o profesional, o para identificar sus puntos fuertes y d\u00e9biles, permitiendo as\u00ed un crecimiento personal y profesional continuo.<\/p>\n<p>[et_pb_text][\/et_pb_column][\/et_pb_row][et_pb_row column_structure=\u201d2_5,3_5\u2033 module_class=\u201dfonctionne_tab tab\u201d _builder_version=\u201d4.17.6\u2033 _module_preset=\u201ddefault\u201d global_colors_info=\u201d{}\u201d][et_pb_column type=\u201d2_5\u2033 _builder_version=\u201d4.17. 6\u2033 _module_preset=\u201ddefault\u201d global_colors_info=\u201d{}6\u2033 _module_preset=\u201ddefault\u201d global_colors_info=\u201d{}\u201d][\/et_pb_column][et_pb_column type=\u201d3_5\u2033 _builder_version=\u201d4.17.6\u2033 _module_preset=\u201ddefault\u201d global_colors_info=\u201d{}\u201d][et_pb_text module_class=\u201dcustom-title\u201d _builder_version=\u201d4.17.6\u2033 _module_preset=\u201ddefault\" global_colors_info=\"{}\"]<\/p>\n<h2>La prueba<\/h2>\n<p>[\/et_pb_text][et_pb_image src=\u201dhttps:\/\/talk4to.com\/wp-content\/uploads\/2023\/08\/02-1.svg\u201d title_text=\u201d02\u2033 align=\u201dcenter\u201d _builder_version=\u201d4.17.6\u2033 _module_preset=\u201ddefault\u201d width=\u201d40%\u201d filter_hue_rotate=\u201d164deg\u201d global_colors_info=\u201d{}\u201d][\/et_pb_image][et_pb_text _builder_version=\u201d4.23.4\u2033 _module_preset=\u201ddefault\u201d global_colors_info=\u201d{}\u201d]<\/p>\n<p><strong>\u00bfCu\u00e1l es el procedimiento para acceder a los resultados de las pruebas?<\/strong><\/p>\n<p>Los resultados de las pruebas est\u00e1n disponibles mediante una oferta de 24 horas o una suscripci\u00f3n mensual.<\/p>\n<p>Para saber c\u00f3mo hacer la prueba y c\u00f3mo suscribirse, consulte la secci\u00f3n \"\u00bfC\u00f3mo funciona?<\/p>\n<p>Tambi\u00e9n puede consultar el historial completo de sus pruebas accediendo a la pesta\u00f1a de historial en el \u00e1rea de su cuenta.<\/p>\n<p>[et_pb_text][\/et_pb_column][\/et_pb_row][et_pb_row column_structure=\u201d2_5,3_5\u2033 module_class=\u201dutile_tab tab\u201d _builder_version=\u201d4.17.6\u2033 _module_preset=\u201ddefault\u201d global_colors_info=\u201d{}\u201d][et_pb_column type=\u201d2_5\u2033 _builder_version=\u201d4.17.6\u2033 _module_preset=\u201ddefault\u201d global_colors_info=\u201d{}\u201d][\/et_pb_column][et_pb_column type=\u201d3_5\u2033 _builder_version=\u201d4.17.6\u2033 _module_preset=\u201ddefault\u201d global_colors_info=\u201d{}\u201d][et_pb_text module_class=\u201dcustom-title\u201d _builder_version=\u201d4.17.6\u2033 _module_preset=\u201ddefault\u201d global_colors_info=\u201d{}\u201d]<\/p>\n<h2>La prueba<\/h2>\n<p>[\/et_pb_text][et_pb_image src=\u201dhttps:\/\/talk4to.com\/wp-content\/uploads\/2023\/08\/HomePage_toeic.svg\u201d title_text=\u201dHomePage_toeic\u201d align=\u201dcenter\u201d _builder_version=\u201d4.17.6\u2033 _module_preset=\u201ddefault\u201d width=\u201d40%\u201d filter_hue_rotate=\u201d164deg\u201d global_colors_info=\u201d{}\u201d][\/et_pb_image][et_pb_text _builder_version=\u201d4.23.4\u2033 _module_preset=\u201ddefault\u201d global_colors_info=\u201d{}\u201d]<\/p>\n<p><strong>\u00bfCu\u00e1l es la finalidad de esta prueba?<\/strong><\/p>\n<p>Esta prueba es beneficiosa en diversos contextos.<\/p>\n<p>A nivel personal, puede ser \u00fatil para evaluar su nivel a la hora de solicitar un empleo, para medir sus conocimientos generales o simplemente por el placer de ampliarlos.<\/p>\n<p>A nivel profesional, puede utilizarse en entrevistas de trabajo o para entender mejor a los compa\u00f1eros y el entorno laboral.<\/p>\n<p>[\/et_pb_text][\/et_pb_column][\/et_pb_row][et_pb_row column_structure=\u201d2_5,3_5\u2033 module_class=\u201dobtenir_tab tab\u201d _builder_version=\u201d4.17.6\u2033 _module_preset=\u201ddefault\u201d global_colors_info=\u201d{}\u201d][et_pb_column type=\u201d2_5\u2033 _builder_version=\u201d4.17.6\u2033 _module_preset=\u201ddefault\u201d global_colors_info=\u201d{}\u201d][\/et_pb_column][et_pb_column type=\u201d3_5\u2033 _builder_version=\u201d4.17.6\u2033 _module_preset=\u201ddefault\u201d global_colors_info=\u201d{}\u201d][et_pb_text module_class=\u201dcustom-title\u201d _builder_version=\u201d4.17.6\u2033 _module_preset=\u201ddefault\u201d global_colors_info=\u201d{}\u201d]<\/p>\n<h2>La prueba<\/h2>\n<p>[\/et_pb_text][et_pb_image src=\u201dhttps:\/\/talk4to.com\/wp-content\/uploads\/2023\/08\/04.svg\u201d title_text=\u201d04\u2033 align=\u201dcenter\u201d _builder_version=\u201d4.17.6\u2033 _module_preset=\u201ddefault\u201d width=\u201d40%\u201d filter_hue_rotate=\u201d164deg\u201d global_colors_info=\u201d{}\u201d][\/et_pb_image][et_pb_text _builder_version=\u201d4.23.4\u2033 _module_preset=\u201ddefault\u201d global_colors_info=\u201d{}\u201d]<\/p>\n<p><strong>\u00bfC\u00f3mo puedo obtener los resultados de las pruebas?<\/strong><\/p>\n<p>Puede obtener los resultados de esta prueba mediante una oferta de 24 horas o una suscripci\u00f3n mensual.<\/p>\n<p>En la p\u00e1gina \"\u00bfC\u00f3mo funciona?\" encontrar\u00e1 todos los pasos necesarios para realizar la prueba y suscribirse a un paquete.<\/p>\n<p>El historial de todas las pruebas realizadas en su cuenta est\u00e1 disponible en la pesta\u00f1a de historial de su \u00e1rea de cuenta.<\/p>\n<p>[et_pb_text][\/et_pb_column][\/et_pb_row][et_pb_row column_structure=\u201d2_5,3_5\u2033 module_class=\u201dsouscrire_tab tab\u201d _builder_version=\u201d4.17.6\u2033 _module_preset=\u201ddefault\u201d global_colors_info=\u201d{}\u201d][et_pb_column type=\u201d2_5\u2033 _builder_version=\u201d4.17. 6\u2033 _module_preset=\u201ddefault\u201d global_colors_info=\u201d{}6\u2033 _module_preset=\u201ddefault\u201d global_colors_info=\u201d{}\u201d][\/et_pb_column][et_pb_column type=\u201d3_5\u2033 _builder_version=\u201d4.17.6\u2033 _module_preset=\u201ddefault\u201d global_colors_info=\u201d{}\u201d][et_pb_text module_class=\u201dcustom-title\u201d _builder_version=\u201d4.17.6\u2033 _module_preset=\u201ddefault\" global_colors_info=\"{}\"]<\/p>\n<h2>Suscripci\u00f3n<\/h2>\n<p>[\/et_pb_text][et_pb_image src=\u201dhttps:\/\/talk4to.com\/wp-content\/uploads\/2023\/08\/05.svg\u201d title_text=\u201d05\u2033 align=\u201dcenter\u201d _builder_version=\u201d4.17.6\u2033 _module_preset=\u201ddefault\u201d width=\u201d40%\u201d filter_hue_rotate=\u201d164deg\u201d global_colors_info=\u201d{}\u201d][\/et_pb_image][et_pb_text _builder_version=\u201d4.23.4\u2033 _module_preset=\u201ddefault\u201d global_colors_info=\u201d{}\u201d]<\/p>\n<p><strong>\u00bfC\u00f3mo suscribirse?<\/strong><\/p>\n<p>En primer lugar, tienes que hacer la prueba. Una vez terminado, para consultar los resultados hay que suscribirse a la oferta de 24 horas, que cuesta 0,50 euros. Despu\u00e9s de este periodo, la oferta se convierte autom\u00e1ticamente en una suscripci\u00f3n mensual que cuesta 47,50 \u20ac.<\/p>\n<p>Si s\u00f3lo desea beneficiarse de la oferta de 24 horas, s\u00f3lo tiene que darse de baja.<\/p>\n<p>Para m\u00e1s informaci\u00f3n sobre c\u00f3mo realizar el test y las opciones de suscripci\u00f3n, consulte la p\u00e1gina \"C\u00f3mo funciona\".<\/p>\n<p>[\/et_pb_text][\/et_pb_column][\/et_pb_row][et_pb_row column_structure=\u201d2_5,3_5\u2033 module_class=\u201dservices_tab tab\u201d _builder_version=\u201d4.17.6\u2033 _module_preset=\u201ddefault\u201d global_colors_info=\u201d{}\u201d][et_pb_column type=\u201d2_5\u2033 _builder_version=\u201d4.17.6\u2033 _module_preset=\u201ddefault\u201d global_colors_info=\u201d{}\u201d][\/et_pb_column][et_pb_column type=\u201d3_5\u2033 _builder_version=\u201d4.17.6\u2033 _module_preset=\u201ddefault\u201d global_colors_info=\u201d{}\u201d][et_pb_text module_class=\u201dcustom-title\u201d _builder_version=\u201d4.17.6\u2033 _module_preset=\u201ddefault\u201d global_colors_info=\u201d{}\u201d]<\/p>\n<h2>Suscripci\u00f3n<\/h2>\n<p>[\/et_pb_text][et_pb_image src=\u201dhttps:\/\/talk4to.com\/wp-content\/uploads\/2023\/08\/06.svg\u201d title_text=\u201d06\u2033 align=\u201dcenter\u201d _builder_version=\u201d4.17.6\u2033 _module_preset=\u201ddefault\u201d width=\u201d40%\u201d filter_hue_rotate=\u201d164deg\u201d global_colors_info=\u201d{}\u201d][\/et_pb_image][et_pb_text _builder_version=\u201d4.23.4\u2033 _module_preset=\u201ddefault\u201d global_colors_info=\u201d{}\u201d]<\/p>\n<h5 class=\"et_pb_toggle_title\">\u00bfQu\u00e9 prestaciones y servicios incluye el abono?<\/h5>\n<p><span>Con la suscripci\u00f3n, podr\u00e1s hacer el test una y otra vez, para ti o para otras personas. Adem\u00e1s, tendr\u00e1s acceso a los resultados, para poder compararlos y guardarlos.<\/span><\/p>\n<p>[et_pb_text][\/et_pb_column][\/et_pb_row][et_pb_row column_structure=\u201d2_5,3_5\u2033 module_class=\u201ddesabonner_tab tab\u201d _builder_version=\u201d4.17.6\u2033 _module_preset=\u201ddefault\u201d global_colors_info=\u201d{}\u201d][et_pb_column type=\u201d2_5\u2033 _builder_version=\u201d4.17. 6\u2033 _module_preset=\u201ddefault\u201d global_colors_info=\u201d{}6\u2033 _module_preset=\u201ddefault\u201d global_colors_info=\u201d{}\u201d][\/et_pb_column][et_pb_column type=\u201d3_5\u2033 _builder_version=\u201d4.17.6\u2033 _module_preset=\u201ddefault\u201d global_colors_info=\u201d{}\u201d][et_pb_text module_class=\u201dcustom-title\u201d _builder_version=\u201d4.17.6\u2033 _module_preset=\u201ddefault\" global_colors_info=\"{}\"]<\/p>\n<h2>Suscripci\u00f3n<\/h2>\n<p>[\/et_pb_text][et_pb_image src=\u201dhttps:\/\/talk4to.com\/wp-content\/uploads\/2023\/08\/07-08.svg\u201d title_text=\u201d07-08\u2033 align=\u201dcenter\u201d _builder_version=\u201d4.17.6\u2033 _module_preset=\u201ddefault\u201d width=\u201d40%\u201d filter_hue_rotate=\u201d164deg\u201d global_colors_info=\u201d{}\u201d][\/et_pb_image][et_pb_text _builder_version=\u201d4.17.6\u2033 _module_preset=\u201ddefault\u201d global_colors_info=\u201d{}\u201d]<strong>\u00bfC\u00f3mo puedo darme de baja?<\/strong><\/p>\n<p>Para darte de baja, solo tienes que hacer clic en la pesta\u00f1a \u201cDarse de baja\u201d o ir a tu zona \u201cmi cuenta\u201d, introducir tu direcci\u00f3n de correo electr\u00f3nico y confirmar[\/et_pb_text][\/et_pb_column][\/et_pb_row][et_pb_row column_structure=\u201d2_5,3_5\u2033 module_class=\u201dessai_tab tab\u201d _builder_version=\u201d4.17.6\u2033 _module_preset=\u201ddefault\u201d global_colors_info=\u201d{}\u201d][et_pb_column type=\u201d2_5\u2033 _builder_version=\u201d4.17.6\u2033 _module_preset=\u201ddefault\u201d global_colors_info=\u201d{}\u201d][\/et_pb_column][et_pb_column type=\u201d3_5\u2033 _builder_version=\u201d4.17.6\u2033 _module_preset=\u201ddefault\u201d global_colors_info=\u201d{}\u201d][et_pb_text module_class=\u201dcustom-title\u201d _builder_version=\u201d4.17.6\u2033 _module_preset=\u201ddefault\u201d global_colors_info=\u201d{}\u201d]<\/p>\n<h2>Suscripci\u00f3n<\/h2>\n<p>[\/et_pb_text][et_pb_image src=\u201dhttps:\/\/talk4to.com\/wp-content\/uploads\/2023\/08\/07-08.svg\u201d title_text=\u201d07-08\u2033 align=\u201dcenter\u201d _builder_version=\u201d4.17.6\u2033 _module_preset=\u201ddefault\u201d width=\u201d40%\u201d filter_hue_rotate=\u201d164deg\u201d global_colors_info=\u201d{}\u201d][\/et_pb_image][et_pb_text _builder_version=\u201d4.17.6\u2033 _module_preset=\u201ddefault\u201d global_colors_info=\u201d{}\u201d]<strong>Olvid\u00e9 darme de baja antes de que finalizara el periodo de prueba, \u00bfme devuelven el dinero?<\/strong><\/p>\n<p>Si ha olvidado darse de baja, se le puede reembolsar haciendo una solicitud en los 14 d\u00edas siguientes a la contrataci\u00f3n de la suscripci\u00f3n y si no ha utilizado nuestros servicios despu\u00e9s de la oferta de 24 horas.[\/et_pb_text][\/et_pb_column][\/et_pb_row][\/et_pb_section][et_pb_section fb_built=\u201d1\u2033 _builder_version=\u201d4.23.4\u2033 _module_preset=\u201ddefault\u201d background_color=\u201dRGBA(255,255,255,0)\u201d positioning=\u201dabsolute\u201d global_colors_info=\u201d{}\u201d][et_pb_row _builder_version=\u201d4.17.6\u2033 _module_preset=\u201ddefault\u201d global_colors_info=\u201d{}\u201d][et_pb_column type=\u201d4_4\u2033 _builder_version=\u201d4.17.6\u2033 _module_preset=\u201ddefault\u201d global_colors_info=\u201d{}\u201d][et_pb_code _builder_version=\u201d4.17.6\u2033 _module_preset=\u201ddefault\u201d global_colors_info=\u201d{}\u201d]<script><!-- [et_pb_line_break_holder] -->  $( document ).ready(function() {<!-- [et_pb_line_break_holder] -->    <!-- [et_pb_line_break_holder] -->$( \".button_faq\" ).on( \"click\", function() {<!-- [et_pb_line_break_holder] -->  $(\".tab\").hide();<!-- [et_pb_line_break_holder] -->  $(\".button_faq\").removeClass(\"current\");<!-- [et_pb_line_break_holder] -->  $(\".all_tab\").show();<!-- [et_pb_line_break_holder] -->  $(\".contact-info\").hide();<!-- [et_pb_line_break_holder] -->  \/\/ Animate only for tab\/mobile<!-- [et_pb_line_break_holder] -->  if ($(window).width() < 768) {<!-- [et_pb_line_break_holder] -->  $('html, body').animate({<!-- [et_pb_line_break_holder] -->        scrollTop: $(\".all_tab\").offset().top<!-- [et_pb_line_break_holder] -->    }, 2000);<!-- [et_pb_line_break_holder] -->  }<!-- [et_pb_line_break_holder] -->  \/\/ QUESTIONS POUR LES TEST<!-- [et_pb_line_break_holder] --> if ($(this).hasClass(\"objectif\")) {<!-- [et_pb_line_break_holder] -->   $(this).addClass(\"current\");<!-- [et_pb_line_break_holder] -->   $(\".objectif_tab\").show();<!-- [et_pb_line_break_holder] --> }<!-- [et_pb_line_break_holder] -->\telse if ($(this).hasClass(\"fonctionne\")) {<!-- [et_pb_line_break_holder] -->     $(this).addClass(\"current\");<!-- [et_pb_line_break_holder] -->   $(\".fonctionne_tab\").show();<!-- [et_pb_line_break_holder] --> }<!-- [et_pb_line_break_holder] -->  \telse if ($(this).hasClass(\"utile\")) {<!-- [et_pb_line_break_holder] -->       $(this).addClass(\"current\");<!-- [et_pb_line_break_holder] -->   $(\".utile_tab\").show();<!-- [et_pb_line_break_holder] --> }<!-- [et_pb_line_break_holder] -->  \telse if ($(this).hasClass(\"obtenir\")) {<!-- [et_pb_line_break_holder] -->       $(this).addClass(\"current\");<!-- [et_pb_line_break_holder] -->   $(\".obtenir_tab\").show();<!-- [et_pb_line_break_holder] --> }<!-- [et_pb_line_break_holder] -->  <!-- [et_pb_line_break_holder] -->  \/\/ QUESTIONS POUR L'ABONNEMENT<!-- [et_pb_line_break_holder] -->  <!-- [et_pb_line_break_holder] -->  \telse if ($(this).hasClass(\"souscrire\")) {<!-- [et_pb_line_break_holder] -->       $(this).addClass(\"current\");<!-- [et_pb_line_break_holder] -->   $(\".souscrire_tab\").show();<!-- [et_pb_line_break_holder] --> }<!-- [et_pb_line_break_holder] -->  \telse if ($(this).hasClass(\"services\")) {<!-- [et_pb_line_break_holder] -->       $(this).addClass(\"current\");<!-- [et_pb_line_break_holder] -->   $(\".services_tab\").show();<!-- [et_pb_line_break_holder] --> }<!-- [et_pb_line_break_holder] -->  \telse if ($(this).hasClass(\"desabonner\")) {<!-- [et_pb_line_break_holder] -->       $(this).addClass(\"current\");<!-- [et_pb_line_break_holder] -->   $(\".desabonner_tab\").show();<!-- [et_pb_line_break_holder] --> }<!-- [et_pb_line_break_holder] -->  \telse if ($(this).hasClass(\"essai\")) {<!-- [et_pb_line_break_holder] -->       $(this).addClass(\"current\");<!-- [et_pb_line_break_holder] -->   $(\".essai_tab\").show();<!-- [et_pb_line_break_holder] --> }<!-- [et_pb_line_break_holder] -->} );<!-- [et_pb_line_break_holder] -->    <!-- [et_pb_line_break_holder] -->});<!-- [et_pb_line_break_holder] --><\/script>[\/et_pb_code][\/et_pb_column][\/et_pb_row][\/et_pb_section]<\/p>","protected":false},"excerpt":{"rendered":"<p>La prueba\u00bfCu\u00e1l es la finalidad de esta prueba? \u00bfCu\u00e1l es el procedimiento para acceder a los resultados de la prueba? \u00bfC\u00f3mo puedo acceder a los resultados de la prueba? La suscripci\u00f3n\u00bfC\u00f3mo me suscribo? \u00bfQu\u00e9 prestaciones y servicios incluye la suscripci\u00f3n? \u00bfC\u00f3mo me doy de baja? Si no me he dado de baja antes de que [...]<\/p>","protected":false},"author":1,"featured_media":0,"parent":0,"menu_order":0,"comment_status":"closed","ping_status":"closed","template":"","meta":{"_et_pb_use_builder":"on","_et_pb_old_content":"<!-- wp:divi\/placeholder \/-->","_et_gb_content_width":"","inline_featured_image":false,"footnotes":""},"class_list":["post-34","page","type-page","status-publish","hentry"],"_links":{"self":[{"href":"https:\/\/talk4to.com\/es\/wp-json\/wp\/v2\/pages\/34","targetHints":{"allow":["GET"]}}],"collection":[{"href":"https:\/\/talk4to.com\/es\/wp-json\/wp\/v2\/pages"}],"about":[{"href":"https:\/\/talk4to.com\/es\/wp-json\/wp\/v2\/types\/page"}],"author":[{"embeddable":true,"href":"https:\/\/talk4to.com\/es\/wp-json\/wp\/v2\/users\/1"}],"replies":[{"embeddable":true,"href":"https:\/\/talk4to.com\/es\/wp-json\/wp\/v2\/comments?post=34"}],"version-history":[{"count":40,"href":"https:\/\/talk4to.com\/es\/wp-json\/wp\/v2\/pages\/34\/revisions"}],"predecessor-version":[{"id":1585,"href":"https:\/\/talk4to.com\/es\/wp-json\/wp\/v2\/pages\/34\/revisions\/1585"}],"wp:attachment":[{"href":"https:\/\/talk4to.com\/es\/wp-json\/wp\/v2\/media?parent=34"}],"curies":[{"name":"wp","href":"https:\/\/api.w.org\/{rel}","templated":true}]}}