{"id":1062,"date":"2024-02-06T14:20:02","date_gmt":"2024-02-06T14:20:02","guid":{"rendered":"https:\/\/talk4to.com\/?page_id=1062"},"modified":"2025-07-09T07:48:41","modified_gmt":"2025-07-09T07:48:41","slug":"conditions-de-paiements-recurrents","status":"publish","type":"page","link":"https:\/\/talk4to.com\/el\/conditions-de-paiements-recurrents\/","title":{"rendered":"\u0395\u03c0\u03b1\u03bd\u03b1\u03bb\u03b1\u03bc\u03b2\u03b1\u03bd\u03cc\u03bc\u03b5\u03bd\u03bf\u03b9 \u03cc\u03c1\u03bf\u03b9 \u03c0\u03bb\u03b7\u03c1\u03c9\u03bc\u03ae\u03c2"},"content":{"rendered":"<p>[et_pb_section fb_built=&#8221;1&#8243; admin_label=&#8221;Header&#8221; _builder_version=&#8221;4.23.4&#8243; custom_margin=&#8221;0px||||false|false&#8221; custom_padding=&#8221;0px||||false|false&#8221; locked=&#8221;off&#8221; global_colors_info=&#8221;{}&#8221;][et_pb_row column_structure=&#8221;1_2,1_2&#8243; custom_padding_last_edited=&#8221;on|phone&#8221; module_class=&#8221;custom-header&#8221; _builder_version=&#8221;4.17.6&#8243; _module_preset=&#8221;default&#8221; width=&#8221;70%&#8221; width_tablet=&#8221;&#8221; width_phone=&#8221;78%&#8221; width_last_edited=&#8221;on|desktop&#8221; custom_margin_tablet=&#8221;&#8221; custom_margin_phone=&#8221;0px||0px||true|false&#8221; custom_margin_last_edited=&#8221;on|phone&#8221; custom_padding_tablet=&#8221;&#8221; custom_padding_phone=&#8221;0px||0px||true|false&#8221; global_colors_info=&#8221;{}&#8221;][et_pb_column type=&#8221;1_2&#8243; _builder_version=&#8221;4.17.6&#8243; _module_preset=&#8221;default&#8221; global_colors_info=&#8221;{}&#8221;][et_pb_text _builder_version=&#8221;4.23.4&#8243; _module_preset=&#8221;default&#8221; custom_margin=&#8221;80px||||false|false&#8221; custom_margin_tablet=&#8221;0px||||false|false&#8221; custom_margin_phone=&#8221;0px||0px||false|false&#8221; custom_margin_last_edited=&#8221;on|tablet&#8221; custom_padding=&#8221;||0px||false|false&#8221; header_text_align_tablet=&#8221;&#8221; header_text_align_phone=&#8221;center&#8221; header_text_align_last_edited=&#8221;on|phone&#8221; global_colors_info=&#8221;{}&#8221;]<\/p>\n<h1>\u038c\u03c1\u03bf\u03b9 \u03b5\u03c0\u03b1\u03bd\u03b1\u03bb\u03b1\u03bc\u03b2\u03b1\u03bd\u03cc\u03bc\u03b5\u03bd\u03c9\u03bd \u03c0\u03bb\u03b7\u03c1\u03c9\u03bc\u03ce\u03bd<\/h1>\n<p>[\/et_pb_text][et_pb_button button_url=&#8221;https:\/\/talk4to.com\/passer-le-test\/&#8221; button_text=&#8221;Commencer le test&#8221; button_alignment=&#8221;center&#8221; disabled_on=&#8221;on|off|off&#8221; module_class=&#8221;custom-btn &#8221; _builder_version=&#8221;4.17.6&#8243; _dynamic_attributes=&#8221;button_url&#8221; _module_preset=&#8221;default&#8221; custom_margin=&#8221;||||true|false&#8221; locked=&#8221;off&#8221; global_colors_info=&#8221;{}&#8221;][\/et_pb_button][\/et_pb_column][et_pb_column type=&#8221;1_2&#8243; _builder_version=&#8221;4.17.6&#8243; _module_preset=&#8221;default&#8221; global_colors_info=&#8221;{}&#8221;][et_pb_image src=&#8221;https:\/\/talk4to.com\/wp-content\/uploads\/2023\/08\/Legal.svg&#8221; title_text=&#8221;Legal&#8221; align_tablet=&#8221;&#8221; align_phone=&#8221;center&#8221; align_last_edited=&#8221;on|phone&#8221; _builder_version=&#8221;4.23.4&#8243; _module_preset=&#8221;default&#8221; positioning=&#8221;relative&#8221; horizontal_offset=&#8221;-3vw&#8221; vertical_offset_tablet=&#8221;&#8221; vertical_offset_phone=&#8221;-5vh&#8221; vertical_offset_last_edited=&#8221;on|phone&#8221; horizontal_offset_tablet=&#8221;-3vw&#8221; horizontal_offset_phone=&#8221;-30vw&#8221; horizontal_offset_last_edited=&#8221;on|desktop&#8221; width_tablet=&#8221;&#8221; width_phone=&#8221;130vw&#8221; width_last_edited=&#8221;on|phone&#8221; custom_margin_tablet=&#8221;&#8221; custom_margin_phone=&#8221;0px||||false|false&#8221; custom_margin_last_edited=&#8221;on|phone&#8221; custom_padding_tablet=&#8221;&#8221; custom_padding_phone=&#8221;0px||||false|false&#8221; custom_padding_last_edited=&#8221;on|phone&#8221; filter_hue_rotate=&#8221;180deg&#8221; global_colors_info=&#8221;{}&#8221;][\/et_pb_image][et_pb_button button_url=&#8221;https:\/\/talk4to.com\/passer-le-test\/&#8221; button_text=&#8221;Commencer le test&#8221; button_alignment=&#8221;center&#8221; disabled_on=&#8221;off|on|on&#8221; module_class=&#8221;custom-btn center&#8221; _builder_version=&#8221;4.17.6&#8243; _dynamic_attributes=&#8221;button_url&#8221; _module_preset=&#8221;default&#8221; custom_margin=&#8221;||||true|false&#8221; locked=&#8221;off&#8221; global_colors_info=&#8221;{}&#8221;][\/et_pb_button][\/et_pb_column][\/et_pb_row][\/et_pb_section][et_pb_section fb_built=&#8221;1&#8243; _builder_version=&#8221;4.17.6&#8243; _module_preset=&#8221;default&#8221; locked=&#8221;off&#8221; global_colors_info=&#8221;{}&#8221;][et_pb_row _builder_version=&#8221;4.17.6&#8243; _module_preset=&#8221;default&#8221; global_colors_info=&#8221;{}&#8221;][et_pb_column type=&#8221;4_4&#8243; _builder_version=&#8221;4.17.6&#8243; _module_preset=&#8221;default&#8221; global_colors_info=&#8221;{}&#8221;][et_pb_text disabled_on=&#8221;off|off|off&#8221; _builder_version=&#8221;4.27.4&#8243; _module_preset=&#8221;default&#8221; hover_enabled=&#8221;0&#8243; global_colors_info=&#8221;{}&#8221; sticky_enabled=&#8221;0&#8243;]<\/p>\n<p>Nordigital.net LTD, \u03c4\u03b7\u03c2 \u03bf\u03c0\u03bf\u03af\u03b1\u03c2 \u03b7 \u03ba\u03b1\u03c4\u03b1\u03c3\u03c4\u03b1\u03c4\u03b9\u03ba\u03ae \u03ad\u03b4\u03c1\u03b1 \u03b2\u03c1\u03af\u03c3\u03ba\u03b5\u03c4\u03b1\u03b9 \u03c3\u03c4\u03b7 Unit 126, 5 Spur Road, Isleworth, Middlesex, United Kingdom, TW7 5BD - \u0391\u03c1\u03b9\u03b8\u03bc\u03cc\u03c2 \u03bc\u03b7\u03c4\u03c1\u03ce\u03bf\u03c5: 07009113 - \u0391\u03c1\u03b9\u03b8\u03bc\u03cc\u03c2 \u03a6\u03a0\u0391: GB455167677<\/p>\n<p>\u0391\u03bd\u03b1\u03c4\u03ad\u03b8\u03b7\u03ba\u03b5 \u03c3\u03b5 :<\/p>\n<p>SAS FRIENDZ. \u0388\u03b4\u03c1\u03b1: 9, rue de Paris - 94100 St-Maur-Des-Foss\u00e9s. Siren 891 437 535 NAF: 62.01Z- \u039c\u03b5\u03c4\u03bf\u03c7\u03b9\u03ba\u03cc \u03ba\u03b5\u03c6\u03ac\u03bb\u03b1\u03b9\u03bf 1.200,00 \u20ac. \u0391\u03c1\u03b9\u03b8\u03bc\u03cc\u03c2 \u03a6\u03a0\u0391 FR16891437535<\/p>\n<p>\u03a4\u03bf \u03bc\u03ac\u03c1\u03ba\u03b5\u03c4\u03b9\u03bd\u03b3\u03ba \u03cc\u03bb\u03bf\u03c5 \u03c4\u03bf\u03c5 \u03c0\u03b5\u03c1\u03b9\u03b5\u03c7\u03bf\u03bc\u03ad\u03bd\u03bf\u03c5 \u03c0\u03bf\u03c5 \u03b4\u03b7\u03bc\u03bf\u03c3\u03b9\u03b5\u03cd\u03b5\u03c4\u03b1\u03b9 \u03c3\u03c4\u03bf\u03bd \u03b9\u03c3\u03c4\u03cc\u03c4\u03bf\u03c0\u03bf\u00a0<a href=\"https:\/\/talk4to.com\/el\/\">www.talk4to.com<\/a>\u03c3\u03cd\u03bc\u03c6\u03c9\u03bd\u03b1 \u03bc\u03b5 \u03c4\u03bf\u03c5\u03c2 \u03cc\u03c1\u03bf\u03c5\u03c2 \u03c4\u03b7\u03c2 \u03c3\u03cd\u03bc\u03b2\u03b1\u03c3\u03b7\u03c2 \u03c0\u03bf\u03c5 \u03c3\u03c5\u03bd\u03ac\u03c0\u03c4\u03b5\u03c4\u03b1\u03b9 \u03bc\u03b5\u03c4\u03b1\u03be\u03cd \u03c4\u03c9\u03bd \u03b4\u03cd\u03bf \u03bc\u03b5\u03c1\u03ce\u03bd<\/p>\n<p>\u03a4\u03b5\u03bb\u03b5\u03c5\u03c4\u03b1\u03af\u03b1 \u03b5\u03bd\u03b7\u03bc\u03ad\u03c1\u03c9\u03c3\u03b7: 08 \u0399\u03bf\u03c5\u03bb\u03af\u03bf\u03c5 2025<\/p>\n<p>[\/et_pb_text][et_pb_text module_class=&#8221;custom-title&#8221; _builder_version=&#8221;4.17.6&#8243; _module_preset=&#8221;default&#8221; global_colors_info=&#8221;{}&#8221;]<\/p>\n<h2>\u03a0\u03c1\u03bf\u03bf\u03af\u03bc\u03b9\u03bf<\/h2>\n<p>[\/et_pb_text][et_pb_text _builder_version=&#8221;4.27.4&#8243; _module_preset=&#8221;default&#8221; global_colors_info=&#8221;{}&#8221;]<\/p>\n<p>\u0397 \u03c3\u03c5\u03bd\u03b4\u03c1\u03bf\u03bc\u03ae \u03c3\u03c4\u03b9\u03c2 \u03c5\u03c0\u03b7\u03c1\u03b5\u03c3\u03af\u03b5\u03c2 www.talk4to.com \u03c3\u03b1\u03c2 \u03b4\u03af\u03bd\u03b5\u03b9 \u03c0\u03c1\u03cc\u03c3\u03b2\u03b1\u03c3\u03b7 \u03c3\u03c4\u03b1 \u03b1\u03ba\u03cc\u03bb\u03bf\u03c5\u03b8\u03b1 \u03bf\u03c6\u03ad\u03bb\u03b7:<\/p>\n<ul>\n<li>\u0391\u03c0\u03b5\u03c1\u03b9\u03cc\u03c1\u03b9\u03c3\u03c4\u03b5\u03c2 \u03b4\u03bf\u03ba\u03b9\u03bc\u03ad\u03c2<\/li>\n<li>\u0391\u03c0\u03bf\u03b8\u03ae\u03ba\u03b5\u03c5\u03c3\u03b7 \u03cc\u03bb\u03c9\u03bd \u03c4\u03c9\u03bd \u03b1\u03c0\u03bf\u03c4\u03b5\u03bb\u03b5\u03c3\u03bc\u03ac\u03c4\u03c9\u03bd \u03c4\u03c9\u03bd \u03b4\u03bf\u03ba\u03b9\u03bc\u03ce\u03bd<\/li>\n<li>\u03a3\u03c5\u03b3\u03ba\u03c1\u03af\u03c3\u03b5\u03b9\u03c2 \u03bc\u03b5\u03c4\u03b1\u03be\u03cd \u03b4\u03bf\u03ba\u03b9\u03bc\u03ce\u03bd<\/li>\n<li>\u03a4\u03b1 \u03b1\u03c0\u03bf\u03c4\u03b5\u03bb\u03ad\u03c3\u03bc\u03b1\u03c4\u03b1 \u03b1\u03c0\u03bf\u03c3\u03c4\u03ad\u03bb\u03bb\u03bf\u03bd\u03c4\u03b1\u03b9 \u03bc\u03b5 e-mail.<\/li>\n<\/ul>\n<p>\u0397 \u03c3\u03c5\u03bd\u03b4\u03c1\u03bf\u03bc\u03ae \u03c3\u03b1\u03c2 \u03b4\u03af\u03bd\u03b5\u03b9 \u03c0\u03c1\u03cc\u03c3\u03b2\u03b1\u03c3\u03b7 \u03c3\u03c4\u03b7\u03bd \u03c0\u03b5\u03c1\u03b9\u03bf\u03c7\u03ae \u03c4\u03c9\u03bd \u03bc\u03b5\u03bb\u03ce\u03bd \u03b3\u03b9\u03b1 24 \u03ce\u03c1\u03b5\u03c2 \u03c3\u03c4\u03b7\u03bd \u03c4\u03b9\u03bc\u03ae \u03c0\u03c1\u03bf\u03c3\u03c6\u03bf\u03c1\u03ac\u03c2 \u03c4\u03c9\u03bd 0,5 \u20ac \u03c3\u03c5\u03bc\u03c0\u03b5\u03c1\u03b9\u03bb\u03b1\u03bc\u03b2\u03b1\u03bd\u03bf\u03bc\u03ad\u03bd\u03bf\u03c5 \u03c4\u03bf\u03c5 \u03a6\u03a0\u0391. \u03a3\u03c4\u03bf \u03c4\u03ad\u03bb\u03bf\u03c2 \u03b1\u03c5\u03c4\u03ae\u03c2 \u03c4\u03b7\u03c2 \u03b4\u03bf\u03ba\u03b9\u03bc\u03b1\u03c3\u03c4\u03b9\u03ba\u03ae\u03c2 \u03c0\u03b5\u03c1\u03b9\u03cc\u03b4\u03bf\u03c5, \u03b8\u03b1 \u03b9\u03c3\u03c7\u03cd\u03b5\u03b9 \u03b7 \u03bc\u03b7\u03bd\u03b9\u03b1\u03af\u03b1 \u03c3\u03c5\u03bd\u03b4\u03c1\u03bf\u03bc\u03ae \u03bc\u03b5 47,5 \u20ac \u03c3\u03c5\u03bc\u03c0\u03b5\u03c1\u03b9\u03bb\u03b1\u03bc\u03b2\u03b1\u03bd\u03bf\u03bc\u03ad\u03bd\u03bf\u03c5 \u03c4\u03bf\u03c5 \u03a6\u03a0\u0391 \u03b1\u03bd\u03ac \u03bc\u03ae\u03bd\u03b1. \u0397 \u03c0\u03bb\u03b7\u03c1\u03c9\u03bc\u03ae \u03b8\u03b1 \u03c7\u03c1\u03b5\u03ce\u03bd\u03b5\u03c4\u03b1\u03b9 \u03b1\u03c5\u03c4\u03cc\u03bc\u03b1\u03c4\u03b1 \u03b1\u03c0\u03cc \u03c4\u03b7\u03bd \u03c0\u03b9\u03c3\u03c4\u03c9\u03c4\u03b9\u03ba\u03ae \u03c3\u03b1\u03c2 \u03ba\u03ac\u03c1\u03c4\u03b1 \u03ba\u03ac\u03b8\u03b5 \u03bc\u03ae\u03bd\u03b1 \u03ba\u03b1\u03c4\u03ac \u03c4\u03b7\u03bd \u03b7\u03bc\u03b5\u03c1\u03bf\u03bc\u03b7\u03bd\u03af\u03b1 \u03c4\u03b7\u03c2 \u03b5\u03c0\u03b5\u03c4\u03b5\u03af\u03bf\u03c5.<\/p>\n<p>\u039c\u03c0\u03bf\u03c1\u03b5\u03af\u03c4\u03b5 \u03bd\u03b1 \u03b1\u03ba\u03c5\u03c1\u03ce\u03c3\u03b5\u03c4\u03b5 \u03c4\u03b7 \u03c3\u03c5\u03bd\u03b4\u03c1\u03bf\u03bc\u03ae \u03c3\u03b1\u03c2 \u03b1\u03bd\u03ac \u03c0\u03ac\u03c3\u03b1 \u03c3\u03c4\u03b9\u03b3\u03bc\u03ae \u03ba\u03b1\u03b9 \u03ac\u03bd\u03b5\u03c5 \u03cc\u03c1\u03c9\u03bd \u03b1\u03c0\u03b5\u03c5\u03b8\u03b5\u03af\u03b1\u03c2 \u03c3\u03b5 \u03b1\u03c5\u03c4\u03ae \u03c4\u03b7 \u03c3\u03b5\u03bb\u03af\u03b4\u03b1:\u00a0<a href=\"https:\/\/talk4to.com\/el\/se-desabonner\/\">https:\/\/talk4to.com\/se-desabonner\/<\/a><\/p>\n<p>\u0393\u03b9\u03b1 \u03bd\u03b1 \u03b1\u03ba\u03c5\u03c1\u03ce\u03c3\u03b5\u03c4\u03b5 \u03c4\u03b7 \u03c3\u03c5\u03bd\u03b4\u03c1\u03bf\u03bc\u03ae \u03c3\u03b1\u03c2, \u03c0\u03b1\u03c1\u03b1\u03ba\u03b1\u03bb\u03bf\u03cd\u03bc\u03b5 \u03b5\u03c0\u03b9\u03ba\u03bf\u03b9\u03bd\u03c9\u03bd\u03ae\u03c3\u03c4\u03b5 \u03bc\u03b5 \u03c4\u03b7\u03bd \u0395\u03be\u03c5\u03c0\u03b7\u03c1\u03ad\u03c4\u03b7\u03c3\u03b7 \u03a0\u03b5\u03bb\u03b1\u03c4\u03ce\u03bd \u03bc\u03b1\u03c2 \u03bc\u03ad\u03c3\u03c9 e-mail \u03c3\u03c4\u03b7 \u03b4\u03b9\u03b5\u03cd\u03b8\u03c5\u03bd\u03c3\u03b7\u00a0<a href=\"mailto:contact.talkto1@gmail.com\">contact.talkto1@gmail.com<\/a>\u03ae \u03bc\u03ad\u03c3\u03c9 \u03c4\u03b7\u03c2 \u03c6\u03cc\u03c1\u03bc\u03b1\u03c2 \u03b5\u03c0\u03b9\u03ba\u03bf\u03b9\u03bd\u03c9\u03bd\u03af\u03b1\u03c2 \u03bc\u03b1\u03c2 \u03b1\u03ba\u03bf\u03bb\u03bf\u03c5\u03b8\u03ce\u03bd\u03c4\u03b1\u03c2 \u03b1\u03c5\u03c4\u03cc\u03bd \u03c4\u03bf\u03bd \u03c3\u03cd\u03bd\u03b4\u03b5\u03c3\u03bc\u03bf:\u00a0<a href=\"https:\/\/talk4to.com\/el\/contact\/\">https:\/\/talk4to.com\/contact\/<\/a><\/p>\n<div>\n<div><span>\u03a4\u03bf www.talk4to.com \u03b4\u03b5\u03bd \u03bc\u03b5\u03c4\u03b1\u03c0\u03c9\u03bb\u03b5\u03af \u03c0\u03bb\u03b7\u03c1\u03bf\u03c6\u03bf\u03c1\u03af\u03b5\u03c2 \u03c0\u03b5\u03bb\u03b1\u03c4\u03ce\u03bd- \u03c4\u03b1 \u03c0\u03c1\u03bf\u03c3\u03c9\u03c0\u03b9\u03ba\u03ac \u03b4\u03b5\u03b4\u03bf\u03bc\u03ad\u03bd\u03b1 \u03c7\u03c1\u03b7\u03c3\u03b9\u03bc\u03bf\u03c0\u03bf\u03b9\u03bf\u03cd\u03bd\u03c4\u03b1\u03b9 \u03b1\u03c0\u03bf\u03ba\u03bb\u03b5\u03b9\u03c3\u03c4\u03b9\u03ba\u03ac \u03b3\u03b9\u03b1 \u03c4\u03b7\u03bd \u03b5\u03c0\u03b9\u03ba\u03bf\u03b9\u03bd\u03c9\u03bd\u03af\u03b1 \u03bc\u03b5 \u03c4\u03bf\u03c5\u03c2 \u03c0\u03b5\u03bb\u03ac\u03c4\u03b5\u03c2 \u03ba\u03b1\u03b9 \u03c4\u03b7\u03bd \u03c0\u03b1\u03c1\u03bf\u03c7\u03ae \u03c4\u03bf\u03c5 \u03b5\u03c0\u03b9\u03b8\u03c5\u03bc\u03b7\u03c4\u03bf\u03cd \u03b5\u03c0\u03b9\u03c0\u03ad\u03b4\u03bf\u03c5 \u03c5\u03c0\u03b7\u03c1\u03b5\u03c3\u03b9\u03ce\u03bd.<\/span><\/div>\n<p>&nbsp;<\/p>\n<div><span>\u03a4\u03bf www.talk4to.com \u03c7\u03c1\u03b7\u03c3\u03b9\u03bc\u03bf\u03c0\u03bf\u03b9\u03b5\u03af \u03c0\u03b1\u03c1\u03cc\u03c7\u03bf\u03c5\u03c2 \u03c5\u03c0\u03b7\u03c1\u03b5\u03c3\u03b9\u03ce\u03bd \u03c0\u03bb\u03b7\u03c1\u03c9\u03bc\u03ce\u03bd \u03c0\u03bf\u03c5 \u03c3\u03c5\u03bc\u03bc\u03bf\u03c1\u03c6\u03ce\u03bd\u03bf\u03bd\u03c4\u03b1\u03b9 \u03bc\u03b5 \u03c4\u03b1 \u03b1\u03c0\u03b1\u03b9\u03c4\u03bf\u03cd\u03bc\u03b5\u03bd\u03b1 \u03c0\u03c1\u03cc\u03c4\u03c5\u03c0\u03b1 \u03b1\u03c3\u03c6\u03b1\u03bb\u03b5\u03af\u03b1\u03c2 PCI DSS.<\/span><\/div>\n<\/div>\n<p>[\/et_pb_text][\/et_pb_column][\/et_pb_row][\/et_pb_section][\/et_pb_section]<\/p>","protected":false},"excerpt":{"rendered":"<p>Conditions de paiements recurrentsLa soci\u00e9t\u00e9 Nordigital.net LTD, whose registered office is at Unit 126, 5 Spur Road, Isleworth, Middlesex, United Kingdom, TW7 5BD &#8211; Registration number: 07009113 &#8211; VAT number : GB455167677 D\u00e9l\u00e8gue \u00e0\u00a0: La soci\u00e9t\u00e9 SAS FRIENDZ. Si\u00e8ge Social\u00a0:\u00a0 9, rue de Paris &#8211; 94100 St-Maur-Des-Foss\u00e9s. Siren 891 437 535 NAF\u00a0: 62.01Z\u2013 Capital social [&hellip;]<\/p>","protected":false},"author":1,"featured_media":0,"parent":0,"menu_order":0,"comment_status":"closed","ping_status":"closed","template":"","meta":{"_et_pb_use_builder":"on","_et_pb_old_content":"","_et_gb_content_width":"","inline_featured_image":false,"footnotes":""},"class_list":["post-1062","page","type-page","status-publish","hentry"],"_links":{"self":[{"href":"https:\/\/talk4to.com\/el\/wp-json\/wp\/v2\/pages\/1062","targetHints":{"allow":["GET"]}}],"collection":[{"href":"https:\/\/talk4to.com\/el\/wp-json\/wp\/v2\/pages"}],"about":[{"href":"https:\/\/talk4to.com\/el\/wp-json\/wp\/v2\/types\/page"}],"author":[{"embeddable":true,"href":"https:\/\/talk4to.com\/el\/wp-json\/wp\/v2\/users\/1"}],"replies":[{"embeddable":true,"href":"https:\/\/talk4to.com\/el\/wp-json\/wp\/v2\/comments?post=1062"}],"version-history":[{"count":9,"href":"https:\/\/talk4to.com\/el\/wp-json\/wp\/v2\/pages\/1062\/revisions"}],"predecessor-version":[{"id":1629,"href":"https:\/\/talk4to.com\/el\/wp-json\/wp\/v2\/pages\/1062\/revisions\/1629"}],"wp:attachment":[{"href":"https:\/\/talk4to.com\/el\/wp-json\/wp\/v2\/media?parent=1062"}],"curies":[{"name":"wp","href":"https:\/\/api.w.org\/{rel}","templated":true}]}}