{"id":827,"date":"2023-09-28T12:26:55","date_gmt":"2023-09-28T12:26:55","guid":{"rendered":"https:\/\/stg-talktotoeic-devtalkto.kinsta.cloud\/?page_id=827"},"modified":"2024-06-24T13:23:00","modified_gmt":"2024-06-24T13:23:00","slug":"se-desabonner","status":"publish","type":"page","link":"https:\/\/talk4to.com\/de\/se-desabonner\/","title":{"rendered":"Abmelden"},"content":{"rendered":"<p>[et_pb_section fb_built=&#8221;1&#8243; _builder_version=&#8221;4.17.6&#8243; _module_preset=&#8221;default&#8221; global_colors_info=&#8221;{}&#8221;][et_pb_row _builder_version=&#8221;4.17.6&#8243; _module_preset=&#8221;default&#8221; locked=&#8221;off&#8221; global_colors_info=&#8221;{}&#8221;][et_pb_column type=&#8221;4_4&#8243; _builder_version=&#8221;4.17.6&#8243; _module_preset=&#8221;default&#8221; global_colors_info=&#8221;{}&#8221;][et_pb_text module_class=&#8221;custom-title&#8221; _builder_version=&#8221;4.17.6&#8243; _module_preset=&#8221;default&#8221; global_colors_info=&#8221;{}&#8221;]<\/p>\n<h2>Abmelden<\/h2>\n<p>[\/et_pb_text][\/et_pb_column][\/et_pb_row][et_pb_row _builder_version=&#8221;4.17.6&#8243; _module_preset=&#8221;default&#8221; global_colors_info=&#8221;{}&#8221;][et_pb_column type=&#8221;4_4&#8243; _builder_version=&#8221;4.17.6&#8243; _module_preset=&#8221;default&#8221; global_colors_info=&#8221;{}&#8221;][et_pb_text _builder_version=&#8221;4.23.4&#8243; _module_preset=&#8221;default&#8221; text_font=&#8221;ProximaNova Bold||||||||&#8221; text_font_size=&#8221;20px&#8221; text_orientation=&#8221;center&#8221; width=&#8221;60%&#8221; width_tablet=&#8221;60%&#8221; width_phone=&#8221;100%&#8221; width_last_edited=&#8221;on|phone&#8221; module_alignment=&#8221;center&#8221; global_colors_info=&#8221;{}&#8221;]<\/p>\n<p style=\"text-align: left;\">Um sich ganz einfach abzumelden, geben Sie einfach Ihre E-Mail-Adresse ein und klicken Sie auf \"Abonnement k\u00fcndigen\".<\/p>\n<p>[\/et_pb_text][et_pb_code module_id=&#8221;unsubscribe_form&#8221; _builder_version=&#8221;4.23.4&#8243; _module_preset=&#8221;default&#8221; width=&#8221;60%&#8221; width_tablet=&#8221;100%&#8221; width_phone=&#8221;100%&#8221; width_last_edited=&#8221;on|phone&#8221; module_alignment=&#8221;center&#8221; custom_padding=&#8221;30px|50px|30px|50px|true|true&#8221; custom_padding_tablet=&#8221;30px|50px|30px|50px|true|true&#8221; custom_padding_phone=&#8221;|20px||20px|true|true&#8221; custom_padding_last_edited=&#8221;on|phone&#8221; custom_css_main_element=&#8221;overflow-x:hidden !important;&#8221; border_radii=&#8221;on|15px|15px|15px|15px&#8221; box_shadow_style=&#8221;preset1&#8243; box_shadow_color=&#8221;rgba(0,0,0,0.16)&#8221; global_colors_info=&#8221;{}&#8221;]<form action=\"https:\/\/talk4to.com\/wp-admin\/admin-post.php\" method=\"post\">\n\t\t\t\t<input type=\"hidden\" name=\"action\" value=\"b5pt_cancel_sub\">\n\t\t\t\t<div class=\"cancel-wrap\">\n\t\t\t\t<label for=\"stripe_email\">E-Mail<\/label>\n\t\t\t\t<input type=\"email\" name=\"email\" id=\"stripe_email\" placeholder=\"johndoe@gmail.com\" value=\"\">\n\t\t\t\t<input type=\"submit\" value=\"Abonnement k\u00fcndigen\">\n\t\t\t\t<\/div> \n\t\t\t<\/form>[\/et_pb_code][\/et_pb_column][\/et_pb_row][\/et_pb_section][et_pb_section fb_built=&#8221;1&#8243; _builder_version=&#8221;4.17.6&#8243; _module_preset=&#8221;default&#8221; locked=&#8221;off&#8221; global_colors_info=&#8221;{}&#8221;][et_pb_row column_structure=&#8221;1_2,1_2&#8243; _builder_version=&#8221;4.17.6&#8243; _module_preset=&#8221;default&#8221; global_colors_info=&#8221;{}&#8221;][et_pb_column type=&#8221;1_2&#8243; _builder_version=&#8221;4.17.6&#8243; _module_preset=&#8221;default&#8221; global_colors_info=&#8221;{}&#8221;][et_pb_image src=&#8221;https:\/\/talk4to.com\/wp-content\/uploads\/2023\/08\/FAQ.svg&#8221; title_text=&#8221;FAQ&#8221; _builder_version=&#8221;4.23.4&#8243; _module_preset=&#8221;default&#8221; filter_hue_rotate=&#8221;180deg&#8221; global_colors_info=&#8221;{}&#8221;][\/et_pb_image][\/et_pb_column][et_pb_column type=&#8221;1_2&#8243; _builder_version=&#8221;4.17.6&#8243; _module_preset=&#8221;default&#8221; global_colors_info=&#8221;{}&#8221;][et_pb_text module_class=&#8221;custom-title&#8221; _builder_version=&#8221;4.17.6&#8243; _module_preset=&#8221;default&#8221; locked=&#8221;off&#8221; global_colors_info=&#8221;{}&#8221;]<\/p>\n<h2>FAQ<\/h2>\n<p>[\/et_pb_text][et_pb_toggle title=\"Was ist der Zweck dieser Trainings?\" open_toggle_text_color=\"#4e4e\" icon_color=\"#ff9666\u2033 toggle_icon=\"3||divi||400\u2033 use_icon_font_size=\"on\" icon_font_size=\"45px\". open_icon_color=\"#ff9666\u2033 open_toggle_icon=\"2||divi||400\u2033 open_use_icon_font_size=\"on\" open_icon_font_size=\"45px\" _builder_version=\"4.23.4\u2033 _module_preset=\"default\" title_text_color=\"#4e4e\" title_font=\"|700|||||||\" title_font_size=\"18px\" closed_title_font=\"|700|||||||\" closed_title_font_size=\"18px\" body_font=\"|300|||||||\" body_font_size=\"16px\" background_color=\"RGBA(255|||||||,255,255,0)\" custom_margin=\"||30px|||false|false\" custom_padding=\"||5px||false|false\" custom_css_toggle_title=\"margin-left:-20px;\" custom_css_toggle_content=\"margin-left:20px;\" border_width_all=\"0px\" border_width_bottom=\"3px\" border_color_bottom=\"#ff9666\u2033 global_colors_info=\"{}\"]<\/p>\n<p>Ziel dieser Trainings ist es, das Wissen und das Verst\u00e4ndnis einer Person in verschiedenen Bereichen zu messen.<\/p>\n<p>Diese Beurteilungen wurden entwickelt, um das allgemeine Wissen einer Person in einem akademischen Kontext zu beurteilen oder um St\u00e4rken und Schw\u00e4chen zu erkennen und so ein kontinuierliches Wachstum auf pers\u00f6nlicher und beruflicher Ebene zu erm\u00f6glichen.<\/p>\n<p>[\/et_pb_toggle][et_pb_toggle title=\"Wie komme ich zu meinen Ergebnissen?\" open_toggle_text_color=\"#4e4e4e\" icon_color=\"#ff9666\u2033 toggle_icon=\"3||divi||400\u2033 use_icon_font_size=\"on\" icon_font_size=\"45px\" open_icon_color=\"#ff9666\u2033 open_toggle_icon=\"2||divi||400\u2033 open_use_icon_font_size=\"on\" open_icon_font_size=\"45px\" _builder_version=\"4.23.4\u2033 _module_preset=\"default\" title_text_color=\"#4e4e\" title_font=\"|700|||||||\" title_font_size=\"18px\" closed_title_font=\"|700|||||||\" closed_title_font_size=\"18px\" body_font=\"|300|||||||\" body_font_size=\"16px\" background_color=\"RGBA(255|||||||,255,255,0)\" custom_margin=\"||30px|||false|false\" custom_padding=\"||5px||false|false\" custom_css_toggle_title=\"margin-left:-20px;\" custom_css_toggle_content=\"margin-left:20px;\" border_width_all=\"0px\" border_width_bottom=\"3px\" border_color_bottom=\"#ff9666\u2033 global_colors_info=\"{}\"]<\/p>\n<p>Die Ergebnisse der \u00dcbungen sind \u00fcber ein 24-Stunden-Angebot oder ein monatliches Abonnement zug\u00e4nglich.<\/p>\n<p>Das genaue Verfahren zum Ablegen des Tests und die Abonnementmodalit\u00e4ten finden Sie auf der Seite \"Wie funktioniert es?\".<\/p>\n<p>Sie k\u00f6nnen auch den vollst\u00e4ndigen Verlauf Ihrer durchgef\u00fchrten Tests einsehen, indem Sie in Ihrem Kontobereich auf die Registerkarte Verlauf zugreifen.<\/p>\n<p>[\/et_pb_toggle][et_pb_toggle title=\"Wie kann ich ein Abonnement abschlie\u00dfen?\" open_toggle_text_color=\"#4e4e4e\" icon_color=\"#ff9666\u2033 toggle_icon=\"3||divi||400\u2033 use_icon_font_size=\"on\" icon_font_size=\"45px\" open_icon_color=\"#ff9666\u2033 open_toggle_icon=\"2||divi||400\u2033 open_use_icon_font_size=\"on\" open_icon_font_size=\"45px\" _builder_version=\"4.23.4\u2033 _module_preset=\"default\" title_text_color=\"#4e4e\" title_font=\"|700|||||||\" title_font_size=\"18px\" closed_title_font=\"|700|||||||\" closed_title_font_size=\"18px\" body_font=\"|300|||||||\" body_font_size=\"16px\" background_color=\"RGBA(255|||||||,255,255,0)\" custom_margin=\"||30px|||false|false\" custom_padding=\"||5px||false|false\" custom_css_toggle_title=\"margin-left:-20px;\" custom_css_toggle_content=\"margin-left:20px;\" border_width_all=\"0px\" border_width_bottom=\"3px\" border_color_bottom=\"#ff9666\u2033 global_colors_info=\"{}\"]<\/p>\n<p>Zun\u00e4chst einmal m\u00fcssen Sie den Test absolvieren. Wenn Sie nach Abschluss Ihre Ergebnisse einsehen m\u00f6chten, m\u00fcssen Sie sich f\u00fcr das 24-Stunden-Angebot anmelden, das 0,50\u20ac kostet. Nach dieser Zeit wandelt sich das Angebot automatisch in ein Monatsabonnement um, das 47,50\u20ac kostet.<\/p>\n<p>Wenn Sie nur das 24-Stunden-Angebot nutzen m\u00f6chten, melden Sie sich einfach ab.<\/p>\n<p>Weitere Informationen zum Testverfahren und zu den Abonnementoptionen finden Sie auf der Seite \"Wie funktioniert es?\".<\/p>\n<p>[\/et_pb_toggle][et_pb_toggle title=\"Welche Vorteile und Dienstleistungen sind im Rahmen des Abonnements enthalten?\" open_toggle_text_color=\"#4e4e\" icon_color=\"#ff9666\u2033 toggle_icon=\"3||divi||400\u2033 use_icon_font_size=\"on\" icon_font_size=\"45px\" open_icon_color=\"#ff9666\u2033 open_toggle_icon=\"2||divi||400\u2033 open_use_icon_font_size=\"on\" open_icon_font_size=\"45px\" _builder_version=\"4.23.4\u2033 _module_preset=\"default\" title_text_color=\"#4e4e\" title_font=\"|700|||||||\" title_font_size=\"18px\" closed_title_font=\"|700|||||||\" closed_title_font_size=\"18px\" body_font=\"|300|||||||\" body_font_size=\"16px\" background_color=\"RGBA(255|||||||,255,255,0)\" custom_margin=\"||30px|||false|false\" custom_padding=\"||5px||false|false\" custom_css_toggle_title=\"margin-left:-20px;\" custom_css_toggle_content=\"margin-left:20px;\" border_width_all=\"0px\" border_width_bottom=\"3px\" border_color_bottom=\"#ff9666\u2033 global_colors_info=\"{}\"]<\/p>\n<p>Das Abonnement gibt Ihnen die M\u00f6glichkeit, den Test mehrmals zu absolvieren, sei es f\u00fcr sich selbst oder f\u00fcr andere. Es erm\u00f6glicht Ihnen au\u00dferdem, auf Ihre Ergebnisse zuzugreifen, sie zu vergleichen und f\u00fcr eine regelm\u00e4\u00dfige \u00dcberpr\u00fcfung aufzubewahren. Dar\u00fcber hinaus haben Sie die M\u00f6glichkeit, erweiterte Premium-Tests durchzuf\u00fchren, um Ihre Sprachkenntnisse noch genauer zu analysieren.<\/p>\n<p>[\/et_pb_toggle][et_pb_button button_url=\"@ET-DC@eyJkeW5hbWljIjp0cnVlLCJjb250ZW50IjoicG9zdF9saW5rX3VybF9wYWdlIiwic2V0dGluZ3MiOnsicG9zdF9pZCI6IjM0In19@\" button_text=\"FAQ\" button_alignment=\"center\" disabled_on=\"off|off|off\" module_class=\"custom-btn center \" _builder_version=\"4.23.4\u2033 _dynamic_attributes=\"button_url\" _module_preset=\"default\" button_border_color=\"#E02B20\u2033 custom_margin=\"||||true|false\" custom_padding=\"|50px||50px|false|true\" custom_padding_tablet=\"|50px||50px|false|true\" custom_padding_phone=\"|50px||50px|false|true\" custom_padding_last_edited=\"on|desktop\" locked=\"off\" global_colors_info=\"{}\"][\/et_pb_button][\/et_pb_column][\/et_pb_row][\/et_pb_section]<\/p>","protected":false},"excerpt":{"rendered":"<p>Se d\u00e9sabonnerPour vous d\u00e9sabonner facilement, il vous suffit de saisir votre adresse e-mail et de cliquer sur &#8220;annuler l&#8217;abonnement&#8221;.<form action=\"https:\/\/talk4to.com\/wp-admin\/admin-post.php\" method=\"post\">\n\t\t\t\t<input type=\"hidden\" name=\"action\" value=\"b5pt_cancel_sub\">\n\t\t\t\t<div class=\"cancel-wrap\">\n\t\t\t\t<label for=\"stripe_email\">E-Mail<\/label>\n\t\t\t\t<input type=\"email\" name=\"email\" id=\"stripe_email\" placeholder=\"johndoe@gmail.com\" value=\"\">\n\t\t\t\t<input type=\"submit\" value=\"Abonnement k\u00fcndigen\">\n\t\t\t\t<\/div> \n\t\t\t<\/form>FAQL&#8217;objectif de ces entrainements est de mesurer les connaissances et la compr\u00e9hension d&#8217;un individu dans diff\u00e9rents domaines. Ces \u00e9valuations sont con\u00e7ues pour appr\u00e9cier le savoir g\u00e9n\u00e9ral d&#8217;une personne dans un contexte acad\u00e9mique, ou pour identifier ses forces [&hellip;]<\/p>","protected":false},"author":1,"featured_media":0,"parent":0,"menu_order":0,"comment_status":"closed","ping_status":"closed","template":"","meta":{"_et_pb_use_builder":"on","_et_pb_old_content":"<!-- wp:divi\/placeholder \/-->","_et_gb_content_width":"","inline_featured_image":false,"footnotes":""},"class_list":["post-827","page","type-page","status-publish","hentry"],"_links":{"self":[{"href":"https:\/\/talk4to.com\/de\/wp-json\/wp\/v2\/pages\/827","targetHints":{"allow":["GET"]}}],"collection":[{"href":"https:\/\/talk4to.com\/de\/wp-json\/wp\/v2\/pages"}],"about":[{"href":"https:\/\/talk4to.com\/de\/wp-json\/wp\/v2\/types\/page"}],"author":[{"embeddable":true,"href":"https:\/\/talk4to.com\/de\/wp-json\/wp\/v2\/users\/1"}],"replies":[{"embeddable":true,"href":"https:\/\/talk4to.com\/de\/wp-json\/wp\/v2\/comments?post=827"}],"version-history":[{"count":20,"href":"https:\/\/talk4to.com\/de\/wp-json\/wp\/v2\/pages\/827\/revisions"}],"predecessor-version":[{"id":1470,"href":"https:\/\/talk4to.com\/de\/wp-json\/wp\/v2\/pages\/827\/revisions\/1470"}],"wp:attachment":[{"href":"https:\/\/talk4to.com\/de\/wp-json\/wp\/v2\/media?parent=827"}],"curies":[{"name":"wp","href":"https:\/\/api.w.org\/{rel}","templated":true}]}}