{"id":34,"date":"2023-08-18T13:36:09","date_gmt":"2023-08-18T13:36:09","guid":{"rendered":"https:\/\/stg-talktotoeic-devtalkto.kinsta.cloud\/?page_id=34"},"modified":"2025-01-07T13:14:13","modified_gmt":"2025-01-07T13:14:13","slug":"faq","status":"publish","type":"page","link":"https:\/\/talk4to.com\/da\/faq\/","title":{"rendered":"OFTE STILLEDE SP\u00d8RGSM\u00c5L"},"content":{"rendered":"<p>[et_pb_section fb_built=\u201d1\u2033 admin_label=\u201dQuestions\u201d module_class=\u201dcustom-faq\u201d _builder_version=\u201d4.17.6\u2033 _module_preset=\u201ddefault\u201d custom_css_before=\u201d content: \u201d;|| background: center \/ contain no-repeat url(https:\/\/talk4to.com\/wp-content\/uploads\/2023\/08\/Trace-1438-1.svg);|| position: absolute;|| display: block;|| width: 1300px;|| height: 1300px;|| right: -100px;||top:-00px;||pointer-events:none;||||\u201d global_colors_info=\u201d{}\u201d][et_pb_row column_structure=\u201d1_3,2_3\u2033 _builder_version=\u201d4.23.4\u2033 _module_preset=\u201ddefault\u201d global_colors_info=\u201d{}\u201d][et_pb_column type=\u201d1_3\u2033 _builder_version=\u201d4.23.4\u2033 _module_preset=\u201ddefault\u201d background_color=\u201d#FFFFFF\u201d custom_padding=\u201d20px|30px|20px|30px|true|true\u201d custom_padding_tablet=\u201d40px|40px|40px|40px|true|true\u201d custom_padding_phone=\u201d||||false|true\u201d custom_padding_last_edited=\u201don|desktop\u201d background_color_tablet=\u201d#FFFF\u201d background_last_edited=\u201don|tablet\u201d background_enable_color_tablet=\u201don\u201d border_radii=\u201don|50px|50px|50px|50px\u201d box_shadow_style=\u201dpreset1\u2033 box_shadow_horizontal=\u201d3px\u201d box_shadow_vertical=\u201d6px\u201d box_shadow_blur=\u201d10px\u201d box_shadow_color=\u201drgba(0,0,0,0.16)\u201d global_colors_info=\u201d{}\u201d custom_css_before_last_edited=\u201don|desktop\u201d custom_css_before_tablet=\u201dcontent:unset;\u201d custom_css_before_phone=\u201dcontent:unset;\u201d][et_pb_image src=\u201dhttps:\/\/talk4to.com\/wp-content\/uploads\/2023\/08\/FAQ.svg\u201d title_text=\u201dFAQ\u201d align=\u201dcenter\u201d _builder_version=\u201d4.23.4\u2033 _module_preset=\u201ddefault\u201d width=\u201d70%\u201d module_alignment=\u201dcenter\u201d filter_hue_rotate=\u201d180deg\u201d global_colors_info=\u201d{}\u201d][\/et_pb_image][et_pb_text _builder_version=\u201d4.17.6\u2033 _module_preset=\u201ddefault\u201d text_font=\u201d|700|||||||\u201d text_text_color=\u201d#54a1d6\u2033 text_font_size=\u201d25px\u201d custom_margin=\u201d||20px||false|false\u201d global_colors_info=\u201d{}\u201d]<\/p>\n<p>Testen<\/p>\n<p>[\/et_pb_text][et_pb_text module_class=\u201dbutton_faq objectif\u201d _builder_version=\u201d4.23.4\u2033 _module_preset=\u201ddefault\u201d text_font=\u201d|300|||||||\u201d custom_margin=\u201d||||false|false\u201d custom_padding=\u201d||10px||false|false\u201d border_width_bottom=\u201d3px\u201d border_color_bottom=\u201d#e2f8fd\u201d global_colors_info=\u201d{}\u201d]<\/p>\n<p>Hvad er form\u00e5let med denne test?<\/p>\n<p>[\/et_pb_text][et_pb_text module_class=\u201dbutton_faq functions\u201d _builder_version=\u201d4.23.4\u2033 _module_preset=\u201ddefault\u201d text_font=\u201d|300|||||||\u201d custom_padding=\u201d||10px||false|false\u201d border_width_bottom=\u201d3px\u201d border_color_bottom=\u201d#e2f8fd\u201d global_colors_info=\u201d{}\u201d]<\/p>\n<p>Hvad er proceduren for at f\u00e5 adgang til testresultaterne?<\/p>\n<p>[\/et_pb_text][et_pb_text module_class=\u201dbutton_faq utile\u201d _builder_version=\u201d4.23.4\u2033 _module_preset=\u201ddefault\u201d text_font=\u201d|300|||||||\u201d custom_padding=\u201d||10px||false|false\u201d border_width_bottom=\u201d3px\u201d border_color_bottom=\u201d#e2f8fd\u201d global_colors_info=\u201d{}\u201d]<\/p>\n<p>Hvad er form\u00e5let med denne test?<\/p>\n<p>[\/et_pb_text][et_pb_text module_class=\u201dbutton_faq obtenir\u201d _builder_version=\u201d4.23.4\u2033 _module_preset=\u201ddefault\u201d text_font=\u201d|300|||||||\u201d custom_padding=\u201d||10px||false|false\u201d border_width_bottom=\u201d3px\u201d border_color_bottom=\u201d#e2f8fd\u201d global_colors_info=\u201d{}\u201d]<\/p>\n<p>Hvordan f\u00e5r jeg adgang til mine testresultater?<\/p>\n<p>[\/et_pb_text][et_pb_text _builder_version=\u201d4.17.6\u2033 _module_preset=\u201ddefault\u201d text_font=\u201d|700|||||||\u201d text_text_color=\u201d#54a1d6\u2033 text_font_size=\u201d25px\u201d custom_margin=\u201d30px||20px||false|false\u201d global_colors_info=\u201d{}\u201d]<\/p>\n<p>Abonnement<\/p>\n<p>[et_pb_text][et_pb_text module_class=\u201dbutton_faq subscribe\u201d _builder_version=\u201d4.23.4\u2033 _module_preset=\u201ddefault\u201d text_font=\u201d|300|||||||\u201d custom_padding=\u201d||10px||false|false\u201d border_width_bottom=\u201d3px\u201d border_color_bottom=\u201d#e2f8fd\u201d global_colors_info=\u201d{}\u201d]<\/p>\n<p>Hvordan abonnerer jeg?<\/p>\n<p>[et_pb_text][et_pb_text module_class=\u201dbutton_faq services\u201d _builder_version=\u201d4.23.4\u2033 _module_preset=\u201ddefault\u201d text_font=\u201d|300|||||||\u201d custom_padding=\u201d||10px||false|false\u201d border_width_bottom=\u201d3px\u201d border_color_bottom=\u201d#e2f8fd\u201d global_colors_info=\u201d{}\u201d]<\/p>\n<p>Hvilke fordele og tjenester er inkluderet i abonnementet?<\/p>\n<p>[\/et_pb_text][et_pb_text module_class=\u201dbutton_faq desabonner\u201d _builder_version=\u201d4.23.4\u2033 _module_preset=\u201ddefault\u201d text_font=\u201d|300|||||||\u201d custom_padding=\u201d||10px||false|false\u201d border_width_bottom=\u201d3px\u201d border_color_bottom=\u201d#e2f8fd\u201d global_colors_info=\u201d{}\u201d]<\/p>\n<p>Hvordan kan jeg afmelde mig?<\/p>\n<p>[\/et_pb_text][et_pb_text module_class=\u201dbutton_faq essai\u201d _builder_version=\u201d4.23.4\u2033 _module_preset=\u201ddefault\u201d text_font=\u201d|300|||||||\u201d custom_padding=\u201d||10px||false|false\u201d border_width_bottom=\u201d3px\u201d border_color_bottom=\u201d#e2f8fd\u201d global_colors_info=\u201d{}\u201d]<\/p>\n<p><span>Hvis jeg ikke afmelder mig inden pr\u00f8veperiodens udl\u00f8b, er det s\u00e5 muligt at f\u00e5 pengene tilbage?<\/span><\/p>\n<p>[\/et_pb_text][\/et_pb_column][et_pb_column type=\u201d2_3\u2033 module_class=\u201dcontact-info\u201d _builder_version=\u201d4.17.6\u2033 _module_preset=\u201ddefault\u201d background_color=\u201dRGBA(255,255,255,0)\u201d custom_padding=\u201d|100px||100px|false|true\u201d custom_padding_tablet=\u201d|100px|100px|false|true\u201d custom_padding_phone=\u201d|0px|0px|false|true\u201d custom_padding_last_edited=\u201don|phone\u201d global_colors_info=\u201d{}\u201d][et_pb_text module_class=\u201dcustom-title center\u201d _builder_version=\u201d4.23.4\u2033 _module_preset=\u201ddefault\u201d global_colors_info=\u201d{}\u201d]<\/p>\n<h2>Kontakt os<\/h2>\n<p>[\/et_pb_text][et_pb_image src=\u201dhttps:\/\/talk4to.com\/wp-content\/uploads\/2023\/08\/Contact-1.svg\u201d title_text=\u201dKontakt\u201d align=\u201dcenter\u201d _builder_version=\u201d4.23.4\u2033 _module_preset=\u201ddefault\u201d filter_hue_rotate=\u201d180deg\u201d global_colors_info=\u201d{}\u201d][\/et_pb_image][et_pb_text _builder_version=\u201d4.23.4\u2033 _module_preset=\u201ddefault\u201d global_colors_info=\u201d{}\u201d]<\/p>\n<p>Hvis du har sp\u00f8rgsm\u00e5l eller brug for yderligere information, er du velkommen til at kontakte os.<\/p>\n<p>Vores team er forpligtet til at give dig et hurtigt svar.<\/p>\n<p>[et_pb_text][et_pb_button button_url=\u201d@ET-DC@eyJkeW5hbWljIjp0cnVlLCJjb250ZW50IjoicG9zdF9saW5rX3VybF9wYWdlIwic2V0dGluZ3MiOnsicG9zdF9pZCI6IjMyIn19@\u201d button_text=\u201dKontakt os\u201d button_alignment=\u201dcenter\u201d disabled_on=\u201doff|off|off\u201d module_class=\u201dcustom-btn center blue\u201d _builder_version=\u201d4.23.4\u2033 _dynamic_attributes=\u201dbutton_url\u201d _module_preset=\u201ddefault\u201d custom_margin=\u201d||||true|false\u201d custom_padding=\u201d|50px|50px|false|true\u201d custom_padding_tablet=\u201d|50px|50px|false|true\u201d custom_padding_phone=\u201d|50px|50px|false|true\u201d custom_padding_last_edited=\u201don|desktop\u201d hover_enabled=\u201d0\u2033 locked=\u201doff\u201d global_colors_info=\u201d{}\u201d sticky_enabled=\u201d0\u2033][\/et_pb_button][\/et_pb_column][\/et_pb_row][\/et_pb_section][et_pb_section fb_built=\u201d1\u2033 admin_label=\u201dFaneblade til sp\u00f8rgsm\u00e5l\u201d module_id=\u201dall_tab_prior\u201d module_class=\u201dall_tab\u201d _builder_version=\u201d4.23.4\u2033 _module_preset=\u201ddefault\u201d background_color=\u201dRGBA(255,255,255,0)\u201d positioning=\u201dabsolute\u201d vertical_offset=\u201d0px\u201d global_colors_info=\u201d{}\u201d][et_pb_row column_structure=\u201d2_5,3_5\u2033 module_class=\u201dobjectif_tab tab\u201d _builder_version=\u201d4.17.6\u2033 _module_preset=\u201ddefault\u201d global_colors_info=\u201d{}\u201d][et_pb_column type=\u201d2_5\u2033 _builder_version=\u201d4.17.6\u2033 _module_preset=\u201ddefault\u201d global_colors_info=\u201d{}\u201d][\/et_pb_column][et_pb_column type=\u201d3_5\u2033 _builder_version=\u201d4.17.6\u2033 _module_preset=\u201ddefault\u201d global_colors_info=\u201d{}\u201d][et_pb_text module_class=\u201dcustom-title\u201d _builder_version=\u201d4.17.6\u2033 _module_preset=\u201ddefault\u201d global_colors_info=\u201d{}\u201d]<\/p>\n<h2>Testen<\/h2>\n<p>[\/et_pb_text][et_pb_image src=\u201dhttps:\/\/talk4to.com\/wp-content\/uploads\/2023\/08\/01-1.svg\u201d title_text=\u201d01\u2033 align=\u201dcenter\u201d _builder_version=\u201d4.23.4\u2033 _module_preset=\u201ddefault\u201d width=\u201d40%\u201d filter_hue_rotate=\u201d164deg\u201d global_colors_info=\u201d{}\u201d][\/et_pb_image][et_pb_text _builder_version=\u201d4.23.4\u2033 _module_preset=\u201ddefault\u201d global_colors_info=\u201d{}\u201d]<\/p>\n<p><strong>Hvad er form\u00e5let med denne test?<\/strong><\/p>\n<p>Form\u00e5let med denne test er at m\u00e5le den enkeltes viden og forst\u00e5else inden for forskellige omr\u00e5der.<\/p>\n<p>Disse vurderinger er designet til at vurdere en persons generelle viden i en akademisk eller professionel sammenh\u00e6ng eller til at identificere deres styrker og svagheder og dermed muligg\u00f8re kontinuerlig personlig og professionel v\u00e6kst.<\/p>\n<p>[\/et_pb_text][\/et_pb_column][\/et_pb_row][et_pb_row column_structure=\u201d2_5,3_5\u2033 module_class=\u201dfonctionne_tab tab\u201d _builder_version=\u201d4.17.6\u2033 _module_preset=\u201ddefault\u201d global_colors_info=\u201d{}\u201d][et_pb_column type=\u201d2_5\u2033 _builder_version=\u201d4.17.6\u2033 _module_preset=\u201ddefault\u201d global_colors_info=\u201d{}\u201d][\/et_pb_column][et_pb_column type=\u201d3_5\u2033 _builder_version=\u201d4.17.6\u2033 _module_preset=\u201ddefault\u201d global_colors_info=\u201d{}\u201d][et_pb_text module_class=\u201dcustom-title\u201d _builder_version=\u201d4.17.6\u2033 _module_preset=\u201ddefault\u201d global_colors_info=\u201d{}\u201d]<\/p>\n<h2>Testen<\/h2>\n<p>[\/et_pb_text][et_pb_image src=\u201dhttps:\/\/talk4to.com\/wp-content\/uploads\/2023\/08\/02-1.svg\u201d title_text=\u201d02\u2033 align=\u201dcenter\u201d _builder_version=\u201d4.17.6\u2033 _module_preset=\u201ddefault\u201d width=\u201d40%\u201d filter_hue_rotate=\u201d164deg\u201d global_colors_info=\u201d{}\u201d][\/et_pb_image][et_pb_text _builder_version=\u201d4.23.4\u2033 _module_preset=\u201ddefault\u201d global_colors_info=\u201d{}\u201d]<\/p>\n<p><strong>Hvad er proceduren for at f\u00e5 adgang til testresultaterne?<\/strong><\/p>\n<p>Man kan f\u00e5 adgang til testresultaterne via et 24-timers tilbud eller et m\u00e5nedligt abonnement.<\/p>\n<p>For detaljer om, hvordan man tager testen, og hvordan man abonnerer, se \"Hvordan fungerer det?<\/p>\n<p>Du kan ogs\u00e5 se hele historikken for dine test ved at g\u00e5 til fanen Historik i dit kontoomr\u00e5de.<\/p>\n<p>[et_pb_text][\/et_pb_column][\/et_pb_row][et_pb_row column_structure=\u201d2_5,3_5\u2033 module_class=\u201dutile_tab tab\u201d _builder_version=\u201d4.17.6\u2033 _module_preset=\u201ddefault\u201d global_colors_info=\u201d{}\u201d][et_pb_column type=\u201d2_5\u2033 _builder_version=\u201d4.17.6\u2033 _module_preset=\u201ddefault\u201d global_colors_info=\u201d{}\u201d][\/et_pb_column][et_pb_column type=\u201d3_5\u2033 _builder_version=\u201d4.17.6\u2033 _module_preset=\u201ddefault\u201d global_colors_info=\u201d{}\u201d][et_pb_text module_class=\u201dcustom-title\u201d _builder_version=\u201d4.17.6\u2033 _module_preset=\u201ddefault\u201d global_colors_info=\u201d{}\u201d]<\/p>\n<h2>Testen<\/h2>\n<p>[\/et_pb_text][et_pb_image src=\u201dhttps:\/\/talk4to.com\/wp-content\/uploads\/2023\/08\/HomePage_toeic.svg\u201d title_text=\u201dHomePage_toeic\u201d align=\u201dcenter\u201d _builder_version=\u201d4.17.6\u2033 _module_preset=\u201ddefault\u201d width=\u201d40%\u201d filter_hue_rotate=\u201d164deg\u201d global_colors_info=\u201d{}\u201d][\/et_pb_image][et_pb_text _builder_version=\u201d4.23.4\u2033 _module_preset=\u201ddefault\u201d global_colors_info=\u201d{}\u201d]<\/p>\n<p><strong>Hvad er form\u00e5let med denne test?<\/strong><\/p>\n<p>Denne test er nyttig i mange forskellige sammenh\u00e6nge.<\/p>\n<p>P\u00e5 det personlige plan kan det v\u00e6re nyttigt for at vurdere dit niveau, n\u00e5r du s\u00f8ger job, for at m\u00e5le din generelle viden eller bare for forn\u00f8jelsen af at udvide din viden.<\/p>\n<p>P\u00e5 et professionelt plan kan det bruges under jobsamtaler eller til bedre at forst\u00e5 dine kolleger og arbejdsmilj\u00f8et.<\/p>\n<p>[\/et_pb_text][\/et_pb_column][\/et_pb_row][et_pb_row column_structure=\u201d2_5,3_5\u2033 module_class=\u201dobtenir_tab tab\u201d _builder_version=\u201d4.17.6\u2033 _module_preset=\u201ddefault\u201d global_colors_info=\u201d{}\u201d][et_pb_column type=\u201d2_5\u2033 _builder_version=\u201d4.17.6\u2033 _module_preset=\u201ddefault\u201d global_colors_info=\u201d{}\u201d][\/et_pb_column][et_pb_column type=\u201d3_5\u2033 _builder_version=\u201d4.17.6\u2033 _module_preset=\u201ddefault\u201d global_colors_info=\u201d{}\u201d][et_pb_text module_class=\u201dcustom-title\u201d _builder_version=\u201d4.17.6\u2033 _module_preset=\u201ddefault\u201d global_colors_info=\u201d{}\u201d]<\/p>\n<h2>Testen<\/h2>\n<p>[\/et_pb_text][et_pb_image src=\u201dhttps:\/\/talk4to.com\/wp-content\/uploads\/2023\/08\/04.svg\u201d title_text=\u201d04\u2033 align=\u201dcenter\u201d _builder_version=\u201d4.17.6\u2033 _module_preset=\u201ddefault\u201d width=\u201d40%\u201d filter_hue_rotate=\u201d164deg\u201d global_colors_info=\u201d{}\u201d][\/et_pb_image][et_pb_text _builder_version=\u201d4.23.4\u2033 _module_preset=\u201ddefault\u201d global_colors_info=\u201d{}\u201d]<\/p>\n<p><strong>Hvordan f\u00e5r jeg fat i testresultaterne?<\/strong><\/p>\n<p>Du kan f\u00e5 resultaterne af denne test via et 24-timers tilbud eller et m\u00e5nedligt abonnement.<\/p>\n<p>Du kan finde alle de trin, du skal tage for at gennemf\u00f8re testen og abonnere p\u00e5 en pakke, p\u00e5 siden \"Hvordan fungerer det?\".<\/p>\n<p>Historikken for alle de test, der er udf\u00f8rt p\u00e5 din konto, er tilg\u00e6ngelig under fanen Historik i dit kontoomr\u00e5de.<\/p>\n<p>[et_pb_text][\/et_pb_column][\/et_pb_row][et_pb_row column_structure=\u201d2_5,3_5\u2033 module_class=\u201dsouscrire_tab tab\u201d _builder_version=\u201d4.17.6\u2033 _module_preset=\u201ddefault\u201d global_colors_info=\u201d{}\u201d][et_pb_column type=\u201d2_5\u2033 _builder_version=\u201d4.17.6\u2033 _module_preset=\u201ddefault\u201d global_colors_info=\u201d{}\u201d][\/et_pb_column][et_pb_column type=\u201d3_5\u2033 _builder_version=\u201d4.17.6\u2033 _module_preset=\u201ddefault\u201d global_colors_info=\u201d{}\u201d][et_pb_text module_class=\u201dcustom-title\u201d _builder_version=\u201d4.17.6\u2033 _module_preset=\u201ddefault\u201d global_colors_info=\u201d{}\u201d]<\/p>\n<h2>Abonnement<\/h2>\n<p>[\/et_pb_text][et_pb_image src=\u201dhttps:\/\/talk4to.com\/wp-content\/uploads\/2023\/08\/05.svg\u201d title_text=\u201d05\u2033 align=\u201dcenter\u201d _builder_version=\u201d4.17.6\u2033 _module_preset=\u201ddefault\u201d width=\u201d40%\u201d filter_hue_rotate=\u201d164deg\u201d global_colors_info=\u201d{}\u201d][\/et_pb_image][et_pb_text _builder_version=\u201d4.23.4\u2033 _module_preset=\u201ddefault\u201d global_colors_info=\u201d{}\u201d]<\/p>\n<p><strong>Hvordan abonnerer jeg?<\/strong><\/p>\n<p>F\u00f8rst og fremmest skal du tage testen. N\u00e5r du er f\u00e6rdig, skal du tilmelde dig 24-timers tilbuddet, som koster \u20ac 0,50, for at se dine resultater. Efter denne periode konverteres tilbuddet automatisk til et m\u00e5nedligt abonnement, der koster 47,50 euro.<\/p>\n<p>Hvis du kun \u00f8nsker at nyde godt af 24-timers tilbuddet, skal du blot afmelde dig.<\/p>\n<p>For mere information om, hvordan man tager testen og abonnementsmulighederne, se venligst siden \"Hvordan fungerer det\".<\/p>\n<p>[\/et_pb_text][\/et_pb_column][\/et_pb_row][et_pb_row column_structure=\u201d2_5,3_5\u2033 module_class=\u201dservices_tab tab\u201d _builder_version=\u201d4.17.6\u2033 _module_preset=\u201ddefault\u201d global_colors_info=\u201d{}\u201d][et_pb_column type=\u201d2_5\u2033 _builder_version=\u201d4.17.6\u2033 _module_preset=\u201ddefault\u201d global_colors_info=\u201d{}\u201d][\/et_pb_column][et_pb_column type=\u201d3_5\u2033 _builder_version=\u201d4.17.6\u2033 _module_preset=\u201ddefault\u201d global_colors_info=\u201d{}\u201d][et_pb_text module_class=\u201dcustom-title\u201d _builder_version=\u201d4.17.6\u2033 _module_preset=\u201ddefault\u201d global_colors_info=\u201d{}\u201d]<\/p>\n<h2>Abonnement<\/h2>\n<p>[\/et_pb_text][et_pb_image src=\u201dhttps:\/\/talk4to.com\/wp-content\/uploads\/2023\/08\/06.svg\u201d title_text=\u201d06\u2033 align=\u201dcenter\u201d _builder_version=\u201d4.17.6\u2033 _module_preset=\u201ddefault\u201d width=\u201d40%\u201d filter_hue_rotate=\u201d164deg\u201d global_colors_info=\u201d{}\u201d][\/et_pb_image][et_pb_text _builder_version=\u201d4.23.4\u2033 _module_preset=\u201ddefault\u201d global_colors_info=\u201d{}\u201d]<\/p>\n<h5 class=\"et_pb_toggle_title\">Hvilke fordele og tjenester er inkluderet i abonnementet?<\/h5>\n<p><span>Abonnementet giver dig mulighed for at tage testen igen og igen, enten for dig selv eller for andre. Desuden har du adgang til resultaterne, s\u00e5 de kan sammenlignes og gemmes.<\/span><\/p>\n<p>[et_pb_text][\/et_pb_column][\/et_pb_row][et_pb_row column_structure=\u201d2_5,3_5\u2033 module_class=\u201ddesabonner_tab tab\u201d _builder_version=\u201d4.17.6\u2033 _module_preset=\u201ddefault\u201d global_colors_info=\u201d{}\u201d][et_pb_column type=\u201d2_5\u2033 _builder_version=\u201d4.17.6\u2033 _module_preset=\u201ddefault\u201d global_colors_info=\u201d{}\u201d][\/et_pb_column][et_pb_column type=\u201d3_5\u2033 _builder_version=\u201d4.17.6\u2033 _module_preset=\u201ddefault\u201d global_colors_info=\u201d{}\u201d][et_pb_text module_class=\u201dcustom-title\u201d _builder_version=\u201d4.17.6\u2033 _module_preset=\u201ddefault\u201d global_colors_info=\u201d{}\u201d]<\/p>\n<h2>Abonnement<\/h2>\n<p>[\/et_pb_text][et_pb_image src=\u201dhttps:\/\/talk4to.com\/wp-content\/uploads\/2023\/08\/07-08.svg\u201d title_text=\u201d07-08\u2033 align=\u201dcenter\u201d _builder_version=\u201d4.17.6\u2033 _module_preset=\u201ddefault\u201d width=\u201d40%\u201d filter_hue_rotate=\u201d164deg\u201d global_colors_info=\u201d{}\u201d][\/et_pb_image][et_pb_text _builder_version=\u201d4.17.6\u2033 _module_preset=\u201ddefault\u201d global_colors_info=\u201d{}\u201d]<strong>Hvordan kan jeg afmelde mig?<\/strong><\/p>\n<p>For at afmelde skal du blot klikke p\u00e5 fanen \u201cAfmeld\u201d eller g\u00e5 til dit \u201cmin konto\u201d-omr\u00e5de, indtaste din e-mailadresse og bekr\u00e6fte[\/et_pb_text][\/et_pb_column][\/et_pb_row][et_pb_row column_structure=\u201d2_5,3_5\u2033 module_class=\u201dessai_tab tab\u201d _builder_version=\u201d4.17.6\u2033 _module_preset=\u201ddefault\u201d global_colors_info=\u201d{}\u201d][et_pb_column type=\u201d2_5\u2033 _builder_version=\u201d4.17.6\u2033 _module_preset=\u201ddefault\u201d global_colors_info=\u201d{}\u201d][\/et_pb_column][et_pb_column type=\u201d3_5\u2033 _builder_version=\u201d4.17.6\u2033 _module_preset=\u201ddefault\u201d global_colors_info=\u201d{}\u201d][et_pb_text module_class=\u201dcustom-title\u201d _builder_version=\u201d4.17.6\u2033 _module_preset=\u201ddefault\u201d global_colors_info=\u201d{}\u201d]<\/p>\n<h2>Abonnement<\/h2>\n<p>[\/et_pb_text][et_pb_image src=\u201dhttps:\/\/talk4to.com\/wp-content\/uploads\/2023\/08\/07-08.svg\u201d title_text=\u201d07-08\u2033 align=\u201dcenter\u201d _builder_version=\u201d4.17.6\u2033 _module_preset=\u201ddefault\u201d width=\u201d40%\u201d filter_hue_rotate=\u201d164deg\u201d global_colors_info=\u201d{}\u201d][\/et_pb_image][et_pb_text _builder_version=\u201d4.17.6\u2033 _module_preset=\u201ddefault\u201d global_colors_info=\u201d{}\u201d]<strong>Jeg glemte at afmelde mig inden udl\u00f8bet af min pr\u00f8veperiode. Kan jeg f\u00e5 mine penge tilbage?<\/strong><\/p>\n<p>Hvis du har glemt at afmelde dig, kan du f\u00e5 pengene tilbage ved at anmode om det inden for 14 dage efter tegning af abonnementet, og hvis du ikke har brugt vores tjenester efter 24-timers tilbuddet.[\/et_pb_text][\/et_pb_column][\/et_pb_row][\/et_pb_section][et_pb_section fb_built=\u201d1\u2033 _builder_version=\u201d4.23.4\u2033 _module_preset=\u201ddefault\u201d background_color=\u201dRGBA(255,255,255,0)\u201d positioning=\u201dabsolute\u201d global_colors_info=\u201d{}\u201d][et_pb_row _builder_version=\u201d4.17.6\u2033 _module_preset=\u201ddefault\u201d global_colors_info=\u201d{}\u201d][et_pb_column type=\u201d4_4\u2033 _builder_version=\u201d4.17.6\u2033 _module_preset=\u201ddefault\u201d global_colors_info=\u201d{}\u201d][et_pb_code _builder_version=\u201d4.17.6\u2033 _module_preset=\u201ddefault\u201d global_colors_info=\u201d{}\u201d][et_pb_column type=\"4_4\u2033 _builder_version=\"4.17.6\u2033 _module_preset=\"default\" global_colors_info=\"{}\"]<script><!-- [et_pb_line_break_holder] -->  $( document ).ready(function() {<!-- [et_pb_line_break_holder] -->    <!-- [et_pb_line_break_holder] -->$( \".button_faq\" ).on( \"click\", function() {<!-- [et_pb_line_break_holder] -->  $(\".tab\").hide();<!-- [et_pb_line_break_holder] -->  $(\".button_faq\").removeClass(\"current\");<!-- [et_pb_line_break_holder] -->  $(\".all_tab\").show();<!-- [et_pb_line_break_holder] -->  $(\".contact-info\").hide();<!-- [et_pb_line_break_holder] -->  \/\/ Animate only for tab\/mobile<!-- [et_pb_line_break_holder] -->  if ($(window).width() < 768) {<!-- [et_pb_line_break_holder] -->  $('html, body').animate({<!-- [et_pb_line_break_holder] -->        scrollTop: $(\".all_tab\").offset().top<!-- [et_pb_line_break_holder] -->    }, 2000);<!-- [et_pb_line_break_holder] -->  }<!-- [et_pb_line_break_holder] -->  \/\/ QUESTIONS POUR LES TEST<!-- [et_pb_line_break_holder] --> if ($(this).hasClass(\"objectif\")) {<!-- [et_pb_line_break_holder] -->   $(this).addClass(\"current\");<!-- [et_pb_line_break_holder] -->   $(\".objectif_tab\").show();<!-- [et_pb_line_break_holder] --> }<!-- [et_pb_line_break_holder] -->\telse if ($(this).hasClass(\"fonctionne\")) {<!-- [et_pb_line_break_holder] -->     $(this).addClass(\"current\");<!-- [et_pb_line_break_holder] -->   $(\".fonctionne_tab\").show();<!-- [et_pb_line_break_holder] --> }<!-- [et_pb_line_break_holder] -->  \telse if ($(this).hasClass(\"utile\")) {<!-- [et_pb_line_break_holder] -->       $(this).addClass(\"current\");<!-- [et_pb_line_break_holder] -->   $(\".utile_tab\").show();<!-- [et_pb_line_break_holder] --> }<!-- [et_pb_line_break_holder] -->  \telse if ($(this).hasClass(\"obtenir\")) {<!-- [et_pb_line_break_holder] -->       $(this).addClass(\"current\");<!-- [et_pb_line_break_holder] -->   $(\".obtenir_tab\").show();<!-- [et_pb_line_break_holder] --> }<!-- [et_pb_line_break_holder] -->  <!-- [et_pb_line_break_holder] -->  \/\/ QUESTIONS POUR L'ABONNEMENT<!-- [et_pb_line_break_holder] -->  <!-- [et_pb_line_break_holder] -->  \telse if ($(this).hasClass(\"souscrire\")) {<!-- [et_pb_line_break_holder] -->       $(this).addClass(\"current\");<!-- [et_pb_line_break_holder] -->   $(\".souscrire_tab\").show();<!-- [et_pb_line_break_holder] --> }<!-- [et_pb_line_break_holder] -->  \telse if ($(this).hasClass(\"services\")) {<!-- [et_pb_line_break_holder] -->       $(this).addClass(\"current\");<!-- [et_pb_line_break_holder] -->   $(\".services_tab\").show();<!-- [et_pb_line_break_holder] --> }<!-- [et_pb_line_break_holder] -->  \telse if ($(this).hasClass(\"desabonner\")) {<!-- [et_pb_line_break_holder] -->       $(this).addClass(\"current\");<!-- [et_pb_line_break_holder] -->   $(\".desabonner_tab\").show();<!-- [et_pb_line_break_holder] --> }<!-- [et_pb_line_break_holder] -->  \telse if ($(this).hasClass(\"essai\")) {<!-- [et_pb_line_break_holder] -->       $(this).addClass(\"current\");<!-- [et_pb_line_break_holder] -->   $(\".essai_tab\").show();<!-- [et_pb_line_break_holder] --> }<!-- [et_pb_line_break_holder] -->} );<!-- [et_pb_line_break_holder] -->    <!-- [et_pb_line_break_holder] -->});<!-- [et_pb_line_break_holder] --><\/script>[\/et_pb_code][\/et_pb_column][\/et_pb_row][\/et_pb_section]<\/p>","protected":false},"excerpt":{"rendered":"<p>TestenHvad er form\u00e5let med denne test? Hvad er proceduren for at f\u00e5 adgang til testresultaterne? Hvad er form\u00e5let med denne test? Hvordan f\u00e5r jeg adgang til testresultaterne? AbonnementetHvordan abonnerer jeg? Hvilke fordele og tjenester er inkluderet i abonnementet? Hvordan afmelder jeg mig? Hvis jeg ikke har afmeldt mig inden [...].<\/p>","protected":false},"author":1,"featured_media":0,"parent":0,"menu_order":0,"comment_status":"closed","ping_status":"closed","template":"","meta":{"_et_pb_use_builder":"on","_et_pb_old_content":"<!-- wp:divi\/placeholder \/-->","_et_gb_content_width":"","inline_featured_image":false,"footnotes":""},"class_list":["post-34","page","type-page","status-publish","hentry"],"_links":{"self":[{"href":"https:\/\/talk4to.com\/da\/wp-json\/wp\/v2\/pages\/34","targetHints":{"allow":["GET"]}}],"collection":[{"href":"https:\/\/talk4to.com\/da\/wp-json\/wp\/v2\/pages"}],"about":[{"href":"https:\/\/talk4to.com\/da\/wp-json\/wp\/v2\/types\/page"}],"author":[{"embeddable":true,"href":"https:\/\/talk4to.com\/da\/wp-json\/wp\/v2\/users\/1"}],"replies":[{"embeddable":true,"href":"https:\/\/talk4to.com\/da\/wp-json\/wp\/v2\/comments?post=34"}],"version-history":[{"count":40,"href":"https:\/\/talk4to.com\/da\/wp-json\/wp\/v2\/pages\/34\/revisions"}],"predecessor-version":[{"id":1585,"href":"https:\/\/talk4to.com\/da\/wp-json\/wp\/v2\/pages\/34\/revisions\/1585"}],"wp:attachment":[{"href":"https:\/\/talk4to.com\/da\/wp-json\/wp\/v2\/media?parent=34"}],"curies":[{"name":"wp","href":"https:\/\/api.w.org\/{rel}","templated":true}]}}