{"id":26,"date":"2023-08-18T13:35:23","date_gmt":"2023-08-18T13:35:23","guid":{"rendered":"https:\/\/stg-talktotoeic-devtalkto.kinsta.cloud\/?page_id=26"},"modified":"2025-01-07T13:13:21","modified_gmt":"2025-01-07T13:13:21","slug":"comment-ca-marche","status":"publish","type":"page","link":"https:\/\/talk4to.com\/da\/comment-ca-marche\/","title":{"rendered":"Hvordan fungerer det?"},"content":{"rendered":"<p>[et_pb_section fb_built=\u201d1\u2033 custom_padding_last_edited=\u201don|tablet\u201d module_class=\u201dcustom-steps\u201d _builder_version=\u201d4.23.4\u2033 _module_preset=\u201ddefault\u201d width=\u201d100%\u201d module_alignment=\u201dcenter\u201d custom_padding=\u201d|150px||150px|false|true\u201d custom_padding_tablet=\u201d|100px|100px|false|true\u201d custom_padding_phone=\u201d|0px|0px|false|true\u201d global_colors_info=\u201d{}\u201d][et_pb_row _builder_version=\u201d4.17.6\u2033 _module_preset=\u201ddefault\u201d global_colors_info=\u201d{}\u201d][et_pb_column type=\u201d4_4\u2033 _builder_version=\u201d4.17.6\u2033 _module_preset=\u201ddefault\u201d global_colors_info=\u201d{}\u201d][et_pb_text module_class=\u201dcustom-title\u201d _builder_version=\u201d4.23.4\u2033 _module_preset=\u201ddefault\u201d global_colors_info=\u201d{}\u201d]<\/p>\n<h2>Hvordan fungerer det?<\/h2>\n<p>[\/et_pb_text][\/et_pb_column][\/et_pb_row][et_pb_row _builder_version=\u201d4.17.6\u2033 _module_preset=\u201ddefault\u201d width=\u201d60%\u201d width_tablet=\u201d60%\u201d width_phone=\u201d60%\u201d width_last_edited=\u201don|tablet\u201d module_alignment=\u201dright\u201d custom_margin=\u201d0px||||false|false\u201d custom_padding=\u201d0px||||false|false\u201d global_colors_info=\u201d{}\u201d][et_pb_column type=\u201d4_4\u2033 _builder_version=\u201d4.17.6\u2033 _module_preset=\u201ddefault\u201d global_colors_info=\u201d{}\u201d][et_pb_image src=\u201dhttps:\/\/talk4to.com\/wp-content\/uploads\/2023\/08\/01.png\u201d title_text=\u201d01\u2033 align=\u201dright\u201d module_class=\u201dsteps-img\u201d _builder_version=\u201d4.23.4\u2033 _module_preset=\u201ddefault\u201d width_tablet=\u201d\u201d width_phone=\u201d80%\u201d width_last_edited=\u201don|phone\u201d filter_hue_rotate=\u201d180deg\u201d global_colors_info=\u201d{}\u201d][\/et_pb_image][\/et_pb_column][\/et_pb_row][et_pb_row column_structure=\u201d1_4,3_4\u2033 custom_padding_last_edited=\u201don|phone\u201d module_class=\u201dsteps\u201d _builder_version=\u201d4.23.4\u2033 _module_preset=\u201ddefault\u201d background_enable_image=\u201doff\u201d background_size=\u201dcontain\u201d width=\u201d58%\u201d width_tablet=\u201d65%\u201d width_phone=\u201d100%\u201d width_last_edited=\u201don|phone\u201d module_alignment=\u201dright\u201d custom_margin=\u201d0px||0px|false|false\u201d custom_padding=\u201d20px|40px|20px|40px|true|true\u201d custom_padding_tablet=\u201d30px|40px|60px|40px|false|true\u201d custom_padding_phone=\u201d40px|30px|60px|30px|false|true\u201d module_alignment_tablet=\u201dcenter\u201d module_alignment_phone=\u201dcenter\u201d module_alignment_last_edited=\u201don|tablet\u201d border_radii=\u201don|15px|15px|15px|15px\u201d border_radii_tablet=\u201don|50px|50px|50px|50px\u201d border_radii_phone=\u201don|50px|50px|50px|50px\u201d border_radii_last_edited=\u201don|phone\u201d box_shadow_style=\u201dpreset1\u2033 box_shadow_horizontal=\u201d3px\u201d box_shadow_vertical=\u201d6px\u201d box_shadow_blur=\u201d10px\u201d box_shadow_color=\u201drgba(0,0,0,0.16)\u201d global_colors_info=\u201d{}\u201d custom_css_before_last_edited=\u201don|desktop\u201d custom_css_before_tablet=\u201d content: \u201d;|| ||\u201d custom_css_before_phone=\u201d content: \u201d;|| ||||\u201d][et_pb_column type=\u201d1_4\u2033 _builder_version=\u201d4.17.6\u2033 _module_preset=\u201ddefault\u201d global_colors_info=\u201d{}\u201d][et_pb_image src=\u201dhttps:\/\/talk4to.com\/wp-content\/uploads\/2023\/08\/Etape01.svg\u201d title_text=\u201dStep01\u2033 align_tablet=\u201dcenter\u201d align_phone=\u201dcenter\u201d align_last_edited=\u201don|tablet\u201d module_class=\u201dsteps-illustrations\u201d _builder_version=\u201d4.17.6\u2033 _module_preset=\u201ddefault\u201d width_tablet=\u201d\u201d width_phone=\u201d60%\u201d width_last_edited=\u201don|phone\u201d custom_margin=\u201d30px||||false|false\u201d filter_hue_rotate=\u201d180deg\u201d global_colors_info=\u201d{}\u201d][\/et_pb_image][\/et_pb_column][et_pb_column type=\u201d3_4\u2033 _builder_version=\u201d4.17.6\u2033 _module_preset=\u201ddefault\u201d global_colors_info=\u201d{}\u201d][et_pb_text _builder_version=\u201d4.23.4\u2033 _module_preset=\u201ddefault\u201d text_text_color=\u201d#484848\u2033 text_font_size=\u201d16px\u201d header_4_font=\u201d|700|||||||\u201d header_4_text_color=\u201d#484848\u2033 header_4_font_size=\u201d20px\u201d header_4_line_height=\u201d2.2em\u201d header_4_text_align_tablet=\u201dcenter\u201d header_4_text_align_phone=\u201dcenter\u201d header_4_text_align_last_edited=\u201don|tablet\u201d header_4_font_size_tablet=\u201d20px\u201d header_4_font_size_phone=\u201d22px\u201d header_4_font_size_last_edited=\u201don|phone\u201d global_colors_info=\u201d{}\u201d]<\/p>\n<h4>Tag den f\u00f8rste test<\/h4>\n<p><span>Denne test er designet til at sikre maksimal p\u00e5lidelighed og fuldst\u00e6ndighed. Det er vigtigt at besvare sp\u00f8rgsm\u00e5lene uden brug af eksterne hj\u00e6lpemidler. St\u00f8rre fuldst\u00e6ndighed i dine svar, uden at udelade nogen sp\u00f8rgsm\u00e5l, vil sikre st\u00f8rre n\u00f8jagtighed i resultaterne.<\/span><\/p>\n<p>[et_pb_text][et_pb_button button_url=\u201d@ET-DC@eyJkeW5hbWljIjp0cnVlLCJjb250ZW50IjoicG9zdF9saW5rX3VybF9wYWdlIwic2V0dGluZ3MiOnsicG9zdF9pZCI6IjIxIn19@\u201d button_text=\u201dStart evaluering\u201d module_class=\u201dcustom-btn center\u201d _builder_version=\u201d4.27.2\u2033 _dynamic_attributes=\u201dbutton_url\u201d _module_preset=\u201ddefault\u201d hover_enabled=\u201d0\u2033 global_colors_info=\u201d{}\u201d sticky_enabled=\u201d0\u2033][\/et_pb_button][\/et_pb_column][\/et_pb_row][et_pb_row _builder_version=\u201d4.23.4\u2033 _module_preset=\u201ddefault\u201d width=\u201d60%\u201d width_tablet=\u201d60%\u201d width_phone=\u201d60%\u201d width_last_edited=\u201don|tablet\u201d module_alignment=\u201dleft\u201d custom_margin=\u201d0px||0px||false|false\u201d custom_margin_tablet=\u201d||0px||false|false\u201d custom_margin_phone=\u201d0px||0px|false|false\u201d custom_margin_last_edited=\u201don|tablet\u201d custom_padding=\u201d0px||0px|false|false\u201d global_colors_info=\u201d{}\u201d][et_pb_column type=\u201d4_4\u2033 _builder_version=\u201d4.17.6\u2033 _module_preset=\u201ddefault\u201d global_colors_info=\u201d{}\u201d][et_pb_image src=\u201dhttps:\/\/talk4to.com\/wp-content\/uploads\/2023\/08\/02.png\u201d title_text=\u201d02\u2033 module_class=\u201dsteps-img\u201d _builder_version=\u201d4.23.4\u2033 _module_preset=\u201ddefault\u201d width_tablet=\u201d\u201d width_phone=\u201d80%\u201d width_last_edited=\u201don|phone\u201d filter_hue_rotate=\u201d180deg\u201d global_colors_info=\u201d{}\u201d][\/et_pb_image][\/et_pb_column][\/et_pb_row][et_pb_row column_structure=\u201d1_4,3_4\u2033 custom_padding_last_edited=\u201don|tablet\u201d module_class=\u201dsteps\u201d _builder_version=\u201d4.23.4\u2033 _module_preset=\u201ddefault\u201d background_enable_image=\u201doff\u201d background_size=\u201dcontain\u201d width=\u201d58%\u201d width_tablet=\u201d65%\u201d width_phone=\u201d100%\u201d width_last_edited=\u201don|phone\u201d module_alignment=\u201dleft\u201d custom_margin=\u201d0px||0px|false|false\u201d custom_padding=\u201d20px|30px|20px|30px|true|true\u201d custom_padding_tablet=\u201d30px|40px|60px|40px|false|true\u201d custom_padding_phone=\u201d30px|40px|60px|40px|false|true\u201d module_alignment_tablet=\u201dcenter\u201d module_alignment_phone=\u201dcenter\u201d module_alignment_last_edited=\u201don|tablet\u201d border_radii=\u201don|15px|15px|15px|15px\u201d border_radii_tablet=\u201don|50px|50px|50px|50px\u201d border_radii_phone=\u201don|50px|50px|50px|50px\u201d border_radii_last_edited=\u201don|tablet\u201d box_shadow_style=\u201dpreset1\u2033 box_shadow_horizontal=\u201d3px\u201d box_shadow_vertical=\u201d6px\u201d box_shadow_blur=\u201d10px\u201d box_shadow_color=\u201drgba(0,0,0,0.16)\u201d global_colors_info=\u201d{}\u201d custom_css_before_last_edited=\u201don|tablet\u201d custom_css_before_tablet=\u201d content: \u201d;|| ||||\u201d custom_css_before_phone=\u201d content: \u201d;||\u201d][et_pb_column type=\u201d1_4\u2033 _builder_version=\u201d4.17.6\u2033 _module_preset=\u201ddefault\u201d global_colors_info=\u201d{}\u201d][et_pb_image src=\u201dhttps:\/\/talk4to.com\/wp-content\/uploads\/2023\/08\/Etape02-1.svg\u201d title_text=\u201dEtape02\u2033 align_tablet=\u201dcenter\u201d align_phone=\u201dcenter\u201d align_last_edited=\u201don|tablet\u201d module_class=\u201dsteps-illustrations\u201d _builder_version=\u201d4.17.6\u2033 _module_preset=\u201ddefault\u201d width_tablet=\u201d\u201d width_phone=\u201d60%\u201d width_last_edited=\u201don|phone\u201d custom_margin=\u201d30px||||false|false\u201d filter_hue_rotate=\u201d180deg\u201d global_colors_info=\u201d{}\u201d][\/et_pb_image][\/et_pb_column][et_pb_column type=\u201d3_4\u2033 _builder_version=\u201d4.17.6\u2033 _module_preset=\u201ddefault\u201d global_colors_info=\u201d{}\u201d][et_pb_text _builder_version=\u201d4.23.4\u2033 _module_preset=\u201ddefault\u201d text_text_color=\u201d#484848\u2033 text_font_size=\u201d16px\u201d header_4_font=\u201d|700|||||||\u201d header_4_text_color=\u201d#484848\u2033 header_4_font_size=\u201d20px\u201d header_4_line_height=\u201d2.2em\u201d header_4_text_align_tablet=\u201dcenter\u201d header_4_text_align_phone=\u201dcenter\u201d header_4_text_align_last_edited=\u201don|tablet\u201d header_4_font_size_tablet=\u201d20px\u201d header_4_font_size_phone=\u201d22px\u201d header_4_font_size_last_edited=\u201don|phone\u201d global_colors_info=\u201d{}\u201d]<\/p>\n<h4>Modtag dine resultater<\/h4>\n<p>For at modtage dine resultater skal du blot indtaste dine bankoplysninger og f\u00f8lge instruktionerne i slutningen af testen.<\/p>\n<p>[\/et_pb_text][\/et_pb_column][\/et_pb_row][et_pb_row _builder_version=\u201d4.17.6\u2033 _module_preset=\u201ddefault\u201d width=\u201d60%\u201d width_tablet=\u201d60%\u201d width_phone=\u201d60%\u201d width_last_edited=\u201don|tablet\u201d module_alignment=\u201dright\u201d custom_margin=\u201d0px||||false|false\u201d custom_padding=\u201d0px||||false|false\u201d global_colors_info=\u201d{}\u201d][et_pb_column type=\u201d4_4\u2033 _builder_version=\u201d4.17.6\u2033 _module_preset=\u201ddefault\u201d global_colors_info=\u201d{}\u201d][et_pb_image src=\u201dhttps:\/\/talk4to.com\/wp-content\/uploads\/2023\/08\/03.png\u201d title_text=\u201d03\u2033 align=\u201dright\u201d module_class=\u201dsteps-img\u201d _builder_version=\u201d4.17.6\u2033 _module_preset=\u201ddefault\u201d width_tablet=\u201d\u201d width_phone=\u201d80%\u201d width_last_edited=\u201don|phone\u201d filter_hue_rotate=\u201d180deg\u201d global_colors_info=\u201d{}\u201d][\/et_pb_image][\/et_pb_column][\/et_pb_row][et_pb_row column_structure=\u201d1_4,3_4\u2033 custom_padding_last_edited=\u201don|phone\u201d module_class=\u201dsteps\u201d _builder_version=\u201d4.23.4\u2033 _module_preset=\u201ddefault\u201d background_enable_image=\u201doff\u201d background_size=\u201dcontain\u201d width=\u201d58%\u201d width_tablet=\u201d65%\u201d width_phone=\u201d100%\u201d width_last_edited=\u201don|phone\u201d module_alignment=\u201dright\u201d custom_margin=\u201d0px||0px|false|false\u201d custom_padding=\u201d20px|40px|20px|40px|true|true\u201d custom_padding_tablet=\u201d30px|40px|60px|40px|false|true\u201d custom_padding_phone=\u201d40px|30px|60px|30px|false|true\u201d module_alignment_tablet=\u201dcenter\u201d module_alignment_phone=\u201dcenter\u201d module_alignment_last_edited=\u201don|tablet\u201d border_radii=\u201don|15px|15px|15px|15px\u201d border_radii_tablet=\u201don|50px|50px|50px|50px\u201d border_radii_phone=\u201don|50px|50px|50px|50px\u201d border_radii_last_edited=\u201don|phone\u201d box_shadow_style=\u201dpreset1\u2033 box_shadow_horizontal=\u201d3px\u201d box_shadow_vertical=\u201d6px\u201d box_shadow_blur=\u201d10px\u201d box_shadow_color=\u201drgba(0,0,0,0.16)\u201d global_colors_info=\u201d{}\u201d custom_css_before_last_edited=\u201don|desktop\u201d custom_css_before_tablet=\u201d content: \u201d;|| ||\u201d custom_css_before_phone=\u201d content: \u201d;|| ||||\u201d][et_pb_column type=\u201d1_4\u2033 _builder_version=\u201d4.17.6\u2033 _module_preset=\u201ddefault\u201d global_colors_info=\u201d{}\u201d][et_pb_image src=\u201dhttps:\/\/talk4to.com\/wp-content\/uploads\/2023\/08\/Etape03-1.svg\u201d title_text=\u201dStep03\u2033 align_tablet=\u201dcenter\u201d align_phone=\u201dcenter\u201d align_last_edited=\u201don|tablet\u201d module_class=\u201dsteps-illustrations\u201d _builder_version=\u201d4.17.6\u2033 _module_preset=\u201ddefault\u201d width_tablet=\u201d\u201d width_phone=\u201d60%\u201d width_last_edited=\u201don|phone\u201d custom_margin=\u201d30px||||false|false\u201d filter_hue_rotate=\u201d180deg\u201d global_colors_info=\u201d{}\u201d][\/et_pb_image][\/et_pb_column][et_pb_column type=\u201d3_4\u2033 _builder_version=\u201d4.17.6\u2033 _module_preset=\u201ddefault\u201d global_colors_info=\u201d{}\u201d][et_pb_text _builder_version=\u201d4.23.4\u2033 _module_preset=\u201ddefault\u201d text_text_color=\u201d#484848\u2033 text_font_size=\u201d16px\u201d header_4_font=\u201d|700|||||||\u201d header_4_text_color=\u201d#484848\u2033 header_4_font_size=\u201d20px\u201d header_4_line_height=\u201d2.2em\u201d header_4_text_align_tablet=\u201dcenter\u201d header_4_text_align_phone=\u201dcenter\u201d header_4_text_align_last_edited=\u201don|tablet\u201d header_4_font_size_tablet=\u201d20px\u201d header_4_font_size_phone=\u201d22px\u201d header_4_font_size_last_edited=\u201don|phone\u201d global_colors_info=\u201d{}\u201d]<\/p>\n<h4>F\u00e5 adgang til dine resultater<\/h4>\n<p>Du kan se dine resultater p\u00e5 din konto eller modtage dem via e-mail.<\/p>\n<p><span>Du kan udf\u00f8re hundredvis af forskellige tests, mens du udnytter dit medlemsomr\u00e5de fuldt ud i din pr\u00f8ve- eller abonnementsperiode.<\/span><\/p>\n<p>[\/et_pb_text][\/et_pb_column][\/et_pb_row][et_pb_row _builder_version=\u201d4.17.6\u2033 _module_preset=\u201ddefault\u201d width=\u201d60%\u201d width_tablet=\u201d60%\u201d width_phone=\u201d60%\u201d width_last_edited=\u201don|tablet\u201d module_alignment=\u201dleft\u201d custom_margin=\u201d0px||30px||false|false\u201d custom_margin_tablet=\u201d||0px||false|false\u201d custom_margin_phone=\u201d0px||0px|false|false\u201d custom_margin_last_edited=\u201don|tablet\u201d custom_padding=\u201d0px||||false|false\u201d global_colors_info=\u201d{}\u201d][et_pb_column type=\u201d4_4\u2033 _builder_version=\u201d4.17.6\u2033 _module_preset=\u201ddefault\u201d global_colors_info=\u201d{}\u201d][et_pb_image src=\u201dhttps:\/\/talk4to.com\/wp-content\/uploads\/2023\/08\/04.png\u201d title_text=\u201d04\u2033 module_class=\u201dsteps-img\u201d _builder_version=\u201d4.17.6\u2033 _module_preset=\u201ddefault\u201d width_tablet=\u201d\u201d width_phone=\u201d80%\u201d width_last_edited=\u201don|phone\u201d filter_hue_rotate=\u201d180deg\u201d global_colors_info=\u201d{}\u201d][\/et_pb_image][\/et_pb_column][\/et_pb_row][et_pb_row column_structure=\u201d1_4,3_4\u2033 custom_padding_last_edited=\u201don|tablet\u201d module_class=\u201dsteps\u201d _builder_version=\u201d4.23.4\u2033 _module_preset=\u201ddefault\u201d background_enable_image=\u201doff\u201d background_size=\u201dcontain\u201d width=\u201d58%\u201d width_tablet=\u201d65%\u201d width_phone=\u201d100%\u201d width_last_edited=\u201don|phone\u201d module_alignment=\u201dleft\u201d custom_margin=\u201d0px||0px|false|false\u201d custom_padding=\u201d20px|30px|20px|30px|true|true\u201d custom_padding_tablet=\u201d30px|40px|60px|40px|false|true\u201d custom_padding_phone=\u201d30px|40px|60px|40px|false|true\u201d module_alignment_tablet=\u201dcenter\u201d module_alignment_phone=\u201dcenter\u201d module_alignment_last_edited=\u201don|tablet\u201d border_radii=\u201don|15px|15px|15px|15px\u201d border_radii_tablet=\u201don|50px|50px|50px|50px\u201d border_radii_phone=\u201don|50px|50px|50px|50px\u201d border_radii_last_edited=\u201don|tablet\u201d box_shadow_style=\u201dpreset1\u2033 box_shadow_horizontal=\u201d3px\u201d box_shadow_vertical=\u201d6px\u201d box_shadow_blur=\u201d10px\u201d box_shadow_color=\u201drgba(0,0,0,0.16)\u201d global_colors_info=\u201d{}\u201d custom_css_before_last_edited=\u201don|tablet\u201d custom_css_before_tablet=\u201d content: \u201d;|| ||||\u201d custom_css_before_phone=\u201d content: \u201d;||\u201d][et_pb_column type=\u201d1_4\u2033 _builder_version=\u201d4.17.6\u2033 _module_preset=\u201ddefault\u201d global_colors_info=\u201d{}\u201d][et_pb_image src=\u201dhttps:\/\/talk4to.com\/wp-content\/uploads\/2023\/08\/Etape04-1.svg\u201d title_text=\u201dStep04\u2033 align_tablet=\u201dcenter\u201d align_phone=\u201dcenter\u201d align_last_edited=\u201don|tablet\u201d module_class=\u201dsteps-illustrations\u201d _builder_version=\u201d4.23.4\u2033 _module_preset=\u201ddefault\u201d width_tablet=\u201d\u201d width_phone=\u201d60%\u201d width_last_edited=\u201don|phone\u201d custom_margin=\u201d30px||||false|false\u201d filter_hue_rotate=\u201d180deg\u201d global_colors_info=\u201d{}\u201d][\/et_pb_image][\/et_pb_column][et_pb_column type=\u201d3_4\u2033 _builder_version=\u201d4.17.6\u2033 _module_preset=\u201ddefault\u201d global_colors_info=\u201d{}\u201d][et_pb_text _builder_version=\u201d4.23.4\u2033 _module_preset=\u201ddefault\u201d text_text_color=\u201d#484848\u2033 text_font_size=\u201d16px\u201d header_4_font=\u201d|700|||||||\u201d header_4_text_color=\u201d#484848\u2033 header_4_font_size=\u201d20px\u201d header_4_line_height=\u201d2.2em\u201d header_4_text_align_tablet=\u201dcenter\u201d header_4_text_align_phone=\u201dcenter\u201d header_4_text_align_last_edited=\u201don|tablet\u201d header_4_font_size_tablet=\u201d20px\u201d header_4_font_size_phone=\u201d22px\u201d header_4_font_size_last_edited=\u201don|phone\u201d global_colors_info=\u201d{}\u201d]<\/p>\n<h4>For at forts\u00e6tte...<\/h4>\n<p><span>Du kan v\u00e6lge mellem to muligheder:<\/span><\/p>\n<ul>\n<li><span>Afmelding inden for 24 timer: Du vil blive opkr\u00e6vet 0,50 \u20ac for denne periode, men du vil ikke kunne udf\u00f8re flere tests efter disse 24 timer.<\/span><\/li>\n<li><span>Behold dit abonnement: Efter 24 timer vil du blive opkr\u00e6vet 47,50 euro, og du vil have adgang til alle vores tests i en m\u00e5ned med mulighed for at tage dem flere gange, n\u00e5r det passer dig.<br \/>Desuden tilf\u00f8jer vi hver m\u00e5ned nye tests til dit medlemsomr\u00e5de, s\u00e5 du kan forbedre din viden og dit engelskniveau.<\/span><\/li>\n<\/ul>\n<p>[et_pb_text][et_pb_button button_url=\u201d@ET-DC@eyJkeW5hbWljIjp0cnVlLCJjb250ZW50IjoicG9zdF9saW5rX3VybF9wYWdlIwic2V0dGluZ3MiOnsicG9zdF9pZCI6IjgyNyJ9fQ==@\u201d button_text=\u201dAfmeld\u201d button_alignment=\u201dcenter\u201d disabled_on=\u201doff|off|off\u201d module_class=\u201dcustom-btn center\u201d _builder_version=\u201d4.27.2\u2033 _dynamic_attributes=\u201dbutton_url\u201d _module_preset=\u201ddefault\u201d button_border_color=\u201d#E02B20\u2033 custom_margin=\u201d||||true|false\u201d custom_padding=\u201d|50px|50px|false|true\u201d custom_padding_tablet=\u201d|50px|50px|false|true\u201d custom_padding_phone=\u201d|20px|20px|false|true\u201d custom_padding_last_edited=\u201don|desktop\u201d hover_enabled=\u201d0\u2033 button_text_size_tablet=\u201d\u201d button_text_size_phone=\u201d18px\u201d button_text_size_last_edited=\u201don|phone\u201d locked=\u201doff\u201d global_colors_info=\u201d{}\u201d sticky_enabled=\u201d0\u2033][\/et_pb_button][\/et_pb_column][\/et_pb_row][\/et_pb_section]<\/p>","protected":false},"excerpt":{"rendered":"<p>Hvordan fungerer det? Tag den f\u00f8rste test Denne test er designet til at garantere maksimal p\u00e5lidelighed og fuldst\u00e6ndighed. Det er vigtigt at besvare sp\u00f8rgsm\u00e5lene uden brug af eksterne hj\u00e6lpemidler. St\u00f8rre fuldst\u00e6ndighed i dine svar, uden at udelade sp\u00f8rgsm\u00e5l, sikrer st\u00f8rre n\u00f8jagtighed i resultaterneModtag dine resultater For at modtage dine resultater, bedes du [...]<\/p>","protected":false},"author":1,"featured_media":0,"parent":0,"menu_order":0,"comment_status":"closed","ping_status":"closed","template":"","meta":{"_et_pb_use_builder":"on","_et_pb_old_content":"<!-- wp:divi\/placeholder \/-->","_et_gb_content_width":"","inline_featured_image":false,"footnotes":""},"class_list":["post-26","page","type-page","status-publish","hentry"],"_links":{"self":[{"href":"https:\/\/talk4to.com\/da\/wp-json\/wp\/v2\/pages\/26","targetHints":{"allow":["GET"]}}],"collection":[{"href":"https:\/\/talk4to.com\/da\/wp-json\/wp\/v2\/pages"}],"about":[{"href":"https:\/\/talk4to.com\/da\/wp-json\/wp\/v2\/types\/page"}],"author":[{"embeddable":true,"href":"https:\/\/talk4to.com\/da\/wp-json\/wp\/v2\/users\/1"}],"replies":[{"embeddable":true,"href":"https:\/\/talk4to.com\/da\/wp-json\/wp\/v2\/comments?post=26"}],"version-history":[{"count":61,"href":"https:\/\/talk4to.com\/da\/wp-json\/wp\/v2\/pages\/26\/revisions"}],"predecessor-version":[{"id":1582,"href":"https:\/\/talk4to.com\/da\/wp-json\/wp\/v2\/pages\/26\/revisions\/1582"}],"wp:attachment":[{"href":"https:\/\/talk4to.com\/da\/wp-json\/wp\/v2\/media?parent=26"}],"curies":[{"name":"wp","href":"https:\/\/api.w.org\/{rel}","templated":true}]}}