{"id":1062,"date":"2024-02-06T14:20:02","date_gmt":"2024-02-06T14:20:02","guid":{"rendered":"https:\/\/talk4to.com\/?page_id=1062"},"modified":"2025-07-09T07:48:41","modified_gmt":"2025-07-09T07:48:41","slug":"conditions-de-paiements-recurrents","status":"publish","type":"page","link":"https:\/\/talk4to.com\/cs\/conditions-de-paiements-recurrents\/","title":{"rendered":"Opakuj\u00edc\u00ed se platebn\u00ed podm\u00ednky"},"content":{"rendered":"<p>[et_pb_section fb_built=&#8221;1&#8243; admin_label=&#8221;Header&#8221; _builder_version=&#8221;4.23.4&#8243; custom_margin=&#8221;0px||||false|false&#8221; custom_padding=&#8221;0px||||false|false&#8221; locked=&#8221;off&#8221; global_colors_info=&#8221;{}&#8221;][et_pb_row column_structure=&#8221;1_2,1_2&#8243; custom_padding_last_edited=&#8221;on|phone&#8221; module_class=&#8221;custom-header&#8221; _builder_version=&#8221;4.17.6&#8243; _module_preset=&#8221;default&#8221; width=&#8221;70%&#8221; width_tablet=&#8221;&#8221; width_phone=&#8221;78%&#8221; width_last_edited=&#8221;on|desktop&#8221; custom_margin_tablet=&#8221;&#8221; custom_margin_phone=&#8221;0px||0px||true|false&#8221; custom_margin_last_edited=&#8221;on|phone&#8221; custom_padding_tablet=&#8221;&#8221; custom_padding_phone=&#8221;0px||0px||true|false&#8221; global_colors_info=&#8221;{}&#8221;][et_pb_column type=&#8221;1_2&#8243; _builder_version=&#8221;4.17.6&#8243; _module_preset=&#8221;default&#8221; global_colors_info=&#8221;{}&#8221;][et_pb_text _builder_version=&#8221;4.23.4&#8243; _module_preset=&#8221;default&#8221; custom_margin=&#8221;80px||||false|false&#8221; custom_margin_tablet=&#8221;0px||||false|false&#8221; custom_margin_phone=&#8221;0px||0px||false|false&#8221; custom_margin_last_edited=&#8221;on|tablet&#8221; custom_padding=&#8221;||0px||false|false&#8221; header_text_align_tablet=&#8221;&#8221; header_text_align_phone=&#8221;center&#8221; header_text_align_last_edited=&#8221;on|phone&#8221; global_colors_info=&#8221;{}&#8221;]<\/p>\n<h1>Podm\u00ednky opakovan\u00fdch plateb<\/h1>\n<p>[\/et_pb_text][et_pb_button button_url=&#8221;https:\/\/talk4to.com\/passer-le-test\/&#8221; button_text=&#8221;Commencer le test&#8221; button_alignment=&#8221;center&#8221; disabled_on=&#8221;on|off|off&#8221; module_class=&#8221;custom-btn &#8221; _builder_version=&#8221;4.17.6&#8243; _dynamic_attributes=&#8221;button_url&#8221; _module_preset=&#8221;default&#8221; custom_margin=&#8221;||||true|false&#8221; locked=&#8221;off&#8221; global_colors_info=&#8221;{}&#8221;][\/et_pb_button][\/et_pb_column][et_pb_column type=&#8221;1_2&#8243; _builder_version=&#8221;4.17.6&#8243; _module_preset=&#8221;default&#8221; global_colors_info=&#8221;{}&#8221;][et_pb_image src=&#8221;https:\/\/talk4to.com\/wp-content\/uploads\/2023\/08\/Legal.svg&#8221; title_text=&#8221;Legal&#8221; align_tablet=&#8221;&#8221; align_phone=&#8221;center&#8221; align_last_edited=&#8221;on|phone&#8221; _builder_version=&#8221;4.23.4&#8243; _module_preset=&#8221;default&#8221; positioning=&#8221;relative&#8221; horizontal_offset=&#8221;-3vw&#8221; vertical_offset_tablet=&#8221;&#8221; vertical_offset_phone=&#8221;-5vh&#8221; vertical_offset_last_edited=&#8221;on|phone&#8221; horizontal_offset_tablet=&#8221;-3vw&#8221; horizontal_offset_phone=&#8221;-30vw&#8221; horizontal_offset_last_edited=&#8221;on|desktop&#8221; width_tablet=&#8221;&#8221; width_phone=&#8221;130vw&#8221; width_last_edited=&#8221;on|phone&#8221; custom_margin_tablet=&#8221;&#8221; custom_margin_phone=&#8221;0px||||false|false&#8221; custom_margin_last_edited=&#8221;on|phone&#8221; custom_padding_tablet=&#8221;&#8221; custom_padding_phone=&#8221;0px||||false|false&#8221; custom_padding_last_edited=&#8221;on|phone&#8221; filter_hue_rotate=&#8221;180deg&#8221; global_colors_info=&#8221;{}&#8221;][\/et_pb_image][et_pb_button button_url=&#8221;https:\/\/talk4to.com\/passer-le-test\/&#8221; button_text=&#8221;Commencer le test&#8221; button_alignment=&#8221;center&#8221; disabled_on=&#8221;off|on|on&#8221; module_class=&#8221;custom-btn center&#8221; _builder_version=&#8221;4.17.6&#8243; _dynamic_attributes=&#8221;button_url&#8221; _module_preset=&#8221;default&#8221; custom_margin=&#8221;||||true|false&#8221; locked=&#8221;off&#8221; global_colors_info=&#8221;{}&#8221;][\/et_pb_button][\/et_pb_column][\/et_pb_row][\/et_pb_section][et_pb_section fb_built=&#8221;1&#8243; _builder_version=&#8221;4.17.6&#8243; _module_preset=&#8221;default&#8221; locked=&#8221;off&#8221; global_colors_info=&#8221;{}&#8221;][et_pb_row _builder_version=&#8221;4.17.6&#8243; _module_preset=&#8221;default&#8221; global_colors_info=&#8221;{}&#8221;][et_pb_column type=&#8221;4_4&#8243; _builder_version=&#8221;4.17.6&#8243; _module_preset=&#8221;default&#8221; global_colors_info=&#8221;{}&#8221;][et_pb_text disabled_on=&#8221;off|off|off&#8221; _builder_version=&#8221;4.27.4&#8243; _module_preset=&#8221;default&#8221; hover_enabled=&#8221;0&#8243; global_colors_info=&#8221;{}&#8221; sticky_enabled=&#8221;0&#8243;]<\/p>\n<p>Nordigital.net LTD, se s\u00eddlem Unit 126, 5 Spur Road, Isleworth, Middlesex, United Kingdom, TW7 5BD - registra\u010dn\u00ed \u010d\u00edslo: 07009113 - DI\u010c: GB455167677.<\/p>\n<p>Delegov\u00e1no na :<\/p>\n<p>SAS FRIENDZ. S\u00eddlo: 9, rue de Paris - 94100 St-Maur-Des-Foss\u00e9s. Siren 891 437 535 NAF: 62.01Z- Z\u00e1kladn\u00ed kapit\u00e1l 1 200,00 EUR. \u010c\u00edslo DPH FR16891437535<\/p>\n<p>marketing ve\u0161ker\u00e9ho obsahu zve\u0159ejn\u011bn\u00e9ho na webu\u00a0<a href=\"https:\/\/talk4to.com\/cs\/\">www.talk4to.com<\/a>v souladu s ustanoven\u00edmi smlouvy uzav\u0159en\u00e9 mezi ob\u011bma stranami.<\/p>\n<p>Posledn\u00ed aktualizace: 08. \u010dervence 2025<\/p>\n<p>[\/et_pb_text][et_pb_text module_class=&#8221;custom-title&#8221; _builder_version=&#8221;4.17.6&#8243; _module_preset=&#8221;default&#8221; global_colors_info=&#8221;{}&#8221;]<\/p>\n<h2>Preambule<\/h2>\n<p>[\/et_pb_text][et_pb_text _builder_version=&#8221;4.27.4&#8243; _module_preset=&#8221;default&#8221; global_colors_info=&#8221;{}&#8221;]<\/p>\n<p>P\u0159edplatn\u00e9 slu\u017eeb www.talk4to.com v\u00e1m poskytuje p\u0159\u00edstup k n\u00e1sleduj\u00edc\u00edm v\u00fdhod\u00e1m:<\/p>\n<ul>\n<li>Neomezen\u00fd po\u010det test\u016f<\/li>\n<li>Uchov\u00e1v\u00e1n\u00ed v\u0161ech v\u00fdsledk\u016f test\u016f<\/li>\n<li>Srovn\u00e1n\u00ed mezi testy<\/li>\n<li>V\u00fdsledky zasl\u00e1ny e-mailem.<\/li>\n<\/ul>\n<p>P\u0159edplatn\u00e9 v\u00e1m umo\u017en\u00ed p\u0159\u00edstup do \u010dlensk\u00e9 z\u00f3ny na 24 hodin za propaga\u010dn\u00ed cenu 0,5 EUR s DPH. Po uplynut\u00ed t\u00e9to zku\u0161ebn\u00ed doby se uplatn\u00ed m\u011bs\u00ed\u010dn\u00ed p\u0159edplatn\u00e9 za 47,5 \u20ac s DPH m\u011bs\u00ed\u010dn\u011b. Platba bude automaticky str\u017eena z va\u0161\u00ed kreditn\u00ed karty ka\u017ed\u00fd m\u011bs\u00edc v den v\u00fdro\u010d\u00ed.<\/p>\n<p>P\u0159edplatn\u00e9 m\u016f\u017eete kdykoli a bezpodm\u00edne\u010dn\u011b zru\u0161it p\u0159\u00edmo na t\u00e9to str\u00e1nce:\u00a0<a href=\"https:\/\/talk4to.com\/cs\/se-desabonner\/\">https:\/\/talk4to.com\/se-desabonner\/<\/a><\/p>\n<p>Chcete-li zru\u0161it sv\u00e9 p\u0159edplatn\u00e9, kontaktujte n\u00e1\u0161 z\u00e1kaznick\u00fd servis e-mailem na adrese\u00a0<a href=\"mailto:contact.talkto1@gmail.com\">contact.talkto1@gmail.com<\/a>nebo prost\u0159ednictv\u00edm kontaktn\u00edho formul\u00e1\u0159e na tomto odkazu:\u00a0<a href=\"https:\/\/talk4to.com\/cs\/contact\/\">https:\/\/talk4to.com\/contact\/<\/a><\/p>\n<div>\n<div><span>www.talk4to.com informace o z\u00e1kazn\u00edc\u00edch d\u00e1le neprod\u00e1v\u00e1; osobn\u00ed \u00fadaje se pou\u017e\u00edvaj\u00ed v\u00fdhradn\u011b pro \u00fa\u010dely komunikace se z\u00e1kazn\u00edky a poskytov\u00e1n\u00ed po\u017eadovan\u00e9 \u00farovn\u011b slu\u017eeb.<\/span><\/div>\n<p>&nbsp;<\/p>\n<div><span>www.talk4to.com vyu\u017e\u00edv\u00e1 poskytovatele platebn\u00edch slu\u017eeb, kte\u0159\u00ed spl\u0148uj\u00ed po\u017eadovan\u00e9 bezpe\u010dnostn\u00ed standardy PCI DSS.<\/span><\/div>\n<\/div>\n<p>[\/et_pb_text][\/et_pb_column][\/et_pb_row][\/et_pb_section]<\/p>","protected":false},"excerpt":{"rendered":"<p>Conditions de paiements recurrentsLa soci\u00e9t\u00e9 Nordigital.net LTD, whose registered office is at Unit 126, 5 Spur Road, Isleworth, Middlesex, United Kingdom, TW7 5BD &#8211; Registration number: 07009113 &#8211; VAT number : GB455167677 D\u00e9l\u00e8gue \u00e0\u00a0: La soci\u00e9t\u00e9 SAS FRIENDZ. Si\u00e8ge Social\u00a0:\u00a0 9, rue de Paris &#8211; 94100 St-Maur-Des-Foss\u00e9s. Siren 891 437 535 NAF\u00a0: 62.01Z\u2013 Capital social [&hellip;]<\/p>","protected":false},"author":1,"featured_media":0,"parent":0,"menu_order":0,"comment_status":"closed","ping_status":"closed","template":"","meta":{"_et_pb_use_builder":"on","_et_pb_old_content":"","_et_gb_content_width":"","inline_featured_image":false,"footnotes":""},"class_list":["post-1062","page","type-page","status-publish","hentry"],"_links":{"self":[{"href":"https:\/\/talk4to.com\/cs\/wp-json\/wp\/v2\/pages\/1062","targetHints":{"allow":["GET"]}}],"collection":[{"href":"https:\/\/talk4to.com\/cs\/wp-json\/wp\/v2\/pages"}],"about":[{"href":"https:\/\/talk4to.com\/cs\/wp-json\/wp\/v2\/types\/page"}],"author":[{"embeddable":true,"href":"https:\/\/talk4to.com\/cs\/wp-json\/wp\/v2\/users\/1"}],"replies":[{"embeddable":true,"href":"https:\/\/talk4to.com\/cs\/wp-json\/wp\/v2\/comments?post=1062"}],"version-history":[{"count":9,"href":"https:\/\/talk4to.com\/cs\/wp-json\/wp\/v2\/pages\/1062\/revisions"}],"predecessor-version":[{"id":1629,"href":"https:\/\/talk4to.com\/cs\/wp-json\/wp\/v2\/pages\/1062\/revisions\/1629"}],"wp:attachment":[{"href":"https:\/\/talk4to.com\/cs\/wp-json\/wp\/v2\/media?parent=1062"}],"curies":[{"name":"wp","href":"https:\/\/api.w.org\/{rel}","templated":true}]}}