{"id":827,"date":"2023-09-28T12:26:55","date_gmt":"2023-09-28T12:26:55","guid":{"rendered":"https:\/\/stg-talktotoeic-devtalkto.kinsta.cloud\/?page_id=827"},"modified":"2024-06-24T13:23:00","modified_gmt":"2024-06-24T13:23:00","slug":"se-desabonner","status":"publish","type":"page","link":"https:\/\/talk4to.com\/bg\/se-desabonner\/","title":{"rendered":"\u041e\u0442\u043f\u0438\u0441\u0432\u0430\u043d\u0435 \u043e\u0442"},"content":{"rendered":"<p>[et_pb_section fb_built=&#8221;1&#8243; _builder_version=&#8221;4.17.6&#8243; _module_preset=&#8221;default&#8221; global_colors_info=&#8221;{}&#8221;][et_pb_row _builder_version=&#8221;4.17.6&#8243; _module_preset=&#8221;default&#8221; locked=&#8221;off&#8221; global_colors_info=&#8221;{}&#8221;][et_pb_column type=&#8221;4_4&#8243; _builder_version=&#8221;4.17.6&#8243; _module_preset=&#8221;default&#8221; global_colors_info=&#8221;{}&#8221;][et_pb_text module_class=&#8221;custom-title&#8221; _builder_version=&#8221;4.17.6&#8243; _module_preset=&#8221;default&#8221; global_colors_info=&#8221;{}&#8221;]<\/p>\n<h2>\u041e\u0442\u043f\u0438\u0441\u0432\u0430\u043d\u0435 \u043e\u0442<\/h2>\n<p>[\/et_pb_text][\/et_pb_column][\/et_pb_row][et_pb_row _builder_version=&#8221;4.17.6&#8243; _module_preset=&#8221;default&#8221; global_colors_info=&#8221;{}&#8221;][et_pb_column type=&#8221;4_4&#8243; _builder_version=&#8221;4.17.6&#8243; _module_preset=&#8221;default&#8221; global_colors_info=&#8221;{}&#8221;][et_pb_text _builder_version=&#8221;4.23.4&#8243; _module_preset=&#8221;default&#8221; text_font=&#8221;ProximaNova Bold||||||||&#8221; text_font_size=&#8221;20px&#8221; text_orientation=&#8221;center&#8221; width=&#8221;60%&#8221; width_tablet=&#8221;60%&#8221; width_phone=&#8221;100%&#8221; width_last_edited=&#8221;on|phone&#8221; module_alignment=&#8221;center&#8221; global_colors_info=&#8221;{}&#8221;]<\/p>\n<p style=\"text-align: left;\">\u0417\u0430 \u0434\u0430 \u0441\u0435 \u043e\u0442\u043f\u0438\u0448\u0435\u0442\u0435 \u043b\u0435\u0441\u043d\u043e, \u043f\u0440\u043e\u0441\u0442\u043e \u0432\u044a\u0432\u0435\u0434\u0435\u0442\u0435 \u0438\u043c\u0435\u0439\u043b \u0430\u0434\u0440\u0435\u0441\u0430 \u0441\u0438 \u0438 \u043a\u043b\u0438\u043a\u043d\u0435\u0442\u0435 \u0432\u044a\u0440\u0445\u0443 \"\u041e\u0442\u043f\u0438\u0441\u0432\u0430\u043d\u0435\".<\/p>\n<p>[\/et_pb_text][et_pb_code module_id=&#8221;unsubscribe_form&#8221; _builder_version=&#8221;4.23.4&#8243; _module_preset=&#8221;default&#8221; width=&#8221;60%&#8221; width_tablet=&#8221;100%&#8221; width_phone=&#8221;100%&#8221; width_last_edited=&#8221;on|phone&#8221; module_alignment=&#8221;center&#8221; custom_padding=&#8221;30px|50px|30px|50px|true|true&#8221; custom_padding_tablet=&#8221;30px|50px|30px|50px|true|true&#8221; custom_padding_phone=&#8221;|20px||20px|true|true&#8221; custom_padding_last_edited=&#8221;on|phone&#8221; custom_css_main_element=&#8221;overflow-x:hidden !important;&#8221; border_radii=&#8221;on|15px|15px|15px|15px&#8221; box_shadow_style=&#8221;preset1&#8243; box_shadow_color=&#8221;rgba(0,0,0,0.16)&#8221; global_colors_info=&#8221;{}&#8221;]<form action=\"https:\/\/talk4to.com\/wp-admin\/admin-post.php\" method=\"post\">\n\t\t\t\t<input type=\"hidden\" name=\"action\" value=\"b5pt_cancel_sub\">\n\t\t\t\t<div class=\"cancel-wrap\">\n\t\t\t\t<label for=\"stripe_email\">\u0418\u043c\u0435\u0439\u043b<\/label>\n\t\t\t\t<input type=\"email\" name=\"email\" id=\"stripe_email\" placeholder=\"johndoe@gmail.com\" value=\"\">\n\t\t\t\t<input type=\"submit\" value=\"\u041e\u0442\u043c\u044f\u043d\u0430 \u043d\u0430 \u0430\u0431\u043e\u043d\u0430\u043c\u0435\u043d\u0442\u0430\">\n\t\t\t\t<\/div> \n\t\t\t<\/form>[\/et_pb_code][\/et_pb_column][\/et_pb_row][\/et_pb_section][et_pb_section fb_built=&#8221;1&#8243; _builder_version=&#8221;4.17.6&#8243; _module_preset=&#8221;default&#8221; locked=&#8221;off&#8221; global_colors_info=&#8221;{}&#8221;][et_pb_row column_structure=&#8221;1_2,1_2&#8243; _builder_version=&#8221;4.17.6&#8243; _module_preset=&#8221;default&#8221; global_colors_info=&#8221;{}&#8221;][et_pb_column type=&#8221;1_2&#8243; _builder_version=&#8221;4.17.6&#8243; _module_preset=&#8221;default&#8221; global_colors_info=&#8221;{}&#8221;][et_pb_image src=&#8221;https:\/\/talk4to.com\/wp-content\/uploads\/2023\/08\/FAQ.svg&#8221; title_text=&#8221;FAQ&#8221; _builder_version=&#8221;4.23.4&#8243; _module_preset=&#8221;default&#8221; filter_hue_rotate=&#8221;180deg&#8221; global_colors_info=&#8221;{}&#8221;][\/et_pb_image][\/et_pb_column][et_pb_column type=&#8221;1_2&#8243; _builder_version=&#8221;4.17.6&#8243; _module_preset=&#8221;default&#8221; global_colors_info=&#8221;{}&#8221;][et_pb_text module_class=&#8221;custom-title&#8221; _builder_version=&#8221;4.17.6&#8243; _module_preset=&#8221;default&#8221; locked=&#8221;off&#8221; global_colors_info=&#8221;{}&#8221;]<\/p>\n<h2>\u0427\u0415\u0421\u0422\u041e \u0417\u0410\u0414\u0410\u0412\u0410\u041d\u0418 \u0412\u042a\u041f\u0420\u041e\u0421\u0418<\/h2>\n<p>[et_pb_text][et_pb_toggle title=\u201d\u041a\u0430\u043a\u0432\u0430 \u0435 \u0446\u0435\u043b\u0442\u0430 \u043d\u0430 \u0442\u0435\u0437\u0438 \u043e\u0431\u0443\u0447\u0435\u043d\u0438\u044f?\u201d open_toggle_text_color=\u201d#4e4e4e\u201d icon_color=\u201d#ff9666\u2033 toggle_icon=\u201d3||divi||400\u2033 use_icon_font_size=\u201don\u201d icon_font_size=\u201d45px\u201d open_icon_color=\u201d#ff9666\u2033 open_toggle_icon=\u201d2|divi||400\u2033 open_use_icon_font_size=\u201don\u201d open_icon_font_size=\u201d45px\u201d _builder_version=\u201d4.23.4\u2033 _module_preset=\u201ddefault\u201d title_text_color=\u201d#4e4e4e\u201d title_font=\u201d|700|||||||\u201d title_font_size=\u201d18px\u201d closed_title_font=\u201d|700|||||||\u201d closed_title_font_size=\u201d18px\u201d body_font=\u201d|300|||||||\u201d body_font_size=\u201d16px\u201d background_color=\u201dRGBA(255,255,255,0)\u201d custom_margin=\u201d||30px||false|false\u201d custom_padding=\u201d||5px||false|false\u201d custom_css_toggle_title=\u201dmargin-left:-20px;\u201d custom_css_toggle_content=\u201dmargin-left:20px;\u201d border_width_all=\u201d0px\u201d border_width_bottom=\u201d3px\u201d border_color_bottom=\u201d#ff9666\u2033 global_colors_info=\u201d{}\u201d]<\/p>\n<p>\u0426\u0435\u043b\u0442\u0430 \u043d\u0430 \u0442\u043e\u0432\u0430 \u043e\u0431\u0443\u0447\u0435\u043d\u0438\u0435 \u0435 \u0434\u0430 \u0441\u0435 \u043e\u0446\u0435\u043d\u044f\u0442 \u0437\u043d\u0430\u043d\u0438\u044f\u0442\u0430 \u0438 \u0440\u0430\u0437\u0431\u0438\u0440\u0430\u043d\u0435\u0442\u043e \u043d\u0430 \u0434\u0430\u0434\u0435\u043d\u043e \u043b\u0438\u0446\u0435 \u0432 \u0440\u0430\u0437\u043b\u0438\u0447\u043d\u0438 \u043e\u0431\u043b\u0430\u0441\u0442\u0438.<\/p>\n<p>\u0422\u0435\u0437\u0438 \u043e\u0446\u0435\u043d\u043a\u0438 \u0438\u043c\u0430\u0442 \u0437\u0430 \u0446\u0435\u043b \u0434\u0430 \u043e\u0446\u0435\u043d\u044f\u0442 \u043e\u0431\u0449\u0438\u0442\u0435 \u043f\u043e\u0437\u043d\u0430\u043d\u0438\u044f \u043d\u0430 \u0434\u0430\u0434\u0435\u043d\u043e \u043b\u0438\u0446\u0435 \u0432 \u0430\u043a\u0430\u0434\u0435\u043c\u0438\u0447\u0435\u043d \u043a\u043e\u043d\u0442\u0435\u043a\u0441\u0442 \u0438\u043b\u0438 \u0434\u0430 \u0438\u0434\u0435\u043d\u0442\u0438\u0444\u0438\u0446\u0438\u0440\u0430\u0442 \u043d\u0435\u0433\u043e\u0432\u0438\u0442\u0435 \u0441\u0438\u043b\u043d\u0438 \u0438 \u0441\u043b\u0430\u0431\u0438 \u0441\u0442\u0440\u0430\u043d\u0438, \u043a\u0430\u0442\u043e \u043f\u043e \u0442\u043e\u0437\u0438 \u043d\u0430\u0447\u0438\u043d \u0441\u0435 \u0434\u0430\u0434\u0435 \u0432\u044a\u0437\u043c\u043e\u0436\u043d\u043e\u0441\u0442 \u0437\u0430 \u043d\u0435\u043f\u0440\u0435\u043a\u044a\u0441\u043d\u0430\u0442\u043e \u043b\u0438\u0447\u043d\u043e\u0441\u0442\u043d\u043e \u0438 \u043f\u0440\u043e\u0444\u0435\u0441\u0438\u043e\u043d\u0430\u043b\u043d\u043e \u0440\u0430\u0437\u0432\u0438\u0442\u0438\u0435.<\/p>\n<p>[et_pb_toggle][et_pb_toggle title=\u201d\u041a\u0430\u043a \u0434\u0430 \u043f\u043e\u043b\u0443\u0447\u0438\u0442\u0435 \u0434\u043e\u0441\u0442\u044a\u043f \u0434\u043e \u0440\u0435\u0437\u0443\u043b\u0442\u0430\u0442\u0438\u0442\u0435 \u0441\u0438?\u201d open_toggle_text_color=\u201d#4e4e4e\u201d icon_color=\u201d#ff9666\u2033 toggle_icon=\u201d3||divi||400\u2033 use_icon_font_size=\u201don\u201d icon_font_size=\u201d45px\u201d open_icon_color=\u201d#ff9666\u2033 open_toggle_icon=\u201d2|divi||400\u2033 open_use_icon_font_size=\u201don\u201d open_icon_font_size=\u201d45px\u201d _builder_version=\u201d4.23.4\u2033 _module_preset=\u201ddefault\u201d title_text_color=\u201d#4e4e4e\u201d title_font=\u201d|700|||||||\u201d title_font_size=\u201d18px\u201d closed_title_font=\u201d|700|||||||\u201d closed_title_font_size=\u201d18px\u201d body_font=\u201d|300|||||||\u201d body_font_size=\u201d16px\u201d background_color=\u201dRGBA(255,255,255,0)\u201d custom_margin=\u201d||30px||false|false\u201d custom_padding=\u201d||5px||false|false\u201d custom_css_toggle_title=\u201dmargin-left:-20px;\u201d custom_css_toggle_content=\u201dmargin-left:20px;\u201d border_width_all=\u201d0px\u201d border_width_bottom=\u201d3px\u201d border_color_bottom=\u201d#ff9666\u2033 global_colors_info=\u201d{}\u201d]<\/p>\n<p>\u0420\u0435\u0437\u0443\u043b\u0442\u0430\u0442\u0438\u0442\u0435 \u043e\u0442 \u0443\u043f\u0440\u0430\u0436\u043d\u0435\u043d\u0438\u044f\u0442\u0430 \u043c\u043e\u0433\u0430\u0442 \u0434\u0430 \u0431\u044a\u0434\u0430\u0442 \u0434\u043e\u0441\u0442\u044a\u043f\u043d\u0438 \u0447\u0440\u0435\u0437 24-\u0447\u0430\u0441\u043e\u0432\u0430 \u043e\u0444\u0435\u0440\u0442\u0430 \u0438\u043b\u0438 \u043c\u0435\u0441\u0435\u0447\u0435\u043d \u0430\u0431\u043e\u043d\u0430\u043c\u0435\u043d\u0442.<\/p>\n<p>\u0417\u0430 \u043f\u043e\u0434\u0440\u043e\u0431\u043d\u043e\u0441\u0442\u0438 \u043e\u0442\u043d\u043e\u0441\u043d\u043e \u043d\u0430\u0447\u0438\u043d\u0430 \u043d\u0430 \u043f\u0440\u043e\u0432\u0435\u0436\u0434\u0430\u043d\u0435 \u043d\u0430 \u0442\u0435\u0441\u0442\u0430 \u0438 \u0430\u0431\u043e\u043d\u0430\u043c\u0435\u043d\u0442\u0430 \u0432\u0438\u0436\u0442\u0435 \"\u041a\u0430\u043a \u0440\u0430\u0431\u043e\u0442\u0438?<\/p>\n<p>\u041c\u043e\u0436\u0435\u0442\u0435 \u0441\u044a\u0449\u043e \u0442\u0430\u043a\u0430 \u0434\u0430 \u0441\u0435 \u0437\u0430\u043f\u043e\u0437\u043d\u0430\u0435\u0442\u0435 \u0441 \u043f\u044a\u043b\u043d\u0430\u0442\u0430 \u0438\u0441\u0442\u043e\u0440\u0438\u044f \u043d\u0430 \u0442\u0435\u0441\u0442\u043e\u0432\u0435\u0442\u0435 \u0441\u0438, \u043a\u0430\u0442\u043e \u043e\u0442\u0432\u043e\u0440\u0438\u0442\u0435 \u0440\u0430\u0437\u0434\u0435\u043b\u0430 \"\u0418\u0441\u0442\u043e\u0440\u0438\u044f\" \u0432 \u043e\u0431\u043b\u0430\u0441\u0442\u0442\u0430 \u043d\u0430 \u043f\u0440\u043e\u0444\u0438\u043b\u0430 \u0441\u0438.<\/p>\n<p>[et_pb_toggle][et_pb_toggle title=\u201d\u041a\u0430\u043a \u0434\u0430 \u0441\u0435 \u0430\u0431\u043e\u043d\u0438\u0440\u0430\u043c?\u201d open_toggle_text_color=\u201d#4e4e4e\u201d icon_color=\u201d#ff9666\u2033 toggle_icon=\u201d3||divi||400\u2033 use_icon_font_size=\u201don\u201d icon_font_size=\u201d45px\u201d open_icon_color=\u201d#ff9666\u2033 open_toggle_icon=\u201d2|divi||400\u2033 open_use_icon_font_size=\u201don\u201d open_icon_font_size=\u201d45px\u201d _builder_version=\u201d4.23.4\u2033 _module_preset=\u201ddefault\u201d title_text_color=\u201d#4e4e4e\u201d title_font=\u201d|700|||||||\u201d title_font_size=\u201d18px\u201d closed_title_font=\u201d|700|||||||\u201d closed_title_font_size=\u201d18px\u201d body_font=\u201d|300|||||||\u201d body_font_size=\u201d16px\u201d background_color=\u201dRGBA(255,255,255,0)\u201d custom_margin=\u201d||30px||false|false\u201d custom_padding=\u201d||5px||false|false\u201d custom_css_toggle_title=\u201dmargin-left:-20px;\u201d custom_css_toggle_content=\u201dmargin-left:20px;\u201d border_width_all=\u201d0px\u201d border_width_bottom=\u201d3px\u201d border_color_bottom=\u201d#ff9666\u2033 global_colors_info=\u201d{}\u201d]<\/p>\n<p>\u041d\u0430 \u043f\u044a\u0440\u0432\u043e \u043c\u044f\u0441\u0442\u043e, \u0442\u0440\u044f\u0431\u0432\u0430 \u0434\u0430 \u0441\u0435 \u044f\u0432\u0438\u0442\u0435 \u043d\u0430 \u0442\u0435\u0441\u0442\u0430. \u0421\u043b\u0435\u0434 \u043a\u0430\u0442\u043e \u043f\u0440\u0438\u043a\u043b\u044e\u0447\u0438\u0442\u0435, \u0437\u0430 \u0434\u0430 \u0441\u0435 \u0437\u0430\u043f\u043e\u0437\u043d\u0430\u0435\u0442\u0435 \u0441 \u0440\u0435\u0437\u0443\u043b\u0442\u0430\u0442\u0438\u0442\u0435 \u0441\u0438, \u0442\u0440\u044f\u0431\u0432\u0430 \u0434\u0430 \u0441\u0435 \u0440\u0435\u0433\u0438\u0441\u0442\u0440\u0438\u0440\u0430\u0442\u0435 \u0437\u0430 24-\u0447\u0430\u0441\u043e\u0432\u0430\u0442\u0430 \u043e\u0444\u0435\u0440\u0442\u0430, \u043a\u043e\u044f\u0442\u043e \u0441\u0442\u0440\u0443\u0432\u0430 0,50 EUR. \u0421\u043b\u0435\u0434 \u0438\u0437\u0442\u0438\u0447\u0430\u043d\u0435\u0442\u043e \u043d\u0430 \u0442\u043e\u0437\u0438 \u043f\u0435\u0440\u0438\u043e\u0434 \u043e\u0444\u0435\u0440\u0442\u0430\u0442\u0430 \u0430\u0432\u0442\u043e\u043c\u0430\u0442\u0438\u0447\u043d\u043e \u0441\u0435 \u043f\u0440\u0435\u0432\u0440\u044a\u0449\u0430 \u0432 \u043c\u0435\u0441\u0435\u0447\u0435\u043d \u0430\u0431\u043e\u043d\u0430\u043c\u0435\u043d\u0442, \u043a\u043e\u0439\u0442\u043e \u0441\u0442\u0440\u0443\u0432\u0430 47,50 EUR.<\/p>\n<p>\u0410\u043a\u043e \u0436\u0435\u043b\u0430\u0435\u0442\u0435 \u0434\u0430 \u0441\u0435 \u0432\u044a\u0437\u043f\u043e\u043b\u0437\u0432\u0430\u0442\u0435 \u0441\u0430\u043c\u043e \u043e\u0442 24-\u0447\u0430\u0441\u043e\u0432\u0430\u0442\u0430 \u043e\u0444\u0435\u0440\u0442\u0430, \u043f\u0440\u043e\u0441\u0442\u043e \u0441\u0435 \u043e\u0442\u043f\u0438\u0448\u0435\u0442\u0435.<\/p>\n<p>\u0417\u0430 \u043f\u043e\u0432\u0435\u0447\u0435 \u0438\u043d\u0444\u043e\u0440\u043c\u0430\u0446\u0438\u044f \u043e\u0442\u043d\u043e\u0441\u043d\u043e \u043d\u0430\u0447\u0438\u043d\u0430 \u043d\u0430 \u043f\u0440\u043e\u0432\u0435\u0436\u0434\u0430\u043d\u0435 \u043d\u0430 \u0442\u0435\u0441\u0442\u0430 \u0438 \u043e\u043f\u0446\u0438\u0438\u0442\u0435 \u0437\u0430 \u0430\u0431\u043e\u043d\u0430\u043c\u0435\u043d\u0442 \u0432\u0438\u0436\u0442\u0435 \u0441\u0442\u0440\u0430\u043d\u0438\u0446\u0430\u0442\u0430 \"\u041a\u0430\u043a \u0440\u0430\u0431\u043e\u0442\u0438\".<\/p>\n<p>[et_pb_toggle title=\u201d\u041a\u0430\u043a\u0432\u0438 \u043f\u043e\u043b\u0437\u0438 \u0438 \u0443\u0441\u043b\u0443\u0433\u0438 \u0441\u0430 \u0432\u043a\u043b\u044e\u0447\u0435\u043d\u0438 \u0432 \u0430\u0431\u043e\u043d\u0430\u043c\u0435\u043d\u0442\u0430?\u201d open_toggle_text_color=\u201d#4e4e4e\u201d icon_color=\u201d#ff9666\u2033 toggle_icon=\u201d3||divi||400\u2033 use_icon_font_size=\u201don\u201d icon_font_size=\u201d45px\u201d open_icon_color=\u201d#ff9666\u2033 open_toggle_icon=\u201d2|divi||400\u2033 open_use_icon_font_size=\u201don\u201d open_icon_font_size=\u201d45px\u201d _builder_version=\u201d4.23.4\u2033 _module_preset=\u201ddefault\u201d title_text_color=\u201d#4e4e4e\u201d title_font=\u201d|700|||||||\u201d title_font_size=\u201d18px\u201d closed_title_font=\u201d|700|||||||\u201d closed_title_font_size=\u201d18px\u201d body_font=\u201d|300|||||||\u201d body_font_size=\u201d16px\u201d background_color=\u201dRGBA(255,255,255,0)\u201d custom_margin=\u201d||30px||false|false\u201d custom_padding=\u201d||5px||false|false\u201d custom_css_toggle_title=\u201dmargin-left:-20px;\u201d custom_css_toggle_content=\u201dmargin-left:20px;\u201d border_width_all=\u201d0px\u201d border_width_bottom=\u201d3px\u201d border_color_bottom=\u201d#ff9666\u2033 global_colors_info=\u201d{}\u201d]<\/p>\n<p>\u0421 \u0430\u0431\u043e\u043d\u0430\u043c\u0435\u043d\u0442\u0430 \u043c\u043e\u0436\u0435\u0442\u0435 \u0434\u0430 \u0441\u0435 \u044f\u0432\u0438\u0442\u0435 \u043d\u0430 \u0442\u0435\u0441\u0442\u0430 \u043d\u044f\u043a\u043e\u043b\u043a\u043e \u043f\u044a\u0442\u0438 - \u0437\u0430 \u0441\u0435\u0431\u0435 \u0441\u0438 \u0438\u043b\u0438 \u0437\u0430 \u043d\u044f\u043a\u043e\u0439 \u0434\u0440\u0443\u0433. \u0422\u043e\u0439 \u0441\u044a\u0449\u043e \u0442\u0430\u043a\u0430 \u0432\u0438 \u043f\u043e\u0437\u0432\u043e\u043b\u044f\u0432\u0430 \u0434\u0430 \u0438\u043c\u0430\u0442\u0435 \u0434\u043e\u0441\u0442\u044a\u043f, \u0434\u0430 \u0441\u0440\u0430\u0432\u043d\u044f\u0432\u0430\u0442\u0435 \u0438 \u0441\u044a\u0445\u0440\u0430\u043d\u044f\u0432\u0430\u0442\u0435 \u0440\u0435\u0437\u0443\u043b\u0442\u0430\u0442\u0438\u0442\u0435 \u0441\u0438 \u0437\u0430 \u0440\u0435\u0434\u043e\u0432\u043d\u043e \u043d\u0430\u0431\u043b\u044e\u0434\u0435\u043d\u0438\u0435. \u041d\u0435\u0449\u043e \u043f\u043e\u0432\u0435\u0447\u0435, \u0449\u0435 \u0438\u043c\u0430\u0442\u0435 \u0432\u044a\u0437\u043c\u043e\u0436\u043d\u043e\u0441\u0442 \u0434\u0430 \u0441\u0435 \u044f\u0432\u0438\u0442\u0435 \u043d\u0430 \u043f\u043e-\u0443\u0441\u044a\u0432\u044a\u0440\u0448\u0435\u043d\u0441\u0442\u0432\u0430\u043d\u0438 \u043f\u0440\u0435\u043c\u0438\u0443\u043c \u0442\u0435\u0441\u0442\u043e\u0432\u0435 \u0437\u0430 \u043f\u043e-\u043f\u043e\u0434\u0440\u043e\u0431\u0435\u043d \u0430\u043d\u0430\u043b\u0438\u0437 \u043d\u0430 \u0435\u0437\u0438\u043a\u043e\u0432\u0438\u0442\u0435 \u0432\u0438 \u0443\u043c\u0435\u043d\u0438\u044f.<\/p>\n<p>[\/et_pb_toggle][et_pb_button button_url=\u201d@ET-DC@eyJkeW5hbWljIjp0cnVlLCJjb250ZW50IjoicG9zdF9saW5rX3VybF9wYWdlIiwic2V0dGluZ3MiOnsicG9zdF9pZCI6IjM0In19@\u201d button_text=\u201dFAQ\u201d button_alignment=\u201dcenter\u201d disabled_on=\u201doff|off|off\u201d module_class=\u201dcustom-btn center \u201d _builder_version=\u201d4.23.4\u2033 _dynamic_attributes=\u201dbutton_url\u201d _module_preset=\u201ddefault\u201d button_border_color=\u201d#E02B20\u2033 custom_margin=\u201d||||true|false\u201d custom_padding=\u201d|50px|50px|false|true\u201d custom_padding_tablet=\u201d|50px|50px|false|true\u201d custom_padding_phone=\u201d|50px|50px|false|true\u201d custom_padding_last_edited=\u201don|desktop\u201d locked=\u201doff\u201d global_colors_info=\u201d{}\u201d][\/et_pb_button][\/et_pb_column][\/et_pb_row][\/et_pb_section]<\/p>","protected":false},"excerpt":{"rendered":"<p>Se d\u00e9sabonnerPour vous d\u00e9sabonner facilement, il vous suffit de saisir votre adresse e-mail et de cliquer sur &#8220;annuler l&#8217;abonnement&#8221;.<form action=\"https:\/\/talk4to.com\/wp-admin\/admin-post.php\" method=\"post\">\n\t\t\t\t<input type=\"hidden\" name=\"action\" value=\"b5pt_cancel_sub\">\n\t\t\t\t<div class=\"cancel-wrap\">\n\t\t\t\t<label for=\"stripe_email\">\u0418\u043c\u0435\u0439\u043b<\/label>\n\t\t\t\t<input type=\"email\" name=\"email\" id=\"stripe_email\" placeholder=\"johndoe@gmail.com\" value=\"\">\n\t\t\t\t<input type=\"submit\" value=\"\u041e\u0442\u043c\u044f\u043d\u0430 \u043d\u0430 \u0430\u0431\u043e\u043d\u0430\u043c\u0435\u043d\u0442\u0430\">\n\t\t\t\t<\/div> \n\t\t\t<\/form>FAQL&#8217;objectif de ces entrainements est de mesurer les connaissances et la compr\u00e9hension d&#8217;un individu dans diff\u00e9rents domaines. Ces \u00e9valuations sont con\u00e7ues pour appr\u00e9cier le savoir g\u00e9n\u00e9ral d&#8217;une personne dans un contexte acad\u00e9mique, ou pour identifier ses forces [&hellip;]<\/p>","protected":false},"author":1,"featured_media":0,"parent":0,"menu_order":0,"comment_status":"closed","ping_status":"closed","template":"","meta":{"_et_pb_use_builder":"on","_et_pb_old_content":"<!-- wp:divi\/placeholder \/-->","_et_gb_content_width":"","inline_featured_image":false,"footnotes":""},"class_list":["post-827","page","type-page","status-publish","hentry"],"_links":{"self":[{"href":"https:\/\/talk4to.com\/bg\/wp-json\/wp\/v2\/pages\/827","targetHints":{"allow":["GET"]}}],"collection":[{"href":"https:\/\/talk4to.com\/bg\/wp-json\/wp\/v2\/pages"}],"about":[{"href":"https:\/\/talk4to.com\/bg\/wp-json\/wp\/v2\/types\/page"}],"author":[{"embeddable":true,"href":"https:\/\/talk4to.com\/bg\/wp-json\/wp\/v2\/users\/1"}],"replies":[{"embeddable":true,"href":"https:\/\/talk4to.com\/bg\/wp-json\/wp\/v2\/comments?post=827"}],"version-history":[{"count":20,"href":"https:\/\/talk4to.com\/bg\/wp-json\/wp\/v2\/pages\/827\/revisions"}],"predecessor-version":[{"id":1470,"href":"https:\/\/talk4to.com\/bg\/wp-json\/wp\/v2\/pages\/827\/revisions\/1470"}],"wp:attachment":[{"href":"https:\/\/talk4to.com\/bg\/wp-json\/wp\/v2\/media?parent=827"}],"curies":[{"name":"wp","href":"https:\/\/api.w.org\/{rel}","templated":true}]}}