{"id":827,"date":"2023-09-28T12:26:55","date_gmt":"2023-09-28T12:26:55","guid":{"rendered":"https:\/\/stg-talktotoeic-devtalkto.kinsta.cloud\/?page_id=827"},"modified":"2024-06-24T13:23:00","modified_gmt":"2024-06-24T13:23:00","slug":"se-desabonner","status":"publish","type":"page","link":"https:\/\/talk4to.com\/be\/se-desabonner\/","title":{"rendered":"Se d\u00e9sabonner"},"content":{"rendered":"<p>[et_pb_section fb_built=&#8221;1&#8243; _builder_version=&#8221;4.17.6&#8243; _module_preset=&#8221;default&#8221; global_colors_info=&#8221;{}&#8221;][et_pb_row _builder_version=&#8221;4.17.6&#8243; _module_preset=&#8221;default&#8221; locked=&#8221;off&#8221; global_colors_info=&#8221;{}&#8221;][et_pb_column type=&#8221;4_4&#8243; _builder_version=&#8221;4.17.6&#8243; _module_preset=&#8221;default&#8221; global_colors_info=&#8221;{}&#8221;][et_pb_text module_class=&#8221;custom-title&#8221; _builder_version=&#8221;4.17.6&#8243; _module_preset=&#8221;default&#8221; global_colors_info=&#8221;{}&#8221;]<\/p>\n<h2>Se d\u00e9sabonner<\/h2>\n<p>[\/et_pb_text][\/et_pb_column][\/et_pb_row][et_pb_row _builder_version=&#8221;4.17.6&#8243; _module_preset=&#8221;default&#8221; global_colors_info=&#8221;{}&#8221;][et_pb_column type=&#8221;4_4&#8243; _builder_version=&#8221;4.17.6&#8243; _module_preset=&#8221;default&#8221; global_colors_info=&#8221;{}&#8221;][et_pb_text _builder_version=&#8221;4.23.4&#8243; _module_preset=&#8221;default&#8221; text_font=&#8221;ProximaNova Bold||||||||&#8221; text_font_size=&#8221;20px&#8221; text_orientation=&#8221;center&#8221; width=&#8221;60%&#8221; width_tablet=&#8221;60%&#8221; width_phone=&#8221;100%&#8221; width_last_edited=&#8221;on|phone&#8221; module_alignment=&#8221;center&#8221; global_colors_info=&#8221;{}&#8221;]<\/p>\n<p style=\"text-align: left;\">Pour vous d\u00e9sabonner facilement, il vous suffit de saisir votre adresse e-mail et de cliquer sur &#8220;annuler l&#8217;abonnement&#8221;.<\/p>\n<p>[\/et_pb_text][et_pb_code module_id=&#8221;unsubscribe_form&#8221; _builder_version=&#8221;4.23.4&#8243; _module_preset=&#8221;default&#8221; width=&#8221;60%&#8221; width_tablet=&#8221;100%&#8221; width_phone=&#8221;100%&#8221; width_last_edited=&#8221;on|phone&#8221; module_alignment=&#8221;center&#8221; custom_padding=&#8221;30px|50px|30px|50px|true|true&#8221; custom_padding_tablet=&#8221;30px|50px|30px|50px|true|true&#8221; custom_padding_phone=&#8221;|20px||20px|true|true&#8221; custom_padding_last_edited=&#8221;on|phone&#8221; custom_css_main_element=&#8221;overflow-x:hidden !important;&#8221; border_radii=&#8221;on|15px|15px|15px|15px&#8221; box_shadow_style=&#8221;preset1&#8243; box_shadow_color=&#8221;rgba(0,0,0,0.16)&#8221; global_colors_info=&#8221;{}&#8221;]<form action=\"https:\/\/talk4to.com\/wp-admin\/admin-post.php\" method=\"post\">\n\t\t\t\t<input type=\"hidden\" name=\"action\" value=\"b5pt_cancel_sub\">\n\t\t\t\t<div class=\"cancel-wrap\">\n\t\t\t\t<label for=\"stripe_email\">Email<\/label>\n\t\t\t\t<input type=\"email\" name=\"email\" id=\"stripe_email\" placeholder=\"johndoe@gmail.com\" value=\"\">\n\t\t\t\t<input type=\"submit\" value=\"Cancel subscription\">\n\t\t\t\t<\/div> \n\t\t\t<\/form>[\/et_pb_code][\/et_pb_column][\/et_pb_row][\/et_pb_section][et_pb_section fb_built=&#8221;1&#8243; _builder_version=&#8221;4.17.6&#8243; _module_preset=&#8221;default&#8221; locked=&#8221;off&#8221; global_colors_info=&#8221;{}&#8221;][et_pb_row column_structure=&#8221;1_2,1_2&#8243; _builder_version=&#8221;4.17.6&#8243; _module_preset=&#8221;default&#8221; global_colors_info=&#8221;{}&#8221;][et_pb_column type=&#8221;1_2&#8243; _builder_version=&#8221;4.17.6&#8243; _module_preset=&#8221;default&#8221; global_colors_info=&#8221;{}&#8221;][et_pb_image src=&#8221;https:\/\/talk4to.com\/wp-content\/uploads\/2023\/08\/FAQ.svg&#8221; title_text=&#8221;FAQ&#8221; _builder_version=&#8221;4.23.4&#8243; _module_preset=&#8221;default&#8221; filter_hue_rotate=&#8221;180deg&#8221; global_colors_info=&#8221;{}&#8221;][\/et_pb_image][\/et_pb_column][et_pb_column type=&#8221;1_2&#8243; _builder_version=&#8221;4.17.6&#8243; _module_preset=&#8221;default&#8221; global_colors_info=&#8221;{}&#8221;][et_pb_text module_class=&#8221;custom-title&#8221; _builder_version=&#8221;4.17.6&#8243; _module_preset=&#8221;default&#8221; locked=&#8221;off&#8221; global_colors_info=&#8221;{}&#8221;]<\/p>\n<h2>FAQ<\/h2>\n<p>[\/et_pb_text][et_pb_toggle title=&#8221;Quel est le but de ces entrainements ?&#8221; open_toggle_text_color=&#8221;#4e4e4e&#8221; icon_color=&#8221;#ff9666&#8243; toggle_icon=&#8221;&#x33;||divi||400&#8243; use_icon_font_size=&#8221;on&#8221; icon_font_size=&#8221;45px&#8221; open_icon_color=&#8221;#ff9666&#8243; open_toggle_icon=&#8221;&#x32;||divi||400&#8243; open_use_icon_font_size=&#8221;on&#8221; open_icon_font_size=&#8221;45px&#8221; _builder_version=&#8221;4.23.4&#8243; _module_preset=&#8221;default&#8221; title_text_color=&#8221;#4e4e4e&#8221; title_font=&#8221;|700|||||||&#8221; title_font_size=&#8221;18px&#8221; closed_title_font=&#8221;|700|||||||&#8221; closed_title_font_size=&#8221;18px&#8221; body_font=&#8221;|300|||||||&#8221; body_font_size=&#8221;16px&#8221; background_color=&#8221;RGBA(255,255,255,0)&#8221; custom_margin=&#8221;||30px||false|false&#8221; custom_padding=&#8221;||5px||false|false&#8221; custom_css_toggle_title=&#8221;margin-left:-20px;&#8221; custom_css_toggle_content=&#8221;margin-left:20px;&#8221; border_width_all=&#8221;0px&#8221; border_width_bottom=&#8221;3px&#8221; border_color_bottom=&#8221;#ff9666&#8243; global_colors_info=&#8221;{}&#8221;]<\/p>\n<p>L&#8217;objectif de ces entrainements est de mesurer les connaissances et la compr\u00e9hension d&#8217;un individu dans diff\u00e9rents domaines.<\/p>\n<p>Ces \u00e9valuations sont con\u00e7ues pour appr\u00e9cier le savoir g\u00e9n\u00e9ral d&#8217;une personne dans un contexte acad\u00e9mique, ou pour identifier ses forces et ses faiblesses, permettant ainsi une croissance continue sur les plans personnel et professionnel.<\/p>\n<p>[\/et_pb_toggle][et_pb_toggle title=&#8221;Comment acc\u00e9der \u00e0 vos r\u00e9sultats ?&#8221; open_toggle_text_color=&#8221;#4e4e4e&#8221; icon_color=&#8221;#ff9666&#8243; toggle_icon=&#8221;&#x33;||divi||400&#8243; use_icon_font_size=&#8221;on&#8221; icon_font_size=&#8221;45px&#8221; open_icon_color=&#8221;#ff9666&#8243; open_toggle_icon=&#8221;&#x32;||divi||400&#8243; open_use_icon_font_size=&#8221;on&#8221; open_icon_font_size=&#8221;45px&#8221; _builder_version=&#8221;4.23.4&#8243; _module_preset=&#8221;default&#8221; title_text_color=&#8221;#4e4e4e&#8221; title_font=&#8221;|700|||||||&#8221; title_font_size=&#8221;18px&#8221; closed_title_font=&#8221;|700|||||||&#8221; closed_title_font_size=&#8221;18px&#8221; body_font=&#8221;|300|||||||&#8221; body_font_size=&#8221;16px&#8221; background_color=&#8221;RGBA(255,255,255,0)&#8221; custom_margin=&#8221;||30px||false|false&#8221; custom_padding=&#8221;||5px||false|false&#8221; custom_css_toggle_title=&#8221;margin-left:-20px;&#8221; custom_css_toggle_content=&#8221;margin-left:20px;&#8221; border_width_all=&#8221;0px&#8221; border_width_bottom=&#8221;3px&#8221; border_color_bottom=&#8221;#ff9666&#8243; global_colors_info=&#8221;{}&#8221;]<\/p>\n<p>Les r\u00e9sultats des exercices sont accessibles via une offre de 24 heures ou un abonnement mensuel.<\/p>\n<p>Pour conna\u00eetre la proc\u00e9dure d\u00e9taill\u00e9e de passage du test et les modalit\u00e9s d&#8217;abonnement, consultez la page &#8220;Comment \u00e7a marche ?&#8221;.<\/p>\n<p>Vous pouvez \u00e9galement consulter l&#8217;historique complet de vos tests effectu\u00e9s en acc\u00e9dant \u00e0 l&#8217;onglet historique dans votre espace compte.<\/p>\n<p>[\/et_pb_toggle][et_pb_toggle title=&#8221;Comment s&#8217;abonner ?&#8221; open_toggle_text_color=&#8221;#4e4e4e&#8221; icon_color=&#8221;#ff9666&#8243; toggle_icon=&#8221;&#x33;||divi||400&#8243; use_icon_font_size=&#8221;on&#8221; icon_font_size=&#8221;45px&#8221; open_icon_color=&#8221;#ff9666&#8243; open_toggle_icon=&#8221;&#x32;||divi||400&#8243; open_use_icon_font_size=&#8221;on&#8221; open_icon_font_size=&#8221;45px&#8221; _builder_version=&#8221;4.23.4&#8243; _module_preset=&#8221;default&#8221; title_text_color=&#8221;#4e4e4e&#8221; title_font=&#8221;|700|||||||&#8221; title_font_size=&#8221;18px&#8221; closed_title_font=&#8221;|700|||||||&#8221; closed_title_font_size=&#8221;18px&#8221; body_font=&#8221;|300|||||||&#8221; body_font_size=&#8221;16px&#8221; background_color=&#8221;RGBA(255,255,255,0)&#8221; custom_margin=&#8221;||30px||false|false&#8221; custom_padding=&#8221;||5px||false|false&#8221; custom_css_toggle_title=&#8221;margin-left:-20px;&#8221; custom_css_toggle_content=&#8221;margin-left:20px;&#8221; border_width_all=&#8221;0px&#8221; border_width_bottom=&#8221;3px&#8221; border_color_bottom=&#8221;#ff9666&#8243; global_colors_info=&#8221;{}&#8221;]<\/p>\n<p>Tout d&#8217;abord, vous devez passer le test. Une fois termin\u00e9, pour consulter vos r\u00e9sultats, il est n\u00e9cessaire de s&#8217;inscrire \u00e0 l&#8217;offre de 24 heures, qui co\u00fbte 0,50\u20ac. Apr\u00e8s cette p\u00e9riode, l&#8217;offre se convertit automatiquement en un abonnement mensuel au prix de 47,50\u20ac.<\/p>\n<p>Si vous souhaitez b\u00e9n\u00e9ficier seulement de l&#8217;offre de 24 heures, il vous suffit de vous d\u00e9sabonner.<\/p>\n<p>Pour plus d&#8217;informations sur la proc\u00e9dure de passation du test et les options d&#8217;abonnement, veuillez consulter la page &#8220;Comment \u00e7a marche ?&#8221;.<\/p>\n<p>[\/et_pb_toggle][et_pb_toggle title=&#8221;Quels avantages et services sont compris dans le cadre de l&#8217;abonnement ?&#8221; open_toggle_text_color=&#8221;#4e4e4e&#8221; icon_color=&#8221;#ff9666&#8243; toggle_icon=&#8221;&#x33;||divi||400&#8243; use_icon_font_size=&#8221;on&#8221; icon_font_size=&#8221;45px&#8221; open_icon_color=&#8221;#ff9666&#8243; open_toggle_icon=&#8221;&#x32;||divi||400&#8243; open_use_icon_font_size=&#8221;on&#8221; open_icon_font_size=&#8221;45px&#8221; _builder_version=&#8221;4.23.4&#8243; _module_preset=&#8221;default&#8221; title_text_color=&#8221;#4e4e4e&#8221; title_font=&#8221;|700|||||||&#8221; title_font_size=&#8221;18px&#8221; closed_title_font=&#8221;|700|||||||&#8221; closed_title_font_size=&#8221;18px&#8221; body_font=&#8221;|300|||||||&#8221; body_font_size=&#8221;16px&#8221; background_color=&#8221;RGBA(255,255,255,0)&#8221; custom_margin=&#8221;||30px||false|false&#8221; custom_padding=&#8221;||5px||false|false&#8221; custom_css_toggle_title=&#8221;margin-left:-20px;&#8221; custom_css_toggle_content=&#8221;margin-left:20px;&#8221; border_width_all=&#8221;0px&#8221; border_width_bottom=&#8221;3px&#8221; border_color_bottom=&#8221;#ff9666&#8243; global_colors_info=&#8221;{}&#8221;]<\/p>\n<p>L&#8217;abonnement vous donne la possibilit\u00e9 de passer le test plusieurs fois, que ce soit pour vous-m\u00eame ou pour autrui. Il vous permet \u00e9galement d&#8217;acc\u00e9der \u00e0 vos r\u00e9sultats, de les comparer et de les conserver pour un suivi r\u00e9gulier. De plus, vous aurez l&#8217;opportunit\u00e9 de r\u00e9aliser des tests premium plus avanc\u00e9s pour une analyse plus d\u00e9taill\u00e9e de vos comp\u00e9tences linguistiques.<\/p>\n<p>[\/et_pb_toggle][et_pb_button button_url=&#8221;@ET-DC@eyJkeW5hbWljIjp0cnVlLCJjb250ZW50IjoicG9zdF9saW5rX3VybF9wYWdlIiwic2V0dGluZ3MiOnsicG9zdF9pZCI6IjM0In19@&#8221; button_text=&#8221;FAQ&#8221; button_alignment=&#8221;center&#8221; disabled_on=&#8221;off|off|off&#8221; module_class=&#8221;custom-btn center &#8221; _builder_version=&#8221;4.23.4&#8243; _dynamic_attributes=&#8221;button_url&#8221; _module_preset=&#8221;default&#8221; button_border_color=&#8221;#E02B20&#8243; custom_margin=&#8221;||||true|false&#8221; custom_padding=&#8221;|50px||50px|false|true&#8221; custom_padding_tablet=&#8221;|50px||50px|false|true&#8221; custom_padding_phone=&#8221;|50px||50px|false|true&#8221; custom_padding_last_edited=&#8221;on|desktop&#8221; locked=&#8221;off&#8221; global_colors_info=&#8221;{}&#8221;][\/et_pb_button][\/et_pb_column][\/et_pb_row][\/et_pb_section]<\/p>","protected":false},"excerpt":{"rendered":"<p>Se d\u00e9sabonnerPour vous d\u00e9sabonner facilement, il vous suffit de saisir votre adresse e-mail et de cliquer sur &#8220;annuler l&#8217;abonnement&#8221;.<form action=\"https:\/\/talk4to.com\/wp-admin\/admin-post.php\" method=\"post\">\n\t\t\t\t<input type=\"hidden\" name=\"action\" value=\"b5pt_cancel_sub\">\n\t\t\t\t<div class=\"cancel-wrap\">\n\t\t\t\t<label for=\"stripe_email\">Email<\/label>\n\t\t\t\t<input type=\"email\" name=\"email\" id=\"stripe_email\" placeholder=\"johndoe@gmail.com\" value=\"\">\n\t\t\t\t<input type=\"submit\" value=\"Cancel subscription\">\n\t\t\t\t<\/div> \n\t\t\t<\/form>FAQL&#8217;objectif de ces entrainements est de mesurer les connaissances et la compr\u00e9hension d&#8217;un individu dans diff\u00e9rents domaines. Ces \u00e9valuations sont con\u00e7ues pour appr\u00e9cier le savoir g\u00e9n\u00e9ral d&#8217;une personne dans un contexte acad\u00e9mique, ou pour identifier ses forces [&hellip;]<\/p>","protected":false},"author":1,"featured_media":0,"parent":0,"menu_order":0,"comment_status":"closed","ping_status":"closed","template":"","meta":{"_et_pb_use_builder":"on","_et_pb_old_content":"<!-- wp:divi\/placeholder \/-->","_et_gb_content_width":"","inline_featured_image":false,"footnotes":""},"class_list":["post-827","page","type-page","status-publish","hentry"],"_links":{"self":[{"href":"https:\/\/talk4to.com\/be\/wp-json\/wp\/v2\/pages\/827","targetHints":{"allow":["GET"]}}],"collection":[{"href":"https:\/\/talk4to.com\/be\/wp-json\/wp\/v2\/pages"}],"about":[{"href":"https:\/\/talk4to.com\/be\/wp-json\/wp\/v2\/types\/page"}],"author":[{"embeddable":true,"href":"https:\/\/talk4to.com\/be\/wp-json\/wp\/v2\/users\/1"}],"replies":[{"embeddable":true,"href":"https:\/\/talk4to.com\/be\/wp-json\/wp\/v2\/comments?post=827"}],"version-history":[{"count":20,"href":"https:\/\/talk4to.com\/be\/wp-json\/wp\/v2\/pages\/827\/revisions"}],"predecessor-version":[{"id":1470,"href":"https:\/\/talk4to.com\/be\/wp-json\/wp\/v2\/pages\/827\/revisions\/1470"}],"wp:attachment":[{"href":"https:\/\/talk4to.com\/be\/wp-json\/wp\/v2\/media?parent=827"}],"curies":[{"name":"wp","href":"https:\/\/api.w.org\/{rel}","templated":true}]}}